{"id":628,"date":"2009-05-06T11:43:24","date_gmt":"2009-05-06T16:43:24","guid":{"rendered":"http:\/\/wpzoom.com\/zenko\/demo\/?page_id=3"},"modified":"2022-02-16T10:08:58","modified_gmt":"2022-02-16T09:08:58","slug":"contact-2","status":"publish","type":"page","link":"https:\/\/steimer.fr\/en\/contact-2\/","title":{"rendered":"Contact"},"content":{"rendered":"<p><iframe frameborder=\"0\" scrolling=\"no\" marginheight=\"0\" marginwidth=\"0\" src=\"https:\/\/maps.google.com\/maps?q=1500%20Broadway%2C%20New%20York%2C%20%20NY%2010036%2C%20United%20States&amp;t=m&amp;z=14&amp;output=embed&amp;iwloc=near\" title=\"1500 Broadway, New York,  NY 10036, United States\" aria-label=\"1500 Broadway, New York,  NY 10036, United States\"><\/iframe><\/p>\n<h4>Our address<\/h4>\n<p>1500 Broadway,<br \/>\nNew York, NY 10036,<br \/>\nUnited States<\/p>\n<h4>Want to write?<\/h4>\n<p><a href=\"mailto:hi@inspiro.com\">hi@inspiro.com<\/a><\/p>\n<h4>Follow us<\/h4>\n<ul>\n<li>\n\t\t\t\t\t\t\t\t\t\t\t<a href=\"http:\/\/facebook.com\"><br \/>\n<\/a><\/li>\n<li>\n\t\t\t\t\t\t\t\t\t\t\t<a href=\"http:\/\/twitter.com\"><br \/>\n<\/a><\/li>\n<li>\n\t\t\t\t\t\t\t\t\t\t\t<a href=\"http:\/\/instagram.com\"><br \/>\n<\/a><\/li>\n<li>\n\t\t\t\t\t\t\t\t\t\t\t<a href=\"http:\/\/youtube.com\"><br \/>\n<\/a><\/li>\n<\/ul>\n<h2>Get in touch with us!<\/h2>\n<p>Feel free to get in touch with us. We are always open to discussing new projects, creative ideas or opportunities to be part of your videos.<\/p>\n<p><i>Insert your <a href=\"https:\/\/www.wpzoom.com\/docs\/how-to-create-a-contact-form\/\">Contact Form<\/a> widget or shortcode here.<\/i><\/p>\n<h2>Our Address<\/h2>\n<p><em>1500 Broadway, New York, NY 10036, United States<\/em><\/p>\n<p><iframe frameborder=\"0\" scrolling=\"no\" marginheight=\"0\" marginwidth=\"0\" src=\"https:\/\/maps.google.com\/maps?q=1500%20Broadway%2C%20New%20York%2C%20%20NY%2010036%2C%20United%20States&amp;t=m&amp;z=14&amp;output=embed&amp;iwloc=near\" title=\"1500 Broadway, New York,  NY 10036, United States\" aria-label=\"1500 Broadway, New York,  NY 10036, United States\"><\/iframe><\/p>","protected":false},"excerpt":{"rendered":"<p>Our address 1500 Broadway, New York, NY 10036, United States Want to write? hi@inspiro.com Follow us Get in touch with us! Feel free to get in touch with us. We are always open to discussing new projects, creative ideas or opportunities to be part of your videos. Insert your Contact Form widget or shortcode here. &hellip; <\/p>\n<p class=\"link-more\"><a href=\"https:\/\/steimer.fr\/en\/contact-2\/\" class=\"more-link\">Read more<span class=\"screen-reader-text\"> \u00ab\u00a0Contact\u00a0\u00bb<\/span><\/a><\/p>","protected":false},"author":1,"featured_media":0,"parent":0,"menu_order":0,"comment_status":"closed","ping_status":"closed","template":"page-templates\/full-width-builder-bb.php","meta":{"inspiro_hide_title":false,"footnotes":""},"class_list":["post-628","page","type-page","status-publish","hentry"],"yoast_head":"<!-- This site is optimized with the Yoast SEO plugin v27.3 - https:\/\/yoast.com\/product\/yoast-seo-wordpress\/ -->\n<title>Contact - Fabricant de mat\u00e9riel agricole<\/title>\n<meta name=\"description\" content=\"N&#039;h\u00e9sitez pas \u00e0 nous contacter pour des renseignements, un partenariat ou une demande de brochure. Nous sommes \u00e0 votre disposition !\" \/>\n<meta name=\"robots\" content=\"index, follow, max-snippet:-1, max-image-preview:large, max-video-preview:-1\" \/>\n<link rel=\"canonical\" href=\"https:\/\/steimer.fr\/en\/contact-2\/\" \/>\n<meta property=\"og:locale\" content=\"en_GB\" \/>\n<meta property=\"og:type\" content=\"article\" \/>\n<meta property=\"og:title\" content=\"Contact - Fabricant de mat\u00e9riel agricole\" \/>\n<meta property=\"og:description\" content=\"N&#039;h\u00e9sitez pas \u00e0 nous contacter pour des renseignements, un partenariat ou une demande de brochure. Nous sommes \u00e0 votre disposition !\" \/>\n<meta property=\"og:url\" content=\"https:\/\/steimer.fr\/en\/contact-2\/\" \/>\n<meta property=\"og:site_name\" content=\"Fabricant de mat\u00e9riel agricole\" \/>\n<meta property=\"article:publisher\" content=\"https:\/\/www.facebook.com\/steimer.fr\" \/>\n<meta property=\"article:modified_time\" content=\"2022-02-16T09:08:58+00:00\" \/>\n<meta name=\"twitter:card\" content=\"summary_large_image\" \/>\n<meta name=\"twitter:label1\" content=\"Estimated reading time\" \/>\n\t<meta name=\"twitter:data1\" content=\"1 minute\" \/>\n<script type=\"application\/ld+json\" class=\"yoast-schema-graph\">{\"@context\":\"https:\\\/\\\/schema.org\",\"@graph\":[{\"@type\":\"WebPage\",\"@id\":\"https:\\\/\\\/steimer.fr\\\/contact-2\\\/\",\"url\":\"https:\\\/\\\/steimer.fr\\\/contact-2\\\/\",\"name\":\"Contact - Fabricant de mat\u00e9riel agricole\",\"isPartOf\":{\"@id\":\"https:\\\/\\\/steimer.fr\\\/#website\"},\"datePublished\":\"2009-05-06T16:43:24+00:00\",\"dateModified\":\"2022-02-16T09:08:58+00:00\",\"description\":\"N'h\u00e9sitez pas \u00e0 nous contacter pour des renseignements, un partenariat ou une demande de brochure. Nous sommes \u00e0 votre disposition !\",\"breadcrumb\":{\"@id\":\"https:\\\/\\\/steimer.fr\\\/contact-2\\\/#breadcrumb\"},\"inLanguage\":\"en-GB\",\"potentialAction\":[{\"@type\":\"ReadAction\",\"target\":[\"https:\\\/\\\/steimer.fr\\\/contact-2\\\/\"]}]},{\"@type\":\"BreadcrumbList\",\"@id\":\"https:\\\/\\\/steimer.fr\\\/contact-2\\\/#breadcrumb\",\"itemListElement\":[{\"@type\":\"ListItem\",\"position\":1,\"name\":\"Accueil\",\"item\":\"https:\\\/\\\/steimer.fr\\\/\"},{\"@type\":\"ListItem\",\"position\":2,\"name\":\"Contact\"}]},{\"@type\":\"WebSite\",\"@id\":\"https:\\\/\\\/steimer.fr\\\/#website\",\"url\":\"https:\\\/\\\/steimer.fr\\\/\",\"name\":\"Fabricant de mat\u00e9riel agricole\",\"description\":\"Machines pour la pr\u00e9paration du sol et le semis\",\"publisher\":{\"@id\":\"https:\\\/\\\/steimer.fr\\\/#organization\"},\"potentialAction\":[{\"@type\":\"SearchAction\",\"target\":{\"@type\":\"EntryPoint\",\"urlTemplate\":\"https:\\\/\\\/steimer.fr\\\/?s={search_term_string}\"},\"query-input\":{\"@type\":\"PropertyValueSpecification\",\"valueRequired\":true,\"valueName\":\"search_term_string\"}}],\"inLanguage\":\"en-GB\"},{\"@type\":\"Organization\",\"@id\":\"https:\\\/\\\/steimer.fr\\\/#organization\",\"name\":\"STEIMER\",\"url\":\"https:\\\/\\\/steimer.fr\\\/\",\"logo\":{\"@type\":\"ImageObject\",\"inLanguage\":\"en-GB\",\"@id\":\"https:\\\/\\\/steimer.fr\\\/#\\\/schema\\\/logo\\\/image\\\/\",\"url\":\"https:\\\/\\\/steimer.fr\\\/wp-content\\\/uploads\\\/2021\\\/11\\\/cropped-logo-jpeg.png\",\"contentUrl\":\"https:\\\/\\\/steimer.fr\\\/wp-content\\\/uploads\\\/2021\\\/11\\\/cropped-logo-jpeg.png\",\"width\":210,\"height\":48,\"caption\":\"STEIMER\"},\"image\":{\"@id\":\"https:\\\/\\\/steimer.fr\\\/#\\\/schema\\\/logo\\\/image\\\/\"},\"sameAs\":[\"https:\\\/\\\/www.facebook.com\\\/steimer.fr\",\"https:\\\/\\\/www.instagram.com\\\/\"]}]}<\/script>\n<!-- \/ Yoast SEO plugin. -->","yoast_head_json":{"title":"Contact - Fabricant de mat\u00e9riel agricole","description":"N'h\u00e9sitez pas \u00e0 nous contacter pour des renseignements, un partenariat ou une demande de brochure. Nous sommes \u00e0 votre disposition !","robots":{"index":"index","follow":"follow","max-snippet":"max-snippet:-1","max-image-preview":"max-image-preview:large","max-video-preview":"max-video-preview:-1"},"canonical":"https:\/\/steimer.fr\/en\/contact-2\/","og_locale":"en_GB","og_type":"article","og_title":"Contact - Fabricant de mat\u00e9riel agricole","og_description":"N'h\u00e9sitez pas \u00e0 nous contacter pour des renseignements, un partenariat ou une demande de brochure. Nous sommes \u00e0 votre disposition !","og_url":"https:\/\/steimer.fr\/en\/contact-2\/","og_site_name":"Fabricant de mat\u00e9riel agricole","article_publisher":"https:\/\/www.facebook.com\/steimer.fr","article_modified_time":"2022-02-16T09:08:58+00:00","twitter_card":"summary_large_image","twitter_misc":{"Estimated reading time":"1 minute"},"schema":{"@context":"https:\/\/schema.org","@graph":[{"@type":"WebPage","@id":"https:\/\/steimer.fr\/contact-2\/","url":"https:\/\/steimer.fr\/contact-2\/","name":"Contact - Fabricant de mat\u00e9riel agricole","isPartOf":{"@id":"https:\/\/steimer.fr\/#website"},"datePublished":"2009-05-06T16:43:24+00:00","dateModified":"2022-02-16T09:08:58+00:00","description":"N'h\u00e9sitez pas \u00e0 nous contacter pour des renseignements, un partenariat ou une demande de brochure. Nous sommes \u00e0 votre disposition !","breadcrumb":{"@id":"https:\/\/steimer.fr\/contact-2\/#breadcrumb"},"inLanguage":"en-GB","potentialAction":[{"@type":"ReadAction","target":["https:\/\/steimer.fr\/contact-2\/"]}]},{"@type":"BreadcrumbList","@id":"https:\/\/steimer.fr\/contact-2\/#breadcrumb","itemListElement":[{"@type":"ListItem","position":1,"name":"Accueil","item":"https:\/\/steimer.fr\/"},{"@type":"ListItem","position":2,"name":"Contact"}]},{"@type":"WebSite","@id":"https:\/\/steimer.fr\/#website","url":"https:\/\/steimer.fr\/","name":"Fabricant de mat\u00e9riel agricole","description":"Machines pour la pr\u00e9paration du sol et le semis","publisher":{"@id":"https:\/\/steimer.fr\/#organization"},"potentialAction":[{"@type":"SearchAction","target":{"@type":"EntryPoint","urlTemplate":"https:\/\/steimer.fr\/?s={search_term_string}"},"query-input":{"@type":"PropertyValueSpecification","valueRequired":true,"valueName":"search_term_string"}}],"inLanguage":"en-GB"},{"@type":"Organization","@id":"https:\/\/steimer.fr\/#organization","name":"STEIMER","url":"https:\/\/steimer.fr\/","logo":{"@type":"ImageObject","inLanguage":"en-GB","@id":"https:\/\/steimer.fr\/#\/schema\/logo\/image\/","url":"https:\/\/steimer.fr\/wp-content\/uploads\/2021\/11\/cropped-logo-jpeg.png","contentUrl":"https:\/\/steimer.fr\/wp-content\/uploads\/2021\/11\/cropped-logo-jpeg.png","width":210,"height":48,"caption":"STEIMER"},"image":{"@id":"https:\/\/steimer.fr\/#\/schema\/logo\/image\/"},"sameAs":["https:\/\/www.facebook.com\/steimer.fr","https:\/\/www.instagram.com\/"]}]}},"_links":{"self":[{"href":"https:\/\/steimer.fr\/en\/wp-json\/wp\/v2\/pages\/628","targetHints":{"allow":["GET"]}}],"collection":[{"href":"https:\/\/steimer.fr\/en\/wp-json\/wp\/v2\/pages"}],"about":[{"href":"https:\/\/steimer.fr\/en\/wp-json\/wp\/v2\/types\/page"}],"author":[{"embeddable":true,"href":"https:\/\/steimer.fr\/en\/wp-json\/wp\/v2\/users\/1"}],"replies":[{"embeddable":true,"href":"https:\/\/steimer.fr\/en\/wp-json\/wp\/v2\/comments?post=628"}],"version-history":[{"count":1,"href":"https:\/\/steimer.fr\/en\/wp-json\/wp\/v2\/pages\/628\/revisions"}],"predecessor-version":[{"id":6889,"href":"https:\/\/steimer.fr\/en\/wp-json\/wp\/v2\/pages\/628\/revisions\/6889"}],"wp:attachment":[{"href":"https:\/\/steimer.fr\/en\/wp-json\/wp\/v2\/media?parent=628"}],"curies":[{"name":"wp","href":"https:\/\/api.w.org\/{rel}","templated":true}]}}