{"id":5550,"date":"2016-12-03T15:08:37","date_gmt":"2016-12-03T15:08:37","guid":{"rendered":"http:\/\/demo.wpzoom.com\/inspiro\/?page_id=5550"},"modified":"2023-04-21T11:28:42","modified_gmt":"2023-04-21T09:28:42","slug":"homepage-2","status":"publish","type":"page","link":"https:\/\/steimer.fr\/en\/","title":{"rendered":"Homepage"},"content":{"rendered":"<div data-elementor-type=\"wp-page\" data-elementor-id=\"5550\" class=\"elementor elementor-5550\">\n\t\t\t\t\t\t<section class=\"elementor-section elementor-top-section elementor-element elementor-element-f2ff528 elementor-section-full_width elementor-section-height-default elementor-section-height-default\" data-id=\"f2ff528\" data-element_type=\"section\" data-e-type=\"section\" data-settings=\"{&quot;background_background&quot;:&quot;classic&quot;,&quot;animation&quot;:&quot;none&quot;,&quot;shape_divider_bottom&quot;:&quot;triangle-asymmetrical&quot;}\">\n\t\t\t\t\t\t\t<div class=\"elementor-background-overlay\"><\/div>\n\t\t\t\t\t\t<div class=\"elementor-shape elementor-shape-bottom\" aria-hidden=\"true\" data-negative=\"false\">\n\t\t\t<svg xmlns=\"http:\/\/www.w3.org\/2000\/svg\" viewbox=\"0 0 1000 100\" preserveaspectratio=\"none\">\n\t<path class=\"elementor-shape-fill\" d=\"M738,99l262-93V0H0v5.6L738,99z\"\/>\n<\/svg>\t\t<\/div>\n\t\t\t\t\t<div class=\"elementor-container elementor-column-gap-wide\">\n\t\t\t\t\t<div class=\"elementor-column elementor-col-100 elementor-top-column elementor-element elementor-element-3ed392a8\" data-id=\"3ed392a8\" data-element_type=\"column\" data-e-type=\"column\" data-settings=\"{&quot;background_background&quot;:&quot;gradient&quot;,&quot;animation&quot;:&quot;none&quot;}\">\n\t\t\t<div class=\"elementor-widget-wrap elementor-element-populated\">\n\t\t\t\t\t\t<section class=\"elementor-section elementor-inner-section elementor-element elementor-element-5c9c93d5 elementor-section-full_width elementor-section-height-default elementor-section-height-default\" data-id=\"5c9c93d5\" data-element_type=\"section\" data-e-type=\"section\" data-settings=\"{&quot;animation&quot;:&quot;none&quot;}\">\n\t\t\t\t\t\t<div class=\"elementor-container elementor-column-gap-no\">\n\t\t\t\t\t<div class=\"elementor-column elementor-col-100 elementor-inner-column elementor-element elementor-element-1b5c2c44\" data-id=\"1b5c2c44\" data-element_type=\"column\" data-e-type=\"column\" data-settings=\"{&quot;animation&quot;:&quot;none&quot;}\">\n\t\t\t<div class=\"elementor-widget-wrap elementor-element-populated\">\n\t\t\t\t\t\t<div class=\"elementor-element elementor-element-50190c1e elementor-widget elementor-widget-heading\" data-id=\"50190c1e\" data-element_type=\"widget\" data-e-type=\"widget\" data-settings=\"{&quot;_animation&quot;:&quot;none&quot;}\" data-widget_type=\"heading.default\">\n\t\t\t\t\t<h2 class=\"elementor-heading-title elementor-size-default\">Nous sommes une entreprise fran\u00e7aise de fabrication de machines agricoles<\/h2>\t\t\t\t<\/div>\n\t\t\t\t<div class=\"elementor-element elementor-element-45d5aa02 elementor-widget elementor-widget-text-editor\" data-id=\"45d5aa02\" data-element_type=\"widget\" data-e-type=\"widget\" data-settings=\"{&quot;_animation&quot;:&quot;none&quot;}\" data-widget_type=\"text-editor.default\">\n\t\t\t\t\t\t\t\t\t<p>Nos machines ont pour objectif de r\u00e9pondre au mieux&nbsp;<strong>aux besoins de nos clients<\/strong>. Notre priorit\u00e9 reste de sans cesse trouver un moyen de <strong>corriger les probl\u00e9matiques<\/strong> que nos clients rencontrent. <strong><br><\/strong><\/p>\t\t\t\t\t\t\t\t<\/div>\n\t\t\t\t<div class=\"elementor-element elementor-element-6a361120 elementor-align-center elementor-widget elementor-widget-button\" data-id=\"6a361120\" data-element_type=\"widget\" data-e-type=\"widget\" data-settings=\"{&quot;_animation&quot;:&quot;none&quot;}\" data-widget_type=\"button.default\">\n\t\t\t\t\t\t\t\t\t\t<a class=\"elementor-button elementor-button-link elementor-size-md elementor-animation-shrink\" href=\"https:\/\/steimer.fr\/en\/lentreprise\/\">\n\t\t\t\t\t\t<span class=\"elementor-button-content-wrapper\">\n\t\t\t\t\t\t\t\t\t<span class=\"elementor-button-text\">En savoir plus...<\/span>\n\t\t\t\t\t<\/span>\n\t\t\t\t\t<\/a>\n\t\t\t\t\t\t\t\t<\/div>\n\t\t\t\t\t<\/div>\n\t\t<\/div>\n\t\t\t\t\t<\/div>\n\t\t<\/section>\n\t\t\t\t\t<\/div>\n\t\t<\/div>\n\t\t\t\t\t<\/div>\n\t\t<\/section>\n\t\t\t\t<section class=\"elementor-section elementor-top-section elementor-element elementor-element-69204a5 elementor-section-boxed elementor-section-height-default elementor-section-height-default\" data-id=\"69204a5\" data-element_type=\"section\" data-e-type=\"section\" data-settings=\"{&quot;background_background&quot;:&quot;gradient&quot;,&quot;animation&quot;:&quot;none&quot;}\">\n\t\t\t\t\t\t\t<div class=\"elementor-background-overlay\"><\/div>\n\t\t\t\t\t\t\t<div class=\"elementor-container elementor-column-gap-default\">\n\t\t\t\t\t<div class=\"elementor-column elementor-col-16 elementor-top-column elementor-element elementor-element-683398d\" data-id=\"683398d\" data-element_type=\"column\" data-e-type=\"column\" data-settings=\"{&quot;animation&quot;:&quot;none&quot;}\">\n\t\t\t<div class=\"elementor-widget-wrap\">\n\t\t\t\t\t\t\t<\/div>\n\t\t<\/div>\n\t\t\t\t<div class=\"elementor-column elementor-col-66 elementor-top-column elementor-element elementor-element-108ce43\" data-id=\"108ce43\" data-element_type=\"column\" data-e-type=\"column\" data-settings=\"{&quot;animation&quot;:&quot;none&quot;}\">\n\t\t\t<div class=\"elementor-widget-wrap elementor-element-populated\">\n\t\t\t\t\t\t<div class=\"elementor-element elementor-element-ad96eb3 elementor-widget elementor-widget-wpzoom-elementor-addons-slider\" data-id=\"ad96eb3\" data-element_type=\"widget\" data-e-type=\"widget\" data-settings=\"{&quot;_animation&quot;:&quot;none&quot;,&quot;animation_speed&quot;:300,&quot;autoplay&quot;:&quot;yes&quot;,&quot;autoplay_speed&quot;:3000,&quot;loop&quot;:&quot;yes&quot;,&quot;slides_to_show&quot;:1,&quot;slides_to_show_tablet&quot;:1,&quot;slides_to_show_mobile&quot;:1,&quot;navigation&quot;:&quot;arrow&quot;}\" data-widget_type=\"wpzoom-elementor-addons-slider.default\">\n\t\t\t\t<div class=\"elementor-widget-container\">\n\t\t\t\t\t<div class=\"wpzjs-slick wpz-slick wpz-slick--slider\">\n\n\t\t\t\n\t\t\t\t<div class=\"wpz-slick-slide\">\n\n\t\t\t\t\t<div class=\"wpz-slick-item\">\n\n\t\t\t\t\t\t\t\t\t\t\t\t\t<img decoding=\"async\" class=\"wpz-slick-img\" src=\"https:\/\/steimer.fr\/wp-content\/uploads\/2022\/01\/IMG_20180912_1231386-scaled.jpg\" alt=\"\">\n\t\t\t\t\t\t\n\t\t\t\t\t\t\n\t\t\t\t\t\t\n\t\t\t\t\t<\/div>\n\n\t\t\t\t<\/div>\n\n\t\t\t\n\t\t\t\t<div class=\"wpz-slick-slide\">\n\n\t\t\t\t\t<div class=\"wpz-slick-item\">\n\n\t\t\t\t\t\t\t\t\t\t\t\t\t<img decoding=\"async\" class=\"wpz-slick-img\" src=\"https:\/\/steimer.fr\/wp-content\/uploads\/2022\/01\/IMG_20180427_0935548-scaled.jpg\" alt=\"\">\n\t\t\t\t\t\t\n\t\t\t\t\t\t\n\t\t\t\t\t\t\n\t\t\t\t\t<\/div>\n\n\t\t\t\t<\/div>\n\n\t\t\t\n\t\t\t\t<div class=\"wpz-slick-slide\">\n\n\t\t\t\t\t<div class=\"wpz-slick-item\">\n\n\t\t\t\t\t\t\t\t\t\t\t\t\t<img decoding=\"async\" class=\"wpz-slick-img\" src=\"https:\/\/steimer.fr\/wp-content\/uploads\/2022\/01\/IMG_20180417_1342527-scaled.jpg\" alt=\"\">\n\t\t\t\t\t\t\n\t\t\t\t\t\t\n\t\t\t\t\t\t\n\t\t\t\t\t<\/div>\n\n\t\t\t\t<\/div>\n\n\t\t\t\n\t\t\t\t<div class=\"wpz-slick-slide\">\n\n\t\t\t\t\t<div class=\"wpz-slick-item\">\n\n\t\t\t\t\t\t\t\t\t\t\t\t\t<img decoding=\"async\" class=\"wpz-slick-img\" src=\"https:\/\/steimer.fr\/wp-content\/uploads\/2022\/01\/IMG_20180723_0736521-scaled.jpg\" alt=\"\">\n\t\t\t\t\t\t\n\t\t\t\t\t\t\n\t\t\t\t\t\t\n\t\t\t\t\t<\/div>\n\n\t\t\t\t<\/div>\n\n\t\t\t\n\t\t\t\t<div class=\"wpz-slick-slide\">\n\n\t\t\t\t\t<div class=\"wpz-slick-item\">\n\n\t\t\t\t\t\t\t\t\t\t\t\t\t<img decoding=\"async\" class=\"wpz-slick-img\" src=\"https:\/\/steimer.fr\/wp-content\/uploads\/2022\/01\/IMG_20180108_1634301-scaled.jpg\" alt=\"\">\n\t\t\t\t\t\t\n\t\t\t\t\t\t\n\t\t\t\t\t\t\n\t\t\t\t\t<\/div>\n\n\t\t\t\t<\/div>\n\n\t\t\t\n\t\t<\/div>\n\n\t\t\t\t\t<button type=\"button\" class=\"slick-prev\"><svg aria-hidden=\"true\" class=\"e-font-icon-svg e-fas-chevron-left\" viewbox=\"0 0 320 512\" xmlns=\"http:\/\/www.w3.org\/2000\/svg\"><path d=\"M34.52 239.03L228.87 44.69c9.37-9.37 24.57-9.37 33.94 0l22.67 22.67c9.36 9.36 9.37 24.52.04 33.9L131.49 256l154.02 154.75c9.34 9.38 9.32 24.54-.04 33.9l-22.67 22.67c-9.37 9.37-24.57 9.37-33.94 0L34.52 272.97c-9.37-9.37-9.37-24.57 0-33.94z\"><\/path><\/svg><\/button>\n\t\t\n\t\t\t\t\t<button type=\"button\" class=\"slick-next\"><svg aria-hidden=\"true\" class=\"e-font-icon-svg e-fas-chevron-right\" viewbox=\"0 0 320 512\" xmlns=\"http:\/\/www.w3.org\/2000\/svg\"><path d=\"M285.476 272.971L91.132 467.314c-9.373 9.373-24.569 9.373-33.941 0l-22.667-22.667c-9.357-9.357-9.375-24.522-.04-33.901L188.505 256 34.484 101.255c-9.335-9.379-9.317-24.544.04-33.901l22.667-22.667c9.373-9.373 24.569-9.373 33.941 0L285.475 239.03c9.373 9.372 9.373 24.568.001 33.941z\"><\/path><\/svg><\/button>\n\t\t\n\t\t\t\t\t\t<\/div>\n\t\t\t\t<\/div>\n\t\t\t\t\t<\/div>\n\t\t<\/div>\n\t\t\t\t<div class=\"elementor-column elementor-col-16 elementor-top-column elementor-element elementor-element-9743dc7\" data-id=\"9743dc7\" data-element_type=\"column\" data-e-type=\"column\">\n\t\t\t<div class=\"elementor-widget-wrap\">\n\t\t\t\t\t\t\t<\/div>\n\t\t<\/div>\n\t\t\t\t\t<\/div>\n\t\t<\/section>\n\t\t\t\t<section class=\"elementor-section elementor-top-section elementor-element elementor-element-ee105ff elementor-section-boxed elementor-section-height-default elementor-section-height-default\" data-id=\"ee105ff\" data-element_type=\"section\" data-e-type=\"section\" data-settings=\"{&quot;background_background&quot;:&quot;classic&quot;}\">\n\t\t\t\t\t\t\t<div class=\"elementor-background-overlay\"><\/div>\n\t\t\t\t\t\t\t<div class=\"elementor-container elementor-column-gap-default\">\n\t\t\t\t\t<div class=\"elementor-column elementor-col-25 elementor-top-column elementor-element elementor-element-6486088\" data-id=\"6486088\" data-element_type=\"column\" data-e-type=\"column\">\n\t\t\t<div class=\"elementor-widget-wrap\">\n\t\t\t\t\t\t\t<\/div>\n\t\t<\/div>\n\t\t\t\t<div class=\"elementor-column elementor-col-50 elementor-top-column elementor-element elementor-element-6d52042\" data-id=\"6d52042\" data-element_type=\"column\" data-e-type=\"column\">\n\t\t\t<div class=\"elementor-widget-wrap elementor-element-populated\">\n\t\t\t\t\t\t<div class=\"elementor-element elementor-element-e49ce6f elementor-widget elementor-widget-heading\" data-id=\"e49ce6f\" data-element_type=\"widget\" data-e-type=\"widget\" data-widget_type=\"heading.default\">\n\t\t\t\t\t<h2 class=\"elementor-heading-title elementor-size-default\">Nos diff\u00e9rentes cat\u00e9gories de produits<\/h2>\t\t\t\t<\/div>\n\t\t\t\t\t<\/div>\n\t\t<\/div>\n\t\t\t\t<div class=\"elementor-column elementor-col-25 elementor-top-column elementor-element elementor-element-df70132\" data-id=\"df70132\" data-element_type=\"column\" data-e-type=\"column\">\n\t\t\t<div class=\"elementor-widget-wrap\">\n\t\t\t\t\t\t\t<\/div>\n\t\t<\/div>\n\t\t\t\t\t<\/div>\n\t\t<\/section>\n\t\t\t\t<section class=\"elementor-section elementor-top-section elementor-element elementor-element-fa68996 elementor-section-boxed elementor-section-height-default elementor-section-height-default\" data-id=\"fa68996\" data-element_type=\"section\" data-e-type=\"section\" data-settings=\"{&quot;background_background&quot;:&quot;gradient&quot;}\">\n\t\t\t\t\t\t\t<div class=\"elementor-background-overlay\"><\/div>\n\t\t\t\t\t\t\t<div class=\"elementor-container elementor-column-gap-default\">\n\t\t\t\t\t<div class=\"elementor-column elementor-col-50 elementor-top-column elementor-element elementor-element-7a918d3\" data-id=\"7a918d3\" data-element_type=\"column\" data-e-type=\"column\">\n\t\t\t<div class=\"elementor-widget-wrap elementor-element-populated\">\n\t\t\t\t\t\t<div class=\"elementor-element elementor-element-8d686d8 elementor-widget elementor-widget-image\" data-id=\"8d686d8\" data-element_type=\"widget\" data-e-type=\"widget\" data-widget_type=\"image.default\">\n\t\t\t\t\t\t\t\t\t\t\t\t\t\t\t<img fetchpriority=\"high\" decoding=\"async\" width=\"950\" height=\"713\" src=\"https:\/\/steimer.fr\/wp-content\/uploads\/2022\/01\/IMG20200716100304-1024x768.jpg\" class=\"attachment-large size-large wp-image-6705\" alt=\"\" srcset=\"https:\/\/steimer.fr\/wp-content\/uploads\/2022\/01\/IMG20200716100304-1024x768.jpg 1024w, https:\/\/steimer.fr\/wp-content\/uploads\/2022\/01\/IMG20200716100304-300x225.jpg 300w, https:\/\/steimer.fr\/wp-content\/uploads\/2022\/01\/IMG20200716100304-768x576.jpg 768w, https:\/\/steimer.fr\/wp-content\/uploads\/2022\/01\/IMG20200716100304-1536x1152.jpg 1536w, https:\/\/steimer.fr\/wp-content\/uploads\/2022\/01\/IMG20200716100304-2048x1536.jpg 2048w, https:\/\/steimer.fr\/wp-content\/uploads\/2022\/01\/IMG20200716100304-16x12.jpg 16w, https:\/\/steimer.fr\/wp-content\/uploads\/2022\/01\/IMG20200716100304-2000x1500.jpg 2000w\" sizes=\"100vw\" \/>\t\t\t\t\t\t\t\t\t\t\t\t\t\t\t<\/div>\n\t\t\t\t\t<\/div>\n\t\t<\/div>\n\t\t\t\t<div class=\"elementor-column elementor-col-50 elementor-top-column elementor-element elementor-element-c5d7d91\" data-id=\"c5d7d91\" data-element_type=\"column\" data-e-type=\"column\">\n\t\t\t<div class=\"elementor-widget-wrap elementor-element-populated\">\n\t\t\t\t\t\t<div class=\"elementor-element elementor-element-b79e7c4 elementor-widget elementor-widget-heading\" data-id=\"b79e7c4\" data-element_type=\"widget\" data-e-type=\"widget\" data-widget_type=\"heading.default\">\n\t\t\t\t\t<h2 class=\"elementor-heading-title elementor-size-xl\"><a href=\"https:\/\/steimer.fr\/en\/preparation-de-sol\/\">Pr\u00e9paration de sol<\/a><\/h2>\t\t\t\t<\/div>\n\t\t\t\t<div class=\"elementor-element elementor-element-869db54 elementor-widget elementor-widget-text-editor\" data-id=\"869db54\" data-element_type=\"widget\" data-e-type=\"widget\" data-widget_type=\"text-editor.default\">\n\t\t\t\t\t\t\t\t\t<p>L&rsquo;\u00e9quipement de nos machines vous permet une pr\u00e9paration&nbsp;<span style=\"background-color: transparent;\">optimale<\/span><span style=\"background-color: transparent;\">&nbsp;de vos sols.<\/span><\/p>\n<p>Nos combin\u00e9s sont polyvalents et assurent donc le travail de plusieurs machines. Ils sont disponibles en plusieurs versions et plusieurs largeurs de travail.<br><\/p>\t\t\t\t\t\t\t\t<\/div>\n\t\t\t\t<div class=\"elementor-element elementor-element-1f66a91 elementor-align-center elementor-widget elementor-widget-button\" data-id=\"1f66a91\" data-element_type=\"widget\" data-e-type=\"widget\" data-settings=\"{&quot;_animation&quot;:&quot;none&quot;}\" data-widget_type=\"button.default\">\n\t\t\t\t\t\t\t\t\t\t<a class=\"elementor-button elementor-button-link elementor-size-md\" href=\"https:\/\/steimer.fr\/en\/preparation-de-sol\/\">\n\t\t\t\t\t\t<span class=\"elementor-button-content-wrapper\">\n\t\t\t\t\t\t\t\t\t<span class=\"elementor-button-text\">En savoir plus<\/span>\n\t\t\t\t\t<\/span>\n\t\t\t\t\t<\/a>\n\t\t\t\t\t\t\t\t<\/div>\n\t\t\t\t\t<\/div>\n\t\t<\/div>\n\t\t\t\t\t<\/div>\n\t\t<\/section>\n\t\t\t\t<\/div>","protected":false},"excerpt":{"rendered":"<p>Nous sommes une entreprise fran\u00e7aise de fabrication de machines agricoles Nos machines ont pour objectif de r\u00e9pondre au mieux&nbsp;aux besoins de nos clients. Notre priorit\u00e9 reste de sans cesse trouver un moyen de corriger les probl\u00e9matiques que nos clients rencontrent. En savoir plus&#8230; Nos diff\u00e9rentes cat\u00e9gories de produits Pr\u00e9paration de sol L&rsquo;\u00e9quipement de nos machines &hellip; <\/p>\n<p class=\"link-more\"><a href=\"https:\/\/steimer.fr\/en\/\" class=\"more-link\">Read more<span class=\"screen-reader-text\"> \u00ab\u00a0Homepage\u00a0\u00bb<\/span><\/a><\/p>","protected":false},"author":1,"featured_media":0,"parent":0,"menu_order":0,"comment_status":"closed","ping_status":"closed","template":"page-templates\/full-width-no-title.php","meta":{"inspiro_hide_title":false,"footnotes":""},"class_list":["post-5550","page","type-page","status-publish","hentry"],"yoast_head":"<!-- This site is optimized with the Yoast SEO plugin v27.3 - https:\/\/yoast.com\/product\/yoast-seo-wordpress\/ -->\n<title>STEIMER - Fabricant de machine agricole Fabricant de mat\u00e9riel agricole<\/title>\n<meta name=\"description\" content=\"Machines pour la pr\u00e9paration du sol et le semis\" \/>\n<meta name=\"robots\" content=\"index, follow, max-snippet:-1, max-image-preview:large, max-video-preview:-1\" \/>\n<link rel=\"canonical\" href=\"https:\/\/steimer.fr\/en\/\" \/>\n<meta property=\"og:locale\" content=\"en_GB\" \/>\n<meta property=\"og:type\" content=\"article\" \/>\n<meta property=\"og:title\" content=\"STEIMER - Fabricant de machine agricole Fabricant de mat\u00e9riel agricole\" \/>\n<meta property=\"og:description\" content=\"Machines pour la pr\u00e9paration du sol et le semis\" \/>\n<meta property=\"og:url\" content=\"https:\/\/steimer.fr\/en\/\" \/>\n<meta property=\"og:site_name\" content=\"Fabricant de mat\u00e9riel agricole\" \/>\n<meta property=\"article:publisher\" content=\"https:\/\/www.facebook.com\/steimer.fr\" \/>\n<meta property=\"article:modified_time\" content=\"2023-04-21T09:28:42+00:00\" \/>\n<meta property=\"og:image\" content=\"https:\/\/steimer.fr\/wp-content\/uploads\/2022\/01\/IMG_20180912_1231386-scaled.jpg\" \/>\n<meta name=\"twitter:card\" content=\"summary_large_image\" \/>\n<meta name=\"twitter:label1\" content=\"Estimated reading time\" \/>\n\t<meta name=\"twitter:data1\" content=\"3 minutes\" \/>\n<script type=\"application\/ld+json\" class=\"yoast-schema-graph\">{\"@context\":\"https:\\\/\\\/schema.org\",\"@graph\":[{\"@type\":\"WebPage\",\"@id\":\"https:\\\/\\\/steimer.fr\\\/\",\"url\":\"https:\\\/\\\/steimer.fr\\\/\",\"name\":\"STEIMER - Fabricant de machine agricole Fabricant de mat\u00e9riel agricole\",\"isPartOf\":{\"@id\":\"https:\\\/\\\/steimer.fr\\\/#website\"},\"primaryImageOfPage\":{\"@id\":\"https:\\\/\\\/steimer.fr\\\/#primaryimage\"},\"image\":{\"@id\":\"https:\\\/\\\/steimer.fr\\\/#primaryimage\"},\"thumbnailUrl\":\"https:\\\/\\\/steimer.fr\\\/wp-content\\\/uploads\\\/2022\\\/01\\\/IMG_20180912_1231386-scaled.jpg\",\"datePublished\":\"2016-12-03T15:08:37+00:00\",\"dateModified\":\"2023-04-21T09:28:42+00:00\",\"description\":\"Machines pour la pr\u00e9paration du sol et le semis\",\"breadcrumb\":{\"@id\":\"https:\\\/\\\/steimer.fr\\\/#breadcrumb\"},\"inLanguage\":\"en-GB\",\"potentialAction\":[{\"@type\":\"ReadAction\",\"target\":[\"https:\\\/\\\/steimer.fr\\\/\"]}]},{\"@type\":\"ImageObject\",\"inLanguage\":\"en-GB\",\"@id\":\"https:\\\/\\\/steimer.fr\\\/#primaryimage\",\"url\":\"https:\\\/\\\/steimer.fr\\\/wp-content\\\/uploads\\\/2022\\\/01\\\/IMG_20180912_1231386-scaled.jpg\",\"contentUrl\":\"https:\\\/\\\/steimer.fr\\\/wp-content\\\/uploads\\\/2022\\\/01\\\/IMG_20180912_1231386-scaled.jpg\"},{\"@type\":\"BreadcrumbList\",\"@id\":\"https:\\\/\\\/steimer.fr\\\/#breadcrumb\",\"itemListElement\":[{\"@type\":\"ListItem\",\"position\":1,\"name\":\"Accueil\",\"item\":\"https:\\\/\\\/steimer.fr\\\/\"},{\"@type\":\"ListItem\",\"position\":2,\"name\":\"Homepage\"}]},{\"@type\":\"WebSite\",\"@id\":\"https:\\\/\\\/steimer.fr\\\/#website\",\"url\":\"https:\\\/\\\/steimer.fr\\\/\",\"name\":\"Fabricant de mat\u00e9riel agricole\",\"description\":\"Machines pour la pr\u00e9paration du sol et le semis\",\"publisher\":{\"@id\":\"https:\\\/\\\/steimer.fr\\\/#organization\"},\"potentialAction\":[{\"@type\":\"SearchAction\",\"target\":{\"@type\":\"EntryPoint\",\"urlTemplate\":\"https:\\\/\\\/steimer.fr\\\/?s={search_term_string}\"},\"query-input\":{\"@type\":\"PropertyValueSpecification\",\"valueRequired\":true,\"valueName\":\"search_term_string\"}}],\"inLanguage\":\"en-GB\"},{\"@type\":\"Organization\",\"@id\":\"https:\\\/\\\/steimer.fr\\\/#organization\",\"name\":\"STEIMER\",\"url\":\"https:\\\/\\\/steimer.fr\\\/\",\"logo\":{\"@type\":\"ImageObject\",\"inLanguage\":\"en-GB\",\"@id\":\"https:\\\/\\\/steimer.fr\\\/#\\\/schema\\\/logo\\\/image\\\/\",\"url\":\"https:\\\/\\\/steimer.fr\\\/wp-content\\\/uploads\\\/2021\\\/11\\\/cropped-logo-jpeg.png\",\"contentUrl\":\"https:\\\/\\\/steimer.fr\\\/wp-content\\\/uploads\\\/2021\\\/11\\\/cropped-logo-jpeg.png\",\"width\":210,\"height\":48,\"caption\":\"STEIMER\"},\"image\":{\"@id\":\"https:\\\/\\\/steimer.fr\\\/#\\\/schema\\\/logo\\\/image\\\/\"},\"sameAs\":[\"https:\\\/\\\/www.facebook.com\\\/steimer.fr\",\"https:\\\/\\\/www.instagram.com\\\/\"]}]}<\/script>\n<!-- \/ Yoast SEO plugin. -->","yoast_head_json":{"title":"STEIMER - Fabricant de machine agricole Fabricant de mat\u00e9riel agricole","description":"Machines pour la pr\u00e9paration du sol et le semis","robots":{"index":"index","follow":"follow","max-snippet":"max-snippet:-1","max-image-preview":"max-image-preview:large","max-video-preview":"max-video-preview:-1"},"canonical":"https:\/\/steimer.fr\/en\/","og_locale":"en_GB","og_type":"article","og_title":"STEIMER - Fabricant de machine agricole Fabricant de mat\u00e9riel agricole","og_description":"Machines pour la pr\u00e9paration du sol et le semis","og_url":"https:\/\/steimer.fr\/en\/","og_site_name":"Fabricant de mat\u00e9riel agricole","article_publisher":"https:\/\/www.facebook.com\/steimer.fr","article_modified_time":"2023-04-21T09:28:42+00:00","og_image":[{"url":"https:\/\/steimer.fr\/wp-content\/uploads\/2022\/01\/IMG_20180912_1231386-scaled.jpg","type":"","width":"","height":""}],"twitter_card":"summary_large_image","twitter_misc":{"Estimated reading time":"3 minutes"},"schema":{"@context":"https:\/\/schema.org","@graph":[{"@type":"WebPage","@id":"https:\/\/steimer.fr\/","url":"https:\/\/steimer.fr\/","name":"STEIMER - Fabricant de machine agricole Fabricant de mat\u00e9riel agricole","isPartOf":{"@id":"https:\/\/steimer.fr\/#website"},"primaryImageOfPage":{"@id":"https:\/\/steimer.fr\/#primaryimage"},"image":{"@id":"https:\/\/steimer.fr\/#primaryimage"},"thumbnailUrl":"https:\/\/steimer.fr\/wp-content\/uploads\/2022\/01\/IMG_20180912_1231386-scaled.jpg","datePublished":"2016-12-03T15:08:37+00:00","dateModified":"2023-04-21T09:28:42+00:00","description":"Machines pour la pr\u00e9paration du sol et le semis","breadcrumb":{"@id":"https:\/\/steimer.fr\/#breadcrumb"},"inLanguage":"en-GB","potentialAction":[{"@type":"ReadAction","target":["https:\/\/steimer.fr\/"]}]},{"@type":"ImageObject","inLanguage":"en-GB","@id":"https:\/\/steimer.fr\/#primaryimage","url":"https:\/\/steimer.fr\/wp-content\/uploads\/2022\/01\/IMG_20180912_1231386-scaled.jpg","contentUrl":"https:\/\/steimer.fr\/wp-content\/uploads\/2022\/01\/IMG_20180912_1231386-scaled.jpg"},{"@type":"BreadcrumbList","@id":"https:\/\/steimer.fr\/#breadcrumb","itemListElement":[{"@type":"ListItem","position":1,"name":"Accueil","item":"https:\/\/steimer.fr\/"},{"@type":"ListItem","position":2,"name":"Homepage"}]},{"@type":"WebSite","@id":"https:\/\/steimer.fr\/#website","url":"https:\/\/steimer.fr\/","name":"Fabricant de mat\u00e9riel agricole","description":"Machines pour la pr\u00e9paration du sol et le semis","publisher":{"@id":"https:\/\/steimer.fr\/#organization"},"potentialAction":[{"@type":"SearchAction","target":{"@type":"EntryPoint","urlTemplate":"https:\/\/steimer.fr\/?s={search_term_string}"},"query-input":{"@type":"PropertyValueSpecification","valueRequired":true,"valueName":"search_term_string"}}],"inLanguage":"en-GB"},{"@type":"Organization","@id":"https:\/\/steimer.fr\/#organization","name":"STEIMER","url":"https:\/\/steimer.fr\/","logo":{"@type":"ImageObject","inLanguage":"en-GB","@id":"https:\/\/steimer.fr\/#\/schema\/logo\/image\/","url":"https:\/\/steimer.fr\/wp-content\/uploads\/2021\/11\/cropped-logo-jpeg.png","contentUrl":"https:\/\/steimer.fr\/wp-content\/uploads\/2021\/11\/cropped-logo-jpeg.png","width":210,"height":48,"caption":"STEIMER"},"image":{"@id":"https:\/\/steimer.fr\/#\/schema\/logo\/image\/"},"sameAs":["https:\/\/www.facebook.com\/steimer.fr","https:\/\/www.instagram.com\/"]}]}},"_links":{"self":[{"href":"https:\/\/steimer.fr\/en\/wp-json\/wp\/v2\/pages\/5550","targetHints":{"allow":["GET"]}}],"collection":[{"href":"https:\/\/steimer.fr\/en\/wp-json\/wp\/v2\/pages"}],"about":[{"href":"https:\/\/steimer.fr\/en\/wp-json\/wp\/v2\/types\/page"}],"author":[{"embeddable":true,"href":"https:\/\/steimer.fr\/en\/wp-json\/wp\/v2\/users\/1"}],"replies":[{"embeddable":true,"href":"https:\/\/steimer.fr\/en\/wp-json\/wp\/v2\/comments?post=5550"}],"version-history":[{"count":139,"href":"https:\/\/steimer.fr\/en\/wp-json\/wp\/v2\/pages\/5550\/revisions"}],"predecessor-version":[{"id":7327,"href":"https:\/\/steimer.fr\/en\/wp-json\/wp\/v2\/pages\/5550\/revisions\/7327"}],"wp:attachment":[{"href":"https:\/\/steimer.fr\/en\/wp-json\/wp\/v2\/media?parent=5550"}],"curies":[{"name":"wp","href":"https:\/\/api.w.org\/{rel}","templated":true}]}}