{"id":4146,"date":"2022-01-14T16:51:15","date_gmt":"2022-01-14T15:51:15","guid":{"rendered":"http:\/\/steimer.fr\/?page_id=4146"},"modified":"2022-01-14T16:51:38","modified_gmt":"2022-01-14T15:51:38","slug":"joanna-dechaumeur-disques","status":"publish","type":"page","link":"https:\/\/steimer.fr\/en\/joanna-dechaumeur-disques\/","title":{"rendered":"JOANNA + &#8211; D\u00e9chaumeur \u00e0 disques"},"content":{"rendered":"<p><a href=\"http:\/\/steimer.fr\/wp-content\/uploads\/2017\/04\/joanna-min.jpg\"><img fetchpriority=\"high\" decoding=\"async\" class=\"aligncenter wp-image-1903 size-full\" src=\"http:\/\/steimer.fr\/wp-content\/uploads\/2017\/04\/joanna-min.jpg\" alt=\"joanna- d\u00e9chaumeur lourd\" width=\"1500\" height=\"500\" srcset=\"https:\/\/steimer.fr\/wp-content\/uploads\/2017\/04\/joanna-min.jpg 1500w, https:\/\/steimer.fr\/wp-content\/uploads\/2017\/04\/joanna-min-300x100.jpg 300w, https:\/\/steimer.fr\/wp-content\/uploads\/2017\/04\/joanna-min-768x256.jpg 768w, https:\/\/steimer.fr\/wp-content\/uploads\/2017\/04\/joanna-min-1024x341.jpg 1024w\" sizes=\"(max-width: 1500px) 100vw, 1500px\" \/><\/a><\/p>\n<table style=\"height: 505px;\" width=\"1431\">\n<tbody>\n<tr>\n<td style=\"width: 60%;\">\n<h2>JOANNA +<\/h2>\n<h2>Un d\u00e9chaumeur lourd pour un travail superficiel ou en profondeur<\/h2>\n<p>Comme <a href=\"http:\/\/steimer.fr\/en\/joanna-dechaumeur-disque\/\">JOANNA<\/a>, la version JOANNA + est un d\u00e9chaumeur compos\u00e9 de deux rang\u00e9es de disques ind\u00e9pendants et d&rsquo;un rouleau au choix. Leur espacement garantit un \u00e9miettement\u00a0de qualit\u00e9 en \u00e9vitant tout risque de bourrage. Le rouleau situ\u00e9 \u00e0 l&rsquo;extr\u00e9mit\u00e9 de la machine affine la terre permettant ainsi le semis direct.<\/p>\n<p>JOANNA + se diff\u00e9rencie par ses bras de support de disques. Ceux-ci sont ind\u00e9pendants les uns des autres permettant un bon suivi de terrain et une r\u00e9sistance aux chocs plus importante. Leur inclinaison et leur r\u00e9glage offrent un angle d\u2019attaque plus agressif. Fabriqu\u00e9s enti\u00e8rement en HARDOX, ils garantissent une meilleure r\u00e9sistance et durabilit\u00e9. Autorisant ainsi un travail \u00e0 plus grande vitesse, ce d\u00e9chaumeur \u00e0 disques est synonyme de gain de temps.<\/p>\n<p>Ce d\u00e9chaumeur lourd s\u2019adapte \u00e0 tous les types de sols et de terrains, m\u00eame les plus compliqu\u00e9s, pour un travail du sol superficiel ou en profondeur.<\/td>\n<td class=\"tabdroite\" style=\"width: 40%px;\"><\/td>\n<\/tr>\n<tr>\n<td style=\"width: 1421px;\" colspan=\"2\">\u00a0 <\/td>\n<\/tr>\n<\/tbody>\n<\/table>","protected":false},"excerpt":{"rendered":"<p>JOANNA + Un d\u00e9chaumeur lourd pour un travail superficiel ou en profondeur Comme JOANNA, la version JOANNA + est un d\u00e9chaumeur compos\u00e9 de deux rang\u00e9es de disques ind\u00e9pendants et d&rsquo;un rouleau au choix. Leur espacement garantit un \u00e9miettement\u00a0de qualit\u00e9 en \u00e9vitant tout risque de bourrage. Le rouleau situ\u00e9 \u00e0 l&rsquo;extr\u00e9mit\u00e9 de la machine affine la &hellip; <\/p>\n<p class=\"link-more\"><a href=\"https:\/\/steimer.fr\/en\/joanna-dechaumeur-disques\/\" class=\"more-link\">Read more<span class=\"screen-reader-text\"> \u00ab\u00a0JOANNA + &#8211; D\u00e9chaumeur \u00e0 disques\u00a0\u00bb<\/span><\/a><\/p>","protected":false},"author":1,"featured_media":0,"parent":0,"menu_order":0,"comment_status":"closed","ping_status":"closed","template":"","meta":{"inspiro_hide_title":false,"footnotes":""},"class_list":["post-4146","page","type-page","status-publish","hentry"],"yoast_head":"<!-- This site is optimized with the Yoast SEO plugin v27.3 - https:\/\/yoast.com\/product\/yoast-seo-wordpress\/ -->\n<title>D\u00e9chaumeur lourd \u00e0 disques JOANNA + - STEIMER Mat\u00e9riels Agricoles<\/title>\n<meta name=\"description\" content=\"JOANNA + : d\u00e9chaumeur lourd \u00e0 disques compos\u00e9 de deux rang\u00e9es de disques de diam\u00e8tre 620 mm et d&#039;un rouleau au choix parmi la gamme STEIMER\" \/>\n<meta name=\"robots\" content=\"index, follow, max-snippet:-1, max-image-preview:large, max-video-preview:-1\" \/>\n<link rel=\"canonical\" href=\"https:\/\/steimer.fr\/en\/joanna-dechaumeur-disques\/\" \/>\n<meta property=\"og:locale\" content=\"en_GB\" \/>\n<meta property=\"og:type\" content=\"article\" \/>\n<meta property=\"og:title\" content=\"D\u00e9chaumeur lourd \u00e0 disques JOANNA + - STEIMER Mat\u00e9riels Agricoles\" \/>\n<meta property=\"og:description\" content=\"JOANNA + : d\u00e9chaumeur lourd \u00e0 disques compos\u00e9 de deux rang\u00e9es de disques de diam\u00e8tre 620 mm et d&#039;un rouleau au choix parmi la gamme STEIMER\" \/>\n<meta property=\"og:url\" content=\"https:\/\/steimer.fr\/en\/joanna-dechaumeur-disques\/\" \/>\n<meta property=\"og:site_name\" content=\"Fabricant de mat\u00e9riel agricole\" \/>\n<meta property=\"article:publisher\" content=\"https:\/\/www.facebook.com\/steimer.fr\" \/>\n<meta property=\"article:modified_time\" content=\"2022-01-14T15:51:38+00:00\" \/>\n<meta property=\"og:image\" content=\"http:\/\/steimer.fr\/wp-content\/uploads\/2017\/04\/joanna-min.jpg\" \/>\n<meta name=\"twitter:card\" content=\"summary_large_image\" \/>\n<meta name=\"twitter:label1\" content=\"Estimated reading time\" \/>\n\t<meta name=\"twitter:data1\" content=\"2 minutes\" \/>\n<script type=\"application\/ld+json\" class=\"yoast-schema-graph\">{\"@context\":\"https:\\\/\\\/schema.org\",\"@graph\":[{\"@type\":\"WebPage\",\"@id\":\"https:\\\/\\\/steimer.fr\\\/joanna-dechaumeur-disques\\\/\",\"url\":\"https:\\\/\\\/steimer.fr\\\/joanna-dechaumeur-disques\\\/\",\"name\":\"D\u00e9chaumeur lourd \u00e0 disques JOANNA + - STEIMER Mat\u00e9riels Agricoles\",\"isPartOf\":{\"@id\":\"https:\\\/\\\/steimer.fr\\\/#website\"},\"primaryImageOfPage\":{\"@id\":\"https:\\\/\\\/steimer.fr\\\/joanna-dechaumeur-disques\\\/#primaryimage\"},\"image\":{\"@id\":\"https:\\\/\\\/steimer.fr\\\/joanna-dechaumeur-disques\\\/#primaryimage\"},\"thumbnailUrl\":\"http:\\\/\\\/steimer.fr\\\/wp-content\\\/uploads\\\/2017\\\/04\\\/joanna-min.jpg\",\"datePublished\":\"2022-01-14T15:51:15+00:00\",\"dateModified\":\"2022-01-14T15:51:38+00:00\",\"description\":\"JOANNA + : d\u00e9chaumeur lourd \u00e0 disques compos\u00e9 de deux rang\u00e9es de disques de diam\u00e8tre 620 mm et d'un rouleau au choix parmi la gamme STEIMER\",\"breadcrumb\":{\"@id\":\"https:\\\/\\\/steimer.fr\\\/joanna-dechaumeur-disques\\\/#breadcrumb\"},\"inLanguage\":\"en-GB\",\"potentialAction\":[{\"@type\":\"ReadAction\",\"target\":[\"https:\\\/\\\/steimer.fr\\\/joanna-dechaumeur-disques\\\/\"]}]},{\"@type\":\"ImageObject\",\"inLanguage\":\"en-GB\",\"@id\":\"https:\\\/\\\/steimer.fr\\\/joanna-dechaumeur-disques\\\/#primaryimage\",\"url\":\"http:\\\/\\\/steimer.fr\\\/wp-content\\\/uploads\\\/2017\\\/04\\\/joanna-min.jpg\",\"contentUrl\":\"http:\\\/\\\/steimer.fr\\\/wp-content\\\/uploads\\\/2017\\\/04\\\/joanna-min.jpg\"},{\"@type\":\"BreadcrumbList\",\"@id\":\"https:\\\/\\\/steimer.fr\\\/joanna-dechaumeur-disques\\\/#breadcrumb\",\"itemListElement\":[{\"@type\":\"ListItem\",\"position\":1,\"name\":\"Accueil\",\"item\":\"https:\\\/\\\/steimer.fr\\\/\"},{\"@type\":\"ListItem\",\"position\":2,\"name\":\"JOANNA + &#8211; D\u00e9chaumeur \u00e0 disques\"}]},{\"@type\":\"WebSite\",\"@id\":\"https:\\\/\\\/steimer.fr\\\/#website\",\"url\":\"https:\\\/\\\/steimer.fr\\\/\",\"name\":\"Fabricant de mat\u00e9riel agricole\",\"description\":\"Machines pour la pr\u00e9paration du sol et le semis\",\"publisher\":{\"@id\":\"https:\\\/\\\/steimer.fr\\\/#organization\"},\"potentialAction\":[{\"@type\":\"SearchAction\",\"target\":{\"@type\":\"EntryPoint\",\"urlTemplate\":\"https:\\\/\\\/steimer.fr\\\/?s={search_term_string}\"},\"query-input\":{\"@type\":\"PropertyValueSpecification\",\"valueRequired\":true,\"valueName\":\"search_term_string\"}}],\"inLanguage\":\"en-GB\"},{\"@type\":\"Organization\",\"@id\":\"https:\\\/\\\/steimer.fr\\\/#organization\",\"name\":\"STEIMER\",\"url\":\"https:\\\/\\\/steimer.fr\\\/\",\"logo\":{\"@type\":\"ImageObject\",\"inLanguage\":\"en-GB\",\"@id\":\"https:\\\/\\\/steimer.fr\\\/#\\\/schema\\\/logo\\\/image\\\/\",\"url\":\"https:\\\/\\\/steimer.fr\\\/wp-content\\\/uploads\\\/2021\\\/11\\\/cropped-logo-jpeg.png\",\"contentUrl\":\"https:\\\/\\\/steimer.fr\\\/wp-content\\\/uploads\\\/2021\\\/11\\\/cropped-logo-jpeg.png\",\"width\":210,\"height\":48,\"caption\":\"STEIMER\"},\"image\":{\"@id\":\"https:\\\/\\\/steimer.fr\\\/#\\\/schema\\\/logo\\\/image\\\/\"},\"sameAs\":[\"https:\\\/\\\/www.facebook.com\\\/steimer.fr\",\"https:\\\/\\\/www.instagram.com\\\/\"]}]}<\/script>\n<!-- \/ Yoast SEO plugin. -->","yoast_head_json":{"title":"D\u00e9chaumeur lourd \u00e0 disques JOANNA + - STEIMER Mat\u00e9riels Agricoles","description":"JOANNA + : d\u00e9chaumeur lourd \u00e0 disques compos\u00e9 de deux rang\u00e9es de disques de diam\u00e8tre 620 mm et d'un rouleau au choix parmi la gamme STEIMER","robots":{"index":"index","follow":"follow","max-snippet":"max-snippet:-1","max-image-preview":"max-image-preview:large","max-video-preview":"max-video-preview:-1"},"canonical":"https:\/\/steimer.fr\/en\/joanna-dechaumeur-disques\/","og_locale":"en_GB","og_type":"article","og_title":"D\u00e9chaumeur lourd \u00e0 disques JOANNA + - STEIMER Mat\u00e9riels Agricoles","og_description":"JOANNA + : d\u00e9chaumeur lourd \u00e0 disques compos\u00e9 de deux rang\u00e9es de disques de diam\u00e8tre 620 mm et d'un rouleau au choix parmi la gamme STEIMER","og_url":"https:\/\/steimer.fr\/en\/joanna-dechaumeur-disques\/","og_site_name":"Fabricant de mat\u00e9riel agricole","article_publisher":"https:\/\/www.facebook.com\/steimer.fr","article_modified_time":"2022-01-14T15:51:38+00:00","og_image":[{"url":"http:\/\/steimer.fr\/wp-content\/uploads\/2017\/04\/joanna-min.jpg","type":"","width":"","height":""}],"twitter_card":"summary_large_image","twitter_misc":{"Estimated reading time":"2 minutes"},"schema":{"@context":"https:\/\/schema.org","@graph":[{"@type":"WebPage","@id":"https:\/\/steimer.fr\/joanna-dechaumeur-disques\/","url":"https:\/\/steimer.fr\/joanna-dechaumeur-disques\/","name":"D\u00e9chaumeur lourd \u00e0 disques JOANNA + - STEIMER Mat\u00e9riels Agricoles","isPartOf":{"@id":"https:\/\/steimer.fr\/#website"},"primaryImageOfPage":{"@id":"https:\/\/steimer.fr\/joanna-dechaumeur-disques\/#primaryimage"},"image":{"@id":"https:\/\/steimer.fr\/joanna-dechaumeur-disques\/#primaryimage"},"thumbnailUrl":"http:\/\/steimer.fr\/wp-content\/uploads\/2017\/04\/joanna-min.jpg","datePublished":"2022-01-14T15:51:15+00:00","dateModified":"2022-01-14T15:51:38+00:00","description":"JOANNA + : d\u00e9chaumeur lourd \u00e0 disques compos\u00e9 de deux rang\u00e9es de disques de diam\u00e8tre 620 mm et d'un rouleau au choix parmi la gamme STEIMER","breadcrumb":{"@id":"https:\/\/steimer.fr\/joanna-dechaumeur-disques\/#breadcrumb"},"inLanguage":"en-GB","potentialAction":[{"@type":"ReadAction","target":["https:\/\/steimer.fr\/joanna-dechaumeur-disques\/"]}]},{"@type":"ImageObject","inLanguage":"en-GB","@id":"https:\/\/steimer.fr\/joanna-dechaumeur-disques\/#primaryimage","url":"http:\/\/steimer.fr\/wp-content\/uploads\/2017\/04\/joanna-min.jpg","contentUrl":"http:\/\/steimer.fr\/wp-content\/uploads\/2017\/04\/joanna-min.jpg"},{"@type":"BreadcrumbList","@id":"https:\/\/steimer.fr\/joanna-dechaumeur-disques\/#breadcrumb","itemListElement":[{"@type":"ListItem","position":1,"name":"Accueil","item":"https:\/\/steimer.fr\/"},{"@type":"ListItem","position":2,"name":"JOANNA + &#8211; D\u00e9chaumeur \u00e0 disques"}]},{"@type":"WebSite","@id":"https:\/\/steimer.fr\/#website","url":"https:\/\/steimer.fr\/","name":"Fabricant de mat\u00e9riel agricole","description":"Machines pour la pr\u00e9paration du sol et le semis","publisher":{"@id":"https:\/\/steimer.fr\/#organization"},"potentialAction":[{"@type":"SearchAction","target":{"@type":"EntryPoint","urlTemplate":"https:\/\/steimer.fr\/?s={search_term_string}"},"query-input":{"@type":"PropertyValueSpecification","valueRequired":true,"valueName":"search_term_string"}}],"inLanguage":"en-GB"},{"@type":"Organization","@id":"https:\/\/steimer.fr\/#organization","name":"STEIMER","url":"https:\/\/steimer.fr\/","logo":{"@type":"ImageObject","inLanguage":"en-GB","@id":"https:\/\/steimer.fr\/#\/schema\/logo\/image\/","url":"https:\/\/steimer.fr\/wp-content\/uploads\/2021\/11\/cropped-logo-jpeg.png","contentUrl":"https:\/\/steimer.fr\/wp-content\/uploads\/2021\/11\/cropped-logo-jpeg.png","width":210,"height":48,"caption":"STEIMER"},"image":{"@id":"https:\/\/steimer.fr\/#\/schema\/logo\/image\/"},"sameAs":["https:\/\/www.facebook.com\/steimer.fr","https:\/\/www.instagram.com\/"]}]}},"_links":{"self":[{"href":"https:\/\/steimer.fr\/en\/wp-json\/wp\/v2\/pages\/4146","targetHints":{"allow":["GET"]}}],"collection":[{"href":"https:\/\/steimer.fr\/en\/wp-json\/wp\/v2\/pages"}],"about":[{"href":"https:\/\/steimer.fr\/en\/wp-json\/wp\/v2\/types\/page"}],"author":[{"embeddable":true,"href":"https:\/\/steimer.fr\/en\/wp-json\/wp\/v2\/users\/1"}],"replies":[{"embeddable":true,"href":"https:\/\/steimer.fr\/en\/wp-json\/wp\/v2\/comments?post=4146"}],"version-history":[{"count":4,"href":"https:\/\/steimer.fr\/en\/wp-json\/wp\/v2\/pages\/4146\/revisions"}],"predecessor-version":[{"id":4845,"href":"https:\/\/steimer.fr\/en\/wp-json\/wp\/v2\/pages\/4146\/revisions\/4845"}],"wp:attachment":[{"href":"https:\/\/steimer.fr\/en\/wp-json\/wp\/v2\/media?parent=4146"}],"curies":[{"name":"wp","href":"https:\/\/api.w.org\/{rel}","templated":true}]}}