{"id":4,"date":"2017-04-05T09:11:28","date_gmt":"2017-04-05T07:11:28","guid":{"rendered":"http:\/\/steimer.fr\/?page_id=4"},"modified":"2023-04-21T14:14:00","modified_gmt":"2023-04-21T12:14:00","slug":"steimer","status":"publish","type":"page","link":"https:\/\/steimer.fr\/en\/steimer\/","title":{"rendered":"Fabricant de machine agricole"},"content":{"rendered":"\t\t<div data-elementor-type=\"wp-page\" data-elementor-id=\"4\" class=\"elementor elementor-4\">\n\t\t\t\t<div class=\"elementor-element elementor-element-7e1eefa e-flex e-con-boxed e-con e-parent\" data-id=\"7e1eefa\" data-element_type=\"container\" data-e-type=\"container\">\n\t\t\t\t\t<div class=\"e-con-inner\">\n\t\t\t\t<div class=\"elementor-element elementor-element-4c278be elementor-widget elementor-widget-shortcode\" data-id=\"4c278be\" data-element_type=\"widget\" data-e-type=\"widget\" data-widget_type=\"shortcode.default\">\n\t\t\t\t\t\t\t<div class=\"elementor-shortcode\"><style type=\"text\/css\">.easingslider-4204 { max-width: 1500px; }.easingslider-4204 .easingslider-image { max-height: 600px; max-width: 1500px; }.easingslider-4204 .easingslider-fade-in, .easingslider-fade-out { -webkit-animation-duration: 600ms; -moz-animation-duration: 600ms; animation-duration: 600ms; }<\/style><script type=\"text\/javascript\">window.EasingSlider4204 = {\"width\":1500,\"height\":600,\"singleItem\":true,\"items\":1,\"itemsDesktop\":false,\"itemsDesktopSmall\":false,\"itemsTablet\":false,\"itemsTabletSmall\":false,\"itemsMobile\":false,\"responsive\":true,\"lazyLoad\":true,\"autoPlay\":4000,\"slideSpeed\":600,\"navigation\":true,\"navigationText\":[\"\",\"\"],\"pagination\":true,\"autoHeight\":false,\"mouseDrag\":false,\"touchDrag\":false,\"addClassActive\":true,\"transitionStyle\":\"fade\"};<\/script><div data-id=\"4204\" class=\"easingslider easingslider-4204 easingslider-container easingslider-resizing-enabled easingslider-aspect-ratio easingslider-arrows-inside easingslider-pagination-inside easingslider-pagination-bottom-center\"><div class=\"easingslider-slide\"><img decoding=\"async\" src=\"https:\/\/steimer.fr\/wp-content\/plugins\/easing-slider\/assets\/images\/placeholder-pixel.png\" data-src=\"https:\/\/steimer.fr\/wp-content\/uploads\/2020\/12\/KLAUDIA-dechaumeur-Steimer2-1500x600.jpg\" alt=\"d\u00e9chaumeur \u00e0 dents STEIMER\" title=\"KLAUDIA + : d\u00e9chaumeur \u00e0 3 rang\u00e9es de dents\" class=\"easingslider-image easingslider-lazy\" \/><\/div><div class=\"easingslider-slide\"><img decoding=\"async\" src=\"https:\/\/steimer.fr\/wp-content\/plugins\/easing-slider\/assets\/images\/placeholder-pixel.png\" data-src=\"https:\/\/steimer.fr\/wp-content\/uploads\/2020\/12\/KRISTINA-dechaumeur-STEIMER-1500x600.jpg\" alt=\"D\u00e9chaumeur combin\u00e9 STEIMER\" title=\"KRISTINA : d\u00e9chaumeur combin\u00e9 \u00e0 disques et \u00e0 dents\" class=\"easingslider-image easingslider-lazy\" \/><\/div><div class=\"easingslider-slide\"><img decoding=\"async\" src=\"https:\/\/steimer.fr\/wp-content\/plugins\/easing-slider\/assets\/images\/placeholder-pixel.png\" data-src=\"https:\/\/steimer.fr\/wp-content\/uploads\/2020\/12\/HELENA-chassis-porteur-STEIMER-1500x600.jpg\" alt=\"ch\u00e2ssis porteur et d\u00e9chaumeur STEIMER\" title=\"HELENA : ch\u00e2ssis porteur 8m\" class=\"easingslider-image easingslider-lazy\" \/><\/div><div class=\"easingslider-slide\"><img decoding=\"async\" src=\"https:\/\/steimer.fr\/wp-content\/plugins\/easing-slider\/assets\/images\/placeholder-pixel.png\" data-src=\"https:\/\/steimer.fr\/wp-content\/uploads\/2020\/12\/HELENA-porte-outil-STEIMER-1500x600.jpg\" alt=\"porte outils STEIMER\" title=\"HELENA : porte outils STEIMER\" class=\"easingslider-image easingslider-lazy\" \/><\/div><div class=\"easingslider-slide\"><img decoding=\"async\" src=\"https:\/\/steimer.fr\/wp-content\/plugins\/easing-slider\/assets\/images\/placeholder-pixel.png\" data-src=\"https:\/\/steimer.fr\/wp-content\/uploads\/2020\/12\/LENKA-dechaumeur-steimer-1-1500x600.jpg\" alt=\"d\u00e9chaumeur \u00e0 disques Steimer\" title=\"LENKA : d\u00e9chaumeur \u00e0 disques STEIMER\" class=\"easingslider-image easingslider-lazy\" \/><\/div><div class=\"easingslider-slide\"><img decoding=\"async\" src=\"https:\/\/steimer.fr\/wp-content\/plugins\/easing-slider\/assets\/images\/placeholder-pixel.png\" data-src=\"https:\/\/steimer.fr\/wp-content\/uploads\/2020\/12\/LILA-rouleau-FACA-Steimer-1-1500x600.jpg\" alt=\"rouleau FACA Steimer\" title=\"LILA : rouleau FACA Steimer pour destruction de couverts\" class=\"easingslider-image easingslider-lazy\" \/><\/div><\/div><\/div>\n\t\t\t\t\t\t<\/div>\n\t\t\t\t\t<\/div>\n\t\t\t\t<\/div>\n\t\t<div class=\"elementor-element elementor-element-026208c e-flex e-con-boxed e-con e-parent\" data-id=\"026208c\" data-element_type=\"container\" data-e-type=\"container\">\n\t\t\t\t\t<div class=\"e-con-inner\">\n\t\t<div class=\"elementor-element elementor-element-5064d04 e-con-full e-flex e-con e-child\" data-id=\"5064d04\" data-element_type=\"container\" data-e-type=\"container\">\n\t\t\t\t<div class=\"elementor-element elementor-element-398d106 elementor-widget elementor-widget-html\" data-id=\"398d106\" data-element_type=\"widget\" data-e-type=\"widget\" data-widget_type=\"html.default\">\n\t\t\t\t\t<div style=\"text-align: center\">\r\n<p><strong>Trouvez <a href=\"http:\/\/steimer.fr\/nos-distributeurs\/\" target=\"_blank\" rel=\"noopener noreferrer\">le concessionnaire <\/a><\/strong><strong>le plus proche de chez vous !<\/strong><\/p>\r\n<a href=\"http:\/\/steimer.fr\/nos-distributeurs\/\" target=\"_blank\" rel=\"noopener noreferrer\"><img fetchpriority=\"high\" decoding=\"async\" class=\"wp-image-787 aligncenter\" src=\"http:\/\/steimer.fr\/wp-content\/uploads\/2017\/04\/distri-1-300x300.jpg\" alt=\"concessionnaire steimer\" width=\"253\" height=\"253\" srcset=\"https:\/\/steimer.fr\/wp-content\/uploads\/2017\/04\/distri-1-300x300.jpg 300w, https:\/\/steimer.fr\/wp-content\/uploads\/2017\/04\/distri-1-150x150.jpg 150w, https:\/\/steimer.fr\/wp-content\/uploads\/2017\/04\/distri-1.jpg 500w\" sizes=\"(max-width: 253px) 100vw, 253px\" \/><\/a>\r\n<img decoding=\"async\" class=\"wp-image-1227\" src=\"http:\/\/steimer.fr\/wp-content\/uploads\/2017\/04\/pointeur1-1-218x300.png\" alt=\"steimer\" width=\"72\" height=\"99\" srcset=\"https:\/\/steimer.fr\/wp-content\/uploads\/2017\/04\/pointeur1-1-218x300.png 218w, https:\/\/steimer.fr\/wp-content\/uploads\/2017\/04\/pointeur1-1.png 302w\" sizes=\"(max-width: 72px) 100vw, 72px\" \/>\r\n<p>\r\nRecherchez les distributeurs STEIMER dans votre r\u00e9gion, parmi une multitude de partenaires pr\u00e9sents dans toute la France.<\/p>\r\n<p>Toutes nos machines sont garanties 3 ans !<\/p>\r\n<p>\u00a0<img decoding=\"async\" class=\"wp-image-2599 aligncenter\" src=\"http:\/\/steimer.fr\/wp-content\/uploads\/2017\/04\/garantie1.jpg\" alt=\"\" width=\"280\" height=\"280\" srcset=\"https:\/\/steimer.fr\/wp-content\/uploads\/2017\/04\/garantie1.jpg 300w, https:\/\/steimer.fr\/wp-content\/uploads\/2017\/04\/garantie1-150x150.jpg 150w\" sizes=\"(max-width: 280px) 100vw, 280px\" \/><\/p>\r\n<\/div>\t\t\t\t<\/div>\n\t\t\t\t<\/div>\n\t\t<div class=\"elementor-element elementor-element-caceb93 e-con-full e-flex e-con e-child\" data-id=\"caceb93\" data-element_type=\"container\" data-e-type=\"container\">\n\t\t\t\t<div class=\"elementor-element elementor-element-285f826 elementor-widget__width-initial elementor-widget elementor-widget-html\" data-id=\"285f826\" data-element_type=\"widget\" data-e-type=\"widget\" data-widget_type=\"html.default\">\n\t\t\t\t\t\r\n<div style=\"display: flex; flex-wrap: wrap; flex-grow: 1; flex-shrink: 0; column-gap: 30px; row-gap: 20px; justify-content: space-between; justify-content: space-evenly;\">\r\n<div style=\"width: 300px; height: 200px; text-align: center\">\r\n    <a href=\"http:\/\/steimer.fr\/preparation-de-sol\/\" target=\"_blank\" rel=\"noopener noreferrer\"><img decoding=\"async\" src=\"http:\/\/steimer.fr\/wp-content\/uploads\/2017\/08\/preparation-de-sol.jpg\" alt=\"pr\u00e9paration sol\" \/>\r\n    <strong>Un sol nivel\u00e9 et uniforme<\/strong><\/a>\r\n<\/div>\r\n<div style=\"width: 300px; height: 200px; text-align: center\">\r\n    <a href=\"http:\/\/steimer.fr\/dechaumeurs\/\" target=\"_blank\" rel=\"noopener noreferrer\"><img decoding=\"async\" src=\"http:\/\/steimer.fr\/wp-content\/uploads\/2017\/04\/Vignette-Kinga-300x151.jpg\" alt=\"\" \/>\r\n    <strong>Un sol r\u00e9gulier et sans motte<\/strong><\/a>\r\n<\/div>\r\n<div style=\"width: 300px; height: 200px; text-align: center\">\r\n    <a href=\"http:\/\/steimer.fr\/dechaumeurs-dents\/\" target=\"_blank\" rel=\"noopener noreferrer\"><img decoding=\"async\" src=\"http:\/\/steimer.fr\/wp-content\/uploads\/2017\/04\/Menu-d\u00e9chaumeur-a-dents-steimer-1-300x151.jpg\" alt=\"\" \/>\r\n    <strong>Pour une pr\u00e9paration simplifi\u00e9e<\/strong><\/a>\r\n<\/div>\r\n<div style=\"width: 300px; height: 200px; text-align: center\">\r\n    <a href=\"http:\/\/steimer.fr\/machines-de-rappuyage-rouleaux\/\" target=\"_blank\" rel=\"noopener noreferrer\"><img decoding=\"async\" src=\"http:\/\/steimer.fr\/wp-content\/uploads\/2017\/10\/rappuyage-rouleau.jpg\" alt=\"rappui\" \/>\r\n    <strong>Un sol retass\u00e9 et une terre affin\u00e9e<\/strong><\/a>\r\n<\/div>\r\n<div style=\"width: 300px; height: 200px; text-align: center\">\r\n    <a href=\"http:\/\/steimer.fr\/sous-soleuses\/\" target=\"_blank\" rel=\"noopener noreferrer\"><img decoding=\"async\" src=\"http:\/\/steimer.fr\/wp-content\/uploads\/2017\/08\/sous-soleuse.jpg\" alt=\"sous solage\" \/>\r\n    <strong>Un travail de la terre en profondeur<\/strong><\/a>\r\n<\/div>\r\n<div style=\"width: 300px; height: 200px; text-align: center\">\r\n    <a href=\"http:\/\/steimer.fr\/semoirs\/\" target=\"_blank\" rel=\"noopener noreferrer\"><img decoding=\"async\" src=\"http:\/\/steimer.fr\/wp-content\/uploads\/2017\/08\/semoir.jpg\" alt=\"semis\" \/>\r\n    <strong>Semer facilement et avec pr\u00e9cision<\/strong><\/a>\r\n<\/div>\r\n<div style=\"width: 300px; height: 200px; text-align: center\">\r\n    <a href=\"http:\/\/steimer.fr\/les-herses\/\"><img decoding=\"async\" src=\"http:\/\/steimer.fr\/wp-content\/uploads\/2017\/04\/herses-agricoles-steimer-300x151.jpg\" alt=\"\" \/>\r\n    <strong>Entretien des champs et prairies<\/strong><\/a>\r\n<\/div>\r\n<div style=\"width: 300px; height: 200px; text-align: center\">\r\n    <a href=\"http:\/\/steimer.fr\/charrues\/\"><img decoding=\"async\" src=\"http:\/\/steimer.fr\/wp-content\/uploads\/2017\/04\/Menu-charrues-STEIMER-300x151.jpg\" alt=\"charrue steimer\" \/>\r\n    <strong>Pour ameublir et labourer<\/strong><\/a>\r\n<\/div>\r\n<div style=\"width: 300px; height: 200px; text-align: center\">\r\n    <a href=\"http:\/\/steimer.fr\/gamme-de-rouleaux\/\"><img decoding=\"async\" src=\"http:\/\/steimer.fr\/wp-content\/uploads\/2017\/04\/Menu-rouleaux-STEIMER-300x151.jpg\" alt=\"rouleaux steimer\" \/>\r\n    <strong>Perfectionner le travail des outils<\/strong><\/a>\r\n<\/div>\r\n<\/div>\r\n\t\t\t\t<\/div>\n\t\t\t\t<\/div>\n\t\t\t\t\t<\/div>\n\t\t\t\t<\/div>\n\t\t\t\t<section class=\"elementor-section elementor-top-section elementor-element elementor-element-d5f9442 elementor-section-boxed elementor-section-height-default elementor-section-height-default\" data-id=\"d5f9442\" data-element_type=\"section\" data-e-type=\"section\">\n\t\t\t\t\t\t<div class=\"elementor-container elementor-column-gap-default\">\n\t\t\t\t\t<div class=\"elementor-column elementor-col-100 elementor-top-column elementor-element elementor-element-c050b07\" data-id=\"c050b07\" data-element_type=\"column\" data-e-type=\"column\">\n\t\t\t<div class=\"elementor-widget-wrap\">\n\t\t\t\t\t\t\t<\/div>\n\t\t<\/div>\n\t\t\t\t\t<\/div>\n\t\t<\/section>\n\t\t\t\t<\/div>\n\t\t","protected":false},"excerpt":{"rendered":"<p>Trouvez le concessionnaire le plus proche de chez vous ! Recherchez les distributeurs STEIMER dans votre r\u00e9gion, parmi une multitude de partenaires pr\u00e9sents dans toute la France. Toutes nos machines sont garanties 3 ans ! \u00a0 Un sol nivel\u00e9 et uniforme Un sol r\u00e9gulier et sans motte Pour une pr\u00e9paration simplifi\u00e9e Un sol retass\u00e9 et &hellip; <\/p>\n<p class=\"link-more\"><a href=\"https:\/\/steimer.fr\/en\/steimer\/\" class=\"more-link\">Read more<span class=\"screen-reader-text\"> \u00ab\u00a0Fabricant de machine agricole\u00a0\u00bb<\/span><\/a><\/p>","protected":false},"author":1,"featured_media":0,"parent":0,"menu_order":0,"comment_status":"closed","ping_status":"closed","template":"","meta":{"inspiro_hide_title":false,"footnotes":""},"class_list":["post-4","page","type-page","status-publish","hentry"],"yoast_head":"<!-- This site is optimized with the Yoast SEO plugin v27.3 - https:\/\/yoast.com\/product\/yoast-seo-wordpress\/ -->\n<title>Steimer - Machines agricoles pour la pr\u00e9paration du sol et le semis<\/title>\n<meta name=\"description\" content=\"Steimer propose de l&#039;\u00e9quipement agricole destin\u00e9 au travail du sol et au semis : d\u00e9chaumeur, ameublisseur, semoir, vibroculteur, sous-soleuse etc.\" \/>\n<meta name=\"robots\" content=\"index, follow, max-snippet:-1, max-image-preview:large, max-video-preview:-1\" \/>\n<link rel=\"canonical\" href=\"https:\/\/steimer.fr\/en\/steimer\/\" \/>\n<meta property=\"og:locale\" content=\"en_GB\" \/>\n<meta property=\"og:type\" content=\"article\" \/>\n<meta property=\"og:title\" content=\"Steimer - Machines agricoles pour la pr\u00e9paration du sol et le semis\" \/>\n<meta property=\"og:description\" content=\"Steimer propose de l&#039;\u00e9quipement agricole destin\u00e9 au travail du sol et au semis : d\u00e9chaumeur, ameublisseur, semoir, vibroculteur, sous-soleuse etc.\" \/>\n<meta property=\"og:url\" content=\"https:\/\/steimer.fr\/en\/steimer\/\" \/>\n<meta property=\"og:site_name\" content=\"Fabricant de mat\u00e9riel agricole\" \/>\n<meta property=\"article:publisher\" content=\"https:\/\/www.facebook.com\/steimer.fr\" \/>\n<meta property=\"article:modified_time\" content=\"2023-04-21T12:14:00+00:00\" \/>\n<meta property=\"og:image\" content=\"http:\/\/steimer.fr\/wp-content\/uploads\/2017\/04\/distri-1-300x300.jpg\" \/>\n<meta name=\"twitter:card\" content=\"summary_large_image\" \/>\n<meta name=\"twitter:label1\" content=\"Estimated reading time\" \/>\n\t<meta name=\"twitter:data1\" content=\"5 minutes\" \/>\n<script type=\"application\/ld+json\" class=\"yoast-schema-graph\">{\"@context\":\"https:\\\/\\\/schema.org\",\"@graph\":[{\"@type\":\"WebPage\",\"@id\":\"https:\\\/\\\/steimer.fr\\\/steimer\\\/\",\"url\":\"https:\\\/\\\/steimer.fr\\\/steimer\\\/\",\"name\":\"Steimer - Machines agricoles pour la pr\u00e9paration du sol et le semis\",\"isPartOf\":{\"@id\":\"https:\\\/\\\/steimer.fr\\\/#website\"},\"primaryImageOfPage\":{\"@id\":\"https:\\\/\\\/steimer.fr\\\/steimer\\\/#primaryimage\"},\"image\":{\"@id\":\"https:\\\/\\\/steimer.fr\\\/steimer\\\/#primaryimage\"},\"thumbnailUrl\":\"http:\\\/\\\/steimer.fr\\\/wp-content\\\/uploads\\\/2017\\\/04\\\/distri-1-300x300.jpg\",\"datePublished\":\"2017-04-05T07:11:28+00:00\",\"dateModified\":\"2023-04-21T12:14:00+00:00\",\"description\":\"Steimer propose de l'\u00e9quipement agricole destin\u00e9 au travail du sol et au semis : d\u00e9chaumeur, ameublisseur, semoir, vibroculteur, sous-soleuse etc.\",\"breadcrumb\":{\"@id\":\"https:\\\/\\\/steimer.fr\\\/steimer\\\/#breadcrumb\"},\"inLanguage\":\"en-GB\",\"potentialAction\":[{\"@type\":\"ReadAction\",\"target\":[\"https:\\\/\\\/steimer.fr\\\/steimer\\\/\"]}]},{\"@type\":\"ImageObject\",\"inLanguage\":\"en-GB\",\"@id\":\"https:\\\/\\\/steimer.fr\\\/steimer\\\/#primaryimage\",\"url\":\"http:\\\/\\\/steimer.fr\\\/wp-content\\\/uploads\\\/2017\\\/04\\\/distri-1-300x300.jpg\",\"contentUrl\":\"http:\\\/\\\/steimer.fr\\\/wp-content\\\/uploads\\\/2017\\\/04\\\/distri-1-300x300.jpg\"},{\"@type\":\"BreadcrumbList\",\"@id\":\"https:\\\/\\\/steimer.fr\\\/steimer\\\/#breadcrumb\",\"itemListElement\":[{\"@type\":\"ListItem\",\"position\":1,\"name\":\"Accueil\",\"item\":\"https:\\\/\\\/steimer.fr\\\/\"},{\"@type\":\"ListItem\",\"position\":2,\"name\":\"Fabricant de machine agricole\"}]},{\"@type\":\"WebSite\",\"@id\":\"https:\\\/\\\/steimer.fr\\\/#website\",\"url\":\"https:\\\/\\\/steimer.fr\\\/\",\"name\":\"Fabricant de mat\u00e9riel agricole\",\"description\":\"Machines pour la pr\u00e9paration du sol et le semis\",\"publisher\":{\"@id\":\"https:\\\/\\\/steimer.fr\\\/#organization\"},\"potentialAction\":[{\"@type\":\"SearchAction\",\"target\":{\"@type\":\"EntryPoint\",\"urlTemplate\":\"https:\\\/\\\/steimer.fr\\\/?s={search_term_string}\"},\"query-input\":{\"@type\":\"PropertyValueSpecification\",\"valueRequired\":true,\"valueName\":\"search_term_string\"}}],\"inLanguage\":\"en-GB\"},{\"@type\":\"Organization\",\"@id\":\"https:\\\/\\\/steimer.fr\\\/#organization\",\"name\":\"STEIMER\",\"url\":\"https:\\\/\\\/steimer.fr\\\/\",\"logo\":{\"@type\":\"ImageObject\",\"inLanguage\":\"en-GB\",\"@id\":\"https:\\\/\\\/steimer.fr\\\/#\\\/schema\\\/logo\\\/image\\\/\",\"url\":\"https:\\\/\\\/steimer.fr\\\/wp-content\\\/uploads\\\/2021\\\/11\\\/cropped-logo-jpeg.png\",\"contentUrl\":\"https:\\\/\\\/steimer.fr\\\/wp-content\\\/uploads\\\/2021\\\/11\\\/cropped-logo-jpeg.png\",\"width\":210,\"height\":48,\"caption\":\"STEIMER\"},\"image\":{\"@id\":\"https:\\\/\\\/steimer.fr\\\/#\\\/schema\\\/logo\\\/image\\\/\"},\"sameAs\":[\"https:\\\/\\\/www.facebook.com\\\/steimer.fr\",\"https:\\\/\\\/www.instagram.com\\\/\"]}]}<\/script>\n<!-- \/ Yoast SEO plugin. -->","yoast_head_json":{"title":"Steimer - Machines agricoles pour la pr\u00e9paration du sol et le semis","description":"Steimer propose de l'\u00e9quipement agricole destin\u00e9 au travail du sol et au semis : d\u00e9chaumeur, ameublisseur, semoir, vibroculteur, sous-soleuse etc.","robots":{"index":"index","follow":"follow","max-snippet":"max-snippet:-1","max-image-preview":"max-image-preview:large","max-video-preview":"max-video-preview:-1"},"canonical":"https:\/\/steimer.fr\/en\/steimer\/","og_locale":"en_GB","og_type":"article","og_title":"Steimer - Machines agricoles pour la pr\u00e9paration du sol et le semis","og_description":"Steimer propose de l'\u00e9quipement agricole destin\u00e9 au travail du sol et au semis : d\u00e9chaumeur, ameublisseur, semoir, vibroculteur, sous-soleuse etc.","og_url":"https:\/\/steimer.fr\/en\/steimer\/","og_site_name":"Fabricant de mat\u00e9riel agricole","article_publisher":"https:\/\/www.facebook.com\/steimer.fr","article_modified_time":"2023-04-21T12:14:00+00:00","og_image":[{"url":"http:\/\/steimer.fr\/wp-content\/uploads\/2017\/04\/distri-1-300x300.jpg","type":"","width":"","height":""}],"twitter_card":"summary_large_image","twitter_misc":{"Estimated reading time":"5 minutes"},"schema":{"@context":"https:\/\/schema.org","@graph":[{"@type":"WebPage","@id":"https:\/\/steimer.fr\/steimer\/","url":"https:\/\/steimer.fr\/steimer\/","name":"Steimer - Machines agricoles pour la pr\u00e9paration du sol et le semis","isPartOf":{"@id":"https:\/\/steimer.fr\/#website"},"primaryImageOfPage":{"@id":"https:\/\/steimer.fr\/steimer\/#primaryimage"},"image":{"@id":"https:\/\/steimer.fr\/steimer\/#primaryimage"},"thumbnailUrl":"http:\/\/steimer.fr\/wp-content\/uploads\/2017\/04\/distri-1-300x300.jpg","datePublished":"2017-04-05T07:11:28+00:00","dateModified":"2023-04-21T12:14:00+00:00","description":"Steimer propose de l'\u00e9quipement agricole destin\u00e9 au travail du sol et au semis : d\u00e9chaumeur, ameublisseur, semoir, vibroculteur, sous-soleuse etc.","breadcrumb":{"@id":"https:\/\/steimer.fr\/steimer\/#breadcrumb"},"inLanguage":"en-GB","potentialAction":[{"@type":"ReadAction","target":["https:\/\/steimer.fr\/steimer\/"]}]},{"@type":"ImageObject","inLanguage":"en-GB","@id":"https:\/\/steimer.fr\/steimer\/#primaryimage","url":"http:\/\/steimer.fr\/wp-content\/uploads\/2017\/04\/distri-1-300x300.jpg","contentUrl":"http:\/\/steimer.fr\/wp-content\/uploads\/2017\/04\/distri-1-300x300.jpg"},{"@type":"BreadcrumbList","@id":"https:\/\/steimer.fr\/steimer\/#breadcrumb","itemListElement":[{"@type":"ListItem","position":1,"name":"Accueil","item":"https:\/\/steimer.fr\/"},{"@type":"ListItem","position":2,"name":"Fabricant de machine agricole"}]},{"@type":"WebSite","@id":"https:\/\/steimer.fr\/#website","url":"https:\/\/steimer.fr\/","name":"Fabricant de mat\u00e9riel agricole","description":"Machines pour la pr\u00e9paration du sol et le semis","publisher":{"@id":"https:\/\/steimer.fr\/#organization"},"potentialAction":[{"@type":"SearchAction","target":{"@type":"EntryPoint","urlTemplate":"https:\/\/steimer.fr\/?s={search_term_string}"},"query-input":{"@type":"PropertyValueSpecification","valueRequired":true,"valueName":"search_term_string"}}],"inLanguage":"en-GB"},{"@type":"Organization","@id":"https:\/\/steimer.fr\/#organization","name":"STEIMER","url":"https:\/\/steimer.fr\/","logo":{"@type":"ImageObject","inLanguage":"en-GB","@id":"https:\/\/steimer.fr\/#\/schema\/logo\/image\/","url":"https:\/\/steimer.fr\/wp-content\/uploads\/2021\/11\/cropped-logo-jpeg.png","contentUrl":"https:\/\/steimer.fr\/wp-content\/uploads\/2021\/11\/cropped-logo-jpeg.png","width":210,"height":48,"caption":"STEIMER"},"image":{"@id":"https:\/\/steimer.fr\/#\/schema\/logo\/image\/"},"sameAs":["https:\/\/www.facebook.com\/steimer.fr","https:\/\/www.instagram.com\/"]}]}},"_links":{"self":[{"href":"https:\/\/steimer.fr\/en\/wp-json\/wp\/v2\/pages\/4","targetHints":{"allow":["GET"]}}],"collection":[{"href":"https:\/\/steimer.fr\/en\/wp-json\/wp\/v2\/pages"}],"about":[{"href":"https:\/\/steimer.fr\/en\/wp-json\/wp\/v2\/types\/page"}],"author":[{"embeddable":true,"href":"https:\/\/steimer.fr\/en\/wp-json\/wp\/v2\/users\/1"}],"replies":[{"embeddable":true,"href":"https:\/\/steimer.fr\/en\/wp-json\/wp\/v2\/comments?post=4"}],"version-history":[{"count":298,"href":"https:\/\/steimer.fr\/en\/wp-json\/wp\/v2\/pages\/4\/revisions"}],"predecessor-version":[{"id":7348,"href":"https:\/\/steimer.fr\/en\/wp-json\/wp\/v2\/pages\/4\/revisions\/7348"}],"wp:attachment":[{"href":"https:\/\/steimer.fr\/en\/wp-json\/wp\/v2\/media?parent=4"}],"curies":[{"name":"wp","href":"https:\/\/api.w.org\/{rel}","templated":true}]}}