{"id":3851,"date":"2020-10-21T17:12:45","date_gmt":"2020-10-21T15:12:45","guid":{"rendered":"http:\/\/steimer.fr\/?page_id=3851"},"modified":"2021-07-08T09:49:58","modified_gmt":"2021-07-08T07:49:58","slug":"charrues","status":"publish","type":"page","link":"https:\/\/steimer.fr\/en\/charrues\/","title":{"rendered":"Charrues"},"content":{"rendered":"<table class=\"tablepresentation\" style=\"width: 777px;\">\n<tbody>\n<tr style=\"height: 102px;\">\n<td class=\"tdpic\" style=\"width: 407px; height: 102px;\">\n<h2><span style=\"font-size: 14pt;\">MAGDA VARIO<br \/>\nCharrue \u00e0 largeur variable<br \/>\n<\/span><\/h2>\n<p><a href=\"http:\/\/steimer.fr\/en\/magda-vario-charrue-largeur-variable\/\"><img fetchpriority=\"high\" decoding=\"async\" class=\"aligncenter wp-image-3853 size-full\" src=\"https:\/\/steimer.fr\/wp-content\/uploads\/2020\/10\/Magda-Vario-2-STEIMER.jpg\" alt=\"charrues STEIMER \" width=\"1420\" height=\"800\" srcset=\"https:\/\/steimer.fr\/wp-content\/uploads\/2020\/10\/Magda-Vario-2-STEIMER.jpg 1420w, https:\/\/steimer.fr\/wp-content\/uploads\/2020\/10\/Magda-Vario-2-STEIMER-300x169.jpg 300w, https:\/\/steimer.fr\/wp-content\/uploads\/2020\/10\/Magda-Vario-2-STEIMER-768x433.jpg 768w, https:\/\/steimer.fr\/wp-content\/uploads\/2020\/10\/Magda-Vario-2-STEIMER-1024x577.jpg 1024w\" sizes=\"(max-width: 1420px) 100vw, 1420px\" \/><\/a><\/td>\n<td class=\"tdtext\" style=\"width: 267.167px; height: 102px;\"><strong>Versoir universel<\/strong>&nbsp;<\/p>\n<p><span style=\"font-size: 10pt;\"><a href=\"http:\/\/steimer.fr\/en\/magda-vario-charrue-largeur-variable\/\">MAGDA VARIO PF<\/a><br \/>\n4 fers &#8211; largeur 0,8 \u00e0 2 m<br \/>\n<\/span><\/p>\n<p><span style=\"font-size: 10pt;\"><a href=\"http:\/\/steimer.fr\/en\/magda-vario-charrue-largeur-variable\/\">MAGDA VARIO PF<\/a><br \/>\n5 fers &#8211; largeur 1 \u00e0 2,5 m<br \/>\n<\/span><\/td>\n<td class=\"tdtext\" style=\"width: 283.833px; height: 102px;\"><strong>Versoir Clair voie<\/strong>&nbsp;<\/p>\n<p><span style=\"font-size: 10pt;\"><a href=\"http:\/\/steimer.fr\/en\/magda-vario-charrue-largeur-variable\/\">MAGDA VARIO PF<\/a><br \/>\n4 fers &#8211; largeur 1,4 \u00e0 2 m<br \/>\n<\/span><\/p>\n<p><span style=\"font-size: 10pt;\"><a href=\"http:\/\/steimer.fr\/en\/magda-vario-charrue-largeur-variable\/\">MAGDA VARIO PF<\/a><br \/>\n5 fers &#8211; largeur 1,75 \u00e0 2,5 m<br \/>\n<\/span><\/td>\n<\/tr>\n<\/tbody>\n<\/table>\n<table class=\"tablepresentation\" style=\"width: 776px;\">\n<tbody>\n<tr style=\"height: 102px;\">\n<td class=\"tdpic\" style=\"width: 498px; height: 102px;\">\n<h2><span style=\"font-size: 14pt;\">MAGDA HYDRO<br \/>\nCharrue \u00e0 s\u00e9curit\u00e9 hydraulique<br \/>\n<\/span><\/h2>\n<p><a href=\"http:\/\/steimer.fr\/en\/magda-hydro-charrue-securite-hydraulique\/\"><img decoding=\"async\" class=\"aligncenter wp-image-3854 size-full\" src=\"https:\/\/steimer.fr\/wp-content\/uploads\/2020\/10\/Magda-hydro-STEIMER.jpg\" alt=\"Charrues STEIMER - MAGDA HYDRO\" width=\"1920\" height=\"1082\" srcset=\"https:\/\/steimer.fr\/wp-content\/uploads\/2020\/10\/Magda-hydro-STEIMER.jpg 1920w, https:\/\/steimer.fr\/wp-content\/uploads\/2020\/10\/Magda-hydro-STEIMER-300x169.jpg 300w, https:\/\/steimer.fr\/wp-content\/uploads\/2020\/10\/Magda-hydro-STEIMER-768x433.jpg 768w, https:\/\/steimer.fr\/wp-content\/uploads\/2020\/10\/Magda-hydro-STEIMER-1024x577.jpg 1024w\" sizes=\"(max-width: 1920px) 100vw, 1920px\" \/><\/a><\/td>\n<td class=\"tdtext\" style=\"width: 338.817px; height: 102px;\"><strong>Versoir universel<\/strong>&nbsp;<\/p>\n<p><span style=\"font-size: 10pt;\"><a href=\"http:\/\/steimer.fr\/en\/magda-hydro-charrue-securite-hydraulique\/\">MAGDA HYDRO PF<\/a><br \/>\n4 fers &#8211; largeur 0,8 \u00e0 1,3 m<\/span><\/p>\n<p><span style=\"font-size: 10pt;\"><a href=\"http:\/\/steimer.fr\/en\/magda-hydro-charrue-securite-hydraulique\/\">MAGDA HYDRO PF<\/a><br \/>\n5 fers &#8211; largeur 1 \u00e0 1,7 mm<br \/>\n<\/span><\/td>\n<td class=\"tdtext\" style=\"width: 370.183px; height: 102px;\"><strong>Versoir Clair voie<\/strong>&nbsp;<\/p>\n<p><span style=\"font-size: 10pt;\"><a href=\"http:\/\/steimer.fr\/en\/magda-hydro-charrue-securite-hydraulique\/\">MAGDA HYDRO PF<\/a><br \/>\n4 fers &#8211; largeur 0,8 \u00e0 1,3 m<\/span><\/p>\n<p><span style=\"font-size: 10pt;\"><a href=\"http:\/\/steimer.fr\/en\/magda-hydro-charrue-securite-hydraulique\/\">MAGDA HYDRO PF<\/a><br \/>\n5 fers &#8211; largeur 1 \u00e0 1,7 m<br \/>\n<\/span><\/td>\n<\/tr>\n<\/tbody>\n<\/table>\n<table class=\"tablepresentation\" style=\"width: 775px;\">\n<tbody>\n<tr style=\"height: 238px;\">\n<td class=\"tdpic\" style=\"width: 405.2px; height: 238px;\">\n<h2><span style=\"font-size: 14pt;\">MAGDA RESSORTS<br \/>\nCharrue \u00e0 s\u00e9curit\u00e9 ressort<br \/>\n<\/span><\/h2>\n<p><a href=\"http:\/\/steimer.fr\/en\/magda-ressorts-charrue-securite-ressort\/\"><img decoding=\"async\" class=\"aligncenter wp-image-3858 size-full\" src=\"https:\/\/steimer.fr\/wp-content\/uploads\/2020\/10\/STEIMER-MAGDA-Avant.jpg\" alt=\"charrue r\u00e9versible pouss\u00e9e avant \" width=\"1825\" height=\"1028\" srcset=\"https:\/\/steimer.fr\/wp-content\/uploads\/2020\/10\/STEIMER-MAGDA-Avant.jpg 1825w, https:\/\/steimer.fr\/wp-content\/uploads\/2020\/10\/STEIMER-MAGDA-Avant-300x169.jpg 300w, https:\/\/steimer.fr\/wp-content\/uploads\/2020\/10\/STEIMER-MAGDA-Avant-768x433.jpg 768w, https:\/\/steimer.fr\/wp-content\/uploads\/2020\/10\/STEIMER-MAGDA-Avant-1024x577.jpg 1024w\" sizes=\"(max-width: 1825px) 100vw, 1825px\" \/><\/a><\/td>\n<td class=\"tdtext\" style=\"width: 267.8px; height: 238px;\"><strong>ATTELAGE ARRI\u00c8RE<\/strong>&nbsp;<\/p>\n<p><span style=\"font-size: 10pt;\"><a href=\"http:\/\/steimer.fr\/en\/magda-ressorts-charrue-securite-ressort\/\">MAGDA RESSORTS PF<\/a><br \/>\n4 fers &#8211; largeur 1,4 \u00e0 2 m<\/span><\/p>\n<p><span style=\"font-size: 10pt;\"><a href=\"http:\/\/steimer.fr\/en\/magda-ressorts-charrue-securite-ressort\/\">MAGDA RESSORTS PF<\/a><br \/>\n5 fers &#8211; largeur 1,75 \u00e0 2,5 m<\/span><\/td>\n<td class=\"tdtext\" style=\"width: 278px; height: 238px;\"><strong>ATTELAGE AVANT<\/strong>&nbsp;<\/p>\n<p><span style=\"font-size: 10pt;\"><a href=\"http:\/\/steimer.fr\/en\/magda-ressorts-charrue-securite-ressort\/\">MAGDA RESSORTS PF<\/a><br \/>\n2 fers &#8211; largeur 0,7 \u00e0 1 m<\/span><\/p>\n<p><span style=\"font-size: 10pt;\"><a href=\"http:\/\/steimer.fr\/en\/magda-ressorts-charrue-securite-ressort\/\">MAGDA RESSORTS PF<\/a><br \/>\n3 fers &#8211; largeur 1,05 \u00e0 1,5 m<br \/>\n<\/span><\/td>\n<\/tr>\n<\/tbody>\n<\/table>\n<h2>Nos charrues pour un <strong>travail du sol<\/strong> en profondeur<\/h2>\n<p>STEIMER propose des charrues afin d&rsquo;ameublir, de labourer ou encore de biner vos sols.<\/p>\n<p>L&rsquo;ensemble des charrues STEIMER a le choix entre diff\u00e9rents versoirs :<\/p>\n<ul>\n<li>Le <strong>versoir universel<\/strong> pour une traction moindre et une adaptation \u00e0 tous les types de sol garantissant ainsi un retournement parfait.<\/li>\n<li>Le <strong>versoir clair voie<\/strong> s&rsquo;adapte \u00e9galement \u00e0 tous les types de sol pour effectuer un \u00e9miettement intensif. Lors de travail en terre collante, en comparaison avec un versoir universel, l&rsquo;effort n\u00e9cessaire est largement moins important.<\/li>\n<\/ul>","protected":false},"excerpt":{"rendered":"<p>MAGDA VARIO Charrue \u00e0 largeur variable Versoir universel&nbsp; MAGDA VARIO PF 4 fers &#8211; largeur 0,8 \u00e0 2 m MAGDA VARIO PF 5 fers &#8211; largeur 1 \u00e0 2,5 m Versoir Clair voie&nbsp; MAGDA VARIO PF 4 fers &#8211; largeur 1,4 \u00e0 2 m MAGDA VARIO PF 5 fers &#8211; largeur 1,75 \u00e0 2,5 m &hellip; <\/p>\n<p class=\"link-more\"><a href=\"https:\/\/steimer.fr\/en\/charrues\/\" class=\"more-link\">Read more<span class=\"screen-reader-text\"> \u00ab\u00a0Charrues\u00a0\u00bb<\/span><\/a><\/p>","protected":false},"author":1,"featured_media":0,"parent":0,"menu_order":0,"comment_status":"closed","ping_status":"closed","template":"","meta":{"inspiro_hide_title":false,"footnotes":""},"class_list":["post-3851","page","type-page","status-publish","hentry"],"yoast_head":"<!-- This site is optimized with the Yoast SEO plugin v27.3 - https:\/\/yoast.com\/product\/yoast-seo-wordpress\/ -->\n<title>Charrues - Fabricant de mat\u00e9riel agricole<\/title>\n<meta name=\"description\" content=\"STEIMER vous pr\u00e9sente ses charrues : MAGDA VARIO, MAGDA HYDRO et la nouveaut\u00e9 MAGDA RESSORTS. Garantie labour et travail de qualit\u00e9 !\" \/>\n<meta name=\"robots\" content=\"index, follow, max-snippet:-1, max-image-preview:large, max-video-preview:-1\" \/>\n<link rel=\"canonical\" href=\"https:\/\/steimer.fr\/en\/charrues\/\" \/>\n<meta property=\"og:locale\" content=\"en_GB\" \/>\n<meta property=\"og:type\" content=\"article\" \/>\n<meta property=\"og:title\" content=\"Charrues - Fabricant de mat\u00e9riel agricole\" \/>\n<meta property=\"og:description\" content=\"STEIMER vous pr\u00e9sente ses charrues : MAGDA VARIO, MAGDA HYDRO et la nouveaut\u00e9 MAGDA RESSORTS. Garantie labour et travail de qualit\u00e9 !\" \/>\n<meta property=\"og:url\" content=\"https:\/\/steimer.fr\/en\/charrues\/\" \/>\n<meta property=\"og:site_name\" content=\"Fabricant de mat\u00e9riel agricole\" \/>\n<meta property=\"article:publisher\" content=\"https:\/\/www.facebook.com\/steimer.fr\" \/>\n<meta property=\"article:modified_time\" content=\"2021-07-08T07:49:58+00:00\" \/>\n<meta property=\"og:image\" content=\"https:\/\/steimer.fr\/wp-content\/uploads\/2020\/10\/Magda-Vario-2-STEIMER.jpg\" \/>\n<meta name=\"twitter:card\" content=\"summary_large_image\" \/>\n<meta name=\"twitter:label1\" content=\"Estimated reading time\" \/>\n\t<meta name=\"twitter:data1\" content=\"2 minutes\" \/>\n<script type=\"application\/ld+json\" class=\"yoast-schema-graph\">{\"@context\":\"https:\\\/\\\/schema.org\",\"@graph\":[{\"@type\":\"WebPage\",\"@id\":\"https:\\\/\\\/steimer.fr\\\/charrues\\\/\",\"url\":\"https:\\\/\\\/steimer.fr\\\/charrues\\\/\",\"name\":\"Charrues - Fabricant de mat\u00e9riel agricole\",\"isPartOf\":{\"@id\":\"https:\\\/\\\/steimer.fr\\\/#website\"},\"primaryImageOfPage\":{\"@id\":\"https:\\\/\\\/steimer.fr\\\/charrues\\\/#primaryimage\"},\"image\":{\"@id\":\"https:\\\/\\\/steimer.fr\\\/charrues\\\/#primaryimage\"},\"thumbnailUrl\":\"https:\\\/\\\/steimer.fr\\\/wp-content\\\/uploads\\\/2020\\\/10\\\/Magda-Vario-2-STEIMER.jpg\",\"datePublished\":\"2020-10-21T15:12:45+00:00\",\"dateModified\":\"2021-07-08T07:49:58+00:00\",\"description\":\"STEIMER vous pr\u00e9sente ses charrues : MAGDA VARIO, MAGDA HYDRO et la nouveaut\u00e9 MAGDA RESSORTS. Garantie labour et travail de qualit\u00e9 !\",\"breadcrumb\":{\"@id\":\"https:\\\/\\\/steimer.fr\\\/charrues\\\/#breadcrumb\"},\"inLanguage\":\"en-GB\",\"potentialAction\":[{\"@type\":\"ReadAction\",\"target\":[\"https:\\\/\\\/steimer.fr\\\/charrues\\\/\"]}]},{\"@type\":\"ImageObject\",\"inLanguage\":\"en-GB\",\"@id\":\"https:\\\/\\\/steimer.fr\\\/charrues\\\/#primaryimage\",\"url\":\"https:\\\/\\\/steimer.fr\\\/wp-content\\\/uploads\\\/2020\\\/10\\\/Magda-Vario-2-STEIMER.jpg\",\"contentUrl\":\"https:\\\/\\\/steimer.fr\\\/wp-content\\\/uploads\\\/2020\\\/10\\\/Magda-Vario-2-STEIMER.jpg\"},{\"@type\":\"BreadcrumbList\",\"@id\":\"https:\\\/\\\/steimer.fr\\\/charrues\\\/#breadcrumb\",\"itemListElement\":[{\"@type\":\"ListItem\",\"position\":1,\"name\":\"Accueil\",\"item\":\"https:\\\/\\\/steimer.fr\\\/\"},{\"@type\":\"ListItem\",\"position\":2,\"name\":\"Charrues\"}]},{\"@type\":\"WebSite\",\"@id\":\"https:\\\/\\\/steimer.fr\\\/#website\",\"url\":\"https:\\\/\\\/steimer.fr\\\/\",\"name\":\"Fabricant de mat\u00e9riel agricole\",\"description\":\"Machines pour la pr\u00e9paration du sol et le semis\",\"publisher\":{\"@id\":\"https:\\\/\\\/steimer.fr\\\/#organization\"},\"potentialAction\":[{\"@type\":\"SearchAction\",\"target\":{\"@type\":\"EntryPoint\",\"urlTemplate\":\"https:\\\/\\\/steimer.fr\\\/?s={search_term_string}\"},\"query-input\":{\"@type\":\"PropertyValueSpecification\",\"valueRequired\":true,\"valueName\":\"search_term_string\"}}],\"inLanguage\":\"en-GB\"},{\"@type\":\"Organization\",\"@id\":\"https:\\\/\\\/steimer.fr\\\/#organization\",\"name\":\"STEIMER\",\"url\":\"https:\\\/\\\/steimer.fr\\\/\",\"logo\":{\"@type\":\"ImageObject\",\"inLanguage\":\"en-GB\",\"@id\":\"https:\\\/\\\/steimer.fr\\\/#\\\/schema\\\/logo\\\/image\\\/\",\"url\":\"https:\\\/\\\/steimer.fr\\\/wp-content\\\/uploads\\\/2021\\\/11\\\/cropped-logo-jpeg.png\",\"contentUrl\":\"https:\\\/\\\/steimer.fr\\\/wp-content\\\/uploads\\\/2021\\\/11\\\/cropped-logo-jpeg.png\",\"width\":210,\"height\":48,\"caption\":\"STEIMER\"},\"image\":{\"@id\":\"https:\\\/\\\/steimer.fr\\\/#\\\/schema\\\/logo\\\/image\\\/\"},\"sameAs\":[\"https:\\\/\\\/www.facebook.com\\\/steimer.fr\",\"https:\\\/\\\/www.instagram.com\\\/\"]}]}<\/script>\n<!-- \/ Yoast SEO plugin. -->","yoast_head_json":{"title":"Charrues - Fabricant de mat\u00e9riel agricole","description":"STEIMER vous pr\u00e9sente ses charrues : MAGDA VARIO, MAGDA HYDRO et la nouveaut\u00e9 MAGDA RESSORTS. Garantie labour et travail de qualit\u00e9 !","robots":{"index":"index","follow":"follow","max-snippet":"max-snippet:-1","max-image-preview":"max-image-preview:large","max-video-preview":"max-video-preview:-1"},"canonical":"https:\/\/steimer.fr\/en\/charrues\/","og_locale":"en_GB","og_type":"article","og_title":"Charrues - Fabricant de mat\u00e9riel agricole","og_description":"STEIMER vous pr\u00e9sente ses charrues : MAGDA VARIO, MAGDA HYDRO et la nouveaut\u00e9 MAGDA RESSORTS. Garantie labour et travail de qualit\u00e9 !","og_url":"https:\/\/steimer.fr\/en\/charrues\/","og_site_name":"Fabricant de mat\u00e9riel agricole","article_publisher":"https:\/\/www.facebook.com\/steimer.fr","article_modified_time":"2021-07-08T07:49:58+00:00","og_image":[{"url":"https:\/\/steimer.fr\/wp-content\/uploads\/2020\/10\/Magda-Vario-2-STEIMER.jpg","type":"","width":"","height":""}],"twitter_card":"summary_large_image","twitter_misc":{"Estimated reading time":"2 minutes"},"schema":{"@context":"https:\/\/schema.org","@graph":[{"@type":"WebPage","@id":"https:\/\/steimer.fr\/charrues\/","url":"https:\/\/steimer.fr\/charrues\/","name":"Charrues - Fabricant de mat\u00e9riel agricole","isPartOf":{"@id":"https:\/\/steimer.fr\/#website"},"primaryImageOfPage":{"@id":"https:\/\/steimer.fr\/charrues\/#primaryimage"},"image":{"@id":"https:\/\/steimer.fr\/charrues\/#primaryimage"},"thumbnailUrl":"https:\/\/steimer.fr\/wp-content\/uploads\/2020\/10\/Magda-Vario-2-STEIMER.jpg","datePublished":"2020-10-21T15:12:45+00:00","dateModified":"2021-07-08T07:49:58+00:00","description":"STEIMER vous pr\u00e9sente ses charrues : MAGDA VARIO, MAGDA HYDRO et la nouveaut\u00e9 MAGDA RESSORTS. Garantie labour et travail de qualit\u00e9 !","breadcrumb":{"@id":"https:\/\/steimer.fr\/charrues\/#breadcrumb"},"inLanguage":"en-GB","potentialAction":[{"@type":"ReadAction","target":["https:\/\/steimer.fr\/charrues\/"]}]},{"@type":"ImageObject","inLanguage":"en-GB","@id":"https:\/\/steimer.fr\/charrues\/#primaryimage","url":"https:\/\/steimer.fr\/wp-content\/uploads\/2020\/10\/Magda-Vario-2-STEIMER.jpg","contentUrl":"https:\/\/steimer.fr\/wp-content\/uploads\/2020\/10\/Magda-Vario-2-STEIMER.jpg"},{"@type":"BreadcrumbList","@id":"https:\/\/steimer.fr\/charrues\/#breadcrumb","itemListElement":[{"@type":"ListItem","position":1,"name":"Accueil","item":"https:\/\/steimer.fr\/"},{"@type":"ListItem","position":2,"name":"Charrues"}]},{"@type":"WebSite","@id":"https:\/\/steimer.fr\/#website","url":"https:\/\/steimer.fr\/","name":"Fabricant de mat\u00e9riel agricole","description":"Machines pour la pr\u00e9paration du sol et le semis","publisher":{"@id":"https:\/\/steimer.fr\/#organization"},"potentialAction":[{"@type":"SearchAction","target":{"@type":"EntryPoint","urlTemplate":"https:\/\/steimer.fr\/?s={search_term_string}"},"query-input":{"@type":"PropertyValueSpecification","valueRequired":true,"valueName":"search_term_string"}}],"inLanguage":"en-GB"},{"@type":"Organization","@id":"https:\/\/steimer.fr\/#organization","name":"STEIMER","url":"https:\/\/steimer.fr\/","logo":{"@type":"ImageObject","inLanguage":"en-GB","@id":"https:\/\/steimer.fr\/#\/schema\/logo\/image\/","url":"https:\/\/steimer.fr\/wp-content\/uploads\/2021\/11\/cropped-logo-jpeg.png","contentUrl":"https:\/\/steimer.fr\/wp-content\/uploads\/2021\/11\/cropped-logo-jpeg.png","width":210,"height":48,"caption":"STEIMER"},"image":{"@id":"https:\/\/steimer.fr\/#\/schema\/logo\/image\/"},"sameAs":["https:\/\/www.facebook.com\/steimer.fr","https:\/\/www.instagram.com\/"]}]}},"_links":{"self":[{"href":"https:\/\/steimer.fr\/en\/wp-json\/wp\/v2\/pages\/3851","targetHints":{"allow":["GET"]}}],"collection":[{"href":"https:\/\/steimer.fr\/en\/wp-json\/wp\/v2\/pages"}],"about":[{"href":"https:\/\/steimer.fr\/en\/wp-json\/wp\/v2\/types\/page"}],"author":[{"embeddable":true,"href":"https:\/\/steimer.fr\/en\/wp-json\/wp\/v2\/users\/1"}],"replies":[{"embeddable":true,"href":"https:\/\/steimer.fr\/en\/wp-json\/wp\/v2\/comments?post=3851"}],"version-history":[{"count":22,"href":"https:\/\/steimer.fr\/en\/wp-json\/wp\/v2\/pages\/3851\/revisions"}],"predecessor-version":[{"id":4553,"href":"https:\/\/steimer.fr\/en\/wp-json\/wp\/v2\/pages\/3851\/revisions\/4553"}],"wp:attachment":[{"href":"https:\/\/steimer.fr\/en\/wp-json\/wp\/v2\/media?parent=3851"}],"curies":[{"name":"wp","href":"https:\/\/api.w.org\/{rel}","templated":true}]}}