{"id":3746,"date":"2020-10-19T18:01:47","date_gmt":"2020-10-19T16:01:47","guid":{"rendered":"http:\/\/steimer.fr\/?page_id=3746"},"modified":"2022-01-14T16:46:42","modified_gmt":"2022-01-14T15:46:42","slug":"emilia-herse-lourde","status":"publish","type":"page","link":"https:\/\/steimer.fr\/en\/emilia-herse-lourde\/","title":{"rendered":"EMILIA &#8211; Herse lourde"},"content":{"rendered":"<p><a href=\"http:\/\/steimer.fr\/wp-content\/uploads\/2020\/10\/Emilia-Steimer2.jpg\"><img fetchpriority=\"high\" decoding=\"async\" class=\"aligncenter wp-image-3772\" src=\"http:\/\/steimer.fr\/wp-content\/uploads\/2020\/10\/Emilia-Steimer2.jpg\" alt=\"Herse lourde \u00e0 dents fixes - EMILIA - STEIMER\" width=\"1500\" height=\"500\" srcset=\"https:\/\/steimer.fr\/wp-content\/uploads\/2020\/10\/Emilia-Steimer2.jpg 960w, https:\/\/steimer.fr\/wp-content\/uploads\/2020\/10\/Emilia-Steimer2-300x100.jpg 300w, https:\/\/steimer.fr\/wp-content\/uploads\/2020\/10\/Emilia-Steimer2-768x256.jpg 768w\" sizes=\"(max-width: 1500px) 100vw, 1500px\" \/><\/a><\/p>\n<table style=\"height: 505px;\" width=\"1431\">\n<tbody>\n<tr>\n<td style=\"width: 60%;\">\n<h2>EMILIA<\/h2>\n<h2>La garantie d&rsquo;un travail de qualit\u00e9<\/h2>\n<p>EMILIA est une herse lourde qui se d\u00e9marque par son ch\u00e2ssis \u00e0 repliage hydraulique ultra robuste. R\u00e9sistante et durable, cette herse convient \u00e0 tous les types de sols. Des plus faciles \u00e0 travailler aux plus durs.<\/p>\n<p>Disponible en 5 largeurs allant de 5,5 m \u00e0 9,5 m, EMILIA reste cependant facile \u00e0 man\u0153uvrer. C&rsquo;est pourquoi, existant uniquement en version port\u00e9e repliable, ses v\u00e9rins de repliage permettent de faciliter le transport. De plus, un axe de repliage s\u00e9curise \u00e9galement la circulation sur la route. Ce syst\u00e8me hydraulique diminue fortement l&rsquo;encombrement g\u00e9n\u00e9r\u00e9, cr\u00e9ant ainsi un gain de place important.<\/p>\n<p>Au minimum compos\u00e9e d&rsquo;une centaine de dents, EMILIA brisera les mottes de terre les plus compactes. Cette herse lourde permettra \u00e9galement le nivellement de l&rsquo;int\u00e9gralit\u00e9 de la surface. Ayant une profondeur d&rsquo;attaque maximale de 15 cm, sa vitesse de travail peut varier jusqu&rsquo;\u00e0 20km\/h. Id\u00e9ale pour enterrer les \u00e9ventuels engrais, elle pr\u00e9parera un lit de semence homog\u00e8ne sans aucun d\u00e9nivel\u00e9.\u00a0 Cette herse lourde facilitera ainsi l&rsquo;\u00e9vacuation d&rsquo;eau de vos parcelles.<\/p>\n<p><span id=\"cch_faad1c5a454aec\" class=\"_mh6 _wsc\"><span class=\"_3oh- _58nk\"> Les r\u00e9glages de profondeur se font \u00e0 l&rsquo;aide du relevage. Cette herse rigide est donc tr\u00e8s simple d&rsquo;utilisation.<br \/>\n<\/span><\/span><\/td>\n<td class=\"tabdroite\" style=\"width: 40%px;\"><a href=\"https:\/\/steimer.fr\/wp-content\/uploads\/2021\/07\/Brochure-EMILIA-2021-web.pdf\"><img decoding=\"async\" class=\"alignnone wp-image-536\" src=\"http:\/\/steimer.fr\/wp-content\/uploads\/2017\/04\/pdf-icon-150x150.png\" alt=\"\" width=\"39\" height=\"39\" srcset=\"https:\/\/steimer.fr\/wp-content\/uploads\/2017\/04\/pdf-icon-150x150.png 150w, https:\/\/steimer.fr\/wp-content\/uploads\/2017\/04\/pdf-icon-300x300.png 300w, https:\/\/steimer.fr\/wp-content\/uploads\/2017\/04\/pdf-icon-768x768.png 768w, https:\/\/steimer.fr\/wp-content\/uploads\/2017\/04\/pdf-icon.png 1024w\" sizes=\"(max-width: 39px) 100vw, 39px\" \/><\/a><a href=\"https:\/\/steimer.fr\/wp-content\/uploads\/2021\/07\/Brochure-EMILIA-2021-web.pdf\" target=\"_blank\" rel=\"noopener noreferrer\">T\u00e9l\u00e9charger la brochure<\/a><\/td>\n<\/tr>\n<tr>\n<td style=\"width: 1421px;\" colspan=\"2\">\u00a0 \t\t\t\t\t\t\t<h3 style=\"margin-bottom:20px ;display:block;width:100%;margin-top:10px\">Emilia <\/h3>\r\n\t\t\t\t\t\t\t\t<style>\r\n\t\t\t\t\r\n\t\t\t\t\t#tab_container_3743 {\r\n\toverflow:hidden;\r\n\tdisplay:block;\r\n\twidth:100%;\r\n\tborder:0px solid #ddd;\r\n\tmargin-bottom:30px;\r\n\t}\r\n\r\n#tab_container_3743 .tab-content{\r\n\tpadding:20px;\r\n\tborder: 1px solid #e6e6e6 !important;\r\n\tmargin-top: 0px;\r\n\tbackground-color:#ffffff !important;\r\n\tcolor: #000000 !important;\r\n\tfont-size:14px !important;\r\n\tfont-family: Open Sans !important;\r\n\t\r\n\t\tborder: 1px solid #e6e6e6 !important;\r\n\t}\r\n#tab_container_3743 .wpsm_nav-tabs {\r\n    border-bottom: 0px solid #ddd;\r\n}\r\n#tab_container_3743 .wpsm_nav-tabs > li.active > a, #tab_container_3743 .wpsm_nav-tabs > li.active > a:hover, #tab_container_3743 .wpsm_nav-tabs > li.active > a:focus {\r\n\tcolor: #000000 !important;\r\n\tcursor: default;\r\n\tbackground-color: #ffffff !important;\r\n\tborder: 1px solid #e6e6e6 !important;\r\n}\r\n\r\n#tab_container_3743 .wpsm_nav-tabs > li > a {\r\n    margin-right: 0px !important; \r\n    line-height: 1.42857143 !important;\r\n    border: 1px solid #d5d5d5 !important;\r\n    border-radius: 0px 0px 0 0 !important; \r\n\tbackground-color: #e8e8e8 !important;\r\n\tcolor: #189cd9 !important;\r\n\tpadding: 15px 18px 15px 18px !important;\r\n\ttext-decoration: none !important;\r\n\tfont-size: 16px !important;\r\n\ttext-align:center !important;\r\n\tfont-family: Open Sans !important;\r\n}\r\n#tab_container_3743 .wpsm_nav-tabs > li > a:focus {\r\noutline: 0px !important;\r\n}\r\n\r\n#tab_container_3743 .wpsm_nav-tabs > li > a:before {\r\n\tdisplay:none !important;\r\n}\r\n#tab_container_3743 .wpsm_nav-tabs > li > a:after {\r\n\tdisplay:none !important ;\r\n}\r\n#tab_container_3743 .wpsm_nav-tabs > li{\r\npadding:0px !important ;\r\nmargin:0px;\r\n}\r\n\r\n#tab_container_3743 .wpsm_nav-tabs > li > a:hover , #tab_container_3743 .wpsm_nav-tabs > li > a:focus {\r\n    color: #189cd9 !important;\r\n    background-color: #e8e8e8 !important;\r\n\tborder: 1px solid #d5d5d5 !important;\r\n\t\r\n}\r\n#tab_container_3743 .wpsm_nav-tabs > li > a .fa{\r\n\r\nmargin-right:5px !important;\r\n\r\nmargin-left:5px !important;\r\n\r\n\r\n}\r\n\r\n\t\t#tab_container_3743 .wpsm_nav-tabs a{\r\n\t\t\tbackground-image: none;\r\n\t\t\tbackground-position: 0 0;\r\n\t\t\tbackground-repeat: repeat-x;\r\n\t\t}\r\n\t\t\t\r\n\r\n\r\n#tab_container_3743 .wpsm_nav-tabs > li {\r\n    float: left;\r\n    margin-bottom: -1px !important;\r\n\tmargin-right:0px !important; \r\n}\r\n\r\n\r\n#tab_container_3743 .tab-content{\r\noverflow:hidden !important;\r\n}\r\n\r\n\r\n@media (min-width: 769px) {\r\n\r\n\t#tab_container_3743 .wpsm_nav-tabs > li{\r\n\t\tfloat:left !important ;\r\n\t\t\t\tmargin-right:-1px !important;\r\n\t\t\t\t\t}\r\n\t#tab_container_3743 .wpsm_nav-tabs{\r\n\t\tfloat:none !important;\r\n\t\tmargin:0px !important;\r\n\t}\r\n\r\n\t#tab_container_3743 .wpsm_nav-tabs > li {\r\n\t\t\t\t\r\n\t}\r\n\t#tab_container_3743 .wpsm_nav{\r\n\t\t\t}\r\n\r\n}\r\n\r\n\r\n\r\n@media (max-width: 768px) {\r\n\t#tab_container_3743 .wpsm_nav-tabs > li {\r\n\t\t\t\t\r\n\t}\r\n\t#tab_container_3743 .wpsm_nav{\r\n\t\t\t}\r\n}\r\n\r\n\r\n\t.wpsm_nav-tabs li:before{\r\n\t\tdisplay:none !important;\r\n\t}\r\n\r\n\t@media (max-width: 768px) {\r\n\t\t\t\t\r\n\t\t\t\t.wpsm_nav-tabs{\r\n\t\t\tmargin-left:0px !important;\r\n\t\t\tmargin-right:0px !important; \r\n\t\t\t\r\n\t\t}\r\n\t\t\t\t#tab_container_3743 .wpsm_nav-tabs > li{\r\n\t\t\tfloat:none !important;\r\n\t\t}\r\n\t\t\t\r\n\t}table {\r\n    font-family: &quot;poppins&quot;, &quot;Times New Roman&quot;, Times, serif;\r\n    }\r\np {\r\n    font-family: &quot;poppins&quot;, &quot;Times New Roman&quot;, Times, serif;\r\n    }\t\t\t\t<\/style>\r\n\t\t\t\t<div id=\"tab_container_3743\" >\r\n\t \r\n\t\t\t\t\t<ul class=\"wpsm_nav wpsm_nav-tabs\" role=\"tablist\" id=\"myTab_3743\">\r\n\t\t\t\t\t\t\t\r\n\t\t\t\t\t\t\t<li role=\"presentation\"  class=\"active\"  onclick=\"do_resize()\">\r\n\t\t\t\t\t\t\t\t<a href=\"#tabs_desc_3743_1\" aria-controls=\"tabs_desc_3743_1\" role=\"tab\" data-toggle=\"tab\">\r\n\t\t\t\t\t\t\t\t\t\r\n\t\t\t\t\t\t\t\t\t\t\t\t\t\t\t\t\t\t\t\t\t\t\t\t\t\t\t\t\t\t\t<i class=\"fa fa-wrench\"><\/i> \t\t\t\t\t\t\t\t\t\t\t\t\t\t\t\t\t\t\t\r\n\t\t\t\t\t\t\t\t\t\t\t\t\t\t\t\t\t\t\r\n\t\t\t\t\t\t\t\t\t<span>Donn\u00e9es techniques<\/span>\r\n\t\t\t\t\t\t\t\t\t\r\n\t\t\t\t\t\t\t\t\t\t\t\t\t\t\t\t\t\t\r\n\t\t\t\t\t\t\t\t\t\t\t\t\t\t\t\t\t\t\t\t\r\n\t\t\t\t\t\t\t\t\t\r\n\t\t\t\t\t\t\t\t<\/a>\r\n\t\t\t\t\t\t\t<\/li>\r\n\t\t\t\t\t\t\t\r\n\t\t\t\t\t\t\t<li role=\"presentation\"  onclick=\"do_resize()\">\r\n\t\t\t\t\t\t\t\t<a href=\"#tabs_desc_3743_2\" aria-controls=\"tabs_desc_3743_2\" role=\"tab\" data-toggle=\"tab\">\r\n\t\t\t\t\t\t\t\t\t\r\n\t\t\t\t\t\t\t\t\t\t\t\t\t\t\t\t\t\t\t\t\t\t\t\t\t\t\t\t\t\t\t<i class=\"fa fa-check\"><\/i> \t\t\t\t\t\t\t\t\t\t\t\t\t\t\t\t\t\t\t\r\n\t\t\t\t\t\t\t\t\t\t\t\t\t\t\t\t\t\t\r\n\t\t\t\t\t\t\t\t\t<span>Equipement standard<\/span>\r\n\t\t\t\t\t\t\t\t\t\r\n\t\t\t\t\t\t\t\t\t\t\t\t\t\t\t\t\t\t\r\n\t\t\t\t\t\t\t\t\t\t\t\t\t\t\t\t\t\t\t\t\r\n\t\t\t\t\t\t\t\t\t\r\n\t\t\t\t\t\t\t\t<\/a>\r\n\t\t\t\t\t\t\t<\/li>\r\n\t\t\t\t\t\t\t\r\n\t\t\t\t\t\t\t<li role=\"presentation\"  onclick=\"do_resize()\">\r\n\t\t\t\t\t\t\t\t<a href=\"#tabs_desc_3743_3\" aria-controls=\"tabs_desc_3743_3\" role=\"tab\" data-toggle=\"tab\">\r\n\t\t\t\t\t\t\t\t\t\r\n\t\t\t\t\t\t\t\t\t\t\t\t\t\t\t\t\t\t\t\t\t\t\t\t\t\t\t\t\t\t\t<i class=\"fa fa-plus\"><\/i> \t\t\t\t\t\t\t\t\t\t\t\t\t\t\t\t\t\t\t\r\n\t\t\t\t\t\t\t\t\t\t\t\t\t\t\t\t\t\t\r\n\t\t\t\t\t\t\t\t\t<span>Options<\/span>\r\n\t\t\t\t\t\t\t\t\t\r\n\t\t\t\t\t\t\t\t\t\t\t\t\t\t\t\t\t\t\r\n\t\t\t\t\t\t\t\t\t\t\t\t\t\t\t\t\t\t\t\t\r\n\t\t\t\t\t\t\t\t\t\r\n\t\t\t\t\t\t\t\t<\/a>\r\n\t\t\t\t\t\t\t<\/li>\r\n\t\t\t\t\t\t\t\r\n\t\t\t\t\t\t\t<li role=\"presentation\"  onclick=\"do_resize()\">\r\n\t\t\t\t\t\t\t\t<a href=\"#tabs_desc_3743_4\" aria-controls=\"tabs_desc_3743_4\" role=\"tab\" data-toggle=\"tab\">\r\n\t\t\t\t\t\t\t\t\t\r\n\t\t\t\t\t\t\t\t\t\t\t\t\t\t\t\t\t\t\t\t\t\t\t\t\t\t\t\t\t\t\t<i class=\"fa fa-download\"><\/i> \t\t\t\t\t\t\t\t\t\t\t\t\t\t\t\t\t\t\t\r\n\t\t\t\t\t\t\t\t\t\t\t\t\t\t\t\t\t\t\r\n\t\t\t\t\t\t\t\t\t<span>Brochure \u00e0 t\u00e9l\u00e9charger<\/span>\r\n\t\t\t\t\t\t\t\t\t\r\n\t\t\t\t\t\t\t\t\t\t\t\t\t\t\t\t\t\t\r\n\t\t\t\t\t\t\t\t\t\t\t\t\t\t\t\t\t\t\t\t\r\n\t\t\t\t\t\t\t\t\t\r\n\t\t\t\t\t\t\t\t<\/a>\r\n\t\t\t\t\t\t\t<\/li>\r\n\t\t\t\t\t\t\t\t\t\t\t <\/ul>\r\n\r\n\t\t\t\t\t  <!-- Tab panes -->\r\n\t\t\t\t\t  <div class=\"tab-content\" id=\"tab-content_3743\">\r\n\t\t\t\t\t\t\t\t\t\t\t\t <div role=\"tabpanel\" class=\"tab-pane  in active\" id=\"tabs_desc_3743_1\">\r\n\t\t\t\t\t\t\t\t<p>EMILIA existe en 5 largeurs, toutes en version port\u00e9e repliable : 5,5 m, 6,5 m, 7,5 m, 8,5m et 9,5 m.<\/p>\r\n<br>\r\n \r\n\r\n<img decoding=\"async\" class=\"aligncenter wp-image-3391\" src=\"http:\/\/steimer.fr\/wp-content\/uploads\/2020\/10\/Tableau-EMILIA.jpg\" alt=\"dimensions herse steimer\" width=\"800\" height=\"142\">\r\n<p style=\"text-align: center;\">\r\n<p style=\"text-align: center;\"><span style=\"font-size: 14pt;\"><u>Description d'EMILIA<\/u><\/span><\/p>\r\n<img decoding=\"async\" class=\"aligncenter size-large wp-image-1076\" src=\"http:\/\/steimer.fr\/wp-content\/uploads\/2020\/10\/Emilia-herse-l\u00e9gende-STEIMER.jpg\" alt=\"schema EMILIA\" width=\"1000\">\t\t\t\t\t\t <\/div>\r\n\t\t\t\t\t\t\t\t\t\t\t\t <div role=\"tabpanel\" class=\"tab-pane\" id=\"tabs_desc_3743_2\">\r\n\t\t\t\t\t\t\t\t<table style=\"width: 1200px;\">\r\n<tbody>\r\n<tr>\r\n<td style=\"width: 50%;\"><a href=\"http:\/\/steimer.fr\/wp-content\/uploads\/2020\/10\/Emilia.jpg\"><img loading=\"lazy\" decoding=\"async\" class=\"alignleft wp-image-3673\" src=\"http:\/\/steimer.fr\/wp-content\/uploads\/2020\/10\/Emilia.jpg\" alt=\"herse lourde rigide \u00e0 dents fixes\" width=\"450\" height=\"500\"><\/a> <\/td>\r\n<td style=\"width: 50%;\">EMILIA se caract\u00e9rise par son ch\u00e2ssis \u00e0 repliage hydraulique robuste, durable et aux dimensions suivantes : \r\n100 x 100 x 8 mm<\/td>\r\n<\/tr>\r\n<tr>\r\n<td style=\"width: 409px;\">Dans sa version 5,5 m, cette herse rigide est compos\u00e9e d'un compartiment monobloc et d'une centaine de dents (25 x 25 x 250 mm). EMILIA peut ainsi p\u00e9n\u00e9trer le sol jusqu'\u00e0 15 cm de profondeur \u00e0 une vitesse de 20km\/h maxi. Ses dents sont individuellement boulonn\u00e9es au ch\u00e2ssis facilitant alors leur changement. \r\n L'attelage par chape permet de r\u00e9gler la profondeur de travail \u00e0 l'aide du relevage du tracteur. <\/td>\r\n\r\n<td style=\"width: 329px;\"><a href=\"http:\/\/steimer.fr\/wp-content\/uploads\/2020\/10\/Dent-emilia.jpg\"><img loading=\"lazy\" decoding=\"async\" class=\"alignright wp-image-3675\" src=\"http:\/\/steimer.fr\/wp-content\/uploads\/2020\/10\/Dent-emilia.jpg\" alt=\"\" width=\"450\" height=\"252\"><\/a><\/td>\r\n<\/tr>\r\n<tr>\r\n<td style=\"width: 409px;\"><a href=\"http:\/\/steimer.fr\/wp-content\/uploads\/2020\/10\/transport-emilia.jpg\"><img loading=\"lazy\" decoding=\"async\" class=\"alignleft wp-image-3674\" src=\"http:\/\/steimer.fr\/wp-content\/uploads\/2020\/10\/transport-emilia.jpg\" alt=\"\" width=\"450\" height=\"480\"><\/a><\/td>\r\n<td style=\"width: 329px;\"> Un axe sur le syst\u00e8me de repliage hydraulique permet de s\u00e9curiser le transport en stabilisant la machine lors de la circulation sur route.\r\n<\/td>\r\n<\/tr>\r\n<tr>\r\n<td style=\"width: 409px;\">EMILIA poss\u00e8de une b\u00e9quille facilitant son remisage et assurant son bon maintien lors son non-fonctionnement.<\/td>\r\n\r\n<td style=\"width: 329px;\"><a href=\"http:\/\/steimer.fr\/wp-content\/uploads\/2020\/10\/B\u00e9quille-Emilia-STEIMER.jpg\"><img loading=\"lazy\" decoding=\"async\" class=\"alignright wp-image-3675\" src=\"http:\/\/steimer.fr\/wp-content\/uploads\/2020\/10\/B\u00e9quille-Emilia-STEIMER.jpg\" alt=\"\" width=\"450\" height=\"252\"><\/a><\/td>\r\n<\/tr>\r\n<tr>\r\n<td style=\"width: 409px;\"><a href=\"http:\/\/steimer.fr\/wp-content\/uploads\/2017\/08\/Signalisation-LIZA-min-1024x576.png\"><img loading=\"lazy\" decoding=\"async\" class=\"alignleft wp-image-3674\" src=\"http:\/\/steimer.fr\/wp-content\/uploads\/2017\/08\/Signalisation-LIZA-min-1024x576.png\" alt=\"\" width=\"450\" height=\"480\"><\/a><\/td>\r\n<td style=\"width: 329px;\"> L'\u00e9clairage et la signalisation sont compris dans la version standard.\r\n<\/td>\r\n<\/tr>\r\n<\/tbody>\r\n<\/table>\t\t\t\t\t\t <\/div>\r\n\t\t\t\t\t\t\t\t\t\t\t\t <div role=\"tabpanel\" class=\"tab-pane\" id=\"tabs_desc_3743_3\">\r\n\t\t\t\t\t\t\t\t<p>Pas d'option possible pour EMILIA.<\/p>\t\t\t\t\t\t <\/div>\r\n\t\t\t\t\t\t\t\t\t\t\t\t <div role=\"tabpanel\" class=\"tab-pane\" id=\"tabs_desc_3743_4\">\r\n\t\t\t\t\t\t\t\t<a href=\"https:\/\/steimer.fr\/wp-content\/uploads\/2021\/07\/Brochure-EMILIA-2021-web.pdf\"><img loading=\"lazy\" decoding=\"async\" class=\"aligncenter wp-image-3678 size-full\" src=\"https:\/\/steimer.fr\/wp-content\/uploads\/2021\/07\/Brochure-EMILIA-2021-web-1-scaled.jpg\" alt=\"brochure porte-outils STEIMER\" width=\"190\" height=\"269\"><\/a>\r\n<p style=\"text-align: center;\"> <a href=\"https:\/\/steimer.fr\/wp-content\/uploads\/2021\/07\/Brochure-EMILIA-2021-web.pdf\" target=\"_blank\" rel=\"noopener noreferrer\">T\u00e9l\u00e9charger le PDF<\/a><\/p>\t\t\t\t\t\t <\/div>\r\n\t\t\t\t\t\t\t\r\n\t\t\t\t\t <\/div>\r\n\t\t\t\t\t \r\n\t\t\t\t <\/div>\r\n <script>\r\n\t\tjQuery(function () {\r\n\t\t\tjQuery('#myTab_3743 a:first').tab('show')\r\n\t\t});\r\n\t\t\r\n\t\t\t\tjQuery(function(){\r\n\t\t\tvar b=\"fadeIn\";\r\n\t\t\tvar c;\r\n\t\t\tvar a;\r\n\t\t\td(jQuery(\"#myTab_3743 a\"),jQuery(\"#tab-content_3743\"));function d(e,f,g){\r\n\t\t\t\te.click(function(i){\r\n\t\t\t\t\ti.preventDefault();\r\n\t\t\t\t\tjQuery(this).tab(\"show\");\r\n\t\t\t\t\tvar h=jQuery(this).data(\"easein\");\r\n\t\t\t\t\tif(c){c.removeClass(a);}\r\n\t\t\t\t\tif(h){f.find(\"div.active\").addClass(\"animated \"+h);a=h;}\r\n\t\t\t\t\telse{if(g){f.find(\"div.active\").addClass(\"animated \"+g);a=g;}else{f.find(\"div.active\").addClass(\"animated \"+b);a=b;}}c=f.find(\"div.active\");\r\n\t\t\t\t});\r\n\t\t\t}\r\n\t\t});\r\n\t\t\r\n\r\n\t\tfunction do_resize(){\r\n\r\n\t\t\tvar width=jQuery( '.tab-content .tab-pane iframe' ).width();\r\n\t\t\tvar height=jQuery( '.tab-content .tab-pane iframe' ).height();\r\n\r\n\t\t\tvar toggleSize = true;\r\n\t\t\tjQuery('iframe').animate({\r\n\t\t\t    width: toggleSize ? width : 640,\r\n\t\t\t    height: toggleSize ? height : 360\r\n\t\t\t  }, 250);\r\n\r\n\t\t\t  toggleSize = !toggleSize;\r\n\t\t}\r\n\r\n\r\n\t<\/script>\r\n\t\t\t\t\r\n\t\t\t<\/td>\n<\/tr>\n<\/tbody>\n<\/table>","protected":false},"excerpt":{"rendered":"<p>EMILIA La garantie d&rsquo;un travail de qualit\u00e9 EMILIA est une herse lourde qui se d\u00e9marque par son ch\u00e2ssis \u00e0 repliage hydraulique ultra robuste. R\u00e9sistante et durable, cette herse convient \u00e0 tous les types de sols. Des plus faciles \u00e0 travailler aux plus durs. Disponible en 5 largeurs allant de 5,5 m \u00e0 9,5 m, EMILIA &hellip; <\/p>\n<p class=\"link-more\"><a href=\"https:\/\/steimer.fr\/en\/?p=3743\" class=\"more-link\">Read more<span class=\"screen-reader-text\"> \u00ab\u00a0Emilia\u00a0\u00bb<\/span><\/a><\/p>","protected":false},"author":1,"featured_media":0,"parent":0,"menu_order":0,"comment_status":"closed","ping_status":"closed","template":"","meta":{"inspiro_hide_title":false,"footnotes":""},"class_list":["post-3746","page","type-page","status-publish","hentry"],"yoast_head":"<!-- This site is optimized with the Yoast SEO plugin v27.3 - https:\/\/yoast.com\/product\/yoast-seo-wordpress\/ -->\n<title>EMILIA - Herse lourde - Fabricant de mat\u00e9riel agricole<\/title>\n<meta name=\"description\" content=\"Steimer vous propose une herse lourde garantissant un travail de qualit\u00e9. Retrouvez d\u00e8s maintenant notre herse \u00e0 dents fixes, durables et r\u00e9sistantes\" \/>\n<meta name=\"robots\" content=\"index, follow, max-snippet:-1, max-image-preview:large, max-video-preview:-1\" \/>\n<link rel=\"canonical\" href=\"https:\/\/steimer.fr\/en\/emilia-herse-lourde\/\" \/>\n<meta property=\"og:locale\" content=\"en_GB\" \/>\n<meta property=\"og:type\" content=\"article\" \/>\n<meta property=\"og:title\" content=\"EMILIA - Herse lourde - Fabricant de mat\u00e9riel agricole\" \/>\n<meta property=\"og:description\" content=\"Steimer vous propose une herse lourde garantissant un travail de qualit\u00e9. Retrouvez d\u00e8s maintenant notre herse \u00e0 dents fixes, durables et r\u00e9sistantes\" \/>\n<meta property=\"og:url\" content=\"https:\/\/steimer.fr\/en\/emilia-herse-lourde\/\" \/>\n<meta property=\"og:site_name\" content=\"Fabricant de mat\u00e9riel agricole\" \/>\n<meta property=\"article:publisher\" content=\"https:\/\/www.facebook.com\/steimer.fr\" \/>\n<meta property=\"article:modified_time\" content=\"2022-01-14T15:46:42+00:00\" \/>\n<meta property=\"og:image\" content=\"http:\/\/steimer.fr\/wp-content\/uploads\/2020\/10\/Emilia-Steimer2.jpg\" \/>\n<meta name=\"twitter:card\" content=\"summary_large_image\" \/>\n<meta name=\"twitter:label1\" content=\"Estimated reading time\" \/>\n\t<meta name=\"twitter:data1\" content=\"2 minutes\" \/>\n<script type=\"application\/ld+json\" class=\"yoast-schema-graph\">{\"@context\":\"https:\\\/\\\/schema.org\",\"@graph\":[{\"@type\":\"WebPage\",\"@id\":\"https:\\\/\\\/steimer.fr\\\/emilia-herse-lourde\\\/\",\"url\":\"https:\\\/\\\/steimer.fr\\\/emilia-herse-lourde\\\/\",\"name\":\"EMILIA - Herse lourde - Fabricant de mat\u00e9riel agricole\",\"isPartOf\":{\"@id\":\"https:\\\/\\\/steimer.fr\\\/#website\"},\"primaryImageOfPage\":{\"@id\":\"https:\\\/\\\/steimer.fr\\\/emilia-herse-lourde\\\/#primaryimage\"},\"image\":{\"@id\":\"https:\\\/\\\/steimer.fr\\\/emilia-herse-lourde\\\/#primaryimage\"},\"thumbnailUrl\":\"http:\\\/\\\/steimer.fr\\\/wp-content\\\/uploads\\\/2020\\\/10\\\/Emilia-Steimer2.jpg\",\"datePublished\":\"2020-10-19T16:01:47+00:00\",\"dateModified\":\"2022-01-14T15:46:42+00:00\",\"description\":\"Steimer vous propose une herse lourde garantissant un travail de qualit\u00e9. Retrouvez d\u00e8s maintenant notre herse \u00e0 dents fixes, durables et r\u00e9sistantes\",\"breadcrumb\":{\"@id\":\"https:\\\/\\\/steimer.fr\\\/emilia-herse-lourde\\\/#breadcrumb\"},\"inLanguage\":\"en-GB\",\"potentialAction\":[{\"@type\":\"ReadAction\",\"target\":[\"https:\\\/\\\/steimer.fr\\\/emilia-herse-lourde\\\/\"]}]},{\"@type\":\"ImageObject\",\"inLanguage\":\"en-GB\",\"@id\":\"https:\\\/\\\/steimer.fr\\\/emilia-herse-lourde\\\/#primaryimage\",\"url\":\"http:\\\/\\\/steimer.fr\\\/wp-content\\\/uploads\\\/2020\\\/10\\\/Emilia-Steimer2.jpg\",\"contentUrl\":\"http:\\\/\\\/steimer.fr\\\/wp-content\\\/uploads\\\/2020\\\/10\\\/Emilia-Steimer2.jpg\"},{\"@type\":\"BreadcrumbList\",\"@id\":\"https:\\\/\\\/steimer.fr\\\/emilia-herse-lourde\\\/#breadcrumb\",\"itemListElement\":[{\"@type\":\"ListItem\",\"position\":1,\"name\":\"Accueil\",\"item\":\"https:\\\/\\\/steimer.fr\\\/\"},{\"@type\":\"ListItem\",\"position\":2,\"name\":\"EMILIA &#8211; Herse lourde\"}]},{\"@type\":\"WebSite\",\"@id\":\"https:\\\/\\\/steimer.fr\\\/#website\",\"url\":\"https:\\\/\\\/steimer.fr\\\/\",\"name\":\"Fabricant de mat\u00e9riel agricole\",\"description\":\"Machines pour la pr\u00e9paration du sol et le semis\",\"publisher\":{\"@id\":\"https:\\\/\\\/steimer.fr\\\/#organization\"},\"potentialAction\":[{\"@type\":\"SearchAction\",\"target\":{\"@type\":\"EntryPoint\",\"urlTemplate\":\"https:\\\/\\\/steimer.fr\\\/?s={search_term_string}\"},\"query-input\":{\"@type\":\"PropertyValueSpecification\",\"valueRequired\":true,\"valueName\":\"search_term_string\"}}],\"inLanguage\":\"en-GB\"},{\"@type\":\"Organization\",\"@id\":\"https:\\\/\\\/steimer.fr\\\/#organization\",\"name\":\"STEIMER\",\"url\":\"https:\\\/\\\/steimer.fr\\\/\",\"logo\":{\"@type\":\"ImageObject\",\"inLanguage\":\"en-GB\",\"@id\":\"https:\\\/\\\/steimer.fr\\\/#\\\/schema\\\/logo\\\/image\\\/\",\"url\":\"https:\\\/\\\/steimer.fr\\\/wp-content\\\/uploads\\\/2021\\\/11\\\/cropped-logo-jpeg.png\",\"contentUrl\":\"https:\\\/\\\/steimer.fr\\\/wp-content\\\/uploads\\\/2021\\\/11\\\/cropped-logo-jpeg.png\",\"width\":210,\"height\":48,\"caption\":\"STEIMER\"},\"image\":{\"@id\":\"https:\\\/\\\/steimer.fr\\\/#\\\/schema\\\/logo\\\/image\\\/\"},\"sameAs\":[\"https:\\\/\\\/www.facebook.com\\\/steimer.fr\",\"https:\\\/\\\/www.instagram.com\\\/\"]}]}<\/script>\n<!-- \/ Yoast SEO plugin. -->","yoast_head_json":{"title":"EMILIA - Herse lourde - Fabricant de mat\u00e9riel agricole","description":"Steimer vous propose une herse lourde garantissant un travail de qualit\u00e9. Retrouvez d\u00e8s maintenant notre herse \u00e0 dents fixes, durables et r\u00e9sistantes","robots":{"index":"index","follow":"follow","max-snippet":"max-snippet:-1","max-image-preview":"max-image-preview:large","max-video-preview":"max-video-preview:-1"},"canonical":"https:\/\/steimer.fr\/en\/emilia-herse-lourde\/","og_locale":"en_GB","og_type":"article","og_title":"EMILIA - Herse lourde - Fabricant de mat\u00e9riel agricole","og_description":"Steimer vous propose une herse lourde garantissant un travail de qualit\u00e9. Retrouvez d\u00e8s maintenant notre herse \u00e0 dents fixes, durables et r\u00e9sistantes","og_url":"https:\/\/steimer.fr\/en\/emilia-herse-lourde\/","og_site_name":"Fabricant de mat\u00e9riel agricole","article_publisher":"https:\/\/www.facebook.com\/steimer.fr","article_modified_time":"2022-01-14T15:46:42+00:00","og_image":[{"url":"http:\/\/steimer.fr\/wp-content\/uploads\/2020\/10\/Emilia-Steimer2.jpg","type":"","width":"","height":""}],"twitter_card":"summary_large_image","twitter_misc":{"Estimated reading time":"2 minutes"},"schema":{"@context":"https:\/\/schema.org","@graph":[{"@type":"WebPage","@id":"https:\/\/steimer.fr\/emilia-herse-lourde\/","url":"https:\/\/steimer.fr\/emilia-herse-lourde\/","name":"EMILIA - Herse lourde - Fabricant de mat\u00e9riel agricole","isPartOf":{"@id":"https:\/\/steimer.fr\/#website"},"primaryImageOfPage":{"@id":"https:\/\/steimer.fr\/emilia-herse-lourde\/#primaryimage"},"image":{"@id":"https:\/\/steimer.fr\/emilia-herse-lourde\/#primaryimage"},"thumbnailUrl":"http:\/\/steimer.fr\/wp-content\/uploads\/2020\/10\/Emilia-Steimer2.jpg","datePublished":"2020-10-19T16:01:47+00:00","dateModified":"2022-01-14T15:46:42+00:00","description":"Steimer vous propose une herse lourde garantissant un travail de qualit\u00e9. Retrouvez d\u00e8s maintenant notre herse \u00e0 dents fixes, durables et r\u00e9sistantes","breadcrumb":{"@id":"https:\/\/steimer.fr\/emilia-herse-lourde\/#breadcrumb"},"inLanguage":"en-GB","potentialAction":[{"@type":"ReadAction","target":["https:\/\/steimer.fr\/emilia-herse-lourde\/"]}]},{"@type":"ImageObject","inLanguage":"en-GB","@id":"https:\/\/steimer.fr\/emilia-herse-lourde\/#primaryimage","url":"http:\/\/steimer.fr\/wp-content\/uploads\/2020\/10\/Emilia-Steimer2.jpg","contentUrl":"http:\/\/steimer.fr\/wp-content\/uploads\/2020\/10\/Emilia-Steimer2.jpg"},{"@type":"BreadcrumbList","@id":"https:\/\/steimer.fr\/emilia-herse-lourde\/#breadcrumb","itemListElement":[{"@type":"ListItem","position":1,"name":"Accueil","item":"https:\/\/steimer.fr\/"},{"@type":"ListItem","position":2,"name":"EMILIA &#8211; Herse lourde"}]},{"@type":"WebSite","@id":"https:\/\/steimer.fr\/#website","url":"https:\/\/steimer.fr\/","name":"Fabricant de mat\u00e9riel agricole","description":"Machines pour la pr\u00e9paration du sol et le semis","publisher":{"@id":"https:\/\/steimer.fr\/#organization"},"potentialAction":[{"@type":"SearchAction","target":{"@type":"EntryPoint","urlTemplate":"https:\/\/steimer.fr\/?s={search_term_string}"},"query-input":{"@type":"PropertyValueSpecification","valueRequired":true,"valueName":"search_term_string"}}],"inLanguage":"en-GB"},{"@type":"Organization","@id":"https:\/\/steimer.fr\/#organization","name":"STEIMER","url":"https:\/\/steimer.fr\/","logo":{"@type":"ImageObject","inLanguage":"en-GB","@id":"https:\/\/steimer.fr\/#\/schema\/logo\/image\/","url":"https:\/\/steimer.fr\/wp-content\/uploads\/2021\/11\/cropped-logo-jpeg.png","contentUrl":"https:\/\/steimer.fr\/wp-content\/uploads\/2021\/11\/cropped-logo-jpeg.png","width":210,"height":48,"caption":"STEIMER"},"image":{"@id":"https:\/\/steimer.fr\/#\/schema\/logo\/image\/"},"sameAs":["https:\/\/www.facebook.com\/steimer.fr","https:\/\/www.instagram.com\/"]}]}},"_links":{"self":[{"href":"https:\/\/steimer.fr\/en\/wp-json\/wp\/v2\/pages\/3746","targetHints":{"allow":["GET"]}}],"collection":[{"href":"https:\/\/steimer.fr\/en\/wp-json\/wp\/v2\/pages"}],"about":[{"href":"https:\/\/steimer.fr\/en\/wp-json\/wp\/v2\/types\/page"}],"author":[{"embeddable":true,"href":"https:\/\/steimer.fr\/en\/wp-json\/wp\/v2\/users\/1"}],"replies":[{"embeddable":true,"href":"https:\/\/steimer.fr\/en\/wp-json\/wp\/v2\/comments?post=3746"}],"version-history":[{"count":9,"href":"https:\/\/steimer.fr\/en\/wp-json\/wp\/v2\/pages\/3746\/revisions"}],"predecessor-version":[{"id":4839,"href":"https:\/\/steimer.fr\/en\/wp-json\/wp\/v2\/pages\/3746\/revisions\/4839"}],"wp:attachment":[{"href":"https:\/\/steimer.fr\/en\/wp-json\/wp\/v2\/media?parent=3746"}],"curies":[{"name":"wp","href":"https:\/\/api.w.org\/{rel}","templated":true}]}}