{"id":289,"date":"2017-04-10T11:56:38","date_gmt":"2017-04-10T09:56:38","guid":{"rendered":"http:\/\/steimer.fr\/?page_id=289"},"modified":"2022-01-14T17:04:42","modified_gmt":"2022-01-14T16:04:42","slug":"reka-travail-sol","status":"publish","type":"page","link":"https:\/\/steimer.fr\/en\/reka-travail-sol\/","title":{"rendered":"REKA &#8211; Sous-soleuse en V"},"content":{"rendered":"<p><img fetchpriority=\"high\" decoding=\"async\" class=\"aligncenter wp-image-2800 size-full\" src=\"http:\/\/steimer.fr\/wp-content\/uploads\/2017\/04\/sous-soleuse-reka.jpg\" alt=\"sous-soleuse steimer\" width=\"1500\" height=\"500\" srcset=\"https:\/\/steimer.fr\/wp-content\/uploads\/2017\/04\/sous-soleuse-reka.jpg 1500w, https:\/\/steimer.fr\/wp-content\/uploads\/2017\/04\/sous-soleuse-reka-300x100.jpg 300w, https:\/\/steimer.fr\/wp-content\/uploads\/2017\/04\/sous-soleuse-reka-768x256.jpg 768w, https:\/\/steimer.fr\/wp-content\/uploads\/2017\/04\/sous-soleuse-reka-1024x341.jpg 1024w\" sizes=\"(max-width: 1500px) 100vw, 1500px\" \/><\/p>\n<table style=\"height: 505px;\" width=\"1431\">\n<tbody>\n<tr>\n<td style=\"width: 60%;\">\n<h2>REKA<\/h2>\n<h2>Ameublir dans toutes les conditions sans bourrage<\/h2>\n<p>La sous-soleuse REKA comporte un ch\u00e2ssis en V, pour r\u00e9duire l&rsquo;effort de traction et emp\u00eacher tout risque de bourrage. L&rsquo;important d\u00e9gagement sous ch\u00e2ssis (71 cm) am\u00e9liore \u00e9galement le flux en pr\u00e9sence de d\u00e9bris.<\/p>\n<p>Les dents de type Michel fragmentent la terre, sans en remonter, gr\u00e2ce \u00e0 leur forme incurv\u00e9e. Elles disposent au choix d&rsquo;une s\u00e9curit\u00e9 par boulon ou hydraulique.<\/p>\n<p>Le r\u00e9glage de la profondeur est facilit\u00e9, gr\u00e2ce aux quatre roues de jauges de grand diam\u00e8tre (\u00d8600 mm) et \u00e0 la manivelle de r\u00e9glage. On obtient ainsi une constance de travail et une adaptation aux particularit\u00e9s du terrain.<\/td>\n<td class=\"tabdroite\" style=\"width: 40%px;\">\n<a href=\"http:\/\/steimer.fr\/wp-content\/uploads\/2018\/11\/Brochure-REKA-19112018.pdf\"><img decoding=\"async\" class=\"alignnone wp-image-536\" src=\"http:\/\/steimer.fr\/wp-content\/uploads\/2017\/04\/pdf-icon-150x150.png\" alt=\"\" width=\"39\" height=\"39\" srcset=\"https:\/\/steimer.fr\/wp-content\/uploads\/2017\/04\/pdf-icon-150x150.png 150w, https:\/\/steimer.fr\/wp-content\/uploads\/2017\/04\/pdf-icon-300x300.png 300w, https:\/\/steimer.fr\/wp-content\/uploads\/2017\/04\/pdf-icon-768x768.png 768w, https:\/\/steimer.fr\/wp-content\/uploads\/2017\/04\/pdf-icon.png 1024w\" sizes=\"(max-width: 39px) 100vw, 39px\" \/><\/a><span style=\"font-size: 10pt;\"><a href=\"http:\/\/steimer.fr\/wp-content\/uploads\/2018\/11\/Brochure-REKA-19112018.pdf\" target=\"_blank\" rel=\"noopener noreferrer\"><span style=\"color: #ff0000;\">T\u00e9l\u00e9charger la brochure<\/span><span style=\"color: #ff0000;\">\u00a0<\/span><\/a><\/span><\/td>\n<\/tr>\n<tr>\n<td style=\"width: 1421px;\" colspan=\"2\">\u00a0\u00a0\t\t\t\t\t\t<style>\r\n\t\t\t\t\r\n\t\t\t\t\t#tab_container_372 {\r\n\toverflow:hidden;\r\n\tdisplay:block;\r\n\twidth:100%;\r\n\tborder:0px solid #ddd;\r\n\tmargin-bottom:30px;\r\n\t}\r\n\r\n#tab_container_372 .tab-content{\r\n\tpadding:20px;\r\n\tborder: 1px solid #e6e6e6 !important;\r\n\tmargin-top: 0px;\r\n\tbackground-color:#ffffff !important;\r\n\tcolor: #000000 !important;\r\n\tfont-size:14px !important;\r\n\tfont-family: Open Sans !important;\r\n\t\r\n\t\tborder: 1px solid #e6e6e6 !important;\r\n\t}\r\n#tab_container_372 .wpsm_nav-tabs {\r\n    border-bottom: 0px solid #ddd;\r\n}\r\n#tab_container_372 .wpsm_nav-tabs > li.active > a, #tab_container_372 .wpsm_nav-tabs > li.active > a:hover, #tab_container_372 .wpsm_nav-tabs > li.active > a:focus {\r\n\tcolor: #000000 !important;\r\n\tcursor: default;\r\n\tbackground-color: #ffffff !important;\r\n\tborder: 1px solid #e6e6e6 !important;\r\n}\r\n\r\n#tab_container_372 .wpsm_nav-tabs > li > a {\r\n    margin-right: 0px !important; \r\n    line-height: 1.42857143 !important;\r\n    border: 1px solid #d5d5d5 !important;\r\n    border-radius: 0px 0px 0 0 !important; \r\n\tbackground-color: #e8e8e8 !important;\r\n\tcolor: #189cd9 !important;\r\n\tpadding: 15px 18px 15px 18px !important;\r\n\ttext-decoration: none !important;\r\n\tfont-size: 16px !important;\r\n\ttext-align:center !important;\r\n\tfont-family: Open Sans !important;\r\n}\r\n#tab_container_372 .wpsm_nav-tabs > li > a:focus {\r\noutline: 0px !important;\r\n}\r\n\r\n#tab_container_372 .wpsm_nav-tabs > li > a:before {\r\n\tdisplay:none !important;\r\n}\r\n#tab_container_372 .wpsm_nav-tabs > li > a:after {\r\n\tdisplay:none !important ;\r\n}\r\n#tab_container_372 .wpsm_nav-tabs > li{\r\npadding:0px !important ;\r\nmargin:0px;\r\n}\r\n\r\n#tab_container_372 .wpsm_nav-tabs > li > a:hover , #tab_container_372 .wpsm_nav-tabs > li > a:focus {\r\n    color: #189cd9 !important;\r\n    background-color: #e8e8e8 !important;\r\n\tborder: 1px solid #d5d5d5 !important;\r\n\t\r\n}\r\n#tab_container_372 .wpsm_nav-tabs > li > a .fa{\r\n\r\nmargin-right:5px !important;\r\n\r\nmargin-left:5px !important;\r\n\r\n\r\n}\r\n\r\n\t\t#tab_container_372 .wpsm_nav-tabs a{\r\n\t\t\tbackground-image: none;\r\n\t\t\tbackground-position: 0 0;\r\n\t\t\tbackground-repeat: repeat-x;\r\n\t\t}\r\n\t\t\t\r\n\r\n\r\n#tab_container_372 .wpsm_nav-tabs > li {\r\n    float: left;\r\n    margin-bottom: -1px !important;\r\n\tmargin-right:0px !important; \r\n}\r\n\r\n\r\n#tab_container_372 .tab-content{\r\noverflow:hidden !important;\r\n}\r\n\r\n\r\n@media (min-width: 769px) {\r\n\r\n\t#tab_container_372 .wpsm_nav-tabs > li{\r\n\t\tfloat:left !important ;\r\n\t\t\t\tmargin-right:-1px !important;\r\n\t\t\t\t\t}\r\n\t#tab_container_372 .wpsm_nav-tabs{\r\n\t\tfloat:none !important;\r\n\t\tmargin:0px !important;\r\n\t}\r\n\r\n\t#tab_container_372 .wpsm_nav-tabs > li {\r\n\t\t\t\t\r\n\t}\r\n\t#tab_container_372 .wpsm_nav{\r\n\t\t\t}\r\n\r\n}\r\n\r\n\r\n\r\n@media (max-width: 768px) {\r\n\t#tab_container_372 .wpsm_nav-tabs > li {\r\n\t\t\t\t\r\n\t}\r\n\t#tab_container_372 .wpsm_nav{\r\n\t\t\t}\r\n}\r\n\r\n\r\n\t.wpsm_nav-tabs li:before{\r\n\t\tdisplay:none !important;\r\n\t}\r\n\r\n\t@media (max-width: 768px) {\r\n\t\t\t\t\r\n\t\t\t\t.wpsm_nav-tabs{\r\n\t\t\tmargin-left:0px !important;\r\n\t\t\tmargin-right:0px !important; \r\n\t\t\t\r\n\t\t}\r\n\t\t\t\t#tab_container_372 .wpsm_nav-tabs > li{\r\n\t\t\tfloat:none !important;\r\n\t\t}\r\n\t\t\t\r\n\t}table {\r\n    font-family: &quot;poppins&quot;, &quot;Times New Roman&quot;, Times, serif;\r\n    }\r\np {\r\n    font-family: &quot;poppins&quot;, &quot;Times New Roman&quot;, Times, serif;\r\n    }\r\n\r\n\t\t\t\t<\/style>\r\n\t\t\t\t<div id=\"tab_container_372\" >\r\n\t \r\n\t\t\t\t\t<ul class=\"wpsm_nav wpsm_nav-tabs\" role=\"tablist\" id=\"myTab_372\">\r\n\t\t\t\t\t\t\t\r\n\t\t\t\t\t\t\t<li role=\"presentation\"  class=\"active\"  onclick=\"do_resize()\">\r\n\t\t\t\t\t\t\t\t<a href=\"#tabs_desc_372_1\" aria-controls=\"tabs_desc_372_1\" role=\"tab\" data-toggle=\"tab\">\r\n\t\t\t\t\t\t\t\t\t\r\n\t\t\t\t\t\t\t\t\t\t\t\t\t\t\t\t\t\t\t\t\t\t\t\t\t\t\t\t\t\t\t<i class=\"fa fa-wrench\"><\/i> \t\t\t\t\t\t\t\t\t\t\t\t\t\t\t\t\t\t\t\r\n\t\t\t\t\t\t\t\t\t\t\t\t\t\t\t\t\t\t\r\n\t\t\t\t\t\t\t\t\t<span>Donn\u00e9es techniques<\/span>\r\n\t\t\t\t\t\t\t\t\t\r\n\t\t\t\t\t\t\t\t\t\t\t\t\t\t\t\t\t\t\r\n\t\t\t\t\t\t\t\t\t\t\t\t\t\t\t\t\t\t\t\t\r\n\t\t\t\t\t\t\t\t\t\r\n\t\t\t\t\t\t\t\t<\/a>\r\n\t\t\t\t\t\t\t<\/li>\r\n\t\t\t\t\t\t\t\r\n\t\t\t\t\t\t\t<li role=\"presentation\"  onclick=\"do_resize()\">\r\n\t\t\t\t\t\t\t\t<a href=\"#tabs_desc_372_2\" aria-controls=\"tabs_desc_372_2\" role=\"tab\" data-toggle=\"tab\">\r\n\t\t\t\t\t\t\t\t\t\r\n\t\t\t\t\t\t\t\t\t\t\t\t\t\t\t\t\t\t\t\t\t\t\t\t\t\t\t\t\t\t\t<i class=\"fa fa-check\"><\/i> \t\t\t\t\t\t\t\t\t\t\t\t\t\t\t\t\t\t\t\r\n\t\t\t\t\t\t\t\t\t\t\t\t\t\t\t\t\t\t\r\n\t\t\t\t\t\t\t\t\t<span>Equipement standard<\/span>\r\n\t\t\t\t\t\t\t\t\t\r\n\t\t\t\t\t\t\t\t\t\t\t\t\t\t\t\t\t\t\r\n\t\t\t\t\t\t\t\t\t\t\t\t\t\t\t\t\t\t\t\t\r\n\t\t\t\t\t\t\t\t\t\r\n\t\t\t\t\t\t\t\t<\/a>\r\n\t\t\t\t\t\t\t<\/li>\r\n\t\t\t\t\t\t\t\r\n\t\t\t\t\t\t\t<li role=\"presentation\"  onclick=\"do_resize()\">\r\n\t\t\t\t\t\t\t\t<a href=\"#tabs_desc_372_3\" aria-controls=\"tabs_desc_372_3\" role=\"tab\" data-toggle=\"tab\">\r\n\t\t\t\t\t\t\t\t\t\r\n\t\t\t\t\t\t\t\t\t\t\t\t\t\t\t\t\t\t\t\t\t\t\t\t\t\t\t\t\t\t\t<i class=\"fa fa-download\"><\/i> \t\t\t\t\t\t\t\t\t\t\t\t\t\t\t\t\t\t\t\r\n\t\t\t\t\t\t\t\t\t\t\t\t\t\t\t\t\t\t\r\n\t\t\t\t\t\t\t\t\t<span>Brochure \u00e0 t\u00e9l\u00e9charger<\/span>\r\n\t\t\t\t\t\t\t\t\t\r\n\t\t\t\t\t\t\t\t\t\t\t\t\t\t\t\t\t\t\r\n\t\t\t\t\t\t\t\t\t\t\t\t\t\t\t\t\t\t\t\t\r\n\t\t\t\t\t\t\t\t\t\r\n\t\t\t\t\t\t\t\t<\/a>\r\n\t\t\t\t\t\t\t<\/li>\r\n\t\t\t\t\t\t\t\t\t\t\t <\/ul>\r\n\r\n\t\t\t\t\t  <!-- Tab panes -->\r\n\t\t\t\t\t  <div class=\"tab-content\" id=\"tab-content_372\">\r\n\t\t\t\t\t\t\t\t\t\t\t\t <div role=\"tabpanel\" class=\"tab-pane  in active\" id=\"tabs_desc_372_1\">\r\n\t\t\t\t\t\t\t\t<p>La sous-soleuse REKA, \u00e0 ch\u00e2ssis fixe, existe en deux largeurs : 3 ou 4 m.<\/p><br><br>\r\n\r\n<img decoding=\"async\" class=\"aligncenter size-large wp-image-553\" src=\"http:\/\/steimer.fr\/wp-content\/uploads\/2017\/05\/tableau-reka-1024x165.jpg\" alt=\"\" width=\"800\" height=\"130\" srcset=\"https:\/\/steimer.fr\/wp-content\/uploads\/2017\/05\/tableau-reka-1024x165.jpg 1024w, https:\/\/steimer.fr\/wp-content\/uploads\/2017\/05\/tableau-reka-300x48.jpg 300w\" sizes=\"(max-width: 800px) 100vw, 800px\" \/><br><br><br>\r\n<p style=\"text-align: center;\"><span style=\"font-size: 14pt;\"><u>Description de REKA<\/u><\/span><\/p><br><br>\r\n\r\n\r\n<img loading=\"lazy\" decoding=\"async\" class=\"aligncenter size-full wp-image-1171\" src=\"http:\/\/steimer.fr\/wp-content\/uploads\/2017\/06\/reka-min.png\" alt=\"sch\u00e9ma reka\" width=\"1000\" height=\"750\">\t\t\t\t\t\t <\/div>\r\n\t\t\t\t\t\t\t\t\t\t\t\t <div role=\"tabpanel\" class=\"tab-pane\" id=\"tabs_desc_372_2\">\r\n\t\t\t\t\t\t\t\t<table><tbody>\r\n<tr><td>REKA comprend dans sa version standard : <\/td><\/tr>\r\n\r\n<tr><td><img loading=\"lazy\" decoding=\"async\" src=\"http:\/\/steimer.fr\/wp-content\/uploads\/2017\/06\/12_o-min-1024x681.jpg\" alt=\"ameublisseur en v\" width=\"500\" height=\"332\" class=\"alignleft size-large wp-image-1002\" srcset=\"https:\/\/steimer.fr\/wp-content\/uploads\/2017\/06\/12_o-min-1024x681.jpg 1024w, https:\/\/steimer.fr\/wp-content\/uploads\/2017\/06\/12_o-min-300x199.jpg 300w, https:\/\/steimer.fr\/wp-content\/uploads\/2017\/06\/12_o-min-768x511.jpg 768w, https:\/\/steimer.fr\/wp-content\/uploads\/2017\/06\/12_o-min.jpg 1575w\" sizes=\"(max-width: 500px) 100vw, 500px\" \/><\/td><td>Un ch\u00e2ssis fixe en V, \u00e0 profil carr\u00e9. Il est particuli\u00e8rement robuste avec une \u00e9paisseur 200x100x10 mm. Le d\u00e9gagement de 71 cm sous b\u00e2ti ainsi que la forme du ch\u00e2ssis permettent un travail sans bourrage.<\/td><\/tr>\r\n\r\n<tr><td>Des dents de type Michel, incurv\u00e9es vers l'int\u00e9rieur. Elles fragmentent efficacement la terre, sans aucune remont\u00e9e. Elles sont s\u00e9curis\u00e9es soit par un boulon de cisaillement, soit de mani\u00e8re hydraulique, au choix.<\/td><td><img loading=\"lazy\" decoding=\"async\" src=\"http:\/\/steimer.fr\/wp-content\/uploads\/2017\/06\/dent-michel.jpg\" alt=\"dent michel\" width=\"150\" height=\"480\" class=\"alignright size-full wp-image-1003\" \/><\/td><\/tr>\r\n\r\n<tr><td><img loading=\"lazy\" decoding=\"async\" src=\"http:\/\/steimer.fr\/wp-content\/uploads\/2017\/06\/Reka-2-min.jpg\" alt=\"sous soleuse\" width=\"250\" height=\"397\" class=\"alignleft size-full wp-image-1004\" srcset=\"https:\/\/steimer.fr\/wp-content\/uploads\/2017\/06\/Reka-2-min.jpg 397w, https:\/\/steimer.fr\/wp-content\/uploads\/2017\/06\/Reka-2-min-189x300.jpg 189w\" sizes=\"(max-width: 250px) 100vw, 250px\" \/><\/td><td>Une manivelle pour r\u00e9gler la profondeur, pour un travail pr\u00e9cis.<\/td><\/tr>\r\n\r\n<tr><td>4 roues de jauges \u00d8600 mm, pour garantir une constance de la profondeur de la machine.<\/td><td><img loading=\"lazy\" decoding=\"async\" src=\"http:\/\/steimer.fr\/wp-content\/uploads\/2017\/06\/Reka1-min-1024x681.jpg\" alt=\"roue de jauge\" width=\"500\" height=\"332\" class=\"alignright size-large wp-image-1005\" srcset=\"https:\/\/steimer.fr\/wp-content\/uploads\/2017\/06\/Reka1-min-1024x681.jpg 1024w, https:\/\/steimer.fr\/wp-content\/uploads\/2017\/06\/Reka1-min-300x199.jpg 300w, https:\/\/steimer.fr\/wp-content\/uploads\/2017\/06\/Reka1-min-768x511.jpg 768w, https:\/\/steimer.fr\/wp-content\/uploads\/2017\/06\/Reka1-min.jpg 1575w\" sizes=\"(max-width: 500px) 100vw, 500px\" \/><\/td><\/tr>\r\n\r\n<tr><td><img loading=\"lazy\" decoding=\"async\" src=\"http:\/\/steimer.fr\/wp-content\/uploads\/2017\/06\/63-2-300x158.jpg\" alt=\"plaque signalisation\" width=\"300\" height=\"158\" class=\"alignleft size-medium wp-image-1169\" srcset=\"https:\/\/steimer.fr\/wp-content\/uploads\/2017\/06\/63-2-300x158.jpg 300w, https:\/\/steimer.fr\/wp-content\/uploads\/2017\/06\/63-2-768x405.jpg 768w, https:\/\/steimer.fr\/wp-content\/uploads\/2017\/06\/63-2.jpg 800w\" sizes=\"(max-width: 300px) 100vw, 300px\" \/><\/td><td>L'\u00e9clairage et la signalisation<\/td><\/tr>\r\n<\/tbody><\/table>\t\t\t\t\t\t <\/div>\r\n\t\t\t\t\t\t\t\t\t\t\t\t <div role=\"tabpanel\" class=\"tab-pane\" id=\"tabs_desc_372_3\">\r\n\t\t\t\t\t\t\t\t<p style=\"text-align: center;\"><img loading=\"lazy\" decoding=\"async\" class=\"aligncenter wp-image-3496 size-medium\" src=\"http:\/\/steimer.fr\/wp-content\/uploads\/2017\/12\/couv-reka-min-212x300.jpg\" alt=\"\" width=\"212\" height=\"300\" srcset=\"https:\/\/steimer.fr\/wp-content\/uploads\/2017\/12\/couv-reka-min-212x300.jpg 212w, https:\/\/steimer.fr\/wp-content\/uploads\/2017\/12\/couv-reka-min-768x1086.jpg 768w, https:\/\/steimer.fr\/wp-content\/uploads\/2017\/12\/couv-reka-min-724x1024.jpg 724w\" sizes=\"(max-width: 212px) 100vw, 212px\" \/><\/p>\r\n<p style=\"text-align: center;\"><a href=\"http:\/\/steimer.fr\/wp-content\/uploads\/2018\/11\/Brochure-REKA-19112018.pdf\" target=\"_blank\" rel=\"noopener noreferrer\">Brochure de REKA<\/a><\/p>\t\t\t\t\t\t <\/div>\r\n\t\t\t\t\t\t\t\r\n\t\t\t\t\t <\/div>\r\n\t\t\t\t\t \r\n\t\t\t\t <\/div>\r\n <script>\r\n\t\tjQuery(function () {\r\n\t\t\tjQuery('#myTab_372 a:first').tab('show')\r\n\t\t});\r\n\t\t\r\n\t\t\t\tjQuery(function(){\r\n\t\t\tvar b=\"fadeIn\";\r\n\t\t\tvar c;\r\n\t\t\tvar a;\r\n\t\t\td(jQuery(\"#myTab_372 a\"),jQuery(\"#tab-content_372\"));function d(e,f,g){\r\n\t\t\t\te.click(function(i){\r\n\t\t\t\t\ti.preventDefault();\r\n\t\t\t\t\tjQuery(this).tab(\"show\");\r\n\t\t\t\t\tvar h=jQuery(this).data(\"easein\");\r\n\t\t\t\t\tif(c){c.removeClass(a);}\r\n\t\t\t\t\tif(h){f.find(\"div.active\").addClass(\"animated \"+h);a=h;}\r\n\t\t\t\t\telse{if(g){f.find(\"div.active\").addClass(\"animated \"+g);a=g;}else{f.find(\"div.active\").addClass(\"animated \"+b);a=b;}}c=f.find(\"div.active\");\r\n\t\t\t\t});\r\n\t\t\t}\r\n\t\t});\r\n\t\t\r\n\r\n\t\tfunction do_resize(){\r\n\r\n\t\t\tvar width=jQuery( '.tab-content .tab-pane iframe' ).width();\r\n\t\t\tvar height=jQuery( '.tab-content .tab-pane iframe' ).height();\r\n\r\n\t\t\tvar toggleSize = true;\r\n\t\t\tjQuery('iframe').animate({\r\n\t\t\t    width: toggleSize ? width : 640,\r\n\t\t\t    height: toggleSize ? height : 360\r\n\t\t\t  }, 250);\r\n\r\n\t\t\t  toggleSize = !toggleSize;\r\n\t\t}\r\n\r\n\r\n\t<\/script>\r\n\t\t\t\t\r\n\t\t\t<\/td>\n<\/tr>\n<\/tbody>\n<\/table>","protected":false},"excerpt":{"rendered":"<p>REKA Ameublir dans toutes les conditions sans bourrage La sous-soleuse REKA comporte un ch\u00e2ssis en V, pour r\u00e9duire l&rsquo;effort de traction et emp\u00eacher tout risque de bourrage. L&rsquo;important d\u00e9gagement sous ch\u00e2ssis (71 cm) am\u00e9liore \u00e9galement le flux en pr\u00e9sence de d\u00e9bris. Les dents de type Michel fragmentent la terre, sans en remonter, gr\u00e2ce \u00e0 leur &hellip; <\/p>\n<p class=\"link-more\"><a href=\"https:\/\/steimer.fr\/en\/?p=372\" class=\"more-link\">Read more<span class=\"screen-reader-text\"> \u00ab\u00a0Reka\u00a0\u00bb<\/span><\/a><\/p>","protected":false},"author":1,"featured_media":0,"parent":0,"menu_order":0,"comment_status":"closed","ping_status":"closed","template":"","meta":{"inspiro_hide_title":false,"footnotes":""},"class_list":["post-289","page","type-page","status-publish","hentry"],"yoast_head":"<!-- This site is optimized with the Yoast SEO plugin v27.3 - https:\/\/yoast.com\/product\/yoast-seo-wordpress\/ -->\n<title>STEIMER - REKA, sous-soleuse \u00e0 ch\u00e2ssis en V<\/title>\n<meta name=\"description\" content=\"La sous-soleuse REKA comporte un ch\u00e2ssis en V et un fort d\u00e9gagement sous b\u00e2ti, pour r\u00e9duire l&#039;effort de traction et emp\u00eacher tout risque de bourrage.\" \/>\n<meta name=\"robots\" content=\"index, follow, max-snippet:-1, max-image-preview:large, max-video-preview:-1\" \/>\n<link rel=\"canonical\" href=\"https:\/\/steimer.fr\/en\/reka-travail-sol\/\" \/>\n<meta property=\"og:locale\" content=\"en_GB\" \/>\n<meta property=\"og:type\" content=\"article\" \/>\n<meta property=\"og:title\" content=\"STEIMER - REKA, sous-soleuse \u00e0 ch\u00e2ssis en V\" \/>\n<meta property=\"og:description\" content=\"La sous-soleuse REKA comporte un ch\u00e2ssis en V et un fort d\u00e9gagement sous b\u00e2ti, pour r\u00e9duire l&#039;effort de traction et emp\u00eacher tout risque de bourrage.\" \/>\n<meta property=\"og:url\" content=\"https:\/\/steimer.fr\/en\/reka-travail-sol\/\" \/>\n<meta property=\"og:site_name\" content=\"Fabricant de mat\u00e9riel agricole\" \/>\n<meta property=\"article:publisher\" content=\"https:\/\/www.facebook.com\/steimer.fr\" \/>\n<meta property=\"article:modified_time\" content=\"2022-01-14T16:04:42+00:00\" \/>\n<meta property=\"og:image\" content=\"http:\/\/steimer.fr\/wp-content\/uploads\/2017\/04\/sous-soleuse-reka.jpg\" \/>\n<meta name=\"twitter:card\" content=\"summary_large_image\" \/>\n<meta name=\"twitter:label1\" content=\"Estimated reading time\" \/>\n\t<meta name=\"twitter:data1\" content=\"1 minute\" \/>\n<script type=\"application\/ld+json\" class=\"yoast-schema-graph\">{\"@context\":\"https:\\\/\\\/schema.org\",\"@graph\":[{\"@type\":\"WebPage\",\"@id\":\"https:\\\/\\\/steimer.fr\\\/reka-travail-sol\\\/\",\"url\":\"https:\\\/\\\/steimer.fr\\\/reka-travail-sol\\\/\",\"name\":\"STEIMER - REKA, sous-soleuse \u00e0 ch\u00e2ssis en V\",\"isPartOf\":{\"@id\":\"https:\\\/\\\/steimer.fr\\\/#website\"},\"primaryImageOfPage\":{\"@id\":\"https:\\\/\\\/steimer.fr\\\/reka-travail-sol\\\/#primaryimage\"},\"image\":{\"@id\":\"https:\\\/\\\/steimer.fr\\\/reka-travail-sol\\\/#primaryimage\"},\"thumbnailUrl\":\"http:\\\/\\\/steimer.fr\\\/wp-content\\\/uploads\\\/2017\\\/04\\\/sous-soleuse-reka.jpg\",\"datePublished\":\"2017-04-10T09:56:38+00:00\",\"dateModified\":\"2022-01-14T16:04:42+00:00\",\"description\":\"La sous-soleuse REKA comporte un ch\u00e2ssis en V et un fort d\u00e9gagement sous b\u00e2ti, pour r\u00e9duire l'effort de traction et emp\u00eacher tout risque de bourrage.\",\"breadcrumb\":{\"@id\":\"https:\\\/\\\/steimer.fr\\\/reka-travail-sol\\\/#breadcrumb\"},\"inLanguage\":\"en-GB\",\"potentialAction\":[{\"@type\":\"ReadAction\",\"target\":[\"https:\\\/\\\/steimer.fr\\\/reka-travail-sol\\\/\"]}]},{\"@type\":\"ImageObject\",\"inLanguage\":\"en-GB\",\"@id\":\"https:\\\/\\\/steimer.fr\\\/reka-travail-sol\\\/#primaryimage\",\"url\":\"http:\\\/\\\/steimer.fr\\\/wp-content\\\/uploads\\\/2017\\\/04\\\/sous-soleuse-reka.jpg\",\"contentUrl\":\"http:\\\/\\\/steimer.fr\\\/wp-content\\\/uploads\\\/2017\\\/04\\\/sous-soleuse-reka.jpg\"},{\"@type\":\"BreadcrumbList\",\"@id\":\"https:\\\/\\\/steimer.fr\\\/reka-travail-sol\\\/#breadcrumb\",\"itemListElement\":[{\"@type\":\"ListItem\",\"position\":1,\"name\":\"Accueil\",\"item\":\"https:\\\/\\\/steimer.fr\\\/\"},{\"@type\":\"ListItem\",\"position\":2,\"name\":\"REKA &#8211; Sous-soleuse en V\"}]},{\"@type\":\"WebSite\",\"@id\":\"https:\\\/\\\/steimer.fr\\\/#website\",\"url\":\"https:\\\/\\\/steimer.fr\\\/\",\"name\":\"Fabricant de mat\u00e9riel agricole\",\"description\":\"Machines pour la pr\u00e9paration du sol et le semis\",\"publisher\":{\"@id\":\"https:\\\/\\\/steimer.fr\\\/#organization\"},\"potentialAction\":[{\"@type\":\"SearchAction\",\"target\":{\"@type\":\"EntryPoint\",\"urlTemplate\":\"https:\\\/\\\/steimer.fr\\\/?s={search_term_string}\"},\"query-input\":{\"@type\":\"PropertyValueSpecification\",\"valueRequired\":true,\"valueName\":\"search_term_string\"}}],\"inLanguage\":\"en-GB\"},{\"@type\":\"Organization\",\"@id\":\"https:\\\/\\\/steimer.fr\\\/#organization\",\"name\":\"STEIMER\",\"url\":\"https:\\\/\\\/steimer.fr\\\/\",\"logo\":{\"@type\":\"ImageObject\",\"inLanguage\":\"en-GB\",\"@id\":\"https:\\\/\\\/steimer.fr\\\/#\\\/schema\\\/logo\\\/image\\\/\",\"url\":\"https:\\\/\\\/steimer.fr\\\/wp-content\\\/uploads\\\/2021\\\/11\\\/cropped-logo-jpeg.png\",\"contentUrl\":\"https:\\\/\\\/steimer.fr\\\/wp-content\\\/uploads\\\/2021\\\/11\\\/cropped-logo-jpeg.png\",\"width\":210,\"height\":48,\"caption\":\"STEIMER\"},\"image\":{\"@id\":\"https:\\\/\\\/steimer.fr\\\/#\\\/schema\\\/logo\\\/image\\\/\"},\"sameAs\":[\"https:\\\/\\\/www.facebook.com\\\/steimer.fr\",\"https:\\\/\\\/www.instagram.com\\\/\"]}]}<\/script>\n<!-- \/ Yoast SEO plugin. -->","yoast_head_json":{"title":"STEIMER - REKA, sous-soleuse \u00e0 ch\u00e2ssis en V","description":"La sous-soleuse REKA comporte un ch\u00e2ssis en V et un fort d\u00e9gagement sous b\u00e2ti, pour r\u00e9duire l'effort de traction et emp\u00eacher tout risque de bourrage.","robots":{"index":"index","follow":"follow","max-snippet":"max-snippet:-1","max-image-preview":"max-image-preview:large","max-video-preview":"max-video-preview:-1"},"canonical":"https:\/\/steimer.fr\/en\/reka-travail-sol\/","og_locale":"en_GB","og_type":"article","og_title":"STEIMER - REKA, sous-soleuse \u00e0 ch\u00e2ssis en V","og_description":"La sous-soleuse REKA comporte un ch\u00e2ssis en V et un fort d\u00e9gagement sous b\u00e2ti, pour r\u00e9duire l'effort de traction et emp\u00eacher tout risque de bourrage.","og_url":"https:\/\/steimer.fr\/en\/reka-travail-sol\/","og_site_name":"Fabricant de mat\u00e9riel agricole","article_publisher":"https:\/\/www.facebook.com\/steimer.fr","article_modified_time":"2022-01-14T16:04:42+00:00","og_image":[{"url":"http:\/\/steimer.fr\/wp-content\/uploads\/2017\/04\/sous-soleuse-reka.jpg","type":"","width":"","height":""}],"twitter_card":"summary_large_image","twitter_misc":{"Estimated reading time":"1 minute"},"schema":{"@context":"https:\/\/schema.org","@graph":[{"@type":"WebPage","@id":"https:\/\/steimer.fr\/reka-travail-sol\/","url":"https:\/\/steimer.fr\/reka-travail-sol\/","name":"STEIMER - REKA, sous-soleuse \u00e0 ch\u00e2ssis en V","isPartOf":{"@id":"https:\/\/steimer.fr\/#website"},"primaryImageOfPage":{"@id":"https:\/\/steimer.fr\/reka-travail-sol\/#primaryimage"},"image":{"@id":"https:\/\/steimer.fr\/reka-travail-sol\/#primaryimage"},"thumbnailUrl":"http:\/\/steimer.fr\/wp-content\/uploads\/2017\/04\/sous-soleuse-reka.jpg","datePublished":"2017-04-10T09:56:38+00:00","dateModified":"2022-01-14T16:04:42+00:00","description":"La sous-soleuse REKA comporte un ch\u00e2ssis en V et un fort d\u00e9gagement sous b\u00e2ti, pour r\u00e9duire l'effort de traction et emp\u00eacher tout risque de bourrage.","breadcrumb":{"@id":"https:\/\/steimer.fr\/reka-travail-sol\/#breadcrumb"},"inLanguage":"en-GB","potentialAction":[{"@type":"ReadAction","target":["https:\/\/steimer.fr\/reka-travail-sol\/"]}]},{"@type":"ImageObject","inLanguage":"en-GB","@id":"https:\/\/steimer.fr\/reka-travail-sol\/#primaryimage","url":"http:\/\/steimer.fr\/wp-content\/uploads\/2017\/04\/sous-soleuse-reka.jpg","contentUrl":"http:\/\/steimer.fr\/wp-content\/uploads\/2017\/04\/sous-soleuse-reka.jpg"},{"@type":"BreadcrumbList","@id":"https:\/\/steimer.fr\/reka-travail-sol\/#breadcrumb","itemListElement":[{"@type":"ListItem","position":1,"name":"Accueil","item":"https:\/\/steimer.fr\/"},{"@type":"ListItem","position":2,"name":"REKA &#8211; Sous-soleuse en V"}]},{"@type":"WebSite","@id":"https:\/\/steimer.fr\/#website","url":"https:\/\/steimer.fr\/","name":"Fabricant de mat\u00e9riel agricole","description":"Machines pour la pr\u00e9paration du sol et le semis","publisher":{"@id":"https:\/\/steimer.fr\/#organization"},"potentialAction":[{"@type":"SearchAction","target":{"@type":"EntryPoint","urlTemplate":"https:\/\/steimer.fr\/?s={search_term_string}"},"query-input":{"@type":"PropertyValueSpecification","valueRequired":true,"valueName":"search_term_string"}}],"inLanguage":"en-GB"},{"@type":"Organization","@id":"https:\/\/steimer.fr\/#organization","name":"STEIMER","url":"https:\/\/steimer.fr\/","logo":{"@type":"ImageObject","inLanguage":"en-GB","@id":"https:\/\/steimer.fr\/#\/schema\/logo\/image\/","url":"https:\/\/steimer.fr\/wp-content\/uploads\/2021\/11\/cropped-logo-jpeg.png","contentUrl":"https:\/\/steimer.fr\/wp-content\/uploads\/2021\/11\/cropped-logo-jpeg.png","width":210,"height":48,"caption":"STEIMER"},"image":{"@id":"https:\/\/steimer.fr\/#\/schema\/logo\/image\/"},"sameAs":["https:\/\/www.facebook.com\/steimer.fr","https:\/\/www.instagram.com\/"]}]}},"_links":{"self":[{"href":"https:\/\/steimer.fr\/en\/wp-json\/wp\/v2\/pages\/289","targetHints":{"allow":["GET"]}}],"collection":[{"href":"https:\/\/steimer.fr\/en\/wp-json\/wp\/v2\/pages"}],"about":[{"href":"https:\/\/steimer.fr\/en\/wp-json\/wp\/v2\/types\/page"}],"author":[{"embeddable":true,"href":"https:\/\/steimer.fr\/en\/wp-json\/wp\/v2\/users\/1"}],"replies":[{"embeddable":true,"href":"https:\/\/steimer.fr\/en\/wp-json\/wp\/v2\/comments?post=289"}],"version-history":[{"count":16,"href":"https:\/\/steimer.fr\/en\/wp-json\/wp\/v2\/pages\/289\/revisions"}],"predecessor-version":[{"id":4858,"href":"https:\/\/steimer.fr\/en\/wp-json\/wp\/v2\/pages\/289\/revisions\/4858"}],"wp:attachment":[{"href":"https:\/\/steimer.fr\/en\/wp-json\/wp\/v2\/media?parent=289"}],"curies":[{"name":"wp","href":"https:\/\/api.w.org\/{rel}","templated":true}]}}