{"id":287,"date":"2017-04-10T11:56:28","date_gmt":"2017-04-10T09:56:28","guid":{"rendered":"http:\/\/steimer.fr\/?page_id=287"},"modified":"2022-01-14T17:05:20","modified_gmt":"2022-01-14T16:05:20","slug":"sara-ameublisseur","status":"publish","type":"page","link":"https:\/\/steimer.fr\/en\/sara-ameublisseur\/","title":{"rendered":"SARA &#8211; Mono-poutre combinable"},"content":{"rendered":"<p><a href=\"http:\/\/steimer.fr\/wp-content\/uploads\/2020\/10\/SARA-ameublisseur-Steimer.jpg\"><img fetchpriority=\"high\" decoding=\"async\" class=\"aligncenter wp-image-3915 size-full\" src=\"http:\/\/steimer.fr\/wp-content\/uploads\/2020\/10\/SARA-ameublisseur-Steimer.jpg\" alt=\"\" width=\"1468\" height=\"489\" srcset=\"https:\/\/steimer.fr\/wp-content\/uploads\/2020\/10\/SARA-ameublisseur-Steimer.jpg 1468w, https:\/\/steimer.fr\/wp-content\/uploads\/2020\/10\/SARA-ameublisseur-Steimer-300x100.jpg 300w, https:\/\/steimer.fr\/wp-content\/uploads\/2020\/10\/SARA-ameublisseur-Steimer-768x256.jpg 768w, https:\/\/steimer.fr\/wp-content\/uploads\/2020\/10\/SARA-ameublisseur-Steimer-1024x341.jpg 1024w\" sizes=\"(max-width: 1468px) 100vw, 1468px\" \/><\/a><\/p>\n<table style=\"height: 505px;\" width=\"1431\">\n<tbody>\n<tr>\n<td style=\"width: 60%;\">\n<h2>SARA<\/h2>\n<h2>Ameublir en profondeur et semer en un seul passage<\/h2>\n<p>SARA est un <strong>ameublisseur compact. <\/strong>Il est capable d&rsquo;accueillir un combin\u00e9 gr\u00e2ce \u00e0 son attelage m\u00e9canique (ou hydraulique en option). Sa structure laisse \u00e9galement la place \u00e0 une prise de force. Il est ainsi possible de r\u00e9aliser la pr\u00e9paration du sol et le semis en un unique passage. G\u00e9n\u00e9rant un gain de temps consid\u00e9rable.<\/p>\n<p>Cet outil ameublit en profondeur (60 cm) sans bouleverser la surface. En effet, les dents de type Michel incurv\u00e9es\u00a0sont id\u00e9ales pour ce genre de travaux. Leur forme et leur s\u00e9curit\u00e9 \u00e0 boulons assurent une meilleure qualit\u00e9 de travail.<\/p>\n<p>De plus, c&rsquo;est un mod\u00e8le personnalisable. Les brides de fixation permettent d&rsquo;\u00f4ter ou de d\u00e9placer les dents. Dans sa version standard, SARA peut passer de 3 \u00e0 4 m\u00e8tres.<\/p>\n<h2>SARA, l&rsquo;ameublisseur mono-poutre combinable STEIMER<\/h2>\n<\/td>\n<td class=\"tabdroite\" style=\"width: 40%px;\"><a href=\"http:\/\/steimer.fr\/wp-content\/uploads\/2018\/11\/Brochure-SARA-EMA-19112018.pdf\"><img decoding=\"async\" class=\"alignnone wp-image-536\" src=\"http:\/\/steimer.fr\/wp-content\/uploads\/2017\/04\/pdf-icon-150x150.png\" alt=\"\" width=\"39\" height=\"39\" srcset=\"https:\/\/steimer.fr\/wp-content\/uploads\/2017\/04\/pdf-icon-150x150.png 150w, https:\/\/steimer.fr\/wp-content\/uploads\/2017\/04\/pdf-icon-300x300.png 300w, https:\/\/steimer.fr\/wp-content\/uploads\/2017\/04\/pdf-icon-768x768.png 768w, https:\/\/steimer.fr\/wp-content\/uploads\/2017\/04\/pdf-icon.png 1024w\" sizes=\"(max-width: 39px) 100vw, 39px\" \/><\/a><span style=\"font-size: 10pt;\"><a href=\"http:\/\/steimer.fr\/wp-content\/uploads\/2018\/11\/Brochure-SARA-EMA-19112018.pdf\" target=\"_blank\" rel=\"noopener noreferrer\"><span style=\"color: #ff0000;\">T\u00e9l\u00e9charger la brochure\u00a0<\/span><\/a><\/span><\/td>\n<\/tr>\n<tr>\n<td style=\"width: 1421px;\" colspan=\"2\">\u00a0\u00a0\t\t\t\t\t\t<style>\r\n\t\t\t\t\r\n\t\t\t\t\t#tab_container_376 {\r\n\toverflow:hidden;\r\n\tdisplay:block;\r\n\twidth:100%;\r\n\tborder:0px solid #ddd;\r\n\tmargin-bottom:30px;\r\n\t}\r\n\r\n#tab_container_376 .tab-content{\r\n\tpadding:20px;\r\n\tborder: 1px solid #e6e6e6 !important;\r\n\tmargin-top: 0px;\r\n\tbackground-color:#ffffff !important;\r\n\tcolor: #000000 !important;\r\n\tfont-size:14px !important;\r\n\tfont-family: Open Sans !important;\r\n\t\r\n\t\tborder: 1px solid #e6e6e6 !important;\r\n\t}\r\n#tab_container_376 .wpsm_nav-tabs {\r\n    border-bottom: 0px solid #ddd;\r\n}\r\n#tab_container_376 .wpsm_nav-tabs > li.active > a, #tab_container_376 .wpsm_nav-tabs > li.active > a:hover, #tab_container_376 .wpsm_nav-tabs > li.active > a:focus {\r\n\tcolor: #000000 !important;\r\n\tcursor: default;\r\n\tbackground-color: #ffffff !important;\r\n\tborder: 1px solid #e6e6e6 !important;\r\n}\r\n\r\n#tab_container_376 .wpsm_nav-tabs > li > a {\r\n    margin-right: 0px !important; \r\n    line-height: 1.42857143 !important;\r\n    border: 1px solid #d5d5d5 !important;\r\n    border-radius: 0px 0px 0 0 !important; \r\n\tbackground-color: #e8e8e8 !important;\r\n\tcolor: #189cd9 !important;\r\n\tpadding: 15px 18px 15px 18px !important;\r\n\ttext-decoration: none !important;\r\n\tfont-size: 16px !important;\r\n\ttext-align:center !important;\r\n\tfont-family: Open Sans !important;\r\n}\r\n#tab_container_376 .wpsm_nav-tabs > li > a:focus {\r\noutline: 0px !important;\r\n}\r\n\r\n#tab_container_376 .wpsm_nav-tabs > li > a:before {\r\n\tdisplay:none !important;\r\n}\r\n#tab_container_376 .wpsm_nav-tabs > li > a:after {\r\n\tdisplay:none !important ;\r\n}\r\n#tab_container_376 .wpsm_nav-tabs > li{\r\npadding:0px !important ;\r\nmargin:0px;\r\n}\r\n\r\n#tab_container_376 .wpsm_nav-tabs > li > a:hover , #tab_container_376 .wpsm_nav-tabs > li > a:focus {\r\n    color: #189cd9 !important;\r\n    background-color: #e8e8e8 !important;\r\n\tborder: 1px solid #d5d5d5 !important;\r\n\t\r\n}\r\n#tab_container_376 .wpsm_nav-tabs > li > a .fa{\r\n\r\nmargin-right:5px !important;\r\n\r\nmargin-left:5px !important;\r\n\r\n\r\n}\r\n\r\n\t\t#tab_container_376 .wpsm_nav-tabs a{\r\n\t\t\tbackground-image: none;\r\n\t\t\tbackground-position: 0 0;\r\n\t\t\tbackground-repeat: repeat-x;\r\n\t\t}\r\n\t\t\t\r\n\r\n\r\n#tab_container_376 .wpsm_nav-tabs > li {\r\n    float: left;\r\n    margin-bottom: -1px !important;\r\n\tmargin-right:0px !important; \r\n}\r\n\r\n\r\n#tab_container_376 .tab-content{\r\noverflow:hidden !important;\r\n}\r\n\r\n\r\n@media (min-width: 769px) {\r\n\r\n\t#tab_container_376 .wpsm_nav-tabs > li{\r\n\t\tfloat:left !important ;\r\n\t\t\t\tmargin-right:-1px !important;\r\n\t\t\t\t\t}\r\n\t#tab_container_376 .wpsm_nav-tabs{\r\n\t\tfloat:none !important;\r\n\t\tmargin:0px !important;\r\n\t}\r\n\r\n\t#tab_container_376 .wpsm_nav-tabs > li {\r\n\t\t\t\t\r\n\t}\r\n\t#tab_container_376 .wpsm_nav{\r\n\t\t\t}\r\n\r\n}\r\n\r\n\r\n\r\n@media (max-width: 768px) {\r\n\t#tab_container_376 .wpsm_nav-tabs > li {\r\n\t\t\t\t\r\n\t}\r\n\t#tab_container_376 .wpsm_nav{\r\n\t\t\t}\r\n}\r\n\r\n\r\n\t.wpsm_nav-tabs li:before{\r\n\t\tdisplay:none !important;\r\n\t}\r\n\r\n\t@media (max-width: 768px) {\r\n\t\t\t\t\r\n\t\t\t\t.wpsm_nav-tabs{\r\n\t\t\tmargin-left:0px !important;\r\n\t\t\tmargin-right:0px !important; \r\n\t\t\t\r\n\t\t}\r\n\t\t\t\t#tab_container_376 .wpsm_nav-tabs > li{\r\n\t\t\tfloat:none !important;\r\n\t\t}\r\n\t\t\t\r\n\t}table {\r\n    font-family: &quot;poppins&quot;, &quot;Times New Roman&quot;, Times, serif;\r\n    }\r\np {\r\n    font-family: &quot;poppins&quot;, &quot;Times New Roman&quot;, Times, serif;\r\n    }\r\n\r\n\t\t\t\t<\/style>\r\n\t\t\t\t<div id=\"tab_container_376\" >\r\n\t \r\n\t\t\t\t\t<ul class=\"wpsm_nav wpsm_nav-tabs\" role=\"tablist\" id=\"myTab_376\">\r\n\t\t\t\t\t\t\t\r\n\t\t\t\t\t\t\t<li role=\"presentation\"  class=\"active\"  onclick=\"do_resize()\">\r\n\t\t\t\t\t\t\t\t<a href=\"#tabs_desc_376_1\" aria-controls=\"tabs_desc_376_1\" role=\"tab\" data-toggle=\"tab\">\r\n\t\t\t\t\t\t\t\t\t\r\n\t\t\t\t\t\t\t\t\t\t\t\t\t\t\t\t\t\t\t\t\t\t\t\t\t\t\t\t\t\t\t<i class=\"fa fa-wrench\"><\/i> \t\t\t\t\t\t\t\t\t\t\t\t\t\t\t\t\t\t\t\r\n\t\t\t\t\t\t\t\t\t\t\t\t\t\t\t\t\t\t\r\n\t\t\t\t\t\t\t\t\t<span>Donn\u00e9es techniques<\/span>\r\n\t\t\t\t\t\t\t\t\t\r\n\t\t\t\t\t\t\t\t\t\t\t\t\t\t\t\t\t\t\r\n\t\t\t\t\t\t\t\t\t\t\t\t\t\t\t\t\t\t\t\t\r\n\t\t\t\t\t\t\t\t\t\r\n\t\t\t\t\t\t\t\t<\/a>\r\n\t\t\t\t\t\t\t<\/li>\r\n\t\t\t\t\t\t\t\r\n\t\t\t\t\t\t\t<li role=\"presentation\"  onclick=\"do_resize()\">\r\n\t\t\t\t\t\t\t\t<a href=\"#tabs_desc_376_2\" aria-controls=\"tabs_desc_376_2\" role=\"tab\" data-toggle=\"tab\">\r\n\t\t\t\t\t\t\t\t\t\r\n\t\t\t\t\t\t\t\t\t\t\t\t\t\t\t\t\t\t\t\t\t\t\t\t\t\t\t\t\t\t\t<i class=\"fa fa-check\"><\/i> \t\t\t\t\t\t\t\t\t\t\t\t\t\t\t\t\t\t\t\r\n\t\t\t\t\t\t\t\t\t\t\t\t\t\t\t\t\t\t\r\n\t\t\t\t\t\t\t\t\t<span>Equipement standard<\/span>\r\n\t\t\t\t\t\t\t\t\t\r\n\t\t\t\t\t\t\t\t\t\t\t\t\t\t\t\t\t\t\r\n\t\t\t\t\t\t\t\t\t\t\t\t\t\t\t\t\t\t\t\t\r\n\t\t\t\t\t\t\t\t\t\r\n\t\t\t\t\t\t\t\t<\/a>\r\n\t\t\t\t\t\t\t<\/li>\r\n\t\t\t\t\t\t\t\r\n\t\t\t\t\t\t\t<li role=\"presentation\"  onclick=\"do_resize()\">\r\n\t\t\t\t\t\t\t\t<a href=\"#tabs_desc_376_3\" aria-controls=\"tabs_desc_376_3\" role=\"tab\" data-toggle=\"tab\">\r\n\t\t\t\t\t\t\t\t\t\r\n\t\t\t\t\t\t\t\t\t\t\t\t\t\t\t\t\t\t\t\t\t\t\t\t\t\t\t\t\t\t\t<i class=\"fa fa-plus\"><\/i> \t\t\t\t\t\t\t\t\t\t\t\t\t\t\t\t\t\t\t\r\n\t\t\t\t\t\t\t\t\t\t\t\t\t\t\t\t\t\t\r\n\t\t\t\t\t\t\t\t\t<span>Options<\/span>\r\n\t\t\t\t\t\t\t\t\t\r\n\t\t\t\t\t\t\t\t\t\t\t\t\t\t\t\t\t\t\r\n\t\t\t\t\t\t\t\t\t\t\t\t\t\t\t\t\t\t\t\t\r\n\t\t\t\t\t\t\t\t\t\r\n\t\t\t\t\t\t\t\t<\/a>\r\n\t\t\t\t\t\t\t<\/li>\r\n\t\t\t\t\t\t\t\r\n\t\t\t\t\t\t\t<li role=\"presentation\"  onclick=\"do_resize()\">\r\n\t\t\t\t\t\t\t\t<a href=\"#tabs_desc_376_4\" aria-controls=\"tabs_desc_376_4\" role=\"tab\" data-toggle=\"tab\">\r\n\t\t\t\t\t\t\t\t\t\r\n\t\t\t\t\t\t\t\t\t\t\t\t\t\t\t\t\t\t\t\t\t\t\t\t\t\t\t\t\t\t\t<i class=\"fa fa-download\"><\/i> \t\t\t\t\t\t\t\t\t\t\t\t\t\t\t\t\t\t\t\r\n\t\t\t\t\t\t\t\t\t\t\t\t\t\t\t\t\t\t\r\n\t\t\t\t\t\t\t\t\t<span>Brochure \u00e0 t\u00e9l\u00e9charger<\/span>\r\n\t\t\t\t\t\t\t\t\t\r\n\t\t\t\t\t\t\t\t\t\t\t\t\t\t\t\t\t\t\r\n\t\t\t\t\t\t\t\t\t\t\t\t\t\t\t\t\t\t\t\t\r\n\t\t\t\t\t\t\t\t\t\r\n\t\t\t\t\t\t\t\t<\/a>\r\n\t\t\t\t\t\t\t<\/li>\r\n\t\t\t\t\t\t\t\t\t\t\t <\/ul>\r\n\r\n\t\t\t\t\t  <!-- Tab panes -->\r\n\t\t\t\t\t  <div class=\"tab-content\" id=\"tab-content_376\">\r\n\t\t\t\t\t\t\t\t\t\t\t\t <div role=\"tabpanel\" class=\"tab-pane  in active\" id=\"tabs_desc_376_1\">\r\n\t\t\t\t\t\t\t\t<p>SARA est une sous-soleuse \u00e0 ch\u00e2ssis fixe disponible en version 3 m, 3,5 m ou 4 m.<\/p><br><br>\r\n\r\n<img decoding=\"async\" class=\"aligncenter size-large wp-image-557\" src=\"http:\/\/steimer.fr\/wp-content\/uploads\/2020\/10\/Tableau-SARA.jpg\" alt=\"ameublisseur STEIMER\" width=\"800\" height=\"120\"><br><br><br>\r\n<p style=\"text-align: center;\"><span style=\"font-size: 14pt;\"><u>Description de SARA<\/u><\/span><\/p><br><br>\r\n\r\n\r\n<img loading=\"lazy\" decoding=\"async\" class=\"aligncenter size-full wp-image-1179\" src=\"http:\/\/steimer.fr\/wp-content\/uploads\/2020\/10\/SARA-l\u00e9gende.jpg\" alt=\"schema ameublisseur sara\" width=\"1000\" height=\"696\">\t\t\t\t\t\t <\/div>\r\n\t\t\t\t\t\t\t\t\t\t\t\t <div role=\"tabpanel\" class=\"tab-pane\" id=\"tabs_desc_376_2\">\r\n\t\t\t\t\t\t\t\t<p>L'\u00e9quipement de s\u00e9rie comprend les \u00e9l\u00e9ments suivants :<\/p><br><br>\r\n\r\n<table><tbody>\r\n<tr><td style=\"width:50%;\"><img loading=\"lazy\" decoding=\"async\" src=\"http:\/\/steimer.fr\/wp-content\/uploads\/2017\/06\/sara2-min-1024x681.jpg\" alt=\"sous-soleuse\" width=\"500\" height=\"332\" class=\"alignleft size-large wp-image-1007\" srcset=\"https:\/\/steimer.fr\/wp-content\/uploads\/2017\/06\/sara2-min-1024x681.jpg 1024w, https:\/\/steimer.fr\/wp-content\/uploads\/2017\/06\/sara2-min-300x199.jpg 300w, https:\/\/steimer.fr\/wp-content\/uploads\/2017\/06\/sara2-min-768x511.jpg 768w, https:\/\/steimer.fr\/wp-content\/uploads\/2017\/06\/sara2-min.jpg 1575w\" sizes=\"(max-width: 500px) 100vw, 500px\" \/><\/td><td>Un ch\u00e2ssis fixe mono-poutre robuste 140 x 140 x 10 mm. Compact, il permet d'ajouter facilement un autre outil en compl\u00e9ment.<\/td><\/tr>\r\n\r\n<tr><td>Le ch\u00e2ssis est con\u00e7u pour accorder le passage d\u2019une prise de  force.<\/td><td><img loading=\"lazy\" decoding=\"async\" src=\"http:\/\/steimer.fr\/wp-content\/uploads\/2020\/10\/passage-prise-de-force-SARA.jpg\" alt=\"ameublisseur steimer\" width=\"300\" height=\"291\" class=\"alignright size-full wp-image-1008\" \/><\/td><\/tr>\r\n\r\n<tr><td><img loading=\"lazy\" decoding=\"async\" src=\"http:\/\/steimer.fr\/wp-content\/uploads\/2020\/10\/Dents-michel-SARA-STEIMER.jpg\"  alt=\"dents type Michel ameublisseur steimer\" width=\"250\" height=\"504\" class=\"alignleft size-full wp-image-1003\" \/><br><img loading=\"lazy\" decoding=\"async\" src=\"http:\/\/steimer.fr\/wp-content\/uploads\/2020\/10\/schema-dents-michel-sara.jpg\" alt=\"dents type michel ameublisseur steimer\"  width=\"250\" height=\"504\" class=\"alignleft size-full wp-image-1003\" \/><\/td><td>Les dents de type Michel ont des socs r\u00e9versibles. Elles sont incurv\u00e9es et dispos\u00e9es vers l'int\u00e9rieur de l'outil. SARA permet ainsi une bonne fragmentation du sol sans aucune remont\u00e9e de terre.<\/td><\/tr>\r\n\r\n<tr><td>On retrouve une s\u00e9curit\u00e9 des dents par boulons.<br><br>Une b\u00e9quille maintient la machine lorsqu'elle n'est pas utilis\u00e9e.<br> <br> <br> L'\u00e9clairage et la signalisation font \u00e9galement parties de l'\u00e9quipement standard de l'ameublisseur.<\/td><td><img loading=\"lazy\" decoding=\"async\" src=\"http:\/\/steimer.fr\/wp-content\/uploads\/2020\/10\/Bequille-SARA-ameublisseur-STEIMER.jpg\" alt=\"dent sous solage\" width=\"300\" height=\"311\" class=\"alignright size-full wp-image-1009\" \/><\/td><\/tr>\r\n\r\n<\/tbody><\/table>\t\t\t\t\t\t <\/div>\r\n\t\t\t\t\t\t\t\t\t\t\t\t <div role=\"tabpanel\" class=\"tab-pane\" id=\"tabs_desc_376_3\">\r\n\t\t\t\t\t\t\t\t<table><tbody>\r\n<tr><td style=\"width:50%;\"><img loading=\"lazy\" decoding=\"async\" src=\"http:\/\/steimer.fr\/wp-content\/uploads\/2020\/10\/relevage-hydraulique-STEIMER.jpg\" alt=\"v\u00e9rin hydraulique\" width=\"355\" height=\"259\" class=\"alignleft size-full wp-image-1137\" \/><\/td><td>A la place de l'attelage m\u00e9canique, un attelage hydraulique peut \u00eatre dispos\u00e9 sur la machine. \r\nIl offrira notamment plus de confort et de rapidit\u00e9 si vous comptez utiliser SARA en combinaison avec d'autres machines.<\/td><\/tr>\r\n<\/tbody><\/table>\t\t\t\t\t\t <\/div>\r\n\t\t\t\t\t\t\t\t\t\t\t\t <div role=\"tabpanel\" class=\"tab-pane\" id=\"tabs_desc_376_4\">\r\n\t\t\t\t\t\t\t\t<img loading=\"lazy\" decoding=\"async\" class=\"wp-image-1466 aligncenter\" src=\"http:\/\/steimer.fr\/wp-content\/uploads\/2017\/06\/Brochure-SARA-_EMA-min-1.jpg\" alt=\"\" width=\"210\" height=\"297\" srcset=\"https:\/\/steimer.fr\/wp-content\/uploads\/2017\/06\/Brochure-SARA-_EMA-min-1.jpg 4961w, https:\/\/steimer.fr\/wp-content\/uploads\/2017\/06\/Brochure-SARA-_EMA-min-1-212x300.jpg 212w, https:\/\/steimer.fr\/wp-content\/uploads\/2017\/06\/Brochure-SARA-_EMA-min-1-768x1086.jpg 768w, https:\/\/steimer.fr\/wp-content\/uploads\/2017\/06\/Brochure-SARA-_EMA-min-1-724x1024.jpg 724w\" sizes=\"(max-width: 210px) 100vw, 210px\" \/>\r\n<p style=\"text-align: center;\"><a href=\"http:\/\/steimer.fr\/wp-content\/uploads\/2018\/11\/Brochure-SARA-EMA-19112018.pdf\" target=\"_blank\" rel=\"noopener noreferrer\">Obtenir la brochure PDF de SARA<\/a><\/p>\t\t\t\t\t\t <\/div>\r\n\t\t\t\t\t\t\t\r\n\t\t\t\t\t <\/div>\r\n\t\t\t\t\t \r\n\t\t\t\t <\/div>\r\n <script>\r\n\t\tjQuery(function () {\r\n\t\t\tjQuery('#myTab_376 a:first').tab('show')\r\n\t\t});\r\n\t\t\r\n\t\t\t\tjQuery(function(){\r\n\t\t\tvar b=\"fadeIn\";\r\n\t\t\tvar c;\r\n\t\t\tvar a;\r\n\t\t\td(jQuery(\"#myTab_376 a\"),jQuery(\"#tab-content_376\"));function d(e,f,g){\r\n\t\t\t\te.click(function(i){\r\n\t\t\t\t\ti.preventDefault();\r\n\t\t\t\t\tjQuery(this).tab(\"show\");\r\n\t\t\t\t\tvar h=jQuery(this).data(\"easein\");\r\n\t\t\t\t\tif(c){c.removeClass(a);}\r\n\t\t\t\t\tif(h){f.find(\"div.active\").addClass(\"animated \"+h);a=h;}\r\n\t\t\t\t\telse{if(g){f.find(\"div.active\").addClass(\"animated \"+g);a=g;}else{f.find(\"div.active\").addClass(\"animated \"+b);a=b;}}c=f.find(\"div.active\");\r\n\t\t\t\t});\r\n\t\t\t}\r\n\t\t});\r\n\t\t\r\n\r\n\t\tfunction do_resize(){\r\n\r\n\t\t\tvar width=jQuery( '.tab-content .tab-pane iframe' ).width();\r\n\t\t\tvar height=jQuery( '.tab-content .tab-pane iframe' ).height();\r\n\r\n\t\t\tvar toggleSize = true;\r\n\t\t\tjQuery('iframe').animate({\r\n\t\t\t    width: toggleSize ? width : 640,\r\n\t\t\t    height: toggleSize ? height : 360\r\n\t\t\t  }, 250);\r\n\r\n\t\t\t  toggleSize = !toggleSize;\r\n\t\t}\r\n\r\n\r\n\t<\/script>\r\n\t\t\t\t\r\n\t\t\t<\/td>\n<\/tr>\n<\/tbody>\n<\/table>","protected":false},"excerpt":{"rendered":"<p>SARA Ameublir en profondeur et semer en un seul passage SARA est un ameublisseur compact. Il est capable d&rsquo;accueillir un combin\u00e9 gr\u00e2ce \u00e0 son attelage m\u00e9canique (ou hydraulique en option). Sa structure laisse \u00e9galement la place \u00e0 une prise de force. Il est ainsi possible de r\u00e9aliser la pr\u00e9paration du sol et le semis en &hellip; <\/p>\n<p class=\"link-more\"><a href=\"https:\/\/steimer.fr\/en\/?p=376\" class=\"more-link\">Read more<span class=\"screen-reader-text\"> \u00ab\u00a0Sara\u00a0\u00bb<\/span><\/a><\/p>","protected":false},"author":1,"featured_media":0,"parent":0,"menu_order":0,"comment_status":"closed","ping_status":"closed","template":"","meta":{"inspiro_hide_title":false,"footnotes":""},"class_list":["post-287","page","type-page","status-publish","hentry"],"yoast_head":"<!-- This site is optimized with the Yoast SEO plugin v27.3 - https:\/\/yoast.com\/product\/yoast-seo-wordpress\/ -->\n<title>Ameublisseur STEIMER - Mono-poutre combinable SARA<\/title>\n<meta name=\"description\" content=\"SARA est un ameublisseur compact \u00e0 dents de type Michel, capable d&#039;accueillir un combin\u00e9 gr\u00e2ce \u00e0 son attelage m\u00e9canique ou hydraulique.\" \/>\n<meta name=\"robots\" content=\"index, follow, max-snippet:-1, max-image-preview:large, max-video-preview:-1\" \/>\n<link rel=\"canonical\" href=\"https:\/\/steimer.fr\/en\/sara-ameublisseur\/\" \/>\n<meta property=\"og:locale\" content=\"en_GB\" \/>\n<meta property=\"og:type\" content=\"article\" \/>\n<meta property=\"og:title\" content=\"Ameublisseur STEIMER - Mono-poutre combinable SARA\" \/>\n<meta property=\"og:description\" content=\"SARA est un ameublisseur compact \u00e0 dents de type Michel, capable d&#039;accueillir un combin\u00e9 gr\u00e2ce \u00e0 son attelage m\u00e9canique ou hydraulique.\" \/>\n<meta property=\"og:url\" content=\"https:\/\/steimer.fr\/en\/sara-ameublisseur\/\" \/>\n<meta property=\"og:site_name\" content=\"Fabricant de mat\u00e9riel agricole\" \/>\n<meta property=\"article:publisher\" content=\"https:\/\/www.facebook.com\/steimer.fr\" \/>\n<meta property=\"article:modified_time\" content=\"2022-01-14T16:05:20+00:00\" \/>\n<meta property=\"og:image\" content=\"http:\/\/steimer.fr\/wp-content\/uploads\/2020\/10\/SARA-ameublisseur-Steimer.jpg\" \/>\n<meta name=\"twitter:card\" content=\"summary_large_image\" \/>\n<meta name=\"twitter:label1\" content=\"Estimated reading time\" \/>\n\t<meta name=\"twitter:data1\" content=\"2 minutes\" \/>\n<script type=\"application\/ld+json\" class=\"yoast-schema-graph\">{\"@context\":\"https:\\\/\\\/schema.org\",\"@graph\":[{\"@type\":\"WebPage\",\"@id\":\"https:\\\/\\\/steimer.fr\\\/sara-ameublisseur\\\/\",\"url\":\"https:\\\/\\\/steimer.fr\\\/sara-ameublisseur\\\/\",\"name\":\"Ameublisseur STEIMER - Mono-poutre combinable SARA\",\"isPartOf\":{\"@id\":\"https:\\\/\\\/steimer.fr\\\/#website\"},\"primaryImageOfPage\":{\"@id\":\"https:\\\/\\\/steimer.fr\\\/sara-ameublisseur\\\/#primaryimage\"},\"image\":{\"@id\":\"https:\\\/\\\/steimer.fr\\\/sara-ameublisseur\\\/#primaryimage\"},\"thumbnailUrl\":\"http:\\\/\\\/steimer.fr\\\/wp-content\\\/uploads\\\/2020\\\/10\\\/SARA-ameublisseur-Steimer.jpg\",\"datePublished\":\"2017-04-10T09:56:28+00:00\",\"dateModified\":\"2022-01-14T16:05:20+00:00\",\"description\":\"SARA est un ameublisseur compact \u00e0 dents de type Michel, capable d'accueillir un combin\u00e9 gr\u00e2ce \u00e0 son attelage m\u00e9canique ou hydraulique.\",\"breadcrumb\":{\"@id\":\"https:\\\/\\\/steimer.fr\\\/sara-ameublisseur\\\/#breadcrumb\"},\"inLanguage\":\"en-GB\",\"potentialAction\":[{\"@type\":\"ReadAction\",\"target\":[\"https:\\\/\\\/steimer.fr\\\/sara-ameublisseur\\\/\"]}]},{\"@type\":\"ImageObject\",\"inLanguage\":\"en-GB\",\"@id\":\"https:\\\/\\\/steimer.fr\\\/sara-ameublisseur\\\/#primaryimage\",\"url\":\"http:\\\/\\\/steimer.fr\\\/wp-content\\\/uploads\\\/2020\\\/10\\\/SARA-ameublisseur-Steimer.jpg\",\"contentUrl\":\"http:\\\/\\\/steimer.fr\\\/wp-content\\\/uploads\\\/2020\\\/10\\\/SARA-ameublisseur-Steimer.jpg\"},{\"@type\":\"BreadcrumbList\",\"@id\":\"https:\\\/\\\/steimer.fr\\\/sara-ameublisseur\\\/#breadcrumb\",\"itemListElement\":[{\"@type\":\"ListItem\",\"position\":1,\"name\":\"Accueil\",\"item\":\"https:\\\/\\\/steimer.fr\\\/\"},{\"@type\":\"ListItem\",\"position\":2,\"name\":\"SARA &#8211; Mono-poutre combinable\"}]},{\"@type\":\"WebSite\",\"@id\":\"https:\\\/\\\/steimer.fr\\\/#website\",\"url\":\"https:\\\/\\\/steimer.fr\\\/\",\"name\":\"Fabricant de mat\u00e9riel agricole\",\"description\":\"Machines pour la pr\u00e9paration du sol et le semis\",\"publisher\":{\"@id\":\"https:\\\/\\\/steimer.fr\\\/#organization\"},\"potentialAction\":[{\"@type\":\"SearchAction\",\"target\":{\"@type\":\"EntryPoint\",\"urlTemplate\":\"https:\\\/\\\/steimer.fr\\\/?s={search_term_string}\"},\"query-input\":{\"@type\":\"PropertyValueSpecification\",\"valueRequired\":true,\"valueName\":\"search_term_string\"}}],\"inLanguage\":\"en-GB\"},{\"@type\":\"Organization\",\"@id\":\"https:\\\/\\\/steimer.fr\\\/#organization\",\"name\":\"STEIMER\",\"url\":\"https:\\\/\\\/steimer.fr\\\/\",\"logo\":{\"@type\":\"ImageObject\",\"inLanguage\":\"en-GB\",\"@id\":\"https:\\\/\\\/steimer.fr\\\/#\\\/schema\\\/logo\\\/image\\\/\",\"url\":\"https:\\\/\\\/steimer.fr\\\/wp-content\\\/uploads\\\/2021\\\/11\\\/cropped-logo-jpeg.png\",\"contentUrl\":\"https:\\\/\\\/steimer.fr\\\/wp-content\\\/uploads\\\/2021\\\/11\\\/cropped-logo-jpeg.png\",\"width\":210,\"height\":48,\"caption\":\"STEIMER\"},\"image\":{\"@id\":\"https:\\\/\\\/steimer.fr\\\/#\\\/schema\\\/logo\\\/image\\\/\"},\"sameAs\":[\"https:\\\/\\\/www.facebook.com\\\/steimer.fr\",\"https:\\\/\\\/www.instagram.com\\\/\"]}]}<\/script>\n<!-- \/ Yoast SEO plugin. -->","yoast_head_json":{"title":"Ameublisseur STEIMER - Mono-poutre combinable SARA","description":"SARA est un ameublisseur compact \u00e0 dents de type Michel, capable d'accueillir un combin\u00e9 gr\u00e2ce \u00e0 son attelage m\u00e9canique ou hydraulique.","robots":{"index":"index","follow":"follow","max-snippet":"max-snippet:-1","max-image-preview":"max-image-preview:large","max-video-preview":"max-video-preview:-1"},"canonical":"https:\/\/steimer.fr\/en\/sara-ameublisseur\/","og_locale":"en_GB","og_type":"article","og_title":"Ameublisseur STEIMER - Mono-poutre combinable SARA","og_description":"SARA est un ameublisseur compact \u00e0 dents de type Michel, capable d'accueillir un combin\u00e9 gr\u00e2ce \u00e0 son attelage m\u00e9canique ou hydraulique.","og_url":"https:\/\/steimer.fr\/en\/sara-ameublisseur\/","og_site_name":"Fabricant de mat\u00e9riel agricole","article_publisher":"https:\/\/www.facebook.com\/steimer.fr","article_modified_time":"2022-01-14T16:05:20+00:00","og_image":[{"url":"http:\/\/steimer.fr\/wp-content\/uploads\/2020\/10\/SARA-ameublisseur-Steimer.jpg","type":"","width":"","height":""}],"twitter_card":"summary_large_image","twitter_misc":{"Estimated reading time":"2 minutes"},"schema":{"@context":"https:\/\/schema.org","@graph":[{"@type":"WebPage","@id":"https:\/\/steimer.fr\/sara-ameublisseur\/","url":"https:\/\/steimer.fr\/sara-ameublisseur\/","name":"Ameublisseur STEIMER - Mono-poutre combinable SARA","isPartOf":{"@id":"https:\/\/steimer.fr\/#website"},"primaryImageOfPage":{"@id":"https:\/\/steimer.fr\/sara-ameublisseur\/#primaryimage"},"image":{"@id":"https:\/\/steimer.fr\/sara-ameublisseur\/#primaryimage"},"thumbnailUrl":"http:\/\/steimer.fr\/wp-content\/uploads\/2020\/10\/SARA-ameublisseur-Steimer.jpg","datePublished":"2017-04-10T09:56:28+00:00","dateModified":"2022-01-14T16:05:20+00:00","description":"SARA est un ameublisseur compact \u00e0 dents de type Michel, capable d'accueillir un combin\u00e9 gr\u00e2ce \u00e0 son attelage m\u00e9canique ou hydraulique.","breadcrumb":{"@id":"https:\/\/steimer.fr\/sara-ameublisseur\/#breadcrumb"},"inLanguage":"en-GB","potentialAction":[{"@type":"ReadAction","target":["https:\/\/steimer.fr\/sara-ameublisseur\/"]}]},{"@type":"ImageObject","inLanguage":"en-GB","@id":"https:\/\/steimer.fr\/sara-ameublisseur\/#primaryimage","url":"http:\/\/steimer.fr\/wp-content\/uploads\/2020\/10\/SARA-ameublisseur-Steimer.jpg","contentUrl":"http:\/\/steimer.fr\/wp-content\/uploads\/2020\/10\/SARA-ameublisseur-Steimer.jpg"},{"@type":"BreadcrumbList","@id":"https:\/\/steimer.fr\/sara-ameublisseur\/#breadcrumb","itemListElement":[{"@type":"ListItem","position":1,"name":"Accueil","item":"https:\/\/steimer.fr\/"},{"@type":"ListItem","position":2,"name":"SARA &#8211; Mono-poutre combinable"}]},{"@type":"WebSite","@id":"https:\/\/steimer.fr\/#website","url":"https:\/\/steimer.fr\/","name":"Fabricant de mat\u00e9riel agricole","description":"Machines pour la pr\u00e9paration du sol et le semis","publisher":{"@id":"https:\/\/steimer.fr\/#organization"},"potentialAction":[{"@type":"SearchAction","target":{"@type":"EntryPoint","urlTemplate":"https:\/\/steimer.fr\/?s={search_term_string}"},"query-input":{"@type":"PropertyValueSpecification","valueRequired":true,"valueName":"search_term_string"}}],"inLanguage":"en-GB"},{"@type":"Organization","@id":"https:\/\/steimer.fr\/#organization","name":"STEIMER","url":"https:\/\/steimer.fr\/","logo":{"@type":"ImageObject","inLanguage":"en-GB","@id":"https:\/\/steimer.fr\/#\/schema\/logo\/image\/","url":"https:\/\/steimer.fr\/wp-content\/uploads\/2021\/11\/cropped-logo-jpeg.png","contentUrl":"https:\/\/steimer.fr\/wp-content\/uploads\/2021\/11\/cropped-logo-jpeg.png","width":210,"height":48,"caption":"STEIMER"},"image":{"@id":"https:\/\/steimer.fr\/#\/schema\/logo\/image\/"},"sameAs":["https:\/\/www.facebook.com\/steimer.fr","https:\/\/www.instagram.com\/"]}]}},"_links":{"self":[{"href":"https:\/\/steimer.fr\/en\/wp-json\/wp\/v2\/pages\/287","targetHints":{"allow":["GET"]}}],"collection":[{"href":"https:\/\/steimer.fr\/en\/wp-json\/wp\/v2\/pages"}],"about":[{"href":"https:\/\/steimer.fr\/en\/wp-json\/wp\/v2\/types\/page"}],"author":[{"embeddable":true,"href":"https:\/\/steimer.fr\/en\/wp-json\/wp\/v2\/users\/1"}],"replies":[{"embeddable":true,"href":"https:\/\/steimer.fr\/en\/wp-json\/wp\/v2\/comments?post=287"}],"version-history":[{"count":20,"href":"https:\/\/steimer.fr\/en\/wp-json\/wp\/v2\/pages\/287\/revisions"}],"predecessor-version":[{"id":7349,"href":"https:\/\/steimer.fr\/en\/wp-json\/wp\/v2\/pages\/287\/revisions\/7349"}],"wp:attachment":[{"href":"https:\/\/steimer.fr\/en\/wp-json\/wp\/v2\/media?parent=287"}],"curies":[{"name":"wp","href":"https:\/\/api.w.org\/{rel}","templated":true}]}}