{"id":253,"date":"2017-04-10T11:23:41","date_gmt":"2017-04-10T09:23:41","guid":{"rendered":"http:\/\/steimer.fr\/?page_id=253"},"modified":"2021-07-08T10:07:36","modified_gmt":"2021-07-08T08:07:36","slug":"semoirs","status":"publish","type":"page","link":"https:\/\/steimer.fr\/en\/semoirs\/","title":{"rendered":"Semoirs"},"content":{"rendered":"<table style=\"height: 42px; width: 581px;\">\n<tbody>\n<tr>\n<td class=\"tdpic\" style=\"width: 350px;\">\n<h2><span style=\"font-size: 14pt;\">OSTRA &#8211; Semoir m\u00e9canique<\/span><\/h2>\n<p><a href=\"http:\/\/steimer.fr\/index.php\/ostra-semoir\/\"><img fetchpriority=\"high\" decoding=\"async\" class=\"alignleft wp-image-2071 size-medium\" src=\"https:\/\/steimer.fr\/wp-content\/uploads\/2017\/07\/semoir-ostra-min-300x168.jpg\" alt=\"semoir\" width=\"300\" height=\"168\" srcset=\"https:\/\/steimer.fr\/wp-content\/uploads\/2017\/07\/semoir-ostra-min-300x168.jpg 300w, https:\/\/steimer.fr\/wp-content\/uploads\/2017\/07\/semoir-ostra-min-768x431.jpg 768w, https:\/\/steimer.fr\/wp-content\/uploads\/2017\/07\/semoir-ostra-min.jpg 980w\" sizes=\"(max-width: 300px) 100vw, 300px\" \/><\/a><\/td>\n<td class=\"tdtext\" style=\"width: 234px;\"><strong>Port\u00e9 fixe<\/strong>&nbsp;<\/p>\n<p><span style=\"font-size: 10pt;\"><a href=\"http:\/\/steimer.fr\/index.php\/ostra\/\" target=\"_blank\" rel=\"noopener noreferrer\">OSTRA 3000<\/a><\/span><\/p>\n<p><span style=\"font-size: 10pt;\"><a href=\"http:\/\/steimer.fr\/index.php\/ostra-semoir\/\" target=\"_blank\" rel=\"noopener noreferrer\">OSTRA 3500<\/a><\/span><\/p>\n<p><span style=\"font-size: 10pt;\"><a href=\"http:\/\/steimer.fr\/index.php\/ostra\/\" target=\"_blank\" rel=\"noopener noreferrer\">OSTRA 4000&nbsp;<\/a><\/span><\/td>\n<\/tr>\n<\/tbody>\n<\/table>\n<p>&nbsp;<\/p>\n<table style=\"height: 48px; width: 649px;\">\n<tbody>\n<tr>\n<td class=\"tdpic\" style=\"width: 350px;\">\n<h2><span style=\"font-size: 14pt;\">APV &#8211; Mod\u00e8le propos\u00e9 en option<\/span><\/h2>\n<p><a href=\"https:\/\/www.apv-france.fr\/produits\/semis-epandage\/semoirs-pneumatiques\/ps-120-m1-i-ps-200-m1-i-ps-300-m1\/\"><img decoding=\"async\" class=\"alignleft wp-image-1580 size-medium\" src=\"https:\/\/steimer.fr\/wp-content\/uploads\/2017\/06\/PS-200-min-300x207.png\" alt=\"semoir apv\" width=\"300\" height=\"207\" srcset=\"https:\/\/steimer.fr\/wp-content\/uploads\/2017\/06\/PS-200-min-300x207.png 300w, https:\/\/steimer.fr\/wp-content\/uploads\/2017\/06\/PS-200-min.png 399w\" sizes=\"(max-width: 300px) 100vw, 300px\" \/><\/a><\/td>\n<td class=\"tdtext\" style=\"width: 303px;\"><strong>APV &#8211; PS&nbsp;200 mont\u00e9 sur machine<\/strong>&nbsp;<\/p>\n<p><span style=\"font-size: 10pt;\"><a href=\"https:\/\/www.apv-france.fr\/produits\/semis-epandage\/semoirs-pneumatiques\/ps-120-m1-i-ps-200-m1-i-ps-300-m1\/\" target=\"_blank\" rel=\"noopener noreferrer\">Plus d&rsquo;informations sur l&rsquo;outil de semis APV<\/a><\/span><\/td>\n<\/tr>\n<\/tbody>\n<\/table>\n<p>&nbsp;<\/p>\n<p><strong>STEIMER<\/strong> dispose de deux types de semoirs au sein de sa gamme :<\/p>\n<ul>\n<li>un <strong>semoir m\u00e9canique<\/strong><\/li>\n<li>un semoir APV disponible en option sur plusieurs de nos machines<\/li>\n<\/ul>\n<p>OSTRA est un outil qui permet un semis contr\u00f4l\u00e9 et pr\u00e9cis, sans difficult\u00e9. Les 4 types&nbsp;d&rsquo;<strong>\u00e9l\u00e9ments semeurs <\/strong>disponibles (disques simples, doubles disques et socs) donnent la possibilit\u00e9 de choisir la version la plus adapt\u00e9e au type de terrain et de <strong>semences<\/strong>. Toutes les tailles de graines peuvent \u00eatre sem\u00e9es, gr\u00e2ce au passage simple d&rsquo;une taille d&rsquo;ergot \u00e0 l&rsquo;autre.<\/p>\n<p>L&rsquo;ensemble des \u00e9quipements d&rsquo;OSTRA, de s\u00e9rie et optionnels, en font un semoir complet, mais restant simple d&rsquo;utilisation.<\/p>\n<p>Le&nbsp;mod\u00e8le APV dispose lui aussi d&rsquo;une capacit\u00e9 \u00e0 <strong>semer<\/strong> des graines de tailles diverses et comporte un bo\u00eetier \u00e9lectrique offrant toutes les options n\u00e9cessaires au contr\u00f4le du semis. Ce mod\u00e8le peut \u00eatre ajout\u00e9 en option sur les machines&nbsp;suivantes : le vibroculteur <a href=\"http:\/\/steimer.fr\/index.php\/agata-vibroculteur\/\" target=\"_blank\" rel=\"noopener noreferrer\">AGATA<\/a>, les <a href=\"http:\/\/steimer.fr\/index.php\/dechaumeurs\/\" target=\"_blank\" rel=\"noopener noreferrer\">d\u00e9chaumeurs \u00e0 disques<\/a>&nbsp;et&nbsp;les <a href=\"http:\/\/steimer.fr\/index.php\/dechaumeurs-a-dents\/\" target=\"_blank\" rel=\"noopener noreferrer\">d\u00e9chaumeurs \u00e0 dents<\/a>.<\/p>","protected":false},"excerpt":{"rendered":"<p>OSTRA &#8211; Semoir m\u00e9canique Port\u00e9 fixe&nbsp; OSTRA 3000 OSTRA 3500 OSTRA 4000&nbsp; &nbsp; APV &#8211; Mod\u00e8le propos\u00e9 en option APV &#8211; PS&nbsp;200 mont\u00e9 sur machine&nbsp; Plus d&rsquo;informations sur l&rsquo;outil de semis APV &nbsp; STEIMER dispose de deux types de semoirs au sein de sa gamme : un semoir m\u00e9canique un semoir APV disponible en option &hellip; <\/p>\n<p class=\"link-more\"><a href=\"https:\/\/steimer.fr\/en\/semoirs\/\" class=\"more-link\">Read more<span class=\"screen-reader-text\"> \u00ab\u00a0Semoirs\u00a0\u00bb<\/span><\/a><\/p>","protected":false},"author":1,"featured_media":0,"parent":0,"menu_order":0,"comment_status":"closed","ping_status":"closed","template":"","meta":{"inspiro_hide_title":false,"footnotes":""},"class_list":["post-253","page","type-page","status-publish","hentry"],"yoast_head":"<!-- This site is optimized with the Yoast SEO plugin v27.3 - https:\/\/yoast.com\/product\/yoast-seo-wordpress\/ -->\n<title>Semoir STEIMER, pr\u00e9cision et fiabilit\u00e9 sur tous les sols<\/title>\n<meta name=\"description\" content=\"Avec un semoir STEIMER, effectuez facilement votre semis pour types de grains, gr\u00e2ce \u00e0 une distribution \u00e0 deux ergots, offrant pr\u00e9cision et efficacit\u00e9.\" \/>\n<meta name=\"robots\" content=\"index, follow, max-snippet:-1, max-image-preview:large, max-video-preview:-1\" \/>\n<link rel=\"canonical\" href=\"https:\/\/steimer.fr\/en\/semoirs\/\" \/>\n<meta property=\"og:locale\" content=\"en_GB\" \/>\n<meta property=\"og:type\" content=\"article\" \/>\n<meta property=\"og:title\" content=\"Semoir STEIMER, pr\u00e9cision et fiabilit\u00e9 sur tous les sols\" \/>\n<meta property=\"og:description\" content=\"Avec un semoir STEIMER, effectuez facilement votre semis pour types de grains, gr\u00e2ce \u00e0 une distribution \u00e0 deux ergots, offrant pr\u00e9cision et efficacit\u00e9.\" \/>\n<meta property=\"og:url\" content=\"https:\/\/steimer.fr\/en\/semoirs\/\" \/>\n<meta property=\"og:site_name\" content=\"Fabricant de mat\u00e9riel agricole\" \/>\n<meta property=\"article:publisher\" content=\"https:\/\/www.facebook.com\/steimer.fr\" \/>\n<meta property=\"article:modified_time\" content=\"2021-07-08T08:07:36+00:00\" \/>\n<meta property=\"og:image\" content=\"https:\/\/steimer.fr\/wp-content\/uploads\/2017\/07\/semoir-ostra-min-300x168.jpg\" \/>\n<meta name=\"twitter:card\" content=\"summary_large_image\" \/>\n<meta name=\"twitter:label1\" content=\"Estimated reading time\" \/>\n\t<meta name=\"twitter:data1\" content=\"2 minutes\" \/>\n<script type=\"application\/ld+json\" class=\"yoast-schema-graph\">{\"@context\":\"https:\\\/\\\/schema.org\",\"@graph\":[{\"@type\":\"WebPage\",\"@id\":\"https:\\\/\\\/steimer.fr\\\/en\\\/semoirs\\\/\",\"url\":\"https:\\\/\\\/steimer.fr\\\/en\\\/semoirs\\\/\",\"name\":\"Semoir STEIMER, pr\u00e9cision et fiabilit\u00e9 sur tous les sols\",\"isPartOf\":{\"@id\":\"https:\\\/\\\/steimer.fr\\\/#website\"},\"primaryImageOfPage\":{\"@id\":\"https:\\\/\\\/steimer.fr\\\/en\\\/semoirs\\\/#primaryimage\"},\"image\":{\"@id\":\"https:\\\/\\\/steimer.fr\\\/en\\\/semoirs\\\/#primaryimage\"},\"thumbnailUrl\":\"https:\\\/\\\/steimer.fr\\\/wp-content\\\/uploads\\\/2017\\\/07\\\/semoir-ostra-min-300x168.jpg\",\"datePublished\":\"2017-04-10T09:23:41+00:00\",\"dateModified\":\"2021-07-08T08:07:36+00:00\",\"description\":\"Avec un semoir STEIMER, effectuez facilement votre semis pour types de grains, gr\u00e2ce \u00e0 une distribution \u00e0 deux ergots, offrant pr\u00e9cision et efficacit\u00e9.\",\"breadcrumb\":{\"@id\":\"https:\\\/\\\/steimer.fr\\\/en\\\/semoirs\\\/#breadcrumb\"},\"inLanguage\":\"en-GB\",\"potentialAction\":[{\"@type\":\"ReadAction\",\"target\":[\"https:\\\/\\\/steimer.fr\\\/en\\\/semoirs\\\/\"]}]},{\"@type\":\"ImageObject\",\"inLanguage\":\"en-GB\",\"@id\":\"https:\\\/\\\/steimer.fr\\\/en\\\/semoirs\\\/#primaryimage\",\"url\":\"https:\\\/\\\/steimer.fr\\\/wp-content\\\/uploads\\\/2017\\\/07\\\/semoir-ostra-min-300x168.jpg\",\"contentUrl\":\"https:\\\/\\\/steimer.fr\\\/wp-content\\\/uploads\\\/2017\\\/07\\\/semoir-ostra-min-300x168.jpg\"},{\"@type\":\"BreadcrumbList\",\"@id\":\"https:\\\/\\\/steimer.fr\\\/en\\\/semoirs\\\/#breadcrumb\",\"itemListElement\":[{\"@type\":\"ListItem\",\"position\":1,\"name\":\"Accueil\",\"item\":\"https:\\\/\\\/steimer.fr\\\/\"},{\"@type\":\"ListItem\",\"position\":2,\"name\":\"Semoirs\"}]},{\"@type\":\"WebSite\",\"@id\":\"https:\\\/\\\/steimer.fr\\\/#website\",\"url\":\"https:\\\/\\\/steimer.fr\\\/\",\"name\":\"Fabricant de mat\u00e9riel agricole\",\"description\":\"Machines pour la pr\u00e9paration du sol et le semis\",\"publisher\":{\"@id\":\"https:\\\/\\\/steimer.fr\\\/#organization\"},\"potentialAction\":[{\"@type\":\"SearchAction\",\"target\":{\"@type\":\"EntryPoint\",\"urlTemplate\":\"https:\\\/\\\/steimer.fr\\\/?s={search_term_string}\"},\"query-input\":{\"@type\":\"PropertyValueSpecification\",\"valueRequired\":true,\"valueName\":\"search_term_string\"}}],\"inLanguage\":\"en-GB\"},{\"@type\":\"Organization\",\"@id\":\"https:\\\/\\\/steimer.fr\\\/#organization\",\"name\":\"STEIMER\",\"url\":\"https:\\\/\\\/steimer.fr\\\/\",\"logo\":{\"@type\":\"ImageObject\",\"inLanguage\":\"en-GB\",\"@id\":\"https:\\\/\\\/steimer.fr\\\/#\\\/schema\\\/logo\\\/image\\\/\",\"url\":\"https:\\\/\\\/steimer.fr\\\/wp-content\\\/uploads\\\/2021\\\/11\\\/cropped-logo-jpeg.png\",\"contentUrl\":\"https:\\\/\\\/steimer.fr\\\/wp-content\\\/uploads\\\/2021\\\/11\\\/cropped-logo-jpeg.png\",\"width\":210,\"height\":48,\"caption\":\"STEIMER\"},\"image\":{\"@id\":\"https:\\\/\\\/steimer.fr\\\/#\\\/schema\\\/logo\\\/image\\\/\"},\"sameAs\":[\"https:\\\/\\\/www.facebook.com\\\/steimer.fr\",\"https:\\\/\\\/www.instagram.com\\\/\"]}]}<\/script>\n<!-- \/ Yoast SEO plugin. -->","yoast_head_json":{"title":"Semoir STEIMER, pr\u00e9cision et fiabilit\u00e9 sur tous les sols","description":"Avec un semoir STEIMER, effectuez facilement votre semis pour types de grains, gr\u00e2ce \u00e0 une distribution \u00e0 deux ergots, offrant pr\u00e9cision et efficacit\u00e9.","robots":{"index":"index","follow":"follow","max-snippet":"max-snippet:-1","max-image-preview":"max-image-preview:large","max-video-preview":"max-video-preview:-1"},"canonical":"https:\/\/steimer.fr\/en\/semoirs\/","og_locale":"en_GB","og_type":"article","og_title":"Semoir STEIMER, pr\u00e9cision et fiabilit\u00e9 sur tous les sols","og_description":"Avec un semoir STEIMER, effectuez facilement votre semis pour types de grains, gr\u00e2ce \u00e0 une distribution \u00e0 deux ergots, offrant pr\u00e9cision et efficacit\u00e9.","og_url":"https:\/\/steimer.fr\/en\/semoirs\/","og_site_name":"Fabricant de mat\u00e9riel agricole","article_publisher":"https:\/\/www.facebook.com\/steimer.fr","article_modified_time":"2021-07-08T08:07:36+00:00","og_image":[{"url":"https:\/\/steimer.fr\/wp-content\/uploads\/2017\/07\/semoir-ostra-min-300x168.jpg","type":"","width":"","height":""}],"twitter_card":"summary_large_image","twitter_misc":{"Estimated reading time":"2 minutes"},"schema":{"@context":"https:\/\/schema.org","@graph":[{"@type":"WebPage","@id":"https:\/\/steimer.fr\/en\/semoirs\/","url":"https:\/\/steimer.fr\/en\/semoirs\/","name":"Semoir STEIMER, pr\u00e9cision et fiabilit\u00e9 sur tous les sols","isPartOf":{"@id":"https:\/\/steimer.fr\/#website"},"primaryImageOfPage":{"@id":"https:\/\/steimer.fr\/en\/semoirs\/#primaryimage"},"image":{"@id":"https:\/\/steimer.fr\/en\/semoirs\/#primaryimage"},"thumbnailUrl":"https:\/\/steimer.fr\/wp-content\/uploads\/2017\/07\/semoir-ostra-min-300x168.jpg","datePublished":"2017-04-10T09:23:41+00:00","dateModified":"2021-07-08T08:07:36+00:00","description":"Avec un semoir STEIMER, effectuez facilement votre semis pour types de grains, gr\u00e2ce \u00e0 une distribution \u00e0 deux ergots, offrant pr\u00e9cision et efficacit\u00e9.","breadcrumb":{"@id":"https:\/\/steimer.fr\/en\/semoirs\/#breadcrumb"},"inLanguage":"en-GB","potentialAction":[{"@type":"ReadAction","target":["https:\/\/steimer.fr\/en\/semoirs\/"]}]},{"@type":"ImageObject","inLanguage":"en-GB","@id":"https:\/\/steimer.fr\/en\/semoirs\/#primaryimage","url":"https:\/\/steimer.fr\/wp-content\/uploads\/2017\/07\/semoir-ostra-min-300x168.jpg","contentUrl":"https:\/\/steimer.fr\/wp-content\/uploads\/2017\/07\/semoir-ostra-min-300x168.jpg"},{"@type":"BreadcrumbList","@id":"https:\/\/steimer.fr\/en\/semoirs\/#breadcrumb","itemListElement":[{"@type":"ListItem","position":1,"name":"Accueil","item":"https:\/\/steimer.fr\/"},{"@type":"ListItem","position":2,"name":"Semoirs"}]},{"@type":"WebSite","@id":"https:\/\/steimer.fr\/#website","url":"https:\/\/steimer.fr\/","name":"Fabricant de mat\u00e9riel agricole","description":"Machines pour la pr\u00e9paration du sol et le semis","publisher":{"@id":"https:\/\/steimer.fr\/#organization"},"potentialAction":[{"@type":"SearchAction","target":{"@type":"EntryPoint","urlTemplate":"https:\/\/steimer.fr\/?s={search_term_string}"},"query-input":{"@type":"PropertyValueSpecification","valueRequired":true,"valueName":"search_term_string"}}],"inLanguage":"en-GB"},{"@type":"Organization","@id":"https:\/\/steimer.fr\/#organization","name":"STEIMER","url":"https:\/\/steimer.fr\/","logo":{"@type":"ImageObject","inLanguage":"en-GB","@id":"https:\/\/steimer.fr\/#\/schema\/logo\/image\/","url":"https:\/\/steimer.fr\/wp-content\/uploads\/2021\/11\/cropped-logo-jpeg.png","contentUrl":"https:\/\/steimer.fr\/wp-content\/uploads\/2021\/11\/cropped-logo-jpeg.png","width":210,"height":48,"caption":"STEIMER"},"image":{"@id":"https:\/\/steimer.fr\/#\/schema\/logo\/image\/"},"sameAs":["https:\/\/www.facebook.com\/steimer.fr","https:\/\/www.instagram.com\/"]}]}},"_links":{"self":[{"href":"https:\/\/steimer.fr\/en\/wp-json\/wp\/v2\/pages\/253","targetHints":{"allow":["GET"]}}],"collection":[{"href":"https:\/\/steimer.fr\/en\/wp-json\/wp\/v2\/pages"}],"about":[{"href":"https:\/\/steimer.fr\/en\/wp-json\/wp\/v2\/types\/page"}],"author":[{"embeddable":true,"href":"https:\/\/steimer.fr\/en\/wp-json\/wp\/v2\/users\/1"}],"replies":[{"embeddable":true,"href":"https:\/\/steimer.fr\/en\/wp-json\/wp\/v2\/comments?post=253"}],"version-history":[{"count":27,"href":"https:\/\/steimer.fr\/en\/wp-json\/wp\/v2\/pages\/253\/revisions"}],"predecessor-version":[{"id":4562,"href":"https:\/\/steimer.fr\/en\/wp-json\/wp\/v2\/pages\/253\/revisions\/4562"}],"wp:attachment":[{"href":"https:\/\/steimer.fr\/en\/wp-json\/wp\/v2\/media?parent=253"}],"curies":[{"name":"wp","href":"https:\/\/api.w.org\/{rel}","templated":true}]}}