{"id":251,"date":"2017-04-10T11:23:33","date_gmt":"2017-04-10T09:23:33","guid":{"rendered":"http:\/\/steimer.fr\/?page_id=251"},"modified":"2023-04-07T14:22:36","modified_gmt":"2023-04-07T12:22:36","slug":"sous-soleuses","status":"publish","type":"page","link":"https:\/\/steimer.fr\/en\/sous-soleuses\/","title":{"rendered":"Sous-soleuses"},"content":{"rendered":"<table style=\"height: 46px; width: 557px;\">\n<tbody>\n<tr>\n<td class=\"tdpic\" style=\"width: 350px;\">\n<h2><span style=\"font-size: 14pt;\">SARA &#8211; D\u00e9compacteur<\/span><\/h2>\n<p><a href=\"http:\/\/steimer.fr\/index.php\/sara\/\"><img fetchpriority=\"high\" decoding=\"async\" class=\"alignleft wp-image-336 size-medium\" src=\"https:\/\/steimer.fr\/wp-content\/uploads\/2017\/04\/ameublisseur-300x200.jpg\" alt=\"ameublisseur - sous-soleuses STEIMER\" width=\"300\" height=\"200\" srcset=\"https:\/\/steimer.fr\/wp-content\/uploads\/2017\/04\/ameublisseur-300x200.jpg 300w, https:\/\/steimer.fr\/wp-content\/uploads\/2017\/04\/ameublisseur-768x512.jpg 768w, https:\/\/steimer.fr\/wp-content\/uploads\/2017\/04\/ameublisseur.jpg 1024w\" sizes=\"(max-width: 300px) 100vw, 300px\" \/><\/a><\/td>\n<td class=\"tdtext\" style=\"width: 248px;\"><strong>Port\u00e9 fixe mono-poutre<\/strong><\/p>\n<p><span style=\"font-size: 10pt;\"><a href=\"http:\/\/steimer.fr\/index.php\/sara\/\" target=\"_blank\" rel=\"noopener noreferrer\">SARA 3000<\/a><\/span><\/p>\n<p><span style=\"font-size: 10pt;\"><a href=\"http:\/\/steimer.fr\/index.php\/sara\/\" target=\"_blank\" rel=\"noopener noreferrer\">SARA 3500<\/a><\/span><\/p>\n<p><span style=\"font-size: 10pt;\"><a href=\"http:\/\/steimer.fr\/index.php\/sara\/\" target=\"_blank\" rel=\"noopener noreferrer\">SARA 4000<\/a><\/span><\/td>\n<\/tr>\n<\/tbody>\n<\/table>\n<table style=\"height: 33px; width: 561px;\">\n<tbody>\n<tr>\n<td class=\"tdpic\" style=\"width: 350px;\">\n<h2><span style=\"font-size: 14pt;\">EMA &#8211; Fissurateur<\/span><\/h2>\n<p><a href=\"http:\/\/steimer.fr\/index.php\/ema\/\"><img decoding=\"async\" class=\"alignleft wp-image-1435 size-medium\" src=\"https:\/\/steimer.fr\/wp-content\/uploads\/2017\/04\/ema1-min-2-300x131.jpg\" alt=\"fissurateur - sous-soleuses STEIMER\" width=\"300\" height=\"131\" srcset=\"https:\/\/steimer.fr\/wp-content\/uploads\/2017\/04\/ema1-min-2-300x131.jpg 300w, https:\/\/steimer.fr\/wp-content\/uploads\/2017\/04\/ema1-min-2-768x335.jpg 768w, https:\/\/steimer.fr\/wp-content\/uploads\/2017\/04\/ema1-min-2-1024x446.jpg 1024w\" sizes=\"(max-width: 300px) 100vw, 300px\" \/><\/a><\/td>\n<td class=\"tdtext\" style=\"width: 250px;\"><strong>Port\u00e9 fixe mono-poutre<\/strong><\/p>\n<p><span style=\"font-size: 10pt;\"><a href=\"http:\/\/steimer.fr\/index.php\/ema\/\" target=\"_blank\" rel=\"noopener noreferrer\">EMA 3000<\/a><\/span><\/p>\n<p><span style=\"font-size: 10pt;\"><a href=\"http:\/\/steimer.fr\/index.php\/ema\/\" target=\"_blank\" rel=\"noopener noreferrer\">EMA 4000<\/a><\/span><\/td>\n<\/tr>\n<\/tbody>\n<\/table>\n<table style=\"height: 46px; width: 557px;\">\n<tbody>\n<tr>\n<td class=\"tdpic\" style=\"width: 350px;\">\n<h2><span style=\"font-size: 14pt;\">ANIA &#8211; D\u00e9compacteur<\/span><\/h2>\n<p><a href=\"http:\/\/steimer.fr\/en\/ania-mono-poutre-combinable\/\"><img decoding=\"async\" class=\"aligncenter wp-image-3784 size-medium\" src=\"https:\/\/steimer.fr\/wp-content\/uploads\/2020\/10\/ANIA-sous-soleuse-STEIMER-300x200.jpg\" alt=\"sous-soleuses STEIMER\" width=\"300\" height=\"200\" srcset=\"https:\/\/steimer.fr\/wp-content\/uploads\/2020\/10\/ANIA-sous-soleuse-STEIMER-300x200.jpg 300w, https:\/\/steimer.fr\/wp-content\/uploads\/2020\/10\/ANIA-sous-soleuse-STEIMER.jpg 721w\" sizes=\"(max-width: 300px) 100vw, 300px\" \/><\/a><\/td>\n<td class=\"tdtext\" style=\"width: 248px;\"><strong>Port\u00e9 fixe mono-poutre<\/strong><\/p>\n<p><span style=\"font-size: 10pt;\"><a href=\"http:\/\/steimer.fr\/en\/ania-mono-poutre-combinable\/\" target=\"_blank\" rel=\"noopener noreferrer\">ANIA 3000<\/a><\/span><\/p>\n<p><span style=\"font-size: 10pt;\"><a href=\"http:\/\/steimer.fr\/en\/ania-mono-poutre-combinable\/\" target=\"_blank\" rel=\"noopener noreferrer\">ANIA 3800<\/a><\/span><\/td>\n<\/tr>\n<\/tbody>\n<\/table>\n<table style=\"width: 510px; height: 24px;\">\n<tbody>\n<tr>\n<td class=\"tdpic\" style=\"width: 350px;\">\n<h2><span style=\"font-size: 14pt;\">REKA &#8211; Ameublisseur<\/span><\/h2>\n<p><a href=\"http:\/\/steimer.fr\/index.php\/reka\/\"><img loading=\"lazy\" decoding=\"async\" class=\"alignleft wp-image-1002 size-medium\" src=\"https:\/\/steimer.fr\/wp-content\/uploads\/2017\/06\/12_o-min-300x199.jpg\" alt=\"ameublisseur en v STEIMER\" width=\"300\" height=\"199\" srcset=\"https:\/\/steimer.fr\/wp-content\/uploads\/2017\/06\/12_o-min-300x199.jpg 300w, https:\/\/steimer.fr\/wp-content\/uploads\/2017\/06\/12_o-min-768x511.jpg 768w, https:\/\/steimer.fr\/wp-content\/uploads\/2017\/06\/12_o-min-1024x681.jpg 1024w, https:\/\/steimer.fr\/wp-content\/uploads\/2017\/06\/12_o-min.jpg 1575w\" sizes=\"(max-width: 300px) 100vw, 300px\" \/><\/a><\/td>\n<td class=\"tdtext\" style=\"width: 206px;\"><strong>Port\u00e9 fixe<\/strong><\/p>\n<p><span style=\"font-size: 10pt;\"><a href=\"http:\/\/steimer.fr\/index.php\/reka\/\" target=\"_blank\" rel=\"noopener noreferrer\">REKA 3000<\/a><\/span><\/p>\n<p><span style=\"font-size: 10pt;\"><a href=\"http:\/\/steimer.fr\/index.php\/reka\/\" target=\"_blank\" rel=\"noopener noreferrer\">REKA 4000<\/a><\/span><\/td>\n<\/tr>\n<\/tbody>\n<\/table>\n<table style=\"height: 18px; width: 520px;\">\n<tbody>\n<tr>\n<td class=\"tdpic\" style=\"width: 350px;\">\n<h2><span style=\"font-size: 14pt;\">MILA &#8211; D\u00e9compacteur<\/span><\/h2>\n<p><a href=\"http:\/\/steimer.fr\/index.php\/mila\/\"><img loading=\"lazy\" decoding=\"async\" class=\"alignleft wp-image-339 size-medium\" src=\"https:\/\/steimer.fr\/wp-content\/uploads\/2017\/04\/ameublisseur-mila-300x199.jpg\" alt=\"ameublisseur - STEIMER\" width=\"300\" height=\"199\" srcset=\"https:\/\/steimer.fr\/wp-content\/uploads\/2017\/04\/ameublisseur-mila-300x199.jpg 300w, https:\/\/steimer.fr\/wp-content\/uploads\/2017\/04\/ameublisseur-mila-768x511.jpg 768w, https:\/\/steimer.fr\/wp-content\/uploads\/2017\/04\/ameublisseur-mila-1024x681.jpg 1024w, https:\/\/steimer.fr\/wp-content\/uploads\/2017\/04\/ameublisseur-mila.jpg 1575w\" sizes=\"(max-width: 300px) 100vw, 300px\" \/><\/a><\/td>\n<td class=\"tdtext\" style=\"width: 210px;\"><strong>Port\u00e9 fixe 2 rang\u00e9es<\/strong><\/p>\n<p><span style=\"font-size: 10pt;\"><a href=\"http:\/\/steimer.fr\/index.php\/mila\/\" target=\"_blank\" rel=\"noopener noreferrer\">MILA 3000<\/a><\/span><\/p>\n<p><span style=\"font-size: 10pt;\"><a href=\"http:\/\/steimer.fr\/index.php\/mila\/\" target=\"_blank\" rel=\"noopener noreferrer\">MILA 4000<\/a><\/span><\/td>\n<\/tr>\n<\/tbody>\n<\/table>\n<table style=\"height: 35px; width: 525px;\">\n<tbody>\n<tr>\n<td class=\"tdpic\" style=\"width: 350px;\">\n<h2><span style=\"font-size: 14pt;\">ANITA- Sous-soleuse<\/span><\/h2>\n<p><a href=\"http:\/\/steimer.fr\/index.php\/anita-2\/\"><img loading=\"lazy\" decoding=\"async\" class=\"alignleft wp-image-2560 size-medium\" title=\"sous-soleuses STEIMER\" src=\"https:\/\/steimer.fr\/wp-content\/uploads\/2017\/08\/anita-tot-300x199.png\" alt=\"sous-soleuses STEIMER\" width=\"300\" height=\"199\" srcset=\"https:\/\/steimer.fr\/wp-content\/uploads\/2017\/08\/anita-tot-300x199.png 300w, https:\/\/steimer.fr\/wp-content\/uploads\/2017\/08\/anita-tot-768x509.png 768w, https:\/\/steimer.fr\/wp-content\/uploads\/2017\/08\/anita-tot-1024x678.png 1024w, https:\/\/steimer.fr\/wp-content\/uploads\/2017\/08\/anita-tot.png 2048w\" sizes=\"(max-width: 300px) 100vw, 300px\" \/><\/a><\/td>\n<td class=\"tdtext\" style=\"width: 216px;\"><strong>Port\u00e9 fixe 2 rang\u00e9es<\/strong><\/p>\n<p><span style=\"font-size: 10pt;\"><a href=\"http:\/\/steimer.fr\/index.php\/anita\/\" target=\"_blank\" rel=\"noopener noreferrer\">ANITA 3000<\/a><\/span><\/p>\n<p><span style=\"font-size: 10pt;\"><a href=\"http:\/\/steimer.fr\/index.php\/anita-2\/\" target=\"_blank\" rel=\"noopener noreferrer\">ANITA 4000<\/a><\/span><\/td>\n<\/tr>\n<\/tbody>\n<\/table>\n<p>La gamme des <strong>sous-soleuses<\/strong> comporte \u00e0 la fois des <strong>d\u00e9compacteurs<\/strong>, des <strong>fissurateurs<\/strong> et des machines destin\u00e9es au labour. Leur diff\u00e9rence r\u00e9side d&rsquo;une part dans la profondeur de travail et d&rsquo;autre part dans le type de m\u00e9lange effectu\u00e9 (bouleversement plus ou moins intensif). Les mod\u00e8les se diff\u00e9rencient \u00e9galement par leur ch\u00e2ssis et leur structure : ch\u00e2ssis en V pour un moindre effort de traction, espace d\u00e9di\u00e9 au passage d&rsquo;une prise de force, possibilit\u00e9 de modifier le nombre et l&rsquo;espacement des dents&#8230;<\/p>\n<p>Ces machines permettent de travailler jusqu&rsquo;\u00e0 des profondeurs de 60 cm pour certains mod\u00e8les. Ce\u00a0travail en profondeur est indispensable pour les cultures de printemps ou les cultures interm\u00e9diaires, qui font face \u00e0 des difficult\u00e9s dans des sols trop compacts. Les <strong>ameublisseurs<\/strong> (ou d\u00e9compacteurs) STEIMER permettent d&rsquo;a\u00e9rer le sol et de laisser p\u00e9n\u00e9trer l&rsquo;eau. Ils ne bouleversent pas pour autant la surface du terrain et ne m\u00e9langent ni les r\u00e9sidus et ni les mati\u00e8res organiques \u00e0 la terre.<\/p>\n<p>Pour un m\u00e9lange plus intensif et un meilleur enfouissement des r\u00e9sidus, ANITA, une de nos sous-soleuses les plus convoit\u00e9es, est quant \u00e0 elle bien adapt\u00e9e. Gr\u00e2ce \u00e0 son fort pouvoir de brassage, elle fournit un travail similaire au <strong>labour<\/strong>. Son <a href=\"http:\/\/steimer.fr\/en\/gamme-de-rouleaux\/\" target=\"_blank\" rel=\"noopener noreferrer\">rouleau \u00e0 l&rsquo;arri\u00e8re<\/a> permet ensuite d&rsquo;affiner le travail.<\/p>","protected":false},"excerpt":{"rendered":"<p>SARA &#8211; D\u00e9compacteur Port\u00e9 fixe mono-poutre SARA 3000 SARA 3500 SARA 4000 EMA &#8211; Fissurateur Port\u00e9 fixe mono-poutre EMA 3000 EMA 4000 ANIA &#8211; D\u00e9compacteur Port\u00e9 fixe mono-poutre ANIA 3000 ANIA 3800 REKA &#8211; Ameublisseur Port\u00e9 fixe REKA 3000 REKA 4000 MILA &#8211; D\u00e9compacteur Port\u00e9 fixe 2 rang\u00e9es MILA 3000 MILA 4000 ANITA- Sous-soleuse Port\u00e9 &hellip; <\/p>\n<p class=\"link-more\"><a href=\"https:\/\/steimer.fr\/en\/sous-soleuses\/\" class=\"more-link\">Read more<span class=\"screen-reader-text\"> \u00ab\u00a0Sous-soleuses\u00a0\u00bb<\/span><\/a><\/p>","protected":false},"author":1,"featured_media":0,"parent":0,"menu_order":0,"comment_status":"closed","ping_status":"closed","template":"","meta":{"inspiro_hide_title":false,"footnotes":""},"class_list":["post-251","page","type-page","status-publish","hentry"],"yoast_head":"<!-- This site is optimized with the Yoast SEO plugin v27.3 - https:\/\/yoast.com\/product\/yoast-seo-wordpress\/ -->\n<title>Sous-soleuses STEIMER, pour ameublir, d\u00e9compacter et fissurer<\/title>\n<meta name=\"description\" content=\"D\u00e9couvrez l&#039;ensemble des sous-soleuses STEIMER d\u00e9di\u00e9s \u00e0 l&#039;ameublissement et au d\u00e9compactage des sols pour pr\u00e9parer l&#039;implantation des cultures.\" \/>\n<meta name=\"robots\" content=\"index, follow, max-snippet:-1, max-image-preview:large, max-video-preview:-1\" \/>\n<link rel=\"canonical\" href=\"https:\/\/steimer.fr\/en\/sous-soleuses\/\" \/>\n<meta property=\"og:locale\" content=\"en_GB\" \/>\n<meta property=\"og:type\" content=\"article\" \/>\n<meta property=\"og:title\" content=\"Sous-soleuses STEIMER, pour ameublir, d\u00e9compacter et fissurer\" \/>\n<meta property=\"og:description\" content=\"D\u00e9couvrez l&#039;ensemble des sous-soleuses STEIMER d\u00e9di\u00e9s \u00e0 l&#039;ameublissement et au d\u00e9compactage des sols pour pr\u00e9parer l&#039;implantation des cultures.\" \/>\n<meta property=\"og:url\" content=\"https:\/\/steimer.fr\/en\/sous-soleuses\/\" \/>\n<meta property=\"og:site_name\" content=\"Fabricant de mat\u00e9riel agricole\" \/>\n<meta property=\"article:publisher\" content=\"https:\/\/www.facebook.com\/steimer.fr\" \/>\n<meta property=\"article:modified_time\" content=\"2023-04-07T12:22:36+00:00\" \/>\n<meta property=\"og:image\" content=\"https:\/\/steimer.fr\/wp-content\/uploads\/2017\/04\/ameublisseur-300x200.jpg\" \/>\n<meta name=\"twitter:card\" content=\"summary_large_image\" \/>\n<meta name=\"twitter:label1\" content=\"Estimated reading time\" \/>\n\t<meta name=\"twitter:data1\" content=\"3 minutes\" \/>\n<script type=\"application\/ld+json\" class=\"yoast-schema-graph\">{\"@context\":\"https:\\\/\\\/schema.org\",\"@graph\":[{\"@type\":\"WebPage\",\"@id\":\"https:\\\/\\\/steimer.fr\\\/sous-soleuses\\\/\",\"url\":\"https:\\\/\\\/steimer.fr\\\/sous-soleuses\\\/\",\"name\":\"Sous-soleuses STEIMER, pour ameublir, d\u00e9compacter et fissurer\",\"isPartOf\":{\"@id\":\"https:\\\/\\\/steimer.fr\\\/#website\"},\"primaryImageOfPage\":{\"@id\":\"https:\\\/\\\/steimer.fr\\\/sous-soleuses\\\/#primaryimage\"},\"image\":{\"@id\":\"https:\\\/\\\/steimer.fr\\\/sous-soleuses\\\/#primaryimage\"},\"thumbnailUrl\":\"https:\\\/\\\/steimer.fr\\\/wp-content\\\/uploads\\\/2017\\\/04\\\/ameublisseur-300x200.jpg\",\"datePublished\":\"2017-04-10T09:23:33+00:00\",\"dateModified\":\"2023-04-07T12:22:36+00:00\",\"description\":\"D\u00e9couvrez l'ensemble des sous-soleuses STEIMER d\u00e9di\u00e9s \u00e0 l'ameublissement et au d\u00e9compactage des sols pour pr\u00e9parer l'implantation des cultures.\",\"breadcrumb\":{\"@id\":\"https:\\\/\\\/steimer.fr\\\/sous-soleuses\\\/#breadcrumb\"},\"inLanguage\":\"en-GB\",\"potentialAction\":[{\"@type\":\"ReadAction\",\"target\":[\"https:\\\/\\\/steimer.fr\\\/sous-soleuses\\\/\"]}]},{\"@type\":\"ImageObject\",\"inLanguage\":\"en-GB\",\"@id\":\"https:\\\/\\\/steimer.fr\\\/sous-soleuses\\\/#primaryimage\",\"url\":\"https:\\\/\\\/steimer.fr\\\/wp-content\\\/uploads\\\/2017\\\/04\\\/ameublisseur-300x200.jpg\",\"contentUrl\":\"https:\\\/\\\/steimer.fr\\\/wp-content\\\/uploads\\\/2017\\\/04\\\/ameublisseur-300x200.jpg\"},{\"@type\":\"BreadcrumbList\",\"@id\":\"https:\\\/\\\/steimer.fr\\\/sous-soleuses\\\/#breadcrumb\",\"itemListElement\":[{\"@type\":\"ListItem\",\"position\":1,\"name\":\"Accueil\",\"item\":\"https:\\\/\\\/steimer.fr\\\/\"},{\"@type\":\"ListItem\",\"position\":2,\"name\":\"Sous-soleuses\"}]},{\"@type\":\"WebSite\",\"@id\":\"https:\\\/\\\/steimer.fr\\\/#website\",\"url\":\"https:\\\/\\\/steimer.fr\\\/\",\"name\":\"Fabricant de mat\u00e9riel agricole\",\"description\":\"Machines pour la pr\u00e9paration du sol et le semis\",\"publisher\":{\"@id\":\"https:\\\/\\\/steimer.fr\\\/#organization\"},\"potentialAction\":[{\"@type\":\"SearchAction\",\"target\":{\"@type\":\"EntryPoint\",\"urlTemplate\":\"https:\\\/\\\/steimer.fr\\\/?s={search_term_string}\"},\"query-input\":{\"@type\":\"PropertyValueSpecification\",\"valueRequired\":true,\"valueName\":\"search_term_string\"}}],\"inLanguage\":\"en-GB\"},{\"@type\":\"Organization\",\"@id\":\"https:\\\/\\\/steimer.fr\\\/#organization\",\"name\":\"STEIMER\",\"url\":\"https:\\\/\\\/steimer.fr\\\/\",\"logo\":{\"@type\":\"ImageObject\",\"inLanguage\":\"en-GB\",\"@id\":\"https:\\\/\\\/steimer.fr\\\/#\\\/schema\\\/logo\\\/image\\\/\",\"url\":\"https:\\\/\\\/steimer.fr\\\/wp-content\\\/uploads\\\/2021\\\/11\\\/cropped-logo-jpeg.png\",\"contentUrl\":\"https:\\\/\\\/steimer.fr\\\/wp-content\\\/uploads\\\/2021\\\/11\\\/cropped-logo-jpeg.png\",\"width\":210,\"height\":48,\"caption\":\"STEIMER\"},\"image\":{\"@id\":\"https:\\\/\\\/steimer.fr\\\/#\\\/schema\\\/logo\\\/image\\\/\"},\"sameAs\":[\"https:\\\/\\\/www.facebook.com\\\/steimer.fr\",\"https:\\\/\\\/www.instagram.com\\\/\"]}]}<\/script>\n<!-- \/ Yoast SEO plugin. -->","yoast_head_json":{"title":"Sous-soleuses STEIMER, pour ameublir, d\u00e9compacter et fissurer","description":"D\u00e9couvrez l'ensemble des sous-soleuses STEIMER d\u00e9di\u00e9s \u00e0 l'ameublissement et au d\u00e9compactage des sols pour pr\u00e9parer l'implantation des cultures.","robots":{"index":"index","follow":"follow","max-snippet":"max-snippet:-1","max-image-preview":"max-image-preview:large","max-video-preview":"max-video-preview:-1"},"canonical":"https:\/\/steimer.fr\/en\/sous-soleuses\/","og_locale":"en_GB","og_type":"article","og_title":"Sous-soleuses STEIMER, pour ameublir, d\u00e9compacter et fissurer","og_description":"D\u00e9couvrez l'ensemble des sous-soleuses STEIMER d\u00e9di\u00e9s \u00e0 l'ameublissement et au d\u00e9compactage des sols pour pr\u00e9parer l'implantation des cultures.","og_url":"https:\/\/steimer.fr\/en\/sous-soleuses\/","og_site_name":"Fabricant de mat\u00e9riel agricole","article_publisher":"https:\/\/www.facebook.com\/steimer.fr","article_modified_time":"2023-04-07T12:22:36+00:00","og_image":[{"url":"https:\/\/steimer.fr\/wp-content\/uploads\/2017\/04\/ameublisseur-300x200.jpg","type":"","width":"","height":""}],"twitter_card":"summary_large_image","twitter_misc":{"Estimated reading time":"3 minutes"},"schema":{"@context":"https:\/\/schema.org","@graph":[{"@type":"WebPage","@id":"https:\/\/steimer.fr\/sous-soleuses\/","url":"https:\/\/steimer.fr\/sous-soleuses\/","name":"Sous-soleuses STEIMER, pour ameublir, d\u00e9compacter et fissurer","isPartOf":{"@id":"https:\/\/steimer.fr\/#website"},"primaryImageOfPage":{"@id":"https:\/\/steimer.fr\/sous-soleuses\/#primaryimage"},"image":{"@id":"https:\/\/steimer.fr\/sous-soleuses\/#primaryimage"},"thumbnailUrl":"https:\/\/steimer.fr\/wp-content\/uploads\/2017\/04\/ameublisseur-300x200.jpg","datePublished":"2017-04-10T09:23:33+00:00","dateModified":"2023-04-07T12:22:36+00:00","description":"D\u00e9couvrez l'ensemble des sous-soleuses STEIMER d\u00e9di\u00e9s \u00e0 l'ameublissement et au d\u00e9compactage des sols pour pr\u00e9parer l'implantation des cultures.","breadcrumb":{"@id":"https:\/\/steimer.fr\/sous-soleuses\/#breadcrumb"},"inLanguage":"en-GB","potentialAction":[{"@type":"ReadAction","target":["https:\/\/steimer.fr\/sous-soleuses\/"]}]},{"@type":"ImageObject","inLanguage":"en-GB","@id":"https:\/\/steimer.fr\/sous-soleuses\/#primaryimage","url":"https:\/\/steimer.fr\/wp-content\/uploads\/2017\/04\/ameublisseur-300x200.jpg","contentUrl":"https:\/\/steimer.fr\/wp-content\/uploads\/2017\/04\/ameublisseur-300x200.jpg"},{"@type":"BreadcrumbList","@id":"https:\/\/steimer.fr\/sous-soleuses\/#breadcrumb","itemListElement":[{"@type":"ListItem","position":1,"name":"Accueil","item":"https:\/\/steimer.fr\/"},{"@type":"ListItem","position":2,"name":"Sous-soleuses"}]},{"@type":"WebSite","@id":"https:\/\/steimer.fr\/#website","url":"https:\/\/steimer.fr\/","name":"Fabricant de mat\u00e9riel agricole","description":"Machines pour la pr\u00e9paration du sol et le semis","publisher":{"@id":"https:\/\/steimer.fr\/#organization"},"potentialAction":[{"@type":"SearchAction","target":{"@type":"EntryPoint","urlTemplate":"https:\/\/steimer.fr\/?s={search_term_string}"},"query-input":{"@type":"PropertyValueSpecification","valueRequired":true,"valueName":"search_term_string"}}],"inLanguage":"en-GB"},{"@type":"Organization","@id":"https:\/\/steimer.fr\/#organization","name":"STEIMER","url":"https:\/\/steimer.fr\/","logo":{"@type":"ImageObject","inLanguage":"en-GB","@id":"https:\/\/steimer.fr\/#\/schema\/logo\/image\/","url":"https:\/\/steimer.fr\/wp-content\/uploads\/2021\/11\/cropped-logo-jpeg.png","contentUrl":"https:\/\/steimer.fr\/wp-content\/uploads\/2021\/11\/cropped-logo-jpeg.png","width":210,"height":48,"caption":"STEIMER"},"image":{"@id":"https:\/\/steimer.fr\/#\/schema\/logo\/image\/"},"sameAs":["https:\/\/www.facebook.com\/steimer.fr","https:\/\/www.instagram.com\/"]}]}},"_links":{"self":[{"href":"https:\/\/steimer.fr\/en\/wp-json\/wp\/v2\/pages\/251","targetHints":{"allow":["GET"]}}],"collection":[{"href":"https:\/\/steimer.fr\/en\/wp-json\/wp\/v2\/pages"}],"about":[{"href":"https:\/\/steimer.fr\/en\/wp-json\/wp\/v2\/types\/page"}],"author":[{"embeddable":true,"href":"https:\/\/steimer.fr\/en\/wp-json\/wp\/v2\/users\/1"}],"replies":[{"embeddable":true,"href":"https:\/\/steimer.fr\/en\/wp-json\/wp\/v2\/comments?post=251"}],"version-history":[{"count":29,"href":"https:\/\/steimer.fr\/en\/wp-json\/wp\/v2\/pages\/251\/revisions"}],"predecessor-version":[{"id":7250,"href":"https:\/\/steimer.fr\/en\/wp-json\/wp\/v2\/pages\/251\/revisions\/7250"}],"wp:attachment":[{"href":"https:\/\/steimer.fr\/en\/wp-json\/wp\/v2\/media?parent=251"}],"curies":[{"name":"wp","href":"https:\/\/api.w.org\/{rel}","templated":true}]}}