{"id":2440,"date":"2017-08-18T10:12:02","date_gmt":"2017-08-18T08:12:02","guid":{"rendered":"http:\/\/steimer.fr\/?page_id=2440"},"modified":"2023-04-07T14:24:01","modified_gmt":"2023-04-07T12:24:01","slug":"les-herses","status":"publish","type":"page","link":"https:\/\/steimer.fr\/en\/les-herses\/","title":{"rendered":"Les herses"},"content":{"rendered":"<table class=\"tablepresentation\" style=\"width: 62.0874%;\">\n<tbody>\n<tr style=\"height: 102px;\">\n<td class=\"tdpic\" style=\"width: 63.1478%; height: 102px;\">\n<h2><span style=\"font-size: 14pt;\">EMILIA &#8211; Herse lourde<\/span><\/h2>\n<p><a href=\"http:\/\/steimer.fr\/en\/emilia-herse-lourde\/\"><img fetchpriority=\"high\" decoding=\"async\" class=\"wp-image-3774 size-full alignleft\" src=\"https:\/\/steimer.fr\/wp-content\/uploads\/2017\/08\/Emilia-herse-STEIMER.jpg\" alt=\"herse lourde a dents\" width=\"300\" height=\"169\" \/><\/a><\/td>\n<td class=\"tdtext\" style=\"width: 35.3167%; height: 102px;\"><strong>Port\u00e9 repliable<\/strong><\/p>\n<p><span style=\"font-size: 10pt;\"><a href=\"http:\/\/steimer.fr\/en\/emilia-herse-lourde\/\" target=\"_blank\" rel=\"noopener noreferrer\">EMILIA PR 5500<\/a><\/span><\/p>\n<p><span style=\"font-size: 10pt;\"><a href=\"http:\/\/steimer.fr\/en\/emilia-herse-lourde\/\" target=\"_blank\" rel=\"noopener noreferrer\">EMILIA PR 6500<\/a><\/span><\/p>\n<p><span style=\"font-size: 10pt;\"><a href=\"http:\/\/steimer.fr\/en\/emilia-herse-lourde\/\" target=\"_blank\" rel=\"noopener noreferrer\">EMILIA PR 7500<\/a><\/span><\/p>\n<p><span style=\"font-size: 10pt;\"><a href=\"http:\/\/steimer.fr\/en\/liza-herse-pailles\/http:\/\/steimer.fr\/emilia-herse-lourde\/\" target=\"_blank\" rel=\"noopener noreferrer\">EMILIA PR 8500<\/a><\/span><\/p>\n<p><span style=\"font-size: 10pt;\"><a href=\"http:\/\/steimer.fr\/en\/emilia-herse-lourde\/\" target=\"_blank\" rel=\"noopener noreferrer\">EMILIA PR 9500<\/a><\/span><\/td>\n<\/tr>\n<\/tbody>\n<\/table>\n<table class=\"tablepresentation\" style=\"width: 62.0874%;\">\n<tbody>\n<tr style=\"height: 102px;\">\n<td class=\"tdpic\" style=\"width: 63.1478%; height: 102px;\">\n<h2><span style=\"font-size: 14pt;\">LIZA &#8211; Herse \u00e0 paille<\/span><\/h2>\n<p><a href=\"http:\/\/steimer.fr\/en\/liza-herse-pailles\/\"><img decoding=\"async\" class=\"wp-image-3684 size-medium alignleft\" src=\"https:\/\/steimer.fr\/wp-content\/uploads\/2017\/08\/herse-travail-champ-300x169.jpg\" alt=\"herse a paille dents et disques steimer\" width=\"300\" height=\"169\" srcset=\"https:\/\/steimer.fr\/wp-content\/uploads\/2017\/08\/herse-travail-champ-300x169.jpg 300w, https:\/\/steimer.fr\/wp-content\/uploads\/2017\/08\/herse-travail-champ-768x432.jpg 768w, https:\/\/steimer.fr\/wp-content\/uploads\/2017\/08\/herse-travail-champ-1024x576.jpg 1024w, https:\/\/steimer.fr\/wp-content\/uploads\/2017\/08\/herse-travail-champ.jpg 1920w\" sizes=\"(max-width: 300px) 100vw, 300px\" \/><\/a><\/td>\n<td class=\"tdtext\" style=\"width: 35.3167%; height: 102px;\"><strong>Port\u00e9 repliable<\/strong><\/p>\n<p><span style=\"font-size: 10pt;\"><a href=\"http:\/\/steimer.fr\/en\/liza-herse-pailles\/\" target=\"_blank\" rel=\"noopener noreferrer\">LIZA PR 6000<\/a><\/span><\/p>\n<p><span style=\"font-size: 10pt;\"><a href=\"http:\/\/steimer.fr\/en\/liza-herse-pailles\/\" target=\"_blank\" rel=\"noopener noreferrer\">LIZA PR 7500<\/a><\/span><\/p>\n<p><span style=\"font-size: 10pt;\"><a href=\"http:\/\/steimer.fr\/en\/liza-herse-pailles\/\" target=\"_blank\" rel=\"noopener noreferrer\">LIZA PR 9000<\/a><\/span><\/td>\n<\/tr>\n<\/tbody>\n<\/table>\n<table class=\"tablepresentation\" style=\"width: 61.9742%;\">\n<tbody>\n<tr style=\"height: 238px;\">\n<td class=\"tdpic\" style=\"width: 63.3397%; height: 238px;\">\n<h2><span style=\"font-size: 14pt;\">NATALIA &#8211; Herse \u00e9trille<\/span><\/h2>\n<p><a href=\"http:\/\/steimer.fr\/en\/anka-herse-etrille\/\"><img decoding=\"async\" class=\"alignleft wp-image-4019 size-medium\" src=\"https:\/\/steimer.fr\/wp-content\/uploads\/2020\/10\/NATALIA-herse-etrille-STEIMER-e1603813704233-300x218.jpg\" alt=\"herse etrille steimer\" width=\"300\" height=\"218\" srcset=\"https:\/\/steimer.fr\/wp-content\/uploads\/2020\/10\/NATALIA-herse-etrille-STEIMER-e1603813704233-300x218.jpg 300w, https:\/\/steimer.fr\/wp-content\/uploads\/2020\/10\/NATALIA-herse-etrille-STEIMER-e1603813704233.jpg 496w\" sizes=\"(max-width: 300px) 100vw, 300px\" \/><\/a><\/td>\n<td class=\"tdtext\" style=\"width: 35.1248%; height: 238px;\"><strong>Port\u00e9 repliable<\/strong><\/p>\n<p><span style=\"font-size: 10pt;\"><a href=\"http:\/\/steimer.fr\/en\/natalia-herse-etrille\/\" target=\"_blank\" rel=\"noopener noreferrer\">NATALIA\u00a0PR 6000<\/a><\/span><\/p>\n<p><span style=\"font-size: 10pt;\"><a href=\"http:\/\/steimer.fr\/en\/natalia-herse-etrille\/\" target=\"_blank\" rel=\"noopener noreferrer\">NATALIA PR 7500<\/a><\/span><\/p>\n<p><span style=\"font-size: 10pt;\"><a href=\"http:\/\/steimer.fr\/en\/natalia-herse-etrille\/\" target=\"_blank\" rel=\"noopener noreferrer\">NATALIA\u00a0PR 9000<\/a><\/span><\/p>\n<p><span style=\"font-size: 10pt;\"><a href=\"http:\/\/steimer.fr\/en\/anka-herse-etrille\/\" target=\"_blank\" rel=\"noopener noreferrer\">NATALIA PR 1200<\/a><\/span><\/td>\n<\/tr>\n<\/tbody>\n<\/table>\n<table class=\"tablepresentation\" style=\"width: 61.9432%;\">\n<tbody>\n<tr style=\"height: 6px;\">\n<td class=\"tdpic\" style=\"width: 64.5818%; height: 6px;\">\n<h2><span style=\"font-size: 14pt;\">ZUZA &#8211; Herse de prairie<\/span><\/h2>\n<p><a href=\"http:\/\/steimer.fr\/en\/zuza-herse-de-prairie\/\"><img loading=\"lazy\" decoding=\"async\" class=\"alignleft wp-image-2342 size-medium\" src=\"https:\/\/steimer.fr\/wp-content\/uploads\/2017\/08\/zuza-champ3-min-300x160.jpg\" alt=\"herse de prairie - herse STEIMER\" width=\"300\" height=\"160\" srcset=\"https:\/\/steimer.fr\/wp-content\/uploads\/2017\/08\/zuza-champ3-min-300x160.jpg 300w, https:\/\/steimer.fr\/wp-content\/uploads\/2017\/08\/zuza-champ3-min-768x410.jpg 768w, https:\/\/steimer.fr\/wp-content\/uploads\/2017\/08\/zuza-champ3-min.jpg 1024w\" sizes=\"(max-width: 300px) 100vw, 300px\" \/><\/a><\/td>\n<td class=\"tdtext\" style=\"width: 74.9277%; height: 6px;\"><strong>Port\u00e9 repliable<\/strong><\/p>\n<p><span style=\"font-size: 10pt;\"><a href=\"http:\/\/steimer.fr\/en\/zuza-herse-de-prairie\/\" target=\"_blank\" rel=\"noopener noreferrer\">ZUZA PR 4000<\/a><\/span><\/p>\n<p><span style=\"font-size: 10pt;\"><a href=\"http:\/\/steimer.fr\/en\/zuza-herse-de-prairie\/\" target=\"_blank\" rel=\"noopener noreferrer\">ZUZA PR 5000<\/a><\/span><\/p>\n<p><span style=\"font-size: 10pt;\"><a href=\"http:\/\/steimer.fr\/en\/zuza-herse-de-prairie\/\" target=\"_blank\" rel=\"noopener noreferrer\">ZUZA PR 6000<\/a><\/span><\/p>\n<p><span style=\"font-size: 10pt;\"><a href=\"http:\/\/steimer.fr\/en\/zuza-herse-de-prairie\/\" target=\"_blank\" rel=\"noopener noreferrer\">ZUZA PR 8000<\/a><\/span><\/td>\n<\/tr>\n<\/tbody>\n<\/table>\n<p>Pour le <strong>travail du sol<\/strong> en superficie, STEIMER propose des herses, \u00e0 utiliser\u00a0dans les champs cultiv\u00e9s ou dans les prairies.<\/p>\n<p>LIZA et\u00a0NATALIA\u00a0assurent un <strong>d\u00e9sherbage m\u00e9canique<\/strong> ainsi que la lutte contre les nuisibles. Leurs dents permettent de m\u00e9langer la paille et la terre en surface, emp\u00eachant ainsi la lev\u00e9e des mauvaises herbes et garantissant une pr\u00e9servation de l&rsquo;humidit\u00e9. On obtient ainsi un sol d\u00e9barrass\u00e9 des adventices, sans devoir utiliser de pulv\u00e9risateur.<\/p>\n<p>EMILIA est une herse lourde, qui brise parfaitement les mottes de terre les plus compactes tout en nivelant la surface, id\u00e9ale pour enterrer les \u00e9ventuels engrais.<\/p>\n<p>En tant que herse de prairie, ZUZA permet quant \u00e0 elle d&rsquo;enlever les taupini\u00e8res, les bouses, la mousse et autres v\u00e9g\u00e9taux ind\u00e9sirables, afin d&rsquo;obtenir une herbe de qualit\u00e9.<\/p>\n<p>Ces outils l\u00e9gers demandent peu de force de traction et travaillent \u00e0 vitesse \u00e9lev\u00e9e, ce qui en fait des <strong>outils \u00e9conomiques et productifs<\/strong>.<br \/>\nNous veillons \u00e0 ce que les mat\u00e9riaux utilis\u00e9s lors de la fabrication de herse STEIMER soient de meilleure qualit\u00e9 possible. Nous vous garantissons ainsi la long\u00e9vit\u00e9 et la durabilit\u00e9 de nos machines.<\/p>","protected":false},"excerpt":{"rendered":"<p>EMILIA &#8211; Herse lourde Port\u00e9 repliable EMILIA PR 5500 EMILIA PR 6500 EMILIA PR 7500 EMILIA PR 8500 EMILIA PR 9500 LIZA &#8211; Herse \u00e0 paille Port\u00e9 repliable LIZA PR 6000 LIZA PR 7500 LIZA PR 9000 NATALIA &#8211; Herse \u00e9trille Port\u00e9 repliable NATALIA\u00a0PR 6000 NATALIA PR 7500 NATALIA\u00a0PR 9000 NATALIA PR 1200 ZUZA &#8211; &hellip; <\/p>\n<p class=\"link-more\"><a href=\"https:\/\/steimer.fr\/en\/les-herses\/\" class=\"more-link\">Read more<span class=\"screen-reader-text\"> \u00ab\u00a0Les herses\u00a0\u00bb<\/span><\/a><\/p>","protected":false},"author":1,"featured_media":0,"parent":0,"menu_order":0,"comment_status":"closed","ping_status":"closed","template":"","meta":{"inspiro_hide_title":false,"footnotes":""},"class_list":["post-2440","page","type-page","status-publish","hentry"],"yoast_head":"<!-- This site is optimized with the Yoast SEO plugin v27.3 - https:\/\/yoast.com\/product\/yoast-seo-wordpress\/ -->\n<title>Herse STEIMER - Controle m\u00e9canique des adventices<\/title>\n<meta name=\"description\" content=\"Int\u00e9ressez par une herse STEIMER ? Nous vous proposons des herses \u00e0 paille, de prairie et \u00e9trille, n&#039;h\u00e9sitez pas \u00e0 nous contacter et \u00e0 consulter notre gamme\" \/>\n<meta name=\"robots\" content=\"index, follow, max-snippet:-1, max-image-preview:large, max-video-preview:-1\" \/>\n<link rel=\"canonical\" href=\"https:\/\/steimer.fr\/en\/les-herses\/\" \/>\n<meta property=\"og:locale\" content=\"en_GB\" \/>\n<meta property=\"og:type\" content=\"article\" \/>\n<meta property=\"og:title\" content=\"Herse STEIMER - Controle m\u00e9canique des adventices\" \/>\n<meta property=\"og:description\" content=\"Int\u00e9ressez par une herse STEIMER ? Nous vous proposons des herses \u00e0 paille, de prairie et \u00e9trille, n&#039;h\u00e9sitez pas \u00e0 nous contacter et \u00e0 consulter notre gamme\" \/>\n<meta property=\"og:url\" content=\"https:\/\/steimer.fr\/en\/les-herses\/\" \/>\n<meta property=\"og:site_name\" content=\"Fabricant de mat\u00e9riel agricole\" \/>\n<meta property=\"article:publisher\" content=\"https:\/\/www.facebook.com\/steimer.fr\" \/>\n<meta property=\"article:modified_time\" content=\"2023-04-07T12:24:01+00:00\" \/>\n<meta property=\"og:image\" content=\"https:\/\/steimer.fr\/wp-content\/uploads\/2017\/08\/Emilia-herse-STEIMER.jpg\" \/>\n<meta name=\"twitter:card\" content=\"summary_large_image\" \/>\n<meta name=\"twitter:label1\" content=\"Estimated reading time\" \/>\n\t<meta name=\"twitter:data1\" content=\"3 minutes\" \/>\n<script type=\"application\/ld+json\" class=\"yoast-schema-graph\">{\"@context\":\"https:\\\/\\\/schema.org\",\"@graph\":[{\"@type\":\"WebPage\",\"@id\":\"https:\\\/\\\/steimer.fr\\\/les-herses\\\/\",\"url\":\"https:\\\/\\\/steimer.fr\\\/les-herses\\\/\",\"name\":\"Herse STEIMER - Controle m\u00e9canique des adventices\",\"isPartOf\":{\"@id\":\"https:\\\/\\\/steimer.fr\\\/#website\"},\"primaryImageOfPage\":{\"@id\":\"https:\\\/\\\/steimer.fr\\\/les-herses\\\/#primaryimage\"},\"image\":{\"@id\":\"https:\\\/\\\/steimer.fr\\\/les-herses\\\/#primaryimage\"},\"thumbnailUrl\":\"https:\\\/\\\/steimer.fr\\\/wp-content\\\/uploads\\\/2017\\\/08\\\/Emilia-herse-STEIMER.jpg\",\"datePublished\":\"2017-08-18T08:12:02+00:00\",\"dateModified\":\"2023-04-07T12:24:01+00:00\",\"description\":\"Int\u00e9ressez par une herse STEIMER ? Nous vous proposons des herses \u00e0 paille, de prairie et \u00e9trille, n'h\u00e9sitez pas \u00e0 nous contacter et \u00e0 consulter notre gamme\",\"breadcrumb\":{\"@id\":\"https:\\\/\\\/steimer.fr\\\/les-herses\\\/#breadcrumb\"},\"inLanguage\":\"en-GB\",\"potentialAction\":[{\"@type\":\"ReadAction\",\"target\":[\"https:\\\/\\\/steimer.fr\\\/les-herses\\\/\"]}]},{\"@type\":\"ImageObject\",\"inLanguage\":\"en-GB\",\"@id\":\"https:\\\/\\\/steimer.fr\\\/les-herses\\\/#primaryimage\",\"url\":\"https:\\\/\\\/steimer.fr\\\/wp-content\\\/uploads\\\/2017\\\/08\\\/Emilia-herse-STEIMER.jpg\",\"contentUrl\":\"https:\\\/\\\/steimer.fr\\\/wp-content\\\/uploads\\\/2017\\\/08\\\/Emilia-herse-STEIMER.jpg\"},{\"@type\":\"BreadcrumbList\",\"@id\":\"https:\\\/\\\/steimer.fr\\\/les-herses\\\/#breadcrumb\",\"itemListElement\":[{\"@type\":\"ListItem\",\"position\":1,\"name\":\"Accueil\",\"item\":\"https:\\\/\\\/steimer.fr\\\/\"},{\"@type\":\"ListItem\",\"position\":2,\"name\":\"Les herses\"}]},{\"@type\":\"WebSite\",\"@id\":\"https:\\\/\\\/steimer.fr\\\/#website\",\"url\":\"https:\\\/\\\/steimer.fr\\\/\",\"name\":\"Fabricant de mat\u00e9riel agricole\",\"description\":\"Machines pour la pr\u00e9paration du sol et le semis\",\"publisher\":{\"@id\":\"https:\\\/\\\/steimer.fr\\\/#organization\"},\"potentialAction\":[{\"@type\":\"SearchAction\",\"target\":{\"@type\":\"EntryPoint\",\"urlTemplate\":\"https:\\\/\\\/steimer.fr\\\/?s={search_term_string}\"},\"query-input\":{\"@type\":\"PropertyValueSpecification\",\"valueRequired\":true,\"valueName\":\"search_term_string\"}}],\"inLanguage\":\"en-GB\"},{\"@type\":\"Organization\",\"@id\":\"https:\\\/\\\/steimer.fr\\\/#organization\",\"name\":\"STEIMER\",\"url\":\"https:\\\/\\\/steimer.fr\\\/\",\"logo\":{\"@type\":\"ImageObject\",\"inLanguage\":\"en-GB\",\"@id\":\"https:\\\/\\\/steimer.fr\\\/#\\\/schema\\\/logo\\\/image\\\/\",\"url\":\"https:\\\/\\\/steimer.fr\\\/wp-content\\\/uploads\\\/2021\\\/11\\\/cropped-logo-jpeg.png\",\"contentUrl\":\"https:\\\/\\\/steimer.fr\\\/wp-content\\\/uploads\\\/2021\\\/11\\\/cropped-logo-jpeg.png\",\"width\":210,\"height\":48,\"caption\":\"STEIMER\"},\"image\":{\"@id\":\"https:\\\/\\\/steimer.fr\\\/#\\\/schema\\\/logo\\\/image\\\/\"},\"sameAs\":[\"https:\\\/\\\/www.facebook.com\\\/steimer.fr\",\"https:\\\/\\\/www.instagram.com\\\/\"]}]}<\/script>\n<!-- \/ Yoast SEO plugin. -->","yoast_head_json":{"title":"Herse STEIMER - Controle m\u00e9canique des adventices","description":"Int\u00e9ressez par une herse STEIMER ? Nous vous proposons des herses \u00e0 paille, de prairie et \u00e9trille, n'h\u00e9sitez pas \u00e0 nous contacter et \u00e0 consulter notre gamme","robots":{"index":"index","follow":"follow","max-snippet":"max-snippet:-1","max-image-preview":"max-image-preview:large","max-video-preview":"max-video-preview:-1"},"canonical":"https:\/\/steimer.fr\/en\/les-herses\/","og_locale":"en_GB","og_type":"article","og_title":"Herse STEIMER - Controle m\u00e9canique des adventices","og_description":"Int\u00e9ressez par une herse STEIMER ? Nous vous proposons des herses \u00e0 paille, de prairie et \u00e9trille, n'h\u00e9sitez pas \u00e0 nous contacter et \u00e0 consulter notre gamme","og_url":"https:\/\/steimer.fr\/en\/les-herses\/","og_site_name":"Fabricant de mat\u00e9riel agricole","article_publisher":"https:\/\/www.facebook.com\/steimer.fr","article_modified_time":"2023-04-07T12:24:01+00:00","og_image":[{"url":"https:\/\/steimer.fr\/wp-content\/uploads\/2017\/08\/Emilia-herse-STEIMER.jpg","type":"","width":"","height":""}],"twitter_card":"summary_large_image","twitter_misc":{"Estimated reading time":"3 minutes"},"schema":{"@context":"https:\/\/schema.org","@graph":[{"@type":"WebPage","@id":"https:\/\/steimer.fr\/les-herses\/","url":"https:\/\/steimer.fr\/les-herses\/","name":"Herse STEIMER - Controle m\u00e9canique des adventices","isPartOf":{"@id":"https:\/\/steimer.fr\/#website"},"primaryImageOfPage":{"@id":"https:\/\/steimer.fr\/les-herses\/#primaryimage"},"image":{"@id":"https:\/\/steimer.fr\/les-herses\/#primaryimage"},"thumbnailUrl":"https:\/\/steimer.fr\/wp-content\/uploads\/2017\/08\/Emilia-herse-STEIMER.jpg","datePublished":"2017-08-18T08:12:02+00:00","dateModified":"2023-04-07T12:24:01+00:00","description":"Int\u00e9ressez par une herse STEIMER ? Nous vous proposons des herses \u00e0 paille, de prairie et \u00e9trille, n'h\u00e9sitez pas \u00e0 nous contacter et \u00e0 consulter notre gamme","breadcrumb":{"@id":"https:\/\/steimer.fr\/les-herses\/#breadcrumb"},"inLanguage":"en-GB","potentialAction":[{"@type":"ReadAction","target":["https:\/\/steimer.fr\/les-herses\/"]}]},{"@type":"ImageObject","inLanguage":"en-GB","@id":"https:\/\/steimer.fr\/les-herses\/#primaryimage","url":"https:\/\/steimer.fr\/wp-content\/uploads\/2017\/08\/Emilia-herse-STEIMER.jpg","contentUrl":"https:\/\/steimer.fr\/wp-content\/uploads\/2017\/08\/Emilia-herse-STEIMER.jpg"},{"@type":"BreadcrumbList","@id":"https:\/\/steimer.fr\/les-herses\/#breadcrumb","itemListElement":[{"@type":"ListItem","position":1,"name":"Accueil","item":"https:\/\/steimer.fr\/"},{"@type":"ListItem","position":2,"name":"Les herses"}]},{"@type":"WebSite","@id":"https:\/\/steimer.fr\/#website","url":"https:\/\/steimer.fr\/","name":"Fabricant de mat\u00e9riel agricole","description":"Machines pour la pr\u00e9paration du sol et le semis","publisher":{"@id":"https:\/\/steimer.fr\/#organization"},"potentialAction":[{"@type":"SearchAction","target":{"@type":"EntryPoint","urlTemplate":"https:\/\/steimer.fr\/?s={search_term_string}"},"query-input":{"@type":"PropertyValueSpecification","valueRequired":true,"valueName":"search_term_string"}}],"inLanguage":"en-GB"},{"@type":"Organization","@id":"https:\/\/steimer.fr\/#organization","name":"STEIMER","url":"https:\/\/steimer.fr\/","logo":{"@type":"ImageObject","inLanguage":"en-GB","@id":"https:\/\/steimer.fr\/#\/schema\/logo\/image\/","url":"https:\/\/steimer.fr\/wp-content\/uploads\/2021\/11\/cropped-logo-jpeg.png","contentUrl":"https:\/\/steimer.fr\/wp-content\/uploads\/2021\/11\/cropped-logo-jpeg.png","width":210,"height":48,"caption":"STEIMER"},"image":{"@id":"https:\/\/steimer.fr\/#\/schema\/logo\/image\/"},"sameAs":["https:\/\/www.facebook.com\/steimer.fr","https:\/\/www.instagram.com\/"]}]}},"_links":{"self":[{"href":"https:\/\/steimer.fr\/en\/wp-json\/wp\/v2\/pages\/2440","targetHints":{"allow":["GET"]}}],"collection":[{"href":"https:\/\/steimer.fr\/en\/wp-json\/wp\/v2\/pages"}],"about":[{"href":"https:\/\/steimer.fr\/en\/wp-json\/wp\/v2\/types\/page"}],"author":[{"embeddable":true,"href":"https:\/\/steimer.fr\/en\/wp-json\/wp\/v2\/users\/1"}],"replies":[{"embeddable":true,"href":"https:\/\/steimer.fr\/en\/wp-json\/wp\/v2\/comments?post=2440"}],"version-history":[{"count":51,"href":"https:\/\/steimer.fr\/en\/wp-json\/wp\/v2\/pages\/2440\/revisions"}],"predecessor-version":[{"id":7251,"href":"https:\/\/steimer.fr\/en\/wp-json\/wp\/v2\/pages\/2440\/revisions\/7251"}],"wp:attachment":[{"href":"https:\/\/steimer.fr\/en\/wp-json\/wp\/v2\/media?parent=2440"}],"curies":[{"name":"wp","href":"https:\/\/api.w.org\/{rel}","templated":true}]}}