{"id":219,"date":"2017-04-10T11:14:20","date_gmt":"2017-04-10T09:14:20","guid":{"rendered":"http:\/\/steimer.fr\/?page_id=219"},"modified":"2021-07-08T09:32:49","modified_gmt":"2021-07-08T07:32:49","slug":"preparation-de-sol","status":"publish","type":"page","link":"https:\/\/steimer.fr\/en\/preparation-de-sol\/","title":{"rendered":"Pr\u00e9paration de sol"},"content":{"rendered":"<table style=\"width: 103.834%; height: 21px;\">\n<tbody>\n<tr>\n<td class=\"tdpic\" style=\"width: 38.4439%;\">\n<h2><span style=\"font-size: 14pt;\">EWA &#8211; Combin\u00e9 de pr\u00e9paration<\/span><\/h2>\n<p><a href=\"http:\/\/steimer.fr\/index.php\/ewa\/\"><img fetchpriority=\"high\" decoding=\"async\" class=\"alignleft wp-image-1609 size-medium\" src=\"https:\/\/steimer.fr\/wp-content\/uploads\/2017\/06\/ewa-300x206.png\" alt=\"travail du sol\" width=\"300\" height=\"206\" srcset=\"https:\/\/steimer.fr\/wp-content\/uploads\/2017\/06\/ewa-300x206.png 300w, https:\/\/steimer.fr\/wp-content\/uploads\/2017\/06\/ewa.png 650w\" sizes=\"(max-width: 300px) 100vw, 300px\" \/><\/a><\/p>\n<\/td>\n<td class=\"tdtext\" style=\"width: 18.899%;\"><strong>Port\u00e9 fixe<\/strong>\n<p>&nbsp;<\/p>\n<p><span style=\"font-size: 10pt;\"><a href=\"http:\/\/steimer.fr\/index.php\/ewa\/\" target=\"_blank\" rel=\"noopener noreferrer\">EWA 3000<\/a><\/span><\/p>\n<p><span style=\"font-size: 10pt;\"><a href=\"http:\/\/steimer.fr\/index.php\/ewa\/\" target=\"_blank\" rel=\"noopener noreferrer\">EWA 4000<\/a><\/span><\/p>\n<\/td>\n<td class=\"tdtext\" style=\"width: 17.1614%;\"><strong>Port\u00e9 repliable<\/strong>\n<p>&nbsp;<\/p>\n<p><span style=\"font-size: 10pt;\"><a href=\"http:\/\/steimer.fr\/index.php\/ewa\/\" target=\"_blank\" rel=\"noopener noreferrer\">EWA 4000<\/a><\/span><\/p>\n<p><span style=\"font-size: 10pt;\"><a href=\"http:\/\/steimer.fr\/index.php\/ewa\/\" target=\"_blank\" rel=\"noopener noreferrer\">EWA 4500<\/a><\/span><\/p>\n<p><span style=\"font-size: 10pt;\"><a href=\"http:\/\/steimer.fr\/index.php\/ewa\/\" target=\"_blank\" rel=\"noopener noreferrer\">EWA 5000<\/a><\/span><\/p>\n<p><span style=\"font-size: 10pt;\"><a href=\"http:\/\/steimer.fr\/index.php\/ewa\/\" target=\"_blank\" rel=\"noopener noreferrer\">EWA 6000<\/a><\/span><\/p>\n<\/td>\n<td class=\"tdtext\" style=\"width: 24.1227%;\"><strong>Semi-port\u00e9 repliable<\/strong>\n<p>&nbsp;<\/p>\n<p><span style=\"font-size: 10pt;\"><a href=\"http:\/\/steimer.fr\/index.php\/ewa\/\" target=\"_blank\" rel=\"noopener noreferrer\">EWA 4000<\/a><\/span><\/p>\n<p><span style=\"font-size: 10pt;\"><a href=\"http:\/\/steimer.fr\/index.php\/ewa\/\" target=\"_blank\" rel=\"noopener noreferrer\">EWA 4500<\/a><\/span><\/p>\n<p><span style=\"font-size: 10pt;\"><a href=\"http:\/\/steimer.fr\/index.php\/ewa\/\" target=\"_blank\" rel=\"noopener noreferrer\">EWA 5000<\/a><\/span><\/p>\n<p><span style=\"font-size: 10pt;\"><a href=\"http:\/\/steimer.fr\/index.php\/ewa\/\" target=\"_blank\" rel=\"noopener noreferrer\">EWA 6000<\/a><\/span><\/p>\n<\/td>\n<\/tr>\n<\/tbody>\n<\/table>\n<p>&nbsp;<\/p>\n<table style=\"width: 103.834%; height: 21px;\">\n<tbody>\n<tr>\n<td class=\"tdpic\" style=\"width: 38.2151%;\">\n<h2><span style=\"font-size: 14pt;\">EWA XL &#8211; Combin\u00e9 de pr\u00e9paration<\/span><\/h2>\n<p><a href=\"http:\/\/steimer.fr\/en\/ewa-xl-combine-de-preparation\/\"><img decoding=\"async\" class=\"alignleft wp-image-4186 size-medium\" src=\"https:\/\/steimer.fr\/wp-content\/uploads\/2020\/11\/Ewa-xl-chassis-300x198.jpg\" alt=\"combine de preparation de sol\" width=\"300\" height=\"198\" srcset=\"https:\/\/steimer.fr\/wp-content\/uploads\/2020\/11\/Ewa-xl-chassis-300x198.jpg 300w, https:\/\/steimer.fr\/wp-content\/uploads\/2020\/11\/Ewa-xl-chassis-768x508.jpg 768w, https:\/\/steimer.fr\/wp-content\/uploads\/2020\/11\/Ewa-xl-chassis.jpg 901w\" sizes=\"(max-width: 300px) 100vw, 300px\" \/><\/a><\/p>\n<\/td>\n<td class=\"tdtext\" style=\"width: 18.7816%;\"><strong>Port\u00e9 fixe<\/strong>\n<p>&nbsp;<\/p>\n<p><span style=\"font-size: 10pt;\"><a href=\"http:\/\/steimer.fr\/en\/ewa-xl-combine-de-preparation\/\" target=\"_blank\" rel=\"noopener noreferrer\">EWA 3000<\/a><\/span><\/p>\n<p><span style=\"font-size: 10pt;\"><a href=\"http:\/\/steimer.fr\/en\/ewa-xl-combine-de-preparation\/\" target=\"_blank\" rel=\"noopener noreferrer\">EWA 4000<\/a><\/span><\/p>\n<\/td>\n<td class=\"tdtext\" style=\"width: 17.8479%;\"><strong>Port\u00e9 repliable<\/strong>\n<p>&nbsp;<\/p>\n<p><span style=\"font-size: 10pt;\"><a href=\"http:\/\/steimer.fr\/en\/ewa-xl-combine-de-preparation\/\" target=\"_blank\" rel=\"noopener noreferrer\">EWA 4000<\/a><\/span><\/p>\n<p><span style=\"font-size: 10pt;\"><a href=\"http:\/\/steimer.fr\/en\/ewa-xl-combine-de-preparation\/\" target=\"_blank\" rel=\"noopener noreferrer\">EWA 4500<\/a><\/span><\/p>\n<\/td>\n<td class=\"tdtext\" style=\"width: 23.7824%;\"><strong>Semi-port\u00e9 repliable<\/strong>\n<p>&nbsp;<\/p>\n<p><span style=\"font-size: 10pt;\"><a href=\"http:\/\/steimer.fr\/en\/ewa-xl-combine-de-preparation\/\" target=\"_blank\" rel=\"noopener noreferrer\">EWA 4000<\/a><\/span><\/p>\n<p><span style=\"font-size: 10pt;\"><a href=\"http:\/\/steimer.fr\/en\/ewa-xl-combine-de-preparation\/\" target=\"_blank\" rel=\"noopener noreferrer\">EWA 4500<\/a><\/span><\/p>\n<p><span style=\"font-size: 10pt;\"><a href=\"http:\/\/steimer.fr\/en\/ewa-xl-combine-de-preparation\/\" target=\"_blank\" rel=\"noopener noreferrer\">EWA 5000<\/a><\/span><\/p>\n<p><span style=\"font-size: 10pt;\"><a href=\"http:\/\/steimer.fr\/en\/ewa-xl-combine-de-preparation\/\" target=\"_blank\" rel=\"noopener noreferrer\">EWA 6000<\/a><\/span><\/p>\n<\/td>\n<\/tr>\n<\/tbody>\n<\/table>\n<p>&nbsp;<\/p>\n<table style=\"width: 104.167%; height: 26px;\">\n<tbody>\n<tr>\n<td class=\"tdpic style=\" style=\"width: 36.2554%;\">\n<h2><span style=\"font-size: 14pt;\">AGATA &#8211; Vibroculteur<\/span><\/h2>\n<p><a href=\"http:\/\/steimer.fr\/index.php\/agata\/\"><img decoding=\"async\" class=\"alignleft wp-image-1608 size-medium\" src=\"https:\/\/steimer.fr\/wp-content\/uploads\/2017\/06\/agata-300x207.png\" alt=\"preparation de sol vibroculteur\" width=\"300\" height=\"207\" srcset=\"https:\/\/steimer.fr\/wp-content\/uploads\/2017\/06\/agata-300x207.png 300w, https:\/\/steimer.fr\/wp-content\/uploads\/2017\/06\/agata-768x529.png 768w, https:\/\/steimer.fr\/wp-content\/uploads\/2017\/06\/agata.png 783w\" sizes=\"(max-width: 300px) 100vw, 300px\" \/><\/a><\/p>\n<\/td>\n<td class=\"tdtext\" style=\"width: 17.8526%;\"><strong>Port\u00e9 fixe<\/strong>\n<p>&nbsp;<\/p>\n<p><span style=\"font-size: 10pt;\"><a href=\"http:\/\/steimer.fr\/index.php\/agata\/\" target=\"_blank\" rel=\"noopener noreferrer\">AGATA 3000<\/a><\/span><\/p>\n<p><span style=\"font-size: 10pt;\"><a href=\"http:\/\/steimer.fr\/index.php\/agata\/\">AGATA 3500<\/a><\/span><\/p>\n<p><span style=\"font-size: 10pt;\"><a href=\"http:\/\/steimer.fr\/index.php\/agata\/\" target=\"_blank\" rel=\"noopener noreferrer\">AGATA 4000<\/a><\/span><\/p>\n<\/td>\n<td class=\"tdtext\" style=\"width: 16.3452%;\"><strong>Port\u00e9 repliable<\/strong>\n<p>&nbsp;<\/p>\n<p><span style=\"font-size: 10pt;\"><a href=\"http:\/\/steimer.fr\/index.php\/agata\/\" target=\"_blank\" rel=\"noopener noreferrer\">AGATA 4000<\/a><\/span><\/p>\n<p><span style=\"font-size: 10pt;\"><a href=\"http:\/\/steimer.fr\/index.php\/agata\/\" target=\"_blank\" rel=\"noopener noreferrer\">AGATA 4500<\/a><\/span><\/p>\n<p><span style=\"font-size: 10pt;\"><a href=\"http:\/\/steimer.fr\/index.php\/agata\/\" target=\"_blank\" rel=\"noopener noreferrer\">AGATA 5000<\/a><\/span><\/p>\n<p><span style=\"font-size: 10pt;\"><a href=\"http:\/\/steimer.fr\/index.php\/agata\/\">AGATA 6000<\/a><\/span><\/p>\n<\/td>\n<td class=\"tdtext\" style=\"width: 22.8428%;\"><strong>Semi-port\u00e9 repliable<\/strong>\n<p>&nbsp;<\/p>\n<p><span style=\"font-size: 10pt;\"><a href=\"http:\/\/steimer.fr\/index.php\/agata\/\" target=\"_blank\" rel=\"noopener noreferrer\">AGATA 4000<\/a><\/span><\/p>\n<p><span style=\"font-size: 10pt;\"><a href=\"http:\/\/steimer.fr\/index.php\/agata\/\" target=\"_blank\" rel=\"noopener noreferrer\">AGATA 4500<\/a><\/span><\/p>\n<p><span style=\"font-size: 10pt;\"><a href=\"http:\/\/steimer.fr\/index.php\/agata\/\" target=\"_blank\" rel=\"noopener noreferrer\">AGATA 5000<\/a><\/span><\/p>\n<p><span style=\"font-size: 10pt;\"><a href=\"http:\/\/steimer.fr\/index.php\/agata\/\">AGATA 6000<\/a><\/span><\/p>\n<\/td>\n<\/tr>\n<\/tbody>\n<\/table>\n<p>&nbsp;<\/p>\n<table style=\"width: 104.405%; height: 26px;\">\n<tbody>\n<tr>\n<td class=\"tdpic style=\" style=\"width: 38.7366%;\">\n<h2><span style=\"font-size: 14pt;\">AGATA + &#8211; Vibroculteur lourd<br><\/span><\/h2>\n<p><a href=\"http:\/\/steimer.fr\/en\/agata-vibroculteur-lourd\/\"><img loading=\"lazy\" decoding=\"async\" class=\"alignleft wp-image-4168 size-medium\" src=\"https:\/\/steimer.fr\/wp-content\/uploads\/2020\/11\/AGATA-STEIMER-300x192.jpg\" alt=\"vibroculteur lourd - pr\u00e9paration de sol\" width=\"300\" height=\"192\" srcset=\"https:\/\/steimer.fr\/wp-content\/uploads\/2020\/11\/AGATA-STEIMER-300x192.jpg 300w, https:\/\/steimer.fr\/wp-content\/uploads\/2020\/11\/AGATA-STEIMER.jpg 500w\" sizes=\"(max-width: 300px) 100vw, 300px\" \/><\/a><\/p>\n<\/td>\n<td class=\"tdtext\" style=\"width: 19.2568%;\"><strong>Port\u00e9 repliable<\/strong>\n<p>&nbsp;<\/p>\n<p><span style=\"font-size: 10pt;\"><a href=\"http:\/\/steimer.fr\/en\/agata-vibroculteur-lourd\/\" target=\"_blank\" rel=\"noopener noreferrer\">AGATA + 4000<\/a><\/span><\/p>\n<p><span style=\"font-size: 10pt;\"><a href=\"http:\/\/steimer.fr\/en\/agata-vibroculteur-lourd\/\" target=\"_blank\" rel=\"noopener noreferrer\">AGATA + 5000<\/a><\/span><\/p>\n<p><span style=\"font-size: 10pt;\"><a href=\"http:\/\/steimer.fr\/en\/agata-vibroculteur-lourd\/\" target=\"_blank\" rel=\"noopener noreferrer\">AGATA + 6000<\/a><\/span><\/p>\n<\/td>\n<td class=\"tdtext\" style=\"width: 19.3343%;\"><strong>Semi-port\u00e9 repliable<\/strong>\n<p>&nbsp;<\/p>\n<p><span style=\"font-size: 10pt;\"><a href=\"http:\/\/steimer.fr\/en\/agata-vibroculteur-lourd\/\" target=\"_blank\" rel=\"noopener noreferrer\">AGATA + 6500<\/a><\/span><\/p>\n<p><span style=\"font-size: 10pt;\"><a href=\"http:\/\/steimer.fr\/en\/agata-vibroculteur-lourd\/\">AGATA + 8000<\/a><\/span><\/p>\n<\/td>\n<td style=\"width: 53.9641%;\">\n<p><strong>&nbsp;<\/strong><\/p>\n<p>&nbsp;<\/p>\n<p>&nbsp;<\/p>\n<\/td>\n<\/tr>\n<\/tbody>\n<\/table>\n<p>&nbsp;<\/p>\n<table style=\"width: 104.814%; height: 28px;\">\n<tbody>\n<tr>\n<td class=\"tdpic\" style=\"width: 38.975%;\">\n<h2><span style=\"font-size: 14pt;\">LENA &#8211; Combin\u00e9 de pr\u00e9paration<\/span><\/h2>\n<p><a href=\"http:\/\/steimer.fr\/index.php\/lena\/\"><img loading=\"lazy\" decoding=\"async\" class=\"alignleft wp-image-1610 size-medium\" src=\"https:\/\/steimer.fr\/wp-content\/uploads\/2017\/06\/lena-300x207.png\" alt=\"pr\u00e9paration du sol\" width=\"300\" height=\"207\" srcset=\"https:\/\/steimer.fr\/wp-content\/uploads\/2017\/06\/lena-300x207.png 300w, https:\/\/steimer.fr\/wp-content\/uploads\/2017\/06\/lena.png 709w\" sizes=\"(max-width: 300px) 100vw, 300px\" \/><\/a><\/p>\n<\/td>\n<td class=\"tdtext\" style=\"width: 19.0915%;\"><strong>Port\u00e9 fixe<\/strong>\n<p>&nbsp;<\/p>\n<p><span style=\"font-size: 10pt;\"><a href=\"http:\/\/steimer.fr\/index.php\/lena\/\" target=\"_blank\" rel=\"noopener noreferrer\">LENA 3000<\/a><\/span><\/p>\n<p><span style=\"font-size: 10pt;\"><a href=\"http:\/\/steimer.fr\/index.php\/lena\/\" target=\"_blank\" rel=\"noopener noreferrer\">LENA 3500<\/a><\/span><\/p>\n<p><span style=\"font-size: 10pt;\"><a href=\"http:\/\/steimer.fr\/index.php\/lena\/\" target=\"_blank\" rel=\"noopener noreferrer\">LENA 4000<\/a><\/span><\/p>\n<\/td>\n<td class=\"tdtext\" style=\"width: 19.138%;\"><strong>Port\u00e9 repliable<\/strong>\n<p>&nbsp;<\/p>\n<p><span style=\"font-size: 10pt;\"><a href=\"http:\/\/steimer.fr\/index.php\/lena\/\" target=\"_blank\" rel=\"noopener noreferrer\">LENA 4000<\/a><\/span><\/p>\n<p><span style=\"font-size: 10pt;\"><a href=\"http:\/\/steimer.fr\/index.php\/lena\/\" target=\"_blank\" rel=\"noopener noreferrer\">LENA 4500<\/a><\/span><\/p>\n<p><span style=\"font-size: 10pt;\"><a href=\"http:\/\/steimer.fr\/index.php\/lena\/\" target=\"_blank\" rel=\"noopener noreferrer\">LENA 5000<\/a><\/span><\/p>\n<p><span style=\"font-size: 10pt;\"><a href=\"http:\/\/steimer.fr\/index.php\/lena\/\" target=\"_blank\" rel=\"noopener noreferrer\">LENA 5500<\/a><\/span><\/p>\n<p><span style=\"font-size: 10pt;\"><a href=\"http:\/\/steimer.fr\/index.php\/lena\/\" target=\"_blank\" rel=\"noopener noreferrer\">LENA 6000<\/a><\/span><\/p>\n<\/td>\n<td style=\"width: 54.6411%;\">\n<p><strong>&nbsp;<\/strong><\/p>\n<p>&nbsp;<\/p>\n<p>&nbsp;<\/p>\n<\/td>\n<\/tr>\n<\/tbody>\n<\/table>\n<p>&nbsp;<\/p>\n<table style=\"width: 104.816%; height: 28px;\">\n<tbody>\n<tr>\n<td class=\"tdpic\" style=\"width: 39.1185%;\">\n<h2><span style=\"font-size: 14pt;\">ZOSIA &#8211; Combin\u00e9 de pr\u00e9paration<\/span><\/h2>\n<p><a href=\"http:\/\/steimer.fr\/en\/zosia-combine-de-preparation\/\"><img loading=\"lazy\" decoding=\"async\" class=\"alignleft wp-image-4365 size-medium\" src=\"https:\/\/steimer.fr\/wp-content\/uploads\/2021\/02\/ZOSIA-preparateur-de-lit-de-semence-steimer-300x170.jpg\" alt=\"travail du sol combine de preparation\" width=\"300\" height=\"170\" srcset=\"https:\/\/steimer.fr\/wp-content\/uploads\/2021\/02\/ZOSIA-preparateur-de-lit-de-semence-steimer-300x170.jpg 300w, https:\/\/steimer.fr\/wp-content\/uploads\/2021\/02\/ZOSIA-preparateur-de-lit-de-semence-steimer-768x435.jpg 768w, https:\/\/steimer.fr\/wp-content\/uploads\/2021\/02\/ZOSIA-preparateur-de-lit-de-semence-steimer.jpg 1005w\" sizes=\"(max-width: 300px) 100vw, 300px\" \/><\/a><\/p>\n<\/td>\n<td class=\"tdtext\" style=\"width: 20.3843%;\"><strong>Semi-port\u00e9 repliable<\/strong>\n<p>&nbsp;<\/p>\n<p><span style=\"font-size: 10pt;\"><a href=\"http:\/\/steimer.fr\/en\/zosia-combine-de-preparation\/\">ZOSIA 6000<\/a><\/span><\/p>\n<p><span style=\"font-size: 10pt;\"><a href=\"http:\/\/steimer.fr\/en\/zosia-combine-de-preparation\/\">ZOSIA 7000<\/a><\/span><\/p>\n<p><span style=\"font-size: 10pt;\"><a href=\"http:\/\/steimer.fr\/en\/zosia-combine-de-preparation\/\">ZOSIA 8000<\/a><\/span><\/p>\n<\/td>\n<td class=\"tdtext\" style=\"width: 18.3963%;\">\n<p>&nbsp;<\/p>\n<p>&nbsp;<\/p>\n<p>&nbsp;<\/p>\n<\/td>\n<td style=\"width: 56.7223%;\">\n<p>&nbsp;<\/p>\n<p>&nbsp;<\/p>\n<\/td>\n<\/tr>\n<\/tbody>\n<\/table>\n<p>&nbsp;<\/p>\n<p>Afin de pr\u00e9parer le <strong>lit de semences<\/strong> pour la production de pommes de terre, betteraves, ma\u00efs&nbsp;etc., il est n\u00e9cessaire d&rsquo;avoir \u00e0 disposition des outils pr\u00e9cis et offrant un bon m\u00e9lange ainsi qu&rsquo;un nivellement et un \u00e9miettement parfaits.<\/p>\n<p>Gr\u00e2ce \u00e0 leurs \u00e9quipements (planches de nivellement, plaques lat\u00e9rales, rouleaux&#8230;) et \u00e0 leurs divers types de dents (droites ou courbes), les combin\u00e9s STEIMER offrent une <strong>pr\u00e9paration de sol<\/strong> optimale. Ils laissent&nbsp;en effet une surface plane et homog\u00e8ne, tout en permettant un m\u00e9lange sur des profondeurs allant jusqu&rsquo;\u00e0 10 cm. Ceci favorise l&rsquo;a\u00e9ration du sol pour une meilleure germination. L&rsquo;installation d&rsquo;un <a href=\"http:\/\/steimer.fr\/index.php\/gamme-de-rouleaux\/\" target=\"_blank\" rel=\"noopener noreferrer\">rouleau<\/a> \u00e0 l&rsquo;arri\u00e8re permettra quant \u00e0 lui de tasser le sol, pour un meilleur contact terre-graine.<\/p>\n<p>Nos mod\u00e8les se caract\u00e9risent par ailleurs par leur grande polyvalence, qui \u00e9vite le passage de plusieurs outils et rend ainsi la pr\u00e9paration du lit de semences plus simple et plus rapide. Avec des largeurs de travail de 3 \u00e0 8 m\u00e8tres et diff\u00e9rentes versions (fixe, repliable ou semi-port\u00e9), il est possible de trouver l&rsquo;outil le plus adapt\u00e9 \u00e0 vos besoins.<\/p>","protected":false},"excerpt":{"rendered":"<p>EWA &#8211; Combin\u00e9 de pr\u00e9paration Port\u00e9 fixe &nbsp; EWA 3000 EWA 4000 Port\u00e9 repliable &nbsp; EWA 4000 EWA 4500 EWA 5000 EWA 6000 Semi-port\u00e9 repliable &nbsp; EWA 4000 EWA 4500 EWA 5000 EWA 6000 &nbsp; EWA XL &#8211; Combin\u00e9 de pr\u00e9paration Port\u00e9 fixe &nbsp; EWA 3000 EWA 4000 Port\u00e9 repliable &nbsp; EWA 4000 EWA 4500 &hellip; <\/p>\n<p class=\"link-more\"><a href=\"https:\/\/steimer.fr\/en\/preparation-de-sol\/\" class=\"more-link\">Read more<span class=\"screen-reader-text\"> \u00ab\u00a0Pr\u00e9paration de sol\u00a0\u00bb<\/span><\/a><\/p>","protected":false},"author":1,"featured_media":0,"parent":0,"menu_order":0,"comment_status":"closed","ping_status":"closed","template":"","meta":{"inspiro_hide_title":false,"footnotes":""},"class_list":["post-219","page","type-page","status-publish","hentry"],"yoast_head":"<!-- This site is optimized with the Yoast SEO plugin v27.3 - https:\/\/yoast.com\/product\/yoast-seo-wordpress\/ -->\n<title>Combin\u00e9s de pr\u00e9paration STEIMER : les outils indispensables<\/title>\n<meta name=\"description\" content=\"Les combin\u00e9s de preparation de sol STEIMER garantissent le m\u00e9lange, l&#039;\u00e9miettement, le nivellement et le rappui, pour une lev\u00e9e optimale des cultures.\" \/>\n<meta name=\"robots\" content=\"index, follow, max-snippet:-1, max-image-preview:large, max-video-preview:-1\" \/>\n<link rel=\"canonical\" href=\"https:\/\/steimer.fr\/en\/preparation-de-sol\/\" \/>\n<meta property=\"og:locale\" content=\"en_GB\" \/>\n<meta property=\"og:type\" content=\"article\" \/>\n<meta property=\"og:title\" content=\"Combin\u00e9s de pr\u00e9paration STEIMER : les outils indispensables\" \/>\n<meta property=\"og:description\" content=\"Les combin\u00e9s de preparation de sol STEIMER garantissent le m\u00e9lange, l&#039;\u00e9miettement, le nivellement et le rappui, pour une lev\u00e9e optimale des cultures.\" \/>\n<meta property=\"og:url\" content=\"https:\/\/steimer.fr\/en\/preparation-de-sol\/\" \/>\n<meta property=\"og:site_name\" content=\"Fabricant de mat\u00e9riel agricole\" \/>\n<meta property=\"article:publisher\" content=\"https:\/\/www.facebook.com\/steimer.fr\" \/>\n<meta property=\"article:modified_time\" content=\"2021-07-08T07:32:49+00:00\" \/>\n<meta property=\"og:image\" content=\"https:\/\/steimer.fr\/wp-content\/uploads\/2017\/06\/ewa-300x206.png\" \/>\n<meta name=\"twitter:card\" content=\"summary_large_image\" \/>\n<meta name=\"twitter:label1\" content=\"Estimated reading time\" \/>\n\t<meta name=\"twitter:data1\" content=\"3 minutes\" \/>\n<script type=\"application\/ld+json\" class=\"yoast-schema-graph\">{\"@context\":\"https:\\\/\\\/schema.org\",\"@graph\":[{\"@type\":\"WebPage\",\"@id\":\"https:\\\/\\\/steimer.fr\\\/preparation-de-sol\\\/\",\"url\":\"https:\\\/\\\/steimer.fr\\\/preparation-de-sol\\\/\",\"name\":\"Combin\u00e9s de pr\u00e9paration STEIMER : les outils indispensables\",\"isPartOf\":{\"@id\":\"https:\\\/\\\/steimer.fr\\\/#website\"},\"primaryImageOfPage\":{\"@id\":\"https:\\\/\\\/steimer.fr\\\/preparation-de-sol\\\/#primaryimage\"},\"image\":{\"@id\":\"https:\\\/\\\/steimer.fr\\\/preparation-de-sol\\\/#primaryimage\"},\"thumbnailUrl\":\"https:\\\/\\\/steimer.fr\\\/wp-content\\\/uploads\\\/2017\\\/06\\\/ewa-300x206.png\",\"datePublished\":\"2017-04-10T09:14:20+00:00\",\"dateModified\":\"2021-07-08T07:32:49+00:00\",\"description\":\"Les combin\u00e9s de preparation de sol STEIMER garantissent le m\u00e9lange, l'\u00e9miettement, le nivellement et le rappui, pour une lev\u00e9e optimale des cultures.\",\"breadcrumb\":{\"@id\":\"https:\\\/\\\/steimer.fr\\\/preparation-de-sol\\\/#breadcrumb\"},\"inLanguage\":\"en-GB\",\"potentialAction\":[{\"@type\":\"ReadAction\",\"target\":[\"https:\\\/\\\/steimer.fr\\\/preparation-de-sol\\\/\"]}]},{\"@type\":\"ImageObject\",\"inLanguage\":\"en-GB\",\"@id\":\"https:\\\/\\\/steimer.fr\\\/preparation-de-sol\\\/#primaryimage\",\"url\":\"https:\\\/\\\/steimer.fr\\\/wp-content\\\/uploads\\\/2017\\\/06\\\/ewa-300x206.png\",\"contentUrl\":\"https:\\\/\\\/steimer.fr\\\/wp-content\\\/uploads\\\/2017\\\/06\\\/ewa-300x206.png\"},{\"@type\":\"BreadcrumbList\",\"@id\":\"https:\\\/\\\/steimer.fr\\\/preparation-de-sol\\\/#breadcrumb\",\"itemListElement\":[{\"@type\":\"ListItem\",\"position\":1,\"name\":\"Accueil\",\"item\":\"https:\\\/\\\/steimer.fr\\\/\"},{\"@type\":\"ListItem\",\"position\":2,\"name\":\"Pr\u00e9paration de sol\"}]},{\"@type\":\"WebSite\",\"@id\":\"https:\\\/\\\/steimer.fr\\\/#website\",\"url\":\"https:\\\/\\\/steimer.fr\\\/\",\"name\":\"Fabricant de mat\u00e9riel agricole\",\"description\":\"Machines pour la pr\u00e9paration du sol et le semis\",\"publisher\":{\"@id\":\"https:\\\/\\\/steimer.fr\\\/#organization\"},\"potentialAction\":[{\"@type\":\"SearchAction\",\"target\":{\"@type\":\"EntryPoint\",\"urlTemplate\":\"https:\\\/\\\/steimer.fr\\\/?s={search_term_string}\"},\"query-input\":{\"@type\":\"PropertyValueSpecification\",\"valueRequired\":true,\"valueName\":\"search_term_string\"}}],\"inLanguage\":\"en-GB\"},{\"@type\":\"Organization\",\"@id\":\"https:\\\/\\\/steimer.fr\\\/#organization\",\"name\":\"STEIMER\",\"url\":\"https:\\\/\\\/steimer.fr\\\/\",\"logo\":{\"@type\":\"ImageObject\",\"inLanguage\":\"en-GB\",\"@id\":\"https:\\\/\\\/steimer.fr\\\/#\\\/schema\\\/logo\\\/image\\\/\",\"url\":\"https:\\\/\\\/steimer.fr\\\/wp-content\\\/uploads\\\/2021\\\/11\\\/cropped-logo-jpeg.png\",\"contentUrl\":\"https:\\\/\\\/steimer.fr\\\/wp-content\\\/uploads\\\/2021\\\/11\\\/cropped-logo-jpeg.png\",\"width\":210,\"height\":48,\"caption\":\"STEIMER\"},\"image\":{\"@id\":\"https:\\\/\\\/steimer.fr\\\/#\\\/schema\\\/logo\\\/image\\\/\"},\"sameAs\":[\"https:\\\/\\\/www.facebook.com\\\/steimer.fr\",\"https:\\\/\\\/www.instagram.com\\\/\"]}]}<\/script>\n<!-- \/ Yoast SEO plugin. -->","yoast_head_json":{"title":"Combin\u00e9s de pr\u00e9paration STEIMER : les outils indispensables","description":"Les combin\u00e9s de preparation de sol STEIMER garantissent le m\u00e9lange, l'\u00e9miettement, le nivellement et le rappui, pour une lev\u00e9e optimale des cultures.","robots":{"index":"index","follow":"follow","max-snippet":"max-snippet:-1","max-image-preview":"max-image-preview:large","max-video-preview":"max-video-preview:-1"},"canonical":"https:\/\/steimer.fr\/en\/preparation-de-sol\/","og_locale":"en_GB","og_type":"article","og_title":"Combin\u00e9s de pr\u00e9paration STEIMER : les outils indispensables","og_description":"Les combin\u00e9s de preparation de sol STEIMER garantissent le m\u00e9lange, l'\u00e9miettement, le nivellement et le rappui, pour une lev\u00e9e optimale des cultures.","og_url":"https:\/\/steimer.fr\/en\/preparation-de-sol\/","og_site_name":"Fabricant de mat\u00e9riel agricole","article_publisher":"https:\/\/www.facebook.com\/steimer.fr","article_modified_time":"2021-07-08T07:32:49+00:00","og_image":[{"url":"https:\/\/steimer.fr\/wp-content\/uploads\/2017\/06\/ewa-300x206.png","type":"","width":"","height":""}],"twitter_card":"summary_large_image","twitter_misc":{"Estimated reading time":"3 minutes"},"schema":{"@context":"https:\/\/schema.org","@graph":[{"@type":"WebPage","@id":"https:\/\/steimer.fr\/preparation-de-sol\/","url":"https:\/\/steimer.fr\/preparation-de-sol\/","name":"Combin\u00e9s de pr\u00e9paration STEIMER : les outils indispensables","isPartOf":{"@id":"https:\/\/steimer.fr\/#website"},"primaryImageOfPage":{"@id":"https:\/\/steimer.fr\/preparation-de-sol\/#primaryimage"},"image":{"@id":"https:\/\/steimer.fr\/preparation-de-sol\/#primaryimage"},"thumbnailUrl":"https:\/\/steimer.fr\/wp-content\/uploads\/2017\/06\/ewa-300x206.png","datePublished":"2017-04-10T09:14:20+00:00","dateModified":"2021-07-08T07:32:49+00:00","description":"Les combin\u00e9s de preparation de sol STEIMER garantissent le m\u00e9lange, l'\u00e9miettement, le nivellement et le rappui, pour une lev\u00e9e optimale des cultures.","breadcrumb":{"@id":"https:\/\/steimer.fr\/preparation-de-sol\/#breadcrumb"},"inLanguage":"en-GB","potentialAction":[{"@type":"ReadAction","target":["https:\/\/steimer.fr\/preparation-de-sol\/"]}]},{"@type":"ImageObject","inLanguage":"en-GB","@id":"https:\/\/steimer.fr\/preparation-de-sol\/#primaryimage","url":"https:\/\/steimer.fr\/wp-content\/uploads\/2017\/06\/ewa-300x206.png","contentUrl":"https:\/\/steimer.fr\/wp-content\/uploads\/2017\/06\/ewa-300x206.png"},{"@type":"BreadcrumbList","@id":"https:\/\/steimer.fr\/preparation-de-sol\/#breadcrumb","itemListElement":[{"@type":"ListItem","position":1,"name":"Accueil","item":"https:\/\/steimer.fr\/"},{"@type":"ListItem","position":2,"name":"Pr\u00e9paration de sol"}]},{"@type":"WebSite","@id":"https:\/\/steimer.fr\/#website","url":"https:\/\/steimer.fr\/","name":"Fabricant de mat\u00e9riel agricole","description":"Machines pour la pr\u00e9paration du sol et le semis","publisher":{"@id":"https:\/\/steimer.fr\/#organization"},"potentialAction":[{"@type":"SearchAction","target":{"@type":"EntryPoint","urlTemplate":"https:\/\/steimer.fr\/?s={search_term_string}"},"query-input":{"@type":"PropertyValueSpecification","valueRequired":true,"valueName":"search_term_string"}}],"inLanguage":"en-GB"},{"@type":"Organization","@id":"https:\/\/steimer.fr\/#organization","name":"STEIMER","url":"https:\/\/steimer.fr\/","logo":{"@type":"ImageObject","inLanguage":"en-GB","@id":"https:\/\/steimer.fr\/#\/schema\/logo\/image\/","url":"https:\/\/steimer.fr\/wp-content\/uploads\/2021\/11\/cropped-logo-jpeg.png","contentUrl":"https:\/\/steimer.fr\/wp-content\/uploads\/2021\/11\/cropped-logo-jpeg.png","width":210,"height":48,"caption":"STEIMER"},"image":{"@id":"https:\/\/steimer.fr\/#\/schema\/logo\/image\/"},"sameAs":["https:\/\/www.facebook.com\/steimer.fr","https:\/\/www.instagram.com\/"]}]}},"_links":{"self":[{"href":"https:\/\/steimer.fr\/en\/wp-json\/wp\/v2\/pages\/219","targetHints":{"allow":["GET"]}}],"collection":[{"href":"https:\/\/steimer.fr\/en\/wp-json\/wp\/v2\/pages"}],"about":[{"href":"https:\/\/steimer.fr\/en\/wp-json\/wp\/v2\/types\/page"}],"author":[{"embeddable":true,"href":"https:\/\/steimer.fr\/en\/wp-json\/wp\/v2\/users\/1"}],"replies":[{"embeddable":true,"href":"https:\/\/steimer.fr\/en\/wp-json\/wp\/v2\/comments?post=219"}],"version-history":[{"count":47,"href":"https:\/\/steimer.fr\/en\/wp-json\/wp\/v2\/pages\/219\/revisions"}],"predecessor-version":[{"id":4546,"href":"https:\/\/steimer.fr\/en\/wp-json\/wp\/v2\/pages\/219\/revisions\/4546"}],"wp:attachment":[{"href":"https:\/\/steimer.fr\/en\/wp-json\/wp\/v2\/media?parent=219"}],"curies":[{"name":"wp","href":"https:\/\/api.w.org\/{rel}","templated":true}]}}