{"id":196,"date":"2017-04-10T10:06:58","date_gmt":"2017-04-10T08:06:58","guid":{"rendered":"http:\/\/steimer.fr\/?page_id=196"},"modified":"2021-07-08T09:45:10","modified_gmt":"2021-07-08T07:45:10","slug":"dechaumeurs","status":"publish","type":"page","link":"https:\/\/steimer.fr\/en\/dechaumeurs\/","title":{"rendered":"D\u00e9chaumeurs \u00e0 disques"},"content":{"rendered":"<table style=\"width: 918px; height: 22px;\">\n<tbody>\n<tr style=\"height: 207px;\">\n<td class=\"tdpic\" style=\"width: 539.217px; height: 207px;\">\n<h2><span style=\"font-size: 14pt;\">PAULINA &#8211; D\u00e9chaumeur \u00e0 disques<br \/>\n\u00d8510 ou \u00d8560 mm<\/span><a href=\"http:\/\/steimer.fr\/index.php\/paulina\/\"><img fetchpriority=\"high\" decoding=\"async\" class=\"alignleft wp-image-2112 size-medium\" src=\"https:\/\/steimer.fr\/wp-content\/uploads\/2017\/07\/Paulina5-min-300x188.jpg\" alt=\"dechaumeur disques leger steimer\" width=\"300\" height=\"188\" srcset=\"https:\/\/steimer.fr\/wp-content\/uploads\/2017\/07\/Paulina5-min-300x188.jpg 300w, https:\/\/steimer.fr\/wp-content\/uploads\/2017\/07\/Paulina5-min-768x481.jpg 768w, https:\/\/steimer.fr\/wp-content\/uploads\/2017\/07\/Paulina5-min-1024x641.jpg 1024w\" sizes=\"(max-width: 300px) 100vw, 300px\" \/><\/a><\/h2>\n<\/td>\n<td class=\"tdtext\" style=\"width: 187.783px;\">&nbsp;&nbsp;<\/p>\n<p><strong>Port\u00e9 fixe<\/strong><\/p>\n<p><span style=\"font-size: 10pt;\"><a href=\"http:\/\/steimer.fr\/index.php\/paulina\/\" target=\"_blank\" rel=\"noopener noreferrer\">PAULINA PF 3000<\/a><\/span><\/p>\n<p><span style=\"font-size: 10pt;\"><a href=\"http:\/\/steimer.fr\/index.php\/paulina\/\" target=\"_blank\" rel=\"noopener noreferrer\">PAULINA PF 3500<\/a><\/span><\/p>\n<p><span style=\"font-size: 10pt;\"><a href=\"http:\/\/steimer.fr\/index.php\/paulina\/\" target=\"_blank\" rel=\"noopener noreferrer\">PAULINA PF 4000<\/a><\/span><\/td>\n<td class=\"tdtext\" style=\"width: 179px;\">&nbsp;&nbsp;<\/p>\n<p><strong>Port\u00e9 repliable<\/strong><\/p>\n<p><span style=\"font-size: 10pt;\"><a href=\"http:\/\/steimer.fr\/index.php\/paulina\/\" target=\"_blank\" rel=\"noopener noreferrer\">PAULINA PR 4000<\/a><\/span><\/p>\n<p><span style=\"font-size: 10pt;\"><a href=\"http:\/\/steimer.fr\/index.php\/paulina\/\" target=\"_blank\" rel=\"noopener noreferrer\">PAULINA PR 5000<\/a><\/span><\/p>\n<p><span style=\"font-size: 10pt;\"><a href=\"http:\/\/steimer.fr\/index.php\/paulina\/\" target=\"_blank\" rel=\"noopener noreferrer\">PAULINA PR 6000<\/a><\/span><\/td>\n<td class=\"tdtext\" style=\"width: 229px; height: 207px; text-align: left;\">&nbsp;&nbsp;<\/p>\n<p><strong>Semi-port\u00e9 repliable<\/strong><\/p>\n<p><span style=\"font-size: 10pt;\"><a href=\"http:\/\/steimer.fr\/index.php\/paulina\/\" target=\"_blank\" rel=\"noopener noreferrer\">PAULINA &nbsp;SC 4000<\/a><\/span><\/p>\n<p><span style=\"font-size: 10pt;\"><a href=\"http:\/\/steimer.fr\/index.php\/paulina\/\" target=\"_blank\" rel=\"noopener noreferrer\">PAULINA SC 5000<\/a><\/span><\/p>\n<p><span style=\"font-size: 10pt;\"><a href=\"http:\/\/steimer.fr\/index.php\/paulina\/\" target=\"_blank\" rel=\"noopener noreferrer\">PAULINA SC 6000<\/a><\/span><\/td>\n<\/tr>\n<\/tbody>\n<\/table>\n<table style=\"width: 918px; height: 22px;\">\n<tbody>\n<tr style=\"height: 275px;\">\n<td class=\"tdpic\" style=\"width: 508px; height: 275px;\">\n<h2><span style=\"font-size: 14pt;\">IXELLA &#8211; D\u00e9chaumeur \u00e0 disques<br \/>\n\u00d8515 ou \u00d8560 mm<\/span><a href=\"http:\/\/steimer.fr\/en\/ixella-dechaumeur-disques\/\"><img decoding=\"async\" class=\"alignleft wp-image-4338 size-medium\" src=\"https:\/\/steimer.fr\/wp-content\/uploads\/2017\/04\/IXELLA-menu-dechaumeur-disques-300x169.jpg\" alt=\"d\u00e9chaumeur \u00e0 disques grande largeur\" width=\"300\" height=\"169\" srcset=\"https:\/\/steimer.fr\/wp-content\/uploads\/2017\/04\/IXELLA-menu-dechaumeur-disques-300x169.jpg 300w, https:\/\/steimer.fr\/wp-content\/uploads\/2017\/04\/IXELLA-menu-dechaumeur-disques-768x433.jpg 768w, https:\/\/steimer.fr\/wp-content\/uploads\/2017\/04\/IXELLA-menu-dechaumeur-disques-1024x577.jpg 1024w, https:\/\/steimer.fr\/wp-content\/uploads\/2017\/04\/IXELLA-menu-dechaumeur-disques.jpg 1386w\" sizes=\"(max-width: 300px) 100vw, 300px\" \/><\/a><\/h2>\n<\/td>\n<td class=\"tdtext\" style=\"width: 208.983px;\">&nbsp;&nbsp;<\/p>\n<p><strong>Semi-port\u00e9 repliable<\/strong><\/p>\n<p><span style=\"font-size: 10pt;\"><a href=\"http:\/\/steimer.fr\/en\/ixella-dechaumeur-disques\/\" target=\"_blank\" rel=\"noopener noreferrer\">IXELLA&nbsp; SC 8000<\/a><\/span><\/p>\n<p><span style=\"font-size: 10pt;\"><a href=\"http:\/\/steimer.fr\/en\/ixella-dechaumeur-disques\/\" target=\"_blank\" rel=\"noopener noreferrer\">IXELLA SC 10000<\/a><\/span><\/td>\n<td class=\"tdtext\" style=\"width: 173.017px; height: 275px;\">&nbsp;<\/td>\n<td class=\"tdtext\" style=\"width: 229px; height: 275px;\">&nbsp;<\/td>\n<\/tr>\n<\/tbody>\n<\/table>\n<table style=\"width: 915px; height: 10px;\">\n<tbody>\n<tr style=\"height: 180.833px;\">\n<td class=\"tdpic\" style=\"width: 486px; height: 180.833px;\">\n<h2><span style=\"font-size: 14pt;\">KINGA &#8211; D\u00e9chaumeur \u00e0 disques<br \/>\n\u00d8560 mm<\/span><\/h2>\n<p><a href=\"http:\/\/steimer.fr\/index.php\/kinga\/\"><img decoding=\"async\" class=\"alignnone wp-image-3203\" src=\"http:\/\/steimer.fr\/wp-content\/uploads\/2017\/04\/Kinga-vignette-300x180.jpg\" alt=\"dechaumeur a disques steimer\" width=\"300\" height=\"180\" srcset=\"https:\/\/steimer.fr\/wp-content\/uploads\/2017\/04\/Kinga-vignette-300x180.jpg 300w, https:\/\/steimer.fr\/wp-content\/uploads\/2017\/04\/Kinga-vignette.jpg 500w\" sizes=\"(max-width: 300px) 100vw, 300px\" \/><\/a><\/td>\n<td class=\"tdtext\" style=\"width: 187px; height: 180.833px;\">&nbsp;&nbsp;<\/p>\n<p><strong>Port\u00e9 fixe<\/strong><\/p>\n<p><span style=\"font-size: 10pt;\"><a href=\"http:\/\/steimer.fr\/index.php\/kinga\/\" target=\"_blank\" rel=\"noopener noreferrer\">KINGA PF 3000<\/a><\/span><\/p>\n<p><span style=\"font-size: 10pt;\"><a href=\"http:\/\/steimer.fr\/index.php\/kinga\/\" target=\"_blank\" rel=\"noopener noreferrer\">KINGA PF 3500<\/a><\/span><\/p>\n<p><span style=\"font-size: 10pt;\"><a href=\"http:\/\/steimer.fr\/index.php\/kinga\/\" target=\"_blank\" rel=\"noopener noreferrer\">KINGA PF 4000<\/a><\/span><\/td>\n<td class=\"tdtext\" style=\"width: 171.8px; height: 180.833px;\">&nbsp;&nbsp;<\/p>\n<p><strong>Port\u00e9 repliable<\/strong><\/p>\n<p><span style=\"font-size: 10pt;\"><a href=\"http:\/\/steimer.fr\/index.php\/kinga\/\" target=\"_blank\" rel=\"noopener noreferrer\">KINGA PR 4000<\/a><\/span><\/p>\n<p><span style=\"font-size: 10pt;\"><a href=\"http:\/\/steimer.fr\/index.php\/kinga\/\" target=\"_blank\" rel=\"noopener noreferrer\">KINGA PR 4500<\/a><\/span><\/td>\n<td class=\"tdtext\" style=\"width: 198.2px; height: 180.833px;\">&nbsp;&nbsp;<\/p>\n<p><strong>Semi-port\u00e9 repliable<\/strong><\/p>\n<p><span style=\"font-size: 10pt;\"><a href=\"http:\/\/steimer.fr\/index.php\/kinga\/\" target=\"_blank\" rel=\"noopener noreferrer\">KINGA SC 4000<\/a><\/span><\/p>\n<p><span style=\"font-size: 10pt;\"><a href=\"http:\/\/steimer.fr\/index.php\/kinga\/\" target=\"_blank\" rel=\"noopener noreferrer\">KINGA SC 4500<\/a><\/span><\/p>\n<p><span style=\"font-size: 10pt;\"><a href=\"http:\/\/steimer.fr\/index.php\/kinga\/\" target=\"_blank\" rel=\"noopener noreferrer\">KINGA SC 5000<\/a><\/span><\/p>\n<p><span style=\"font-size: 10pt;\"><a href=\"http:\/\/steimer.fr\/index.php\/kinga\/ target=\">KINGA SC 6000<\/a><\/span><\/td>\n<\/tr>\n<\/tbody>\n<\/table>\n<table style=\"width: 916px; height: 59px;\">\n<tbody>\n<tr>\n<td class=\"tdpic\" style=\"width: 453.433px;\">\n<h2><span style=\"font-size: 14pt;\">LENKA &#8211; D\u00e9chaumeur \u00e0 disques<br \/>\n\u00d8560 ou \u00d8620 mm<br \/>\n<\/span><\/h2>\n<p><a href=\"http:\/\/steimer.fr\/en\/lenka-dechaumeur-disques\/\"><img loading=\"lazy\" decoding=\"async\" class=\"alignleft wp-image-2999\" src=\"http:\/\/steimer.fr\/wp-content\/uploads\/2017\/04\/machine-steimer.jpg\" alt=\"dechaumeur steimer\" width=\"300\" height=\"200\" srcset=\"https:\/\/steimer.fr\/wp-content\/uploads\/2017\/04\/machine-steimer.jpg 1296w, https:\/\/steimer.fr\/wp-content\/uploads\/2017\/04\/machine-steimer-300x200.jpg 300w, https:\/\/steimer.fr\/wp-content\/uploads\/2017\/04\/machine-steimer-768x512.jpg 768w, https:\/\/steimer.fr\/wp-content\/uploads\/2017\/04\/machine-steimer-1024x683.jpg 1024w\" sizes=\"(max-width: 300px) 100vw, 300px\" \/><\/a><\/td>\n<td class=\"tdtext\" style=\"width: 173.567px;\">&nbsp;&nbsp;<\/p>\n<p><strong>Port\u00e9 fixe<\/strong><\/p>\n<p><span style=\"font-size: 10pt;\"><a href=\"http:\/\/steimer.fr\/en\/lenka-dechaumeur-disques\/\" target=\"_blank\" rel=\"noopener noreferrer\">LENKA PF 3000<\/a><\/span><\/td>\n<td class=\"tdtext\" style=\"width: 165px;\">&nbsp;&nbsp;<\/p>\n<p><strong>Port\u00e9 repliable<\/strong><\/p>\n<p><span style=\"font-size: 10pt;\"><a href=\"http:\/\/steimer.fr\/en\/lenka-dechaumeur-disques\/\" target=\"_blank\" rel=\"noopener noreferrer\">LENKA PR 4000<\/a><\/span><\/p>\n<p><span style=\"font-size: 10pt;\"><a href=\"http:\/\/steimer.fr\/en\/lenka-dechaumeur-disques\/\" target=\"_blank\" rel=\"noopener noreferrer\">LENKA PR 5000<\/a><\/span><\/p>\n<p><span style=\"font-size: 10pt;\"><a href=\"http:\/\/steimer.fr\/en\/lenka-dechaumeur-disques\/\" target=\"_blank\" rel=\"noopener noreferrer\">LENKA PR 6000<\/a><\/span><\/td>\n<td class=\"tdtext\" style=\"width: 191px;\">&nbsp;&nbsp;<\/p>\n<p><strong>Semi-port\u00e9 repliable<\/strong><\/p>\n<p><span style=\"font-size: 10pt;\"><a href=\"http:\/\/steimer.fr\/en\/lenka-dechaumeur-disques\/\" target=\"_blank\" rel=\"noopener noreferrer\">LENKA SC 5000<\/a><\/span><\/p>\n<p><span style=\"font-size: 10pt;\"><a href=\"http:\/\/steimer.fr\/en\/lenka-dechaumeur-disques\/\" target=\"_blank\" rel=\"noopener noreferrer\">LENKA SC 6000<\/a><\/span><\/td>\n<\/tr>\n<\/tbody>\n<\/table>\n<table style=\"width: 907px; height: 29px;\">\n<tbody>\n<tr>\n<td class=\"tdpic\" style=\"width: 535px;\">\n<h2>&nbsp;<span style=\"font-size: 14pt;\">JOANNA &#8211; D\u00e9chaumeur \u00e0 disques<br \/>\n\u00d8620 mm<\/span><\/h2>\n<p><a href=\"http:\/\/steimer.fr\/index.php\/joanna\/\"><img loading=\"lazy\" decoding=\"async\" class=\"alignnone wp-image-3260\" src=\"http:\/\/steimer.fr\/wp-content\/uploads\/2017\/04\/Joanna-d\u00e9chaumeur-disques-300x193.jpg\" alt=\"\" width=\"300\" height=\"193\" srcset=\"https:\/\/steimer.fr\/wp-content\/uploads\/2017\/04\/Joanna-d\u00e9chaumeur-disques-300x193.jpg 300w, https:\/\/steimer.fr\/wp-content\/uploads\/2017\/04\/Joanna-d\u00e9chaumeur-disques.jpg 700w\" sizes=\"(max-width: 300px) 100vw, 300px\" \/><\/a><\/td>\n<td class=\"tdtext\" style=\"width: 201.6px;\">&nbsp;&nbsp;<\/p>\n<p>&nbsp;<\/p>\n<p><strong>Port\u00e9 fixe<\/strong><\/p>\n<p><span style=\"font-size: 10pt;\"><a href=\"http:\/\/steimer.fr\/index.php\/joanna\/\" target=\"_blank\" rel=\"noopener noreferrer\">JOANNA PF 3000<\/a><\/span><\/p>\n<p><span style=\"font-size: 10pt;\"><a href=\"http:\/\/steimer.fr\/index.php\/joanna\/\" target=\"_blank\" rel=\"noopener noreferrer\">JOANNA PF 3500<\/a><\/span><\/p>\n<p><span style=\"font-size: 10pt;\"><a href=\"http:\/\/steimer.fr\/index.php\/joanna\/\" target=\"_blank\" rel=\"noopener noreferrer\">JOANNA PF 4000<\/a><\/span><\/td>\n<td class=\"tdtext\" style=\"width: 436.4px;\">&nbsp;&nbsp;<\/p>\n<p>&nbsp;<\/p>\n<p><strong>Semi-port\u00e9 repliable<\/strong><\/p>\n<p><span style=\"font-size: 10pt;\"><a href=\"http:\/\/steimer.fr\/index.php\/joanna-dechaumeur-disque\/\" target=\"_blank\" rel=\"noopener noreferrer\">JOANNA PR 4000<\/a><\/span><\/p>\n<p><span style=\"font-size: 10pt;\"><a href=\"http:\/\/steimer.fr\/index.php\/joanna-dechaumeur-disque\/\" target=\"_blank\" rel=\"noopener noreferrer\">JOANNA PR 4500<\/a><\/span><\/p>\n<p><span style=\"font-size: 10pt;\"><a href=\"http:\/\/steimer.fr\/index.php\/joanna-dechaumeur-disque\/\" target=\"_blank\" rel=\"noopener noreferrer\">JOANNA PR 5000<\/a><\/span><\/p>\n<p><span style=\"font-size: 10pt;\"><a href=\"http:\/\/steimer.fr\/index.php\/joanna-dechaumeur-disque\/\" target=\"_blank\" rel=\"noopener noreferrer\">JOANNA PR 6000<\/a><\/span><\/td>\n<\/tr>\n<\/tbody>\n<\/table>\n<p>&nbsp;<\/p>\n<p>Sp\u00e9cialiste du <strong>d\u00e9chaumage<\/strong>, STEIMER propose plusieurs mod\u00e8les de DDI, offrant un suivi de terrain optimal. Chaque machine dispose de ses sp\u00e9cificit\u00e9s&nbsp;permettant de r\u00e9aliser du d\u00e9chaumage superficiel (mulch) jusqu&rsquo;\u00e0&nbsp;un brassage de la terre plus en profondeur&nbsp;(18 cm). Le risque de bourrage est minimis\u00e9 gr\u00e2ce aux d\u00e9gagements sous b\u00e2ti cons\u00e9quents et \u00e0 l&rsquo;espacement entre les rang\u00e9es de disques.<\/p>\n<p>Les 5 <strong>mod\u00e8les \u00e0 disques<\/strong> permettent de r\u00e9pondre \u00e0 divers besoins, en fonction de leurs caract\u00e9ristiques :&nbsp;<\/p>\n<ul>\n<li>disques \u00d8510, 560 ou 620 mm<\/li>\n<li><strong>d\u00e9chaumeur<\/strong> fixe, repliable ou semi-port\u00e9<\/li>\n<li>espacement entre les rang\u00e9es allant de 80 \u00e0 120 cm<\/li>\n<li>protection par amortisseurs caoutchouc ou par ressorts<\/li>\n<\/ul>\n<p>Chaque outil dispose d&rsquo;un \u00e9quipement complet&nbsp;(plaques ou disques de bordure, r\u00e9glage de profondeur, repliage et verrouillage au transport hydrauliques, roulements sans entretien&#8230;) et peut \u00eatre agr\u00e9ment\u00e9 d&rsquo;une large <a href=\"http:\/\/steimer.fr\/index.php\/gamme-de-rouleaux\/\" target=\"_blank\" rel=\"noopener noreferrer\">gamme de rouleaux<\/a>.<\/p>\n<p>Afin d&rsquo;augmenter la largeur de travail et ainsi r\u00e9pondre aux nombreuses demandes, STEIMER propose \u00e9galement un ch\u00e2ssis-porteur nomm\u00e9 <a href=\"http:\/\/steimer.fr\/en\/helena-chassis-porteur\/\">HELENA<\/a>. Ce porte-outils garantit une qualit\u00e9 de travail, quels que soient les outils \u00e9quip\u00e9s. HELENA permet ainsi une largeur de chantier \u00e9gale \u00e0 8m.<\/p>\n<table style=\"width: 907px; height: 29px;\">\n<tbody>\n<tr>\n<td class=\"tdpic\" style=\"width: 535px;\">\n<h2><span style=\"font-size: 14pt;\">HELENA &#8211; Ch\u00e2ssis-porteur<\/span><\/h2>\n<h2><a href=\"http:\/\/steimer.fr\/wp-content\/uploads\/2017\/04\/HELENA-porte-outil-STEIMER.jpg\"><img loading=\"lazy\" decoding=\"async\" class=\"alignleft wp-image-4430 size-medium\" src=\"http:\/\/steimer.fr\/wp-content\/uploads\/2017\/04\/HELENA-porte-outil-STEIMER-300x162.jpg\" alt=\"\" width=\"300\" height=\"162\" srcset=\"https:\/\/steimer.fr\/wp-content\/uploads\/2017\/04\/HELENA-porte-outil-STEIMER-300x162.jpg 300w, https:\/\/steimer.fr\/wp-content\/uploads\/2017\/04\/HELENA-porte-outil-STEIMER-768x414.jpg 768w, https:\/\/steimer.fr\/wp-content\/uploads\/2017\/04\/HELENA-porte-outil-STEIMER-1024x552.jpg 1024w, https:\/\/steimer.fr\/wp-content\/uploads\/2017\/04\/HELENA-porte-outil-STEIMER.jpg 1205w\" sizes=\"(max-width: 300px) 100vw, 300px\" \/><\/a><\/h2>\n<\/td>\n<td class=\"tdtext\" style=\"width: 330.05px;\"><strong>Semi-port\u00e9 repliable<br \/>\n<\/strong><span style=\"font-size: 10pt;\"><a href=\"http:\/\/steimer.fr\/en\/helena-chassis-porteur\/\">HELENA CP 8000 + KINGA<\/a><\/span>&nbsp;<\/p>\n<p><span style=\"font-size: 10pt;\"><a href=\"http:\/\/steimer.fr\/en\/helena-chassis-porteur\/\">HELENA CP 8000 + JOANNA<\/a><\/span><\/p>\n<p><span style=\"font-size: 10pt;\"><a href=\"http:\/\/steimer.fr\/en\/helena-chassis-porteur\/\">HELENA CP 8000 + EWA<\/a><\/span><\/p>\n<p><a href=\"http:\/\/steimer.fr\/en\/helena-chassis-porteur\/\"><span style=\"font-size: 10pt;\">HELENA CP 8000 + EWA<\/span> XL<\/a><\/p>\n<p><span style=\"font-size: 10pt;\"><a href=\"http:\/\/steimer.fr\/en\/helena-chassis-porteur\/\">HELENA CP 8000 + AGATA<\/a><br \/>\n<\/span><\/td>\n<td class=\"tdtext\" style=\"width: 305.95px;\">&nbsp;<\/td>\n<\/tr>\n<\/tbody>\n<\/table>","protected":false},"excerpt":{"rendered":"<p>PAULINA &#8211; D\u00e9chaumeur \u00e0 disques \u00d8510 ou \u00d8560 mm &nbsp;&nbsp; Port\u00e9 fixe PAULINA PF 3000 PAULINA PF 3500 PAULINA PF 4000 &nbsp;&nbsp; Port\u00e9 repliable PAULINA PR 4000 PAULINA PR 5000 PAULINA PR 6000 &nbsp;&nbsp; Semi-port\u00e9 repliable PAULINA &nbsp;SC 4000 PAULINA SC 5000 PAULINA SC 6000 IXELLA &#8211; D\u00e9chaumeur \u00e0 disques \u00d8515 ou \u00d8560 mm &nbsp;&nbsp; &hellip; <\/p>\n<p class=\"link-more\"><a href=\"https:\/\/steimer.fr\/en\/dechaumeurs\/\" class=\"more-link\">Read more<span class=\"screen-reader-text\"> \u00ab\u00a0D\u00e9chaumeurs \u00e0 disques\u00a0\u00bb<\/span><\/a><\/p>","protected":false},"author":1,"featured_media":0,"parent":0,"menu_order":0,"comment_status":"closed","ping_status":"closed","template":"","meta":{"inspiro_hide_title":false,"footnotes":""},"class_list":["post-196","page","type-page","status-publish","hentry"],"yoast_head":"<!-- This site is optimized with the Yoast SEO plugin v27.3 - https:\/\/yoast.com\/product\/yoast-seo-wordpress\/ -->\n<title>D\u00e9chaumeur \u00e0 disques STEIMER - Conception de mat\u00e9riel agricole<\/title>\n<meta name=\"description\" content=\"Des d\u00e9chaumeurs fixes, repliables et semi-port\u00e9s pour travailler sur 3 \u00e0 12 m de large. Disques OFAS, roulements SKF, r\u00e9glage hydraulique de la profondeur..\" \/>\n<meta name=\"robots\" content=\"index, follow, max-snippet:-1, max-image-preview:large, max-video-preview:-1\" \/>\n<link rel=\"canonical\" href=\"https:\/\/steimer.fr\/en\/dechaumeurs\/\" \/>\n<meta property=\"og:locale\" content=\"en_GB\" \/>\n<meta property=\"og:type\" content=\"article\" \/>\n<meta property=\"og:title\" content=\"D\u00e9chaumeur \u00e0 disques STEIMER - Conception de mat\u00e9riel agricole\" \/>\n<meta property=\"og:description\" content=\"Des d\u00e9chaumeurs fixes, repliables et semi-port\u00e9s pour travailler sur 3 \u00e0 12 m de large. Disques OFAS, roulements SKF, r\u00e9glage hydraulique de la profondeur..\" \/>\n<meta property=\"og:url\" content=\"https:\/\/steimer.fr\/en\/dechaumeurs\/\" \/>\n<meta property=\"og:site_name\" content=\"Fabricant de mat\u00e9riel agricole\" \/>\n<meta property=\"article:publisher\" content=\"https:\/\/www.facebook.com\/steimer.fr\" \/>\n<meta property=\"article:modified_time\" content=\"2021-07-08T07:45:10+00:00\" \/>\n<meta property=\"og:image\" content=\"https:\/\/steimer.fr\/wp-content\/uploads\/2017\/07\/Paulina5-min-300x188.jpg\" \/>\n<meta name=\"twitter:card\" content=\"summary_large_image\" \/>\n<meta name=\"twitter:label1\" content=\"Estimated reading time\" \/>\n\t<meta name=\"twitter:data1\" content=\"3 minutes\" \/>\n<script type=\"application\/ld+json\" class=\"yoast-schema-graph\">{\"@context\":\"https:\\\/\\\/schema.org\",\"@graph\":[{\"@type\":\"WebPage\",\"@id\":\"https:\\\/\\\/steimer.fr\\\/dechaumeurs\\\/\",\"url\":\"https:\\\/\\\/steimer.fr\\\/dechaumeurs\\\/\",\"name\":\"D\u00e9chaumeur \u00e0 disques STEIMER - Conception de mat\u00e9riel agricole\",\"isPartOf\":{\"@id\":\"https:\\\/\\\/steimer.fr\\\/#website\"},\"primaryImageOfPage\":{\"@id\":\"https:\\\/\\\/steimer.fr\\\/dechaumeurs\\\/#primaryimage\"},\"image\":{\"@id\":\"https:\\\/\\\/steimer.fr\\\/dechaumeurs\\\/#primaryimage\"},\"thumbnailUrl\":\"https:\\\/\\\/steimer.fr\\\/wp-content\\\/uploads\\\/2017\\\/07\\\/Paulina5-min-300x188.jpg\",\"datePublished\":\"2017-04-10T08:06:58+00:00\",\"dateModified\":\"2021-07-08T07:45:10+00:00\",\"description\":\"Des d\u00e9chaumeurs fixes, repliables et semi-port\u00e9s pour travailler sur 3 \u00e0 12 m de large. Disques OFAS, roulements SKF, r\u00e9glage hydraulique de la profondeur..\",\"breadcrumb\":{\"@id\":\"https:\\\/\\\/steimer.fr\\\/dechaumeurs\\\/#breadcrumb\"},\"inLanguage\":\"en-GB\",\"potentialAction\":[{\"@type\":\"ReadAction\",\"target\":[\"https:\\\/\\\/steimer.fr\\\/dechaumeurs\\\/\"]}]},{\"@type\":\"ImageObject\",\"inLanguage\":\"en-GB\",\"@id\":\"https:\\\/\\\/steimer.fr\\\/dechaumeurs\\\/#primaryimage\",\"url\":\"https:\\\/\\\/steimer.fr\\\/wp-content\\\/uploads\\\/2017\\\/07\\\/Paulina5-min-300x188.jpg\",\"contentUrl\":\"https:\\\/\\\/steimer.fr\\\/wp-content\\\/uploads\\\/2017\\\/07\\\/Paulina5-min-300x188.jpg\"},{\"@type\":\"BreadcrumbList\",\"@id\":\"https:\\\/\\\/steimer.fr\\\/dechaumeurs\\\/#breadcrumb\",\"itemListElement\":[{\"@type\":\"ListItem\",\"position\":1,\"name\":\"Accueil\",\"item\":\"https:\\\/\\\/steimer.fr\\\/\"},{\"@type\":\"ListItem\",\"position\":2,\"name\":\"D\u00e9chaumeurs \u00e0 disques\"}]},{\"@type\":\"WebSite\",\"@id\":\"https:\\\/\\\/steimer.fr\\\/#website\",\"url\":\"https:\\\/\\\/steimer.fr\\\/\",\"name\":\"Fabricant de mat\u00e9riel agricole\",\"description\":\"Machines pour la pr\u00e9paration du sol et le semis\",\"publisher\":{\"@id\":\"https:\\\/\\\/steimer.fr\\\/#organization\"},\"potentialAction\":[{\"@type\":\"SearchAction\",\"target\":{\"@type\":\"EntryPoint\",\"urlTemplate\":\"https:\\\/\\\/steimer.fr\\\/?s={search_term_string}\"},\"query-input\":{\"@type\":\"PropertyValueSpecification\",\"valueRequired\":true,\"valueName\":\"search_term_string\"}}],\"inLanguage\":\"en-GB\"},{\"@type\":\"Organization\",\"@id\":\"https:\\\/\\\/steimer.fr\\\/#organization\",\"name\":\"STEIMER\",\"url\":\"https:\\\/\\\/steimer.fr\\\/\",\"logo\":{\"@type\":\"ImageObject\",\"inLanguage\":\"en-GB\",\"@id\":\"https:\\\/\\\/steimer.fr\\\/#\\\/schema\\\/logo\\\/image\\\/\",\"url\":\"https:\\\/\\\/steimer.fr\\\/wp-content\\\/uploads\\\/2021\\\/11\\\/cropped-logo-jpeg.png\",\"contentUrl\":\"https:\\\/\\\/steimer.fr\\\/wp-content\\\/uploads\\\/2021\\\/11\\\/cropped-logo-jpeg.png\",\"width\":210,\"height\":48,\"caption\":\"STEIMER\"},\"image\":{\"@id\":\"https:\\\/\\\/steimer.fr\\\/#\\\/schema\\\/logo\\\/image\\\/\"},\"sameAs\":[\"https:\\\/\\\/www.facebook.com\\\/steimer.fr\",\"https:\\\/\\\/www.instagram.com\\\/\"]}]}<\/script>\n<!-- \/ Yoast SEO plugin. -->","yoast_head_json":{"title":"D\u00e9chaumeur \u00e0 disques STEIMER - Conception de mat\u00e9riel agricole","description":"Des d\u00e9chaumeurs fixes, repliables et semi-port\u00e9s pour travailler sur 3 \u00e0 12 m de large. Disques OFAS, roulements SKF, r\u00e9glage hydraulique de la profondeur..","robots":{"index":"index","follow":"follow","max-snippet":"max-snippet:-1","max-image-preview":"max-image-preview:large","max-video-preview":"max-video-preview:-1"},"canonical":"https:\/\/steimer.fr\/en\/dechaumeurs\/","og_locale":"en_GB","og_type":"article","og_title":"D\u00e9chaumeur \u00e0 disques STEIMER - Conception de mat\u00e9riel agricole","og_description":"Des d\u00e9chaumeurs fixes, repliables et semi-port\u00e9s pour travailler sur 3 \u00e0 12 m de large. Disques OFAS, roulements SKF, r\u00e9glage hydraulique de la profondeur..","og_url":"https:\/\/steimer.fr\/en\/dechaumeurs\/","og_site_name":"Fabricant de mat\u00e9riel agricole","article_publisher":"https:\/\/www.facebook.com\/steimer.fr","article_modified_time":"2021-07-08T07:45:10+00:00","og_image":[{"url":"https:\/\/steimer.fr\/wp-content\/uploads\/2017\/07\/Paulina5-min-300x188.jpg","type":"","width":"","height":""}],"twitter_card":"summary_large_image","twitter_misc":{"Estimated reading time":"3 minutes"},"schema":{"@context":"https:\/\/schema.org","@graph":[{"@type":"WebPage","@id":"https:\/\/steimer.fr\/dechaumeurs\/","url":"https:\/\/steimer.fr\/dechaumeurs\/","name":"D\u00e9chaumeur \u00e0 disques STEIMER - Conception de mat\u00e9riel agricole","isPartOf":{"@id":"https:\/\/steimer.fr\/#website"},"primaryImageOfPage":{"@id":"https:\/\/steimer.fr\/dechaumeurs\/#primaryimage"},"image":{"@id":"https:\/\/steimer.fr\/dechaumeurs\/#primaryimage"},"thumbnailUrl":"https:\/\/steimer.fr\/wp-content\/uploads\/2017\/07\/Paulina5-min-300x188.jpg","datePublished":"2017-04-10T08:06:58+00:00","dateModified":"2021-07-08T07:45:10+00:00","description":"Des d\u00e9chaumeurs fixes, repliables et semi-port\u00e9s pour travailler sur 3 \u00e0 12 m de large. Disques OFAS, roulements SKF, r\u00e9glage hydraulique de la profondeur..","breadcrumb":{"@id":"https:\/\/steimer.fr\/dechaumeurs\/#breadcrumb"},"inLanguage":"en-GB","potentialAction":[{"@type":"ReadAction","target":["https:\/\/steimer.fr\/dechaumeurs\/"]}]},{"@type":"ImageObject","inLanguage":"en-GB","@id":"https:\/\/steimer.fr\/dechaumeurs\/#primaryimage","url":"https:\/\/steimer.fr\/wp-content\/uploads\/2017\/07\/Paulina5-min-300x188.jpg","contentUrl":"https:\/\/steimer.fr\/wp-content\/uploads\/2017\/07\/Paulina5-min-300x188.jpg"},{"@type":"BreadcrumbList","@id":"https:\/\/steimer.fr\/dechaumeurs\/#breadcrumb","itemListElement":[{"@type":"ListItem","position":1,"name":"Accueil","item":"https:\/\/steimer.fr\/"},{"@type":"ListItem","position":2,"name":"D\u00e9chaumeurs \u00e0 disques"}]},{"@type":"WebSite","@id":"https:\/\/steimer.fr\/#website","url":"https:\/\/steimer.fr\/","name":"Fabricant de mat\u00e9riel agricole","description":"Machines pour la pr\u00e9paration du sol et le semis","publisher":{"@id":"https:\/\/steimer.fr\/#organization"},"potentialAction":[{"@type":"SearchAction","target":{"@type":"EntryPoint","urlTemplate":"https:\/\/steimer.fr\/?s={search_term_string}"},"query-input":{"@type":"PropertyValueSpecification","valueRequired":true,"valueName":"search_term_string"}}],"inLanguage":"en-GB"},{"@type":"Organization","@id":"https:\/\/steimer.fr\/#organization","name":"STEIMER","url":"https:\/\/steimer.fr\/","logo":{"@type":"ImageObject","inLanguage":"en-GB","@id":"https:\/\/steimer.fr\/#\/schema\/logo\/image\/","url":"https:\/\/steimer.fr\/wp-content\/uploads\/2021\/11\/cropped-logo-jpeg.png","contentUrl":"https:\/\/steimer.fr\/wp-content\/uploads\/2021\/11\/cropped-logo-jpeg.png","width":210,"height":48,"caption":"STEIMER"},"image":{"@id":"https:\/\/steimer.fr\/#\/schema\/logo\/image\/"},"sameAs":["https:\/\/www.facebook.com\/steimer.fr","https:\/\/www.instagram.com\/"]}]}},"_links":{"self":[{"href":"https:\/\/steimer.fr\/en\/wp-json\/wp\/v2\/pages\/196","targetHints":{"allow":["GET"]}}],"collection":[{"href":"https:\/\/steimer.fr\/en\/wp-json\/wp\/v2\/pages"}],"about":[{"href":"https:\/\/steimer.fr\/en\/wp-json\/wp\/v2\/types\/page"}],"author":[{"embeddable":true,"href":"https:\/\/steimer.fr\/en\/wp-json\/wp\/v2\/users\/1"}],"replies":[{"embeddable":true,"href":"https:\/\/steimer.fr\/en\/wp-json\/wp\/v2\/comments?post=196"}],"version-history":[{"count":95,"href":"https:\/\/steimer.fr\/en\/wp-json\/wp\/v2\/pages\/196\/revisions"}],"predecessor-version":[{"id":4548,"href":"https:\/\/steimer.fr\/en\/wp-json\/wp\/v2\/pages\/196\/revisions\/4548"}],"wp:attachment":[{"href":"https:\/\/steimer.fr\/en\/wp-json\/wp\/v2\/media?parent=196"}],"curies":[{"name":"wp","href":"https:\/\/api.w.org\/{rel}","templated":true}]}}