{"id":15,"date":"2017-04-05T15:37:50","date_gmt":"2017-04-05T13:37:50","guid":{"rendered":"http:\/\/steimer.fr\/?page_id=15"},"modified":"2021-04-12T17:20:02","modified_gmt":"2021-04-12T15:20:02","slug":"lentreprise","status":"publish","type":"page","link":"https:\/\/steimer.fr\/en\/lentreprise\/","title":{"rendered":"L&rsquo;Entreprise Steimer"},"content":{"rendered":"<h1>Pr\u00e9sentation de l&rsquo;entreprise STEIMER<\/h1>\n<p>&nbsp;<\/p>\n<p>Cr\u00e9\u00e9e en d\u00e9cembre 2016, <strong>STEIMER<\/strong> est une entreprise r\u00e9cente et dynamique, sp\u00e9cialis\u00e9e dans la fabrication et la vente de <a href=\"http:\/\/steimer.fr\/en\/les-produits-steimer\/\">mat\u00e9riel agricole<\/a>.<\/p>\n<p>Forte de l&rsquo;exp\u00e9rience de ses collaborateurs, elle dispose de connaissances et d&rsquo;un savoir-faire acquis au contact du monde agricole. STEIMER a \u00e9t\u00e9 cr\u00e9\u00e9e dans l&rsquo;optique de pallier les manques et difficult\u00e9s auxquels font face les professionnels lorsqu&rsquo;il s&rsquo;agit de trouver la machine convenant parfaitement \u00e0 leurs besoins.<\/p>\n<p>STEIMER couvre l&rsquo;ensemble du territoire fran\u00e7ais, en s&rsquo;associant \u00e0 une grande diversit\u00e9 de <a href=\"http:\/\/steimer.fr\/en\/nos-distributeurs\/\">distributeurs<\/a>. Nous pratiquons uniquement la vente via des concessions d\u00e9di\u00e9es \u00e0 la vente de <strong>mat\u00e9riel agricole<\/strong>.<\/p>\n<p>&nbsp;<\/p>\n<p><img fetchpriority=\"high\" decoding=\"async\" class=\"alignleft wp-image-3558 size-large\" src=\"http:\/\/steimer.fr\/wp-content\/uploads\/2017\/04\/societe-steimer-1024x576.jpg\" alt=\"entreprise steimer\" width=\"640\" height=\"360\" srcset=\"https:\/\/steimer.fr\/wp-content\/uploads\/2017\/04\/societe-steimer-1024x576.jpg 1024w, https:\/\/steimer.fr\/wp-content\/uploads\/2017\/04\/societe-steimer-300x169.jpg 300w, https:\/\/steimer.fr\/wp-content\/uploads\/2017\/04\/societe-steimer-768x432.jpg 768w, https:\/\/steimer.fr\/wp-content\/uploads\/2017\/04\/societe-steimer.jpg 1350w\" sizes=\"(max-width: 640px) 100vw, 640px\" \/><\/p>\n<p>&nbsp;<\/p>\n<p>&nbsp;<\/p>\n<p>L&rsquo;<strong>entreprise<\/strong> dispose d&rsquo;un site dans les Ardennes compos\u00e9 des fonctions administratives et de conception. De plus, son imposant stock de pi\u00e8ces d\u00e9tach\u00e9es vous garantit la meilleure r\u00e9activit\u00e9 possible, o\u00f9 que vous vous trouviez en France.<\/p>\n<p>&nbsp;<\/p>\n<p>A Contreuve (08), les outils sont prot\u00e9g\u00e9s au sein de b\u00e2timents fortement s\u00e9curis\u00e9s. L&rsquo;ensemble du mat\u00e9riel est rigoureusement v\u00e9rifi\u00e9 et contr\u00f4l\u00e9, avant de rejoindre les concessions o\u00f9 celui-ci sera expos\u00e9.<\/p>\n<h1>&nbsp;<\/h1>\n<h1>&nbsp;<\/h1>\n<h1>&nbsp;<\/h1>\n<h1>Nos valeurs<\/h1>\n<p>&nbsp;<\/p>\n<p>Rigueur, \u00e9coute et qualit\u00e9 sont les piliers de la <strong>soci\u00e9t\u00e9 STEIMER<\/strong>.<\/p>\n<p>Nous portons un soin tout particulier \u00e0 la conception de nos machines ainsi qu&rsquo;au choix des mat\u00e9riaux.&nbsp;<\/p>\n<p>Le service est l&rsquo;un des autres fondements de notre entreprise. Nous n&rsquo;envisageons pas une qualit\u00e9 de produits sans assurer la prestation de services compl\u00e9mentaire. La garantie des machines de 3 ans&nbsp;t\u00e9moigne de cet engagement aupr\u00e8s des utilisateurs de la marque.<\/p>\n<p>C&rsquo;est aussi pourquoi nous s\u00e9lectionnons&nbsp;attentivement nos partenaires. Il est important de pouvoir r\u00e9pondre rapidement et efficacement. Et cela, \u00e0 toute demande, suggestion ou \u00e9ventuel probl\u00e8me.<\/p>\n<p>&nbsp;<\/p>\n<h1>Nos objectifs<\/h1>\n<p>&nbsp;<\/p>\n<p>Conscients des probl\u00e9matiques du travail de la terre, <strong>STEIMER<\/strong> a pour but de proposer des outils fiables, accessibles et qui r\u00e9pondent parfaitement aux besoins des professionnels du secteur agricole.<\/p>\n<p>La gamme de produits tend \u00e0 couvrir l&rsquo;ensemble des travaux du sol. Elle fournit ainsi \u00e0 chaque agriculteur le mat\u00e9riel dont il a la n\u00e9cessit\u00e9. Il est d&rsquo;ailleurs essentiel pour nous d&rsquo;apporter des am\u00e9liorations constantes \u00e0 notre \u00e9quipement, ainsi que d&rsquo;\u00e9largir notre gamme gr\u00e2ce \u00e0 une&nbsp;\u00e9coute attentive des utilisateurs finaux.<\/p>\n<p>&nbsp;<\/p>\n<p>&nbsp;<\/p>\n<p><img decoding=\"async\" class=\"aligncenter wp-image-3559 size-large\" src=\"http:\/\/steimer.fr\/wp-content\/uploads\/2017\/04\/materiel-agricole-entreprise-steimer-1024x618.jpg\" alt=\"demonstration-dechaumeur-steimer\" width=\"640\" height=\"386\" srcset=\"https:\/\/steimer.fr\/wp-content\/uploads\/2017\/04\/materiel-agricole-entreprise-steimer-1024x618.jpg 1024w, https:\/\/steimer.fr\/wp-content\/uploads\/2017\/04\/materiel-agricole-entreprise-steimer-300x181.jpg 300w, https:\/\/steimer.fr\/wp-content\/uploads\/2017\/04\/materiel-agricole-entreprise-steimer-768x463.jpg 768w, https:\/\/steimer.fr\/wp-content\/uploads\/2017\/04\/materiel-agricole-entreprise-steimer.jpg 1500w\" sizes=\"(max-width: 640px) 100vw, 640px\" \/><\/p>\n<h1>&nbsp;<\/h1>\n<p>&nbsp;<\/p>","protected":false},"excerpt":{"rendered":"<p>Pr\u00e9sentation de l&rsquo;entreprise STEIMER &nbsp; Cr\u00e9\u00e9e en d\u00e9cembre 2016, STEIMER est une entreprise r\u00e9cente et dynamique, sp\u00e9cialis\u00e9e dans la fabrication et la vente de mat\u00e9riel agricole. Forte de l&rsquo;exp\u00e9rience de ses collaborateurs, elle dispose de connaissances et d&rsquo;un savoir-faire acquis au contact du monde agricole. STEIMER a \u00e9t\u00e9 cr\u00e9\u00e9e dans l&rsquo;optique de pallier les manques &hellip; <\/p>\n<p class=\"link-more\"><a href=\"https:\/\/steimer.fr\/en\/lentreprise\/\" class=\"more-link\">Read more<span class=\"screen-reader-text\"> \u00ab\u00a0L&rsquo;Entreprise Steimer\u00a0\u00bb<\/span><\/a><\/p>","protected":false},"author":1,"featured_media":0,"parent":0,"menu_order":0,"comment_status":"closed","ping_status":"closed","template":"","meta":{"inspiro_hide_title":false,"footnotes":""},"class_list":["post-15","page","type-page","status-publish","hentry"],"yoast_head":"<!-- This site is optimized with the Yoast SEO plugin v27.3 - https:\/\/yoast.com\/product\/yoast-seo-wordpress\/ -->\n<title>Entreprise STEIMER - Historique, valeurs et objectifs<\/title>\n<meta name=\"description\" content=\"L&#039;entreprise STEIMER est r\u00e9cente, dynamique, sp\u00e9cialis\u00e9e dans la fabrication et la vente de mat\u00e9riel agricole et surtout caract\u00e9ris\u00e9e par son savoir-faire.\" \/>\n<meta name=\"robots\" content=\"index, follow, max-snippet:-1, max-image-preview:large, max-video-preview:-1\" \/>\n<link rel=\"canonical\" href=\"https:\/\/steimer.fr\/en\/lentreprise\/\" \/>\n<meta property=\"og:locale\" content=\"en_GB\" \/>\n<meta property=\"og:type\" content=\"article\" \/>\n<meta property=\"og:title\" content=\"Entreprise STEIMER - Historique, valeurs et objectifs\" \/>\n<meta property=\"og:description\" content=\"L&#039;entreprise STEIMER est r\u00e9cente, dynamique, sp\u00e9cialis\u00e9e dans la fabrication et la vente de mat\u00e9riel agricole et surtout caract\u00e9ris\u00e9e par son savoir-faire.\" \/>\n<meta property=\"og:url\" content=\"https:\/\/steimer.fr\/en\/lentreprise\/\" \/>\n<meta property=\"og:site_name\" content=\"Fabricant de mat\u00e9riel agricole\" \/>\n<meta property=\"article:publisher\" content=\"https:\/\/www.facebook.com\/steimer.fr\" \/>\n<meta property=\"article:modified_time\" content=\"2021-04-12T15:20:02+00:00\" \/>\n<meta property=\"og:image\" content=\"http:\/\/steimer.fr\/wp-content\/uploads\/2017\/04\/societe-steimer-1024x576.jpg\" \/>\n<meta name=\"twitter:card\" content=\"summary_large_image\" \/>\n<meta name=\"twitter:label1\" content=\"Estimated reading time\" \/>\n\t<meta name=\"twitter:data1\" content=\"2 minutes\" \/>\n<script type=\"application\/ld+json\" class=\"yoast-schema-graph\">{\"@context\":\"https:\\\/\\\/schema.org\",\"@graph\":[{\"@type\":\"WebPage\",\"@id\":\"https:\\\/\\\/steimer.fr\\\/lentreprise\\\/\",\"url\":\"https:\\\/\\\/steimer.fr\\\/lentreprise\\\/\",\"name\":\"Entreprise STEIMER - Historique, valeurs et objectifs\",\"isPartOf\":{\"@id\":\"https:\\\/\\\/steimer.fr\\\/#website\"},\"primaryImageOfPage\":{\"@id\":\"https:\\\/\\\/steimer.fr\\\/lentreprise\\\/#primaryimage\"},\"image\":{\"@id\":\"https:\\\/\\\/steimer.fr\\\/lentreprise\\\/#primaryimage\"},\"thumbnailUrl\":\"http:\\\/\\\/steimer.fr\\\/wp-content\\\/uploads\\\/2017\\\/04\\\/societe-steimer-1024x576.jpg\",\"datePublished\":\"2017-04-05T13:37:50+00:00\",\"dateModified\":\"2021-04-12T15:20:02+00:00\",\"description\":\"L'entreprise STEIMER est r\u00e9cente, dynamique, sp\u00e9cialis\u00e9e dans la fabrication et la vente de mat\u00e9riel agricole et surtout caract\u00e9ris\u00e9e par son savoir-faire.\",\"breadcrumb\":{\"@id\":\"https:\\\/\\\/steimer.fr\\\/lentreprise\\\/#breadcrumb\"},\"inLanguage\":\"en-GB\",\"potentialAction\":[{\"@type\":\"ReadAction\",\"target\":[\"https:\\\/\\\/steimer.fr\\\/lentreprise\\\/\"]}]},{\"@type\":\"ImageObject\",\"inLanguage\":\"en-GB\",\"@id\":\"https:\\\/\\\/steimer.fr\\\/lentreprise\\\/#primaryimage\",\"url\":\"http:\\\/\\\/steimer.fr\\\/wp-content\\\/uploads\\\/2017\\\/04\\\/societe-steimer-1024x576.jpg\",\"contentUrl\":\"http:\\\/\\\/steimer.fr\\\/wp-content\\\/uploads\\\/2017\\\/04\\\/societe-steimer-1024x576.jpg\"},{\"@type\":\"BreadcrumbList\",\"@id\":\"https:\\\/\\\/steimer.fr\\\/lentreprise\\\/#breadcrumb\",\"itemListElement\":[{\"@type\":\"ListItem\",\"position\":1,\"name\":\"Accueil\",\"item\":\"https:\\\/\\\/steimer.fr\\\/\"},{\"@type\":\"ListItem\",\"position\":2,\"name\":\"L&rsquo;Entreprise Steimer\"}]},{\"@type\":\"WebSite\",\"@id\":\"https:\\\/\\\/steimer.fr\\\/#website\",\"url\":\"https:\\\/\\\/steimer.fr\\\/\",\"name\":\"Fabricant de mat\u00e9riel agricole\",\"description\":\"Machines pour la pr\u00e9paration du sol et le semis\",\"publisher\":{\"@id\":\"https:\\\/\\\/steimer.fr\\\/#organization\"},\"potentialAction\":[{\"@type\":\"SearchAction\",\"target\":{\"@type\":\"EntryPoint\",\"urlTemplate\":\"https:\\\/\\\/steimer.fr\\\/?s={search_term_string}\"},\"query-input\":{\"@type\":\"PropertyValueSpecification\",\"valueRequired\":true,\"valueName\":\"search_term_string\"}}],\"inLanguage\":\"en-GB\"},{\"@type\":\"Organization\",\"@id\":\"https:\\\/\\\/steimer.fr\\\/#organization\",\"name\":\"STEIMER\",\"url\":\"https:\\\/\\\/steimer.fr\\\/\",\"logo\":{\"@type\":\"ImageObject\",\"inLanguage\":\"en-GB\",\"@id\":\"https:\\\/\\\/steimer.fr\\\/#\\\/schema\\\/logo\\\/image\\\/\",\"url\":\"https:\\\/\\\/steimer.fr\\\/wp-content\\\/uploads\\\/2021\\\/11\\\/cropped-logo-jpeg.png\",\"contentUrl\":\"https:\\\/\\\/steimer.fr\\\/wp-content\\\/uploads\\\/2021\\\/11\\\/cropped-logo-jpeg.png\",\"width\":210,\"height\":48,\"caption\":\"STEIMER\"},\"image\":{\"@id\":\"https:\\\/\\\/steimer.fr\\\/#\\\/schema\\\/logo\\\/image\\\/\"},\"sameAs\":[\"https:\\\/\\\/www.facebook.com\\\/steimer.fr\",\"https:\\\/\\\/www.instagram.com\\\/\"]}]}<\/script>\n<!-- \/ Yoast SEO plugin. -->","yoast_head_json":{"title":"Entreprise STEIMER - Historique, valeurs et objectifs","description":"L'entreprise STEIMER est r\u00e9cente, dynamique, sp\u00e9cialis\u00e9e dans la fabrication et la vente de mat\u00e9riel agricole et surtout caract\u00e9ris\u00e9e par son savoir-faire.","robots":{"index":"index","follow":"follow","max-snippet":"max-snippet:-1","max-image-preview":"max-image-preview:large","max-video-preview":"max-video-preview:-1"},"canonical":"https:\/\/steimer.fr\/en\/lentreprise\/","og_locale":"en_GB","og_type":"article","og_title":"Entreprise STEIMER - Historique, valeurs et objectifs","og_description":"L'entreprise STEIMER est r\u00e9cente, dynamique, sp\u00e9cialis\u00e9e dans la fabrication et la vente de mat\u00e9riel agricole et surtout caract\u00e9ris\u00e9e par son savoir-faire.","og_url":"https:\/\/steimer.fr\/en\/lentreprise\/","og_site_name":"Fabricant de mat\u00e9riel agricole","article_publisher":"https:\/\/www.facebook.com\/steimer.fr","article_modified_time":"2021-04-12T15:20:02+00:00","og_image":[{"url":"http:\/\/steimer.fr\/wp-content\/uploads\/2017\/04\/societe-steimer-1024x576.jpg","type":"","width":"","height":""}],"twitter_card":"summary_large_image","twitter_misc":{"Estimated reading time":"2 minutes"},"schema":{"@context":"https:\/\/schema.org","@graph":[{"@type":"WebPage","@id":"https:\/\/steimer.fr\/lentreprise\/","url":"https:\/\/steimer.fr\/lentreprise\/","name":"Entreprise STEIMER - Historique, valeurs et objectifs","isPartOf":{"@id":"https:\/\/steimer.fr\/#website"},"primaryImageOfPage":{"@id":"https:\/\/steimer.fr\/lentreprise\/#primaryimage"},"image":{"@id":"https:\/\/steimer.fr\/lentreprise\/#primaryimage"},"thumbnailUrl":"http:\/\/steimer.fr\/wp-content\/uploads\/2017\/04\/societe-steimer-1024x576.jpg","datePublished":"2017-04-05T13:37:50+00:00","dateModified":"2021-04-12T15:20:02+00:00","description":"L'entreprise STEIMER est r\u00e9cente, dynamique, sp\u00e9cialis\u00e9e dans la fabrication et la vente de mat\u00e9riel agricole et surtout caract\u00e9ris\u00e9e par son savoir-faire.","breadcrumb":{"@id":"https:\/\/steimer.fr\/lentreprise\/#breadcrumb"},"inLanguage":"en-GB","potentialAction":[{"@type":"ReadAction","target":["https:\/\/steimer.fr\/lentreprise\/"]}]},{"@type":"ImageObject","inLanguage":"en-GB","@id":"https:\/\/steimer.fr\/lentreprise\/#primaryimage","url":"http:\/\/steimer.fr\/wp-content\/uploads\/2017\/04\/societe-steimer-1024x576.jpg","contentUrl":"http:\/\/steimer.fr\/wp-content\/uploads\/2017\/04\/societe-steimer-1024x576.jpg"},{"@type":"BreadcrumbList","@id":"https:\/\/steimer.fr\/lentreprise\/#breadcrumb","itemListElement":[{"@type":"ListItem","position":1,"name":"Accueil","item":"https:\/\/steimer.fr\/"},{"@type":"ListItem","position":2,"name":"L&rsquo;Entreprise Steimer"}]},{"@type":"WebSite","@id":"https:\/\/steimer.fr\/#website","url":"https:\/\/steimer.fr\/","name":"Fabricant de mat\u00e9riel agricole","description":"Machines pour la pr\u00e9paration du sol et le semis","publisher":{"@id":"https:\/\/steimer.fr\/#organization"},"potentialAction":[{"@type":"SearchAction","target":{"@type":"EntryPoint","urlTemplate":"https:\/\/steimer.fr\/?s={search_term_string}"},"query-input":{"@type":"PropertyValueSpecification","valueRequired":true,"valueName":"search_term_string"}}],"inLanguage":"en-GB"},{"@type":"Organization","@id":"https:\/\/steimer.fr\/#organization","name":"STEIMER","url":"https:\/\/steimer.fr\/","logo":{"@type":"ImageObject","inLanguage":"en-GB","@id":"https:\/\/steimer.fr\/#\/schema\/logo\/image\/","url":"https:\/\/steimer.fr\/wp-content\/uploads\/2021\/11\/cropped-logo-jpeg.png","contentUrl":"https:\/\/steimer.fr\/wp-content\/uploads\/2021\/11\/cropped-logo-jpeg.png","width":210,"height":48,"caption":"STEIMER"},"image":{"@id":"https:\/\/steimer.fr\/#\/schema\/logo\/image\/"},"sameAs":["https:\/\/www.facebook.com\/steimer.fr","https:\/\/www.instagram.com\/"]}]}},"_links":{"self":[{"href":"https:\/\/steimer.fr\/en\/wp-json\/wp\/v2\/pages\/15","targetHints":{"allow":["GET"]}}],"collection":[{"href":"https:\/\/steimer.fr\/en\/wp-json\/wp\/v2\/pages"}],"about":[{"href":"https:\/\/steimer.fr\/en\/wp-json\/wp\/v2\/types\/page"}],"author":[{"embeddable":true,"href":"https:\/\/steimer.fr\/en\/wp-json\/wp\/v2\/users\/1"}],"replies":[{"embeddable":true,"href":"https:\/\/steimer.fr\/en\/wp-json\/wp\/v2\/comments?post=15"}],"version-history":[{"count":18,"href":"https:\/\/steimer.fr\/en\/wp-json\/wp\/v2\/pages\/15\/revisions"}],"predecessor-version":[{"id":4421,"href":"https:\/\/steimer.fr\/en\/wp-json\/wp\/v2\/pages\/15\/revisions\/4421"}],"wp:attachment":[{"href":"https:\/\/steimer.fr\/en\/wp-json\/wp\/v2\/media?parent=15"}],"curies":[{"name":"wp","href":"https:\/\/api.w.org\/{rel}","templated":true}]}}