{"id":142,"date":"2017-04-07T13:49:26","date_gmt":"2017-04-07T11:49:26","guid":{"rendered":"http:\/\/steimer.fr\/?page_id=142"},"modified":"2022-02-11T16:51:22","modified_gmt":"2022-02-11T15:51:22","slug":"nos-distributeurs","status":"publish","type":"page","link":"https:\/\/steimer.fr\/en\/nos-distributeurs\/","title":{"rendered":"Nos distributeurs"},"content":{"rendered":"<p>Retrouvez la liste des concessionnaires partenaires de STEIMER partout en France.<\/p>\n<p><iframe src=\"https:\/\/www.google.com\/maps\/d\/u\/1\/embed?mid=1vltzaDPc9Y6JQh0SWEKWO4v5SYA\" width=\"1000\" height=\"700\"><\/iframe><\/p>\n<h2>Retrouvez ci-dessous la liste compl\u00e8te des distributeurs STEIMER :<\/h2>\n<table style=\"width: 957px;\">\n<tbody>\n<tr>\n<td style=\"width: 331.267px;\"><a href=\"http:\/\/steimer.fr\/wp-content\/uploads\/2017\/04\/distri-1.jpg\"><img fetchpriority=\"high\" decoding=\"async\" class=\"alignleft wp-image-787 size-medium\" title=\"distributeurs STEIMER\" src=\"http:\/\/steimer.fr\/wp-content\/uploads\/2017\/04\/distri-1-300x300.jpg\" alt=\"distributeurs STEIMER\" width=\"300\" height=\"300\" srcset=\"https:\/\/steimer.fr\/wp-content\/uploads\/2017\/04\/distri-1-300x300.jpg 300w, https:\/\/steimer.fr\/wp-content\/uploads\/2017\/04\/distri-1-150x150.jpg 150w, https:\/\/steimer.fr\/wp-content\/uploads\/2017\/04\/distri-1.jpg 500w\" sizes=\"(max-width: 300px) 100vw, 300px\" \/><\/a><\/td>\n<td style=\"width: 541.733px;\">\n<ul>\n<li><a href=\"http:\/\/agripro.concession-jd.com\/\">AGRIPRO<\/a><\/li>\n<li><a href=\"https:\/\/www.facebook.com\/SARL-Boudon-Fils-1263995460334539\/\">BOUDON ET FILS SARL<\/a><\/li>\n<li><a href=\"https:\/\/www.bourgoin-motoculture.fr\/\">BOURGOIN MOTOCULTURE<\/a><\/li>\n<li><a href=\"https:\/\/www.casa-csm.fr\/\">CASA SERVICE MACHINE<\/a><\/li>\n<li>CDV AGRI-PARTENAIRE<\/li>\n<li><a href=\"https:\/\/www.facebook.com\/CLAASEST\/\">CLAAS EST<\/a><\/li>\n<li><a href=\"https:\/\/www.facebook.com\/claaspaysdelaloire\">CLAAS PAYS DE LA LOIRE<\/a><\/li>\n<li><a href=\"https:\/\/www.facebook.com\/claassaintomer\">CLAAS ST OMER<\/a><\/li>\n<li><a href=\"https:\/\/www.deboffepneus.fr\/\">DEBOFFE SAS<\/a><\/li>\n<li><a href=\"http:\/\/www.ets-dimond.fr\">ETS DIMOND<\/a><\/li>\n<li><a href=\"http:\/\/www.garage-boulanger.fr\/\">GARAGE BOULANGER SA<\/a><\/li>\n<li>HOCHER TOUCHARD<\/li>\n<li><a href=\"https:\/\/www.jha-agri.com\/\">JAUJOU HUBERT ET ASSOCIES<\/a><\/li>\n<\/ul>\n<\/td>\n<td style=\"width: 522px;\">\n<ul>\n<li><a href=\"http:\/\/www.laroviticulture.fr\/acces\">VITINOVE<\/a><\/li>\n<li>LH AGRI<\/li>\n<li><a href=\"https:\/\/www.ets-maze.com\/\">MAZE ETABLISSEMENTS<\/a><\/li>\n<li><a href=\"https:\/\/www.facebook.com\/LaMotocultureDeLoise\/\">MOTOCULTURE DE L&rsquo;OISE<\/a><\/li>\n<li><a href=\"https:\/\/www.primault.fr\/\">PRIMAULT SAS<\/a><\/li>\n<li><a href=\"http:\/\/www.rma-agroequipement.com\/\">RMA<\/a><\/li>\n<li>ROM-AGRI<\/li>\n<li><a href=\"http:\/\/www.sarlvautrin.fr\/\">SARL VAUTRIN-CHERRIER<\/a><\/li>\n<li><a href=\"https:\/\/www.romet.fr\/\">SAS ROMET<\/a><\/li>\n<li>SCI DU MAROC<\/li>\n<li><a href=\"https:\/\/www.scoma53.fr\/\">SCOMA 53<\/a><\/li>\n<li><a href=\"https:\/\/www.sdma-agri.com\/\">SDMA<\/a><\/li>\n<li><a href=\"https:\/\/terrea-sas.fr\/\">TERREA<\/a><\/li>\n<\/ul>\n<\/td>\n<\/tr>\n<\/tbody>\n<\/table>","protected":false},"excerpt":{"rendered":"<p>Retrouvez la liste des concessionnaires partenaires de STEIMER partout en France. Retrouvez ci-dessous la liste compl\u00e8te des distributeurs STEIMER : AGRIPRO BOUDON ET FILS SARL BOURGOIN MOTOCULTURE CASA SERVICE MACHINE CDV AGRI-PARTENAIRE CLAAS EST CLAAS PAYS DE LA LOIRE CLAAS ST OMER DEBOFFE SAS ETS DIMOND GARAGE BOULANGER SA HOCHER TOUCHARD JAUJOU HUBERT ET ASSOCIES &hellip; <\/p>\n<p class=\"link-more\"><a href=\"https:\/\/steimer.fr\/en\/nos-distributeurs\/\" class=\"more-link\">Read more<span class=\"screen-reader-text\"> \u00ab\u00a0Nos distributeurs\u00a0\u00bb<\/span><\/a><\/p>","protected":false},"author":1,"featured_media":0,"parent":0,"menu_order":0,"comment_status":"closed","ping_status":"closed","template":"","meta":{"inspiro_hide_title":false,"footnotes":""},"class_list":["post-142","page","type-page","status-publish","hentry"],"yoast_head":"<!-- This site is optimized with the Yoast SEO plugin v27.3 - https:\/\/yoast.com\/product\/yoast-seo-wordpress\/ -->\n<title>Mat\u00e9riel agricole : les distributeurs STEIMER partout en France<\/title>\n<meta name=\"description\" content=\"STEIMER est sp\u00e9cialis\u00e9 dans la conception et la vente de mat\u00e9riel agricole pour pr\u00e9parer le sol. Retrouvez la liste des revendeurs et distributeurs STEIMER.\" \/>\n<meta name=\"robots\" content=\"index, follow, max-snippet:-1, max-image-preview:large, max-video-preview:-1\" \/>\n<link rel=\"canonical\" href=\"https:\/\/steimer.fr\/en\/nos-distributeurs\/\" \/>\n<meta property=\"og:locale\" content=\"en_GB\" \/>\n<meta property=\"og:type\" content=\"article\" \/>\n<meta property=\"og:title\" content=\"Mat\u00e9riel agricole : les distributeurs STEIMER partout en France\" \/>\n<meta property=\"og:description\" content=\"STEIMER est sp\u00e9cialis\u00e9 dans la conception et la vente de mat\u00e9riel agricole pour pr\u00e9parer le sol. Retrouvez la liste des revendeurs et distributeurs STEIMER.\" \/>\n<meta property=\"og:url\" content=\"https:\/\/steimer.fr\/en\/nos-distributeurs\/\" \/>\n<meta property=\"og:site_name\" content=\"Fabricant de mat\u00e9riel agricole\" \/>\n<meta property=\"article:publisher\" content=\"https:\/\/www.facebook.com\/steimer.fr\" \/>\n<meta property=\"article:modified_time\" content=\"2022-02-11T15:51:22+00:00\" \/>\n<meta property=\"og:image\" content=\"http:\/\/steimer.fr\/wp-content\/uploads\/2017\/04\/distri-1-300x300.jpg\" \/>\n<meta name=\"twitter:card\" content=\"summary_large_image\" \/>\n<meta name=\"twitter:label1\" content=\"Estimated reading time\" \/>\n\t<meta name=\"twitter:data1\" content=\"1 minute\" \/>\n<script type=\"application\/ld+json\" class=\"yoast-schema-graph\">{\"@context\":\"https:\\\/\\\/schema.org\",\"@graph\":[{\"@type\":\"WebPage\",\"@id\":\"https:\\\/\\\/steimer.fr\\\/nos-distributeurs\\\/\",\"url\":\"https:\\\/\\\/steimer.fr\\\/nos-distributeurs\\\/\",\"name\":\"Mat\u00e9riel agricole : les distributeurs STEIMER partout en France\",\"isPartOf\":{\"@id\":\"https:\\\/\\\/steimer.fr\\\/#website\"},\"primaryImageOfPage\":{\"@id\":\"https:\\\/\\\/steimer.fr\\\/nos-distributeurs\\\/#primaryimage\"},\"image\":{\"@id\":\"https:\\\/\\\/steimer.fr\\\/nos-distributeurs\\\/#primaryimage\"},\"thumbnailUrl\":\"http:\\\/\\\/steimer.fr\\\/wp-content\\\/uploads\\\/2017\\\/04\\\/distri-1-300x300.jpg\",\"datePublished\":\"2017-04-07T11:49:26+00:00\",\"dateModified\":\"2022-02-11T15:51:22+00:00\",\"description\":\"STEIMER est sp\u00e9cialis\u00e9 dans la conception et la vente de mat\u00e9riel agricole pour pr\u00e9parer le sol. Retrouvez la liste des revendeurs et distributeurs STEIMER.\",\"breadcrumb\":{\"@id\":\"https:\\\/\\\/steimer.fr\\\/nos-distributeurs\\\/#breadcrumb\"},\"inLanguage\":\"en-GB\",\"potentialAction\":[{\"@type\":\"ReadAction\",\"target\":[\"https:\\\/\\\/steimer.fr\\\/nos-distributeurs\\\/\"]}]},{\"@type\":\"ImageObject\",\"inLanguage\":\"en-GB\",\"@id\":\"https:\\\/\\\/steimer.fr\\\/nos-distributeurs\\\/#primaryimage\",\"url\":\"http:\\\/\\\/steimer.fr\\\/wp-content\\\/uploads\\\/2017\\\/04\\\/distri-1-300x300.jpg\",\"contentUrl\":\"http:\\\/\\\/steimer.fr\\\/wp-content\\\/uploads\\\/2017\\\/04\\\/distri-1-300x300.jpg\"},{\"@type\":\"BreadcrumbList\",\"@id\":\"https:\\\/\\\/steimer.fr\\\/nos-distributeurs\\\/#breadcrumb\",\"itemListElement\":[{\"@type\":\"ListItem\",\"position\":1,\"name\":\"Accueil\",\"item\":\"https:\\\/\\\/steimer.fr\\\/\"},{\"@type\":\"ListItem\",\"position\":2,\"name\":\"Nos distributeurs\"}]},{\"@type\":\"WebSite\",\"@id\":\"https:\\\/\\\/steimer.fr\\\/#website\",\"url\":\"https:\\\/\\\/steimer.fr\\\/\",\"name\":\"Fabricant de mat\u00e9riel agricole\",\"description\":\"Machines pour la pr\u00e9paration du sol et le semis\",\"publisher\":{\"@id\":\"https:\\\/\\\/steimer.fr\\\/#organization\"},\"potentialAction\":[{\"@type\":\"SearchAction\",\"target\":{\"@type\":\"EntryPoint\",\"urlTemplate\":\"https:\\\/\\\/steimer.fr\\\/?s={search_term_string}\"},\"query-input\":{\"@type\":\"PropertyValueSpecification\",\"valueRequired\":true,\"valueName\":\"search_term_string\"}}],\"inLanguage\":\"en-GB\"},{\"@type\":\"Organization\",\"@id\":\"https:\\\/\\\/steimer.fr\\\/#organization\",\"name\":\"STEIMER\",\"url\":\"https:\\\/\\\/steimer.fr\\\/\",\"logo\":{\"@type\":\"ImageObject\",\"inLanguage\":\"en-GB\",\"@id\":\"https:\\\/\\\/steimer.fr\\\/#\\\/schema\\\/logo\\\/image\\\/\",\"url\":\"https:\\\/\\\/steimer.fr\\\/wp-content\\\/uploads\\\/2021\\\/11\\\/cropped-logo-jpeg.png\",\"contentUrl\":\"https:\\\/\\\/steimer.fr\\\/wp-content\\\/uploads\\\/2021\\\/11\\\/cropped-logo-jpeg.png\",\"width\":210,\"height\":48,\"caption\":\"STEIMER\"},\"image\":{\"@id\":\"https:\\\/\\\/steimer.fr\\\/#\\\/schema\\\/logo\\\/image\\\/\"},\"sameAs\":[\"https:\\\/\\\/www.facebook.com\\\/steimer.fr\",\"https:\\\/\\\/www.instagram.com\\\/\"]}]}<\/script>\n<!-- \/ Yoast SEO plugin. -->","yoast_head_json":{"title":"Mat\u00e9riel agricole : les distributeurs STEIMER partout en France","description":"STEIMER est sp\u00e9cialis\u00e9 dans la conception et la vente de mat\u00e9riel agricole pour pr\u00e9parer le sol. Retrouvez la liste des revendeurs et distributeurs STEIMER.","robots":{"index":"index","follow":"follow","max-snippet":"max-snippet:-1","max-image-preview":"max-image-preview:large","max-video-preview":"max-video-preview:-1"},"canonical":"https:\/\/steimer.fr\/en\/nos-distributeurs\/","og_locale":"en_GB","og_type":"article","og_title":"Mat\u00e9riel agricole : les distributeurs STEIMER partout en France","og_description":"STEIMER est sp\u00e9cialis\u00e9 dans la conception et la vente de mat\u00e9riel agricole pour pr\u00e9parer le sol. Retrouvez la liste des revendeurs et distributeurs STEIMER.","og_url":"https:\/\/steimer.fr\/en\/nos-distributeurs\/","og_site_name":"Fabricant de mat\u00e9riel agricole","article_publisher":"https:\/\/www.facebook.com\/steimer.fr","article_modified_time":"2022-02-11T15:51:22+00:00","og_image":[{"url":"http:\/\/steimer.fr\/wp-content\/uploads\/2017\/04\/distri-1-300x300.jpg","type":"","width":"","height":""}],"twitter_card":"summary_large_image","twitter_misc":{"Estimated reading time":"1 minute"},"schema":{"@context":"https:\/\/schema.org","@graph":[{"@type":"WebPage","@id":"https:\/\/steimer.fr\/nos-distributeurs\/","url":"https:\/\/steimer.fr\/nos-distributeurs\/","name":"Mat\u00e9riel agricole : les distributeurs STEIMER partout en France","isPartOf":{"@id":"https:\/\/steimer.fr\/#website"},"primaryImageOfPage":{"@id":"https:\/\/steimer.fr\/nos-distributeurs\/#primaryimage"},"image":{"@id":"https:\/\/steimer.fr\/nos-distributeurs\/#primaryimage"},"thumbnailUrl":"http:\/\/steimer.fr\/wp-content\/uploads\/2017\/04\/distri-1-300x300.jpg","datePublished":"2017-04-07T11:49:26+00:00","dateModified":"2022-02-11T15:51:22+00:00","description":"STEIMER est sp\u00e9cialis\u00e9 dans la conception et la vente de mat\u00e9riel agricole pour pr\u00e9parer le sol. Retrouvez la liste des revendeurs et distributeurs STEIMER.","breadcrumb":{"@id":"https:\/\/steimer.fr\/nos-distributeurs\/#breadcrumb"},"inLanguage":"en-GB","potentialAction":[{"@type":"ReadAction","target":["https:\/\/steimer.fr\/nos-distributeurs\/"]}]},{"@type":"ImageObject","inLanguage":"en-GB","@id":"https:\/\/steimer.fr\/nos-distributeurs\/#primaryimage","url":"http:\/\/steimer.fr\/wp-content\/uploads\/2017\/04\/distri-1-300x300.jpg","contentUrl":"http:\/\/steimer.fr\/wp-content\/uploads\/2017\/04\/distri-1-300x300.jpg"},{"@type":"BreadcrumbList","@id":"https:\/\/steimer.fr\/nos-distributeurs\/#breadcrumb","itemListElement":[{"@type":"ListItem","position":1,"name":"Accueil","item":"https:\/\/steimer.fr\/"},{"@type":"ListItem","position":2,"name":"Nos distributeurs"}]},{"@type":"WebSite","@id":"https:\/\/steimer.fr\/#website","url":"https:\/\/steimer.fr\/","name":"Fabricant de mat\u00e9riel agricole","description":"Machines pour la pr\u00e9paration du sol et le semis","publisher":{"@id":"https:\/\/steimer.fr\/#organization"},"potentialAction":[{"@type":"SearchAction","target":{"@type":"EntryPoint","urlTemplate":"https:\/\/steimer.fr\/?s={search_term_string}"},"query-input":{"@type":"PropertyValueSpecification","valueRequired":true,"valueName":"search_term_string"}}],"inLanguage":"en-GB"},{"@type":"Organization","@id":"https:\/\/steimer.fr\/#organization","name":"STEIMER","url":"https:\/\/steimer.fr\/","logo":{"@type":"ImageObject","inLanguage":"en-GB","@id":"https:\/\/steimer.fr\/#\/schema\/logo\/image\/","url":"https:\/\/steimer.fr\/wp-content\/uploads\/2021\/11\/cropped-logo-jpeg.png","contentUrl":"https:\/\/steimer.fr\/wp-content\/uploads\/2021\/11\/cropped-logo-jpeg.png","width":210,"height":48,"caption":"STEIMER"},"image":{"@id":"https:\/\/steimer.fr\/#\/schema\/logo\/image\/"},"sameAs":["https:\/\/www.facebook.com\/steimer.fr","https:\/\/www.instagram.com\/"]}]}},"_links":{"self":[{"href":"https:\/\/steimer.fr\/en\/wp-json\/wp\/v2\/pages\/142","targetHints":{"allow":["GET"]}}],"collection":[{"href":"https:\/\/steimer.fr\/en\/wp-json\/wp\/v2\/pages"}],"about":[{"href":"https:\/\/steimer.fr\/en\/wp-json\/wp\/v2\/types\/page"}],"author":[{"embeddable":true,"href":"https:\/\/steimer.fr\/en\/wp-json\/wp\/v2\/users\/1"}],"replies":[{"embeddable":true,"href":"https:\/\/steimer.fr\/en\/wp-json\/wp\/v2\/comments?post=142"}],"version-history":[{"count":22,"href":"https:\/\/steimer.fr\/en\/wp-json\/wp\/v2\/pages\/142\/revisions"}],"predecessor-version":[{"id":6867,"href":"https:\/\/steimer.fr\/en\/wp-json\/wp\/v2\/pages\/142\/revisions\/6867"}],"wp:attachment":[{"href":"https:\/\/steimer.fr\/en\/wp-json\/wp\/v2\/media?parent=142"}],"curies":[{"name":"wp","href":"https:\/\/api.w.org\/{rel}","templated":true}]}}