{"id":13,"date":"2017-04-05T15:37:20","date_gmt":"2017-04-05T13:37:20","guid":{"rendered":"http:\/\/steimer.fr\/?page_id=13"},"modified":"2022-09-26T20:52:01","modified_gmt":"2022-09-26T18:52:01","slug":"les-produits-steimer","status":"publish","type":"page","link":"https:\/\/steimer.fr\/en\/les-produits-steimer\/","title":{"rendered":"Les produits"},"content":{"rendered":"<div data-elementor-type=\"wp-page\" data-elementor-id=\"13\" class=\"elementor elementor-13\">\n\t\t\t\t\t\t<section class=\"elementor-section elementor-top-section elementor-element elementor-element-5cfa5020 elementor-section-boxed elementor-section-height-default elementor-section-height-default\" data-id=\"5cfa5020\" data-element_type=\"section\" data-e-type=\"section\">\n\t\t\t\t\t\t<div class=\"elementor-container elementor-column-gap-default\">\n\t\t\t\t\t<div class=\"elementor-column elementor-col-100 elementor-top-column elementor-element elementor-element-4afa9df9\" data-id=\"4afa9df9\" data-element_type=\"column\" data-e-type=\"column\">\n\t\t\t<div class=\"elementor-widget-wrap elementor-element-populated\">\n\t\t\t\t\t\t<div class=\"elementor-element elementor-element-59a75ca4 elementor-widget elementor-widget-text-editor\" data-id=\"59a75ca4\" data-element_type=\"widget\" data-e-type=\"widget\" data-widget_type=\"text-editor.default\">\n\t\t\t\t\t\t\t\t\t<h1>Le mat\u00e9riel agricole fabriqu\u00e9 et vendu par&nbsp;STEIMER<\/h1>\n<figure id=\"attachment_3562\" aria-describedby=\"caption-attachment-3562\" style=\"width: 480px\" class=\"wp-caption alignleft\"><img fetchpriority=\"high\" decoding=\"async\" class=\"wp-image-3562 size-large\" title=\"Fabrication produits STEIMER - mat\u00e9riel agricole\" src=\"http:\/\/steimer.fr\/wp-content\/uploads\/2017\/04\/pieces-dechaumeur-1024x470.jpg\" alt=\"pieces-machines-agricole-usine\" width=\"640\" height=\"294\" srcset=\"https:\/\/steimer.fr\/wp-content\/uploads\/2017\/04\/pieces-dechaumeur-1024x470.jpg 1024w, https:\/\/steimer.fr\/wp-content\/uploads\/2017\/04\/pieces-dechaumeur-300x138.jpg 300w, https:\/\/steimer.fr\/wp-content\/uploads\/2017\/04\/pieces-dechaumeur-768x352.jpg 768w, https:\/\/steimer.fr\/wp-content\/uploads\/2017\/04\/pieces-dechaumeur.jpg 1500w\" sizes=\"(max-width: 640px) 100vw, 640px\" \/><figcaption id=\"caption-attachment-3562\" class=\"wp-caption-text\">Fabrication de mat\u00e9riel agricole et produits STEIMER<\/figcaption><\/figure>\n<p>\nSTEIMER est sp\u00e9cialis\u00e9 dans la construction de mat\u00e9riel agricole pour la pr\u00e9paration du sol et le semis.<br>Aujourd&rsquo;hui, la gamme est compos\u00e9e de plus de 30 machines,&nbsp;destin\u00e9es \u00e0 l&rsquo;ensemble des travaux de la terre. A travers celle-ci, vous trouverez tout le mat\u00e9riel r\u00e9pondant \u00e0 vos demandes concernant le sous-solage, le rappui, le d\u00e9chaumage ou m\u00eame le nivellement de vos parcelles. L&rsquo;entreprise souhaite ainsi combler l&rsquo;ensemble des besoins des agriculteurs pour&nbsp;la pr\u00e9paration des sols et la mise en terre&nbsp;des graines.<\/p>\n<p>\nD\u00e9couvrez l&rsquo;ensemble de nos machines, ainsi que leurs caract\u00e9ristiques techniques :\n<\/p>\n<ul>\n<li style=\"text-align: left;\"><a href=\"http:\/\/steimer.fr\/en\/preparation-de-sol\/\">Machines de pr\u00e9paration du sol<\/a><\/li>\n<li style=\"text-align: left;\"><a href=\"http:\/\/steimer.fr\/en\/machines-de-rappuyage-rouleaux\/\">Machines de rappuyage<\/a><\/li>\n<li style=\"text-align: left;\"><a href=\"http:\/\/steimer.fr\/en\/dechaumeurs\/\">D\u00e9chaumeurs \u00e0 disques<\/a><\/li>\n<li style=\"text-align: left;\"><a href=\"http:\/\/steimer.fr\/en\/dechaumeurs-dents\/\">D\u00e9chaumeurs \u00e0 dents<\/a><\/li>\n<li style=\"text-align: left;\"><a href=\"http:\/\/steimer.fr\/en\/charrues\/\">Charrues<\/a><\/li>\n<li style=\"text-align: left;\"><a href=\"http:\/\/steimer.fr\/en\/sous-soleuses\/\">Sous-soleuses<\/a><\/li>\n<li style=\"text-align: left;\"><a href=\"http:\/\/steimer.fr\/en\/semoirs\/\">Semoirs<\/a><\/li>\n<\/ul>\n<p><a href=\"http:\/\/steimer.fr\/wp-content\/uploads\/2021\/01\/Gamme-Produits-STEIMER-2021.pdf\" target=\"_blank\" rel=\"noopener noreferrer\"><img decoding=\"async\" class=\"alignleft wp-image-536\" src=\"http:\/\/steimer.fr\/wp-content\/uploads\/2017\/04\/pdf-icon-150x150.png\" alt=\"brochure pdf\" width=\"95\" height=\"95\" srcset=\"https:\/\/steimer.fr\/wp-content\/uploads\/2017\/04\/pdf-icon-150x150.png 150w, https:\/\/steimer.fr\/wp-content\/uploads\/2017\/04\/pdf-icon-300x300.png 300w, https:\/\/steimer.fr\/wp-content\/uploads\/2017\/04\/pdf-icon-768x768.png 768w, https:\/\/steimer.fr\/wp-content\/uploads\/2017\/04\/pdf-icon.png 1024w\" sizes=\"(max-width: 95px) 100vw, 95px\" \/><\/a><\/p>\n<p><a href=\"http:\/\/steimer.fr\/wp-content\/uploads\/2021\/01\/Gamme-Produits-STEIMER-2021.pdf\">T\u00e9l\u00e9chargez la brochure de la gamme produits<\/a><\/p>\n<h1>La qualit\u00e9 STEIMER<\/h1>\n<p>\nSTEIMER tient \u00e0 offrir du mat\u00e9riel de qualit\u00e9 et s&rsquo;efforce donc d&rsquo;\u00eatre le plus performant possible. Et cela, \u00e0 toutes les \u00e9tapes de fabrication.\n<\/p>\n<h2>La conception<\/h2>\n<p>Les machines sont pens\u00e9es dans l&rsquo;optique de r\u00e9pondre au mieux \u00e0 tous les besoins des agriculteurs pour pr\u00e9parer leur sol et effectuer le semis.\n<br>L&rsquo;accent est principalement mis sur l&rsquo;ergonomie et la r\u00e9sistance des outils. Ainsi, nous vous garantissons une utilisation facile, pratique et dans la dur\u00e9e.\n<br>De plus, l&rsquo;\u00e9largissement de notre gamme de produits est une de nos pr\u00e9occupations majeures. C&rsquo;est pourquoi, nous sommes \u00e0 l&rsquo;\u00e9coute des utilisateurs pour satisfaire au mieux leurs attentes.<\/p>\n<h2>La fabrication des produits STEIMER<\/h2>\n<p>Premi\u00e8rement, STEIMER choisit les mat\u00e9riaux les plus adapt\u00e9s&nbsp;afin de fournir des produits finis de qualit\u00e9. C&rsquo;est pourquoi nos machines sont&nbsp;notamment \u00e9quip\u00e9s de :<\/p>\n<ul>\n<li>roulements SKF Agri-HUB sans entretien<\/li>\n<li>rouleaux en fonte ductile, plus r\u00e9sistants que les rouleaux en fonte<\/li>\n<li>disques OFAS<\/li>\n<li>s\u00e9curit\u00e9s adapt\u00e9es au travail propre \u00e0 chaque machine<\/li>\n<li>etc.<\/li>\n<\/ul>\n<p>De jour en jour, nous remarquons que le design a \u00e9norm\u00e9ment d&rsquo;importance. Face \u00e0 cette caract\u00e9ristique, STEIMER innove et d\u00e9veloppe ses machines pour am\u00e9liorer leurs praticit\u00e9s et ainsi vos conditions de travail.<\/p>\n<p>\nDeuxi\u00e8mement, nous utilisons un proc\u00e9d\u00e9 de peinture qui a fait ses preuves depuis de nombreuses ann\u00e9es. De plus, il est particuli\u00e8rement&nbsp;appropri\u00e9 aux machines agricoles :\n<\/p>\n<ul>\n<li>1\u00e8re \u00e9tape : Tout d&rsquo;abord, le grenaillage consiste \u00e0 projeter des micro-billes pour nettoyer la surface et lui offrir suffisamment de rugosit\u00e9. Cela permet \u00e0 la peinture de mieux accrocher.<\/li>\n<li>2\u00e8me \u00e9tape : Puis le passage des machines en cabine de peinture leur donne cette \u00e9clatante couleur bleue.<\/li>\n<li>3\u00e8me \u00e9tape : Pour finir, le passage au four g\u00e9n\u00e8re un s\u00e9chage rapide et une adh\u00e9rence optimale de la peinture.<\/li>\n<\/ul>\n<h2 id=\"service\">Le service apr\u00e8s-vente<\/h2>\n<h3>Service technique<\/h3>\n<p>Bien conscients que votre temps est pr\u00e9cieux, nous mettons tout en \u0153uvre pour vous offrir un service performant. Et cela dans les plus brefs d\u00e9lais.<\/p>\n<p>Ainsi, afin d&rsquo;assurer la tranquillit\u00e9 aux utilisateurs de nos machines, nous garantissons tout notre mat\u00e9riel durant 3 ans. Dans cette optique, nous avons d\u00e9velopp\u00e9 un r\u00e9seau de concessionnaires performants et r\u00e9actifs. Leur bonne connaissance du terrain et des pr\u00e9occupations des professionnels agricoles leur permettent d&rsquo;accompagner au mieux notre propre service technique, pour vous servir dans les meilleures conditions.<\/p>\n<h3>Pi\u00e8ces d\u00e9tach\u00e9es<\/h3>\n<figure id=\"attachment_1244\" aria-describedby=\"caption-attachment-1244\" style=\"width: 480px\" class=\"wp-caption alignleft\"><img decoding=\"async\" class=\"wp-image-1244\" title=\"Pi\u00e8ces d\u00e9tach\u00e9es et produits STEIMER\" src=\"http:\/\/steimer.fr\/wp-content\/uploads\/2017\/04\/service-maintenance-min.png\" alt=\"Pi\u00e8ces d\u00e9tach\u00e9es et service apr\u00e8s vente produits STEIMER\" width=\"598\" height=\"301\" srcset=\"https:\/\/steimer.fr\/wp-content\/uploads\/2017\/04\/service-maintenance-min.png 939w, https:\/\/steimer.fr\/wp-content\/uploads\/2017\/04\/service-maintenance-min-300x151.png 300w, https:\/\/steimer.fr\/wp-content\/uploads\/2017\/04\/service-maintenance-min-768x386.png 768w\" sizes=\"(max-width: 598px) 100vw, 598px\" \/><figcaption id=\"caption-attachment-1244\" class=\"wp-caption-text\">Pi\u00e8ces d\u00e9tach\u00e9es et service apr\u00e8s vente de mat\u00e9riel agricole STEIMER<\/figcaption><\/figure>\n<p>Toujours dans l&rsquo;optique d&rsquo;assurer un service de qualit\u00e9, STEIMER dispose en permanence de l&rsquo;ensemble des pi\u00e8ces n\u00e9cessaires au bon fonctionnement des machines. En effet, gr\u00e2ce \u00e0 notre centre de stockage ainsi que de nombreux points relais au sein de concessions dispers\u00e9es sur tout le territoire, nous pouvons satisfaire&nbsp;rapidement toute demande de pi\u00e8ce d\u00e9tach\u00e9e.<\/p>\t\t\t\t\t\t\t\t<\/div>\n\t\t\t\t\t<\/div>\n\t\t<\/div>\n\t\t\t\t\t<\/div>\n\t\t<\/section>\n\t\t\t\t<\/div>","protected":false},"excerpt":{"rendered":"<p>Le mat\u00e9riel agricole fabriqu\u00e9 et vendu par&nbsp;STEIMER STEIMER est sp\u00e9cialis\u00e9 dans la construction de mat\u00e9riel agricole pour la pr\u00e9paration du sol et le semis.Aujourd&rsquo;hui, la gamme est compos\u00e9e de plus de 30 machines,&nbsp;destin\u00e9es \u00e0 l&rsquo;ensemble des travaux de la terre. A travers celle-ci, vous trouverez tout le mat\u00e9riel r\u00e9pondant \u00e0 vos demandes concernant le sous-solage, &hellip; <\/p>\n<p class=\"link-more\"><a href=\"https:\/\/steimer.fr\/en\/les-produits-steimer\/\" class=\"more-link\">Read more<span class=\"screen-reader-text\"> \u00ab\u00a0Les produits\u00a0\u00bb<\/span><\/a><\/p>","protected":false},"author":1,"featured_media":0,"parent":0,"menu_order":0,"comment_status":"closed","ping_status":"closed","template":"","meta":{"inspiro_hide_title":false,"footnotes":""},"class_list":["post-13","page","type-page","status-publish","hentry"],"yoast_head":"<!-- This site is optimized with the Yoast SEO plugin v27.3 - https:\/\/yoast.com\/product\/yoast-seo-wordpress\/ -->\n<title>Produits STEIMER : mat\u00e9riel de pr\u00e9paration de sol et semis<\/title>\n<meta name=\"description\" content=\"D\u00e9couvrez les produits STEIMER. Nous vous proposons du mat\u00e9riel agricole pour tout travail du sol (rappui, d\u00e9chaumage, nivellement, ameublissement, semis..)\" \/>\n<meta name=\"robots\" content=\"index, follow, max-snippet:-1, max-image-preview:large, max-video-preview:-1\" \/>\n<link rel=\"canonical\" href=\"https:\/\/steimer.fr\/en\/les-produits-steimer\/\" \/>\n<meta property=\"og:locale\" content=\"en_GB\" \/>\n<meta property=\"og:type\" content=\"article\" \/>\n<meta property=\"og:title\" content=\"Produits STEIMER : mat\u00e9riel de pr\u00e9paration de sol et semis\" \/>\n<meta property=\"og:description\" content=\"D\u00e9couvrez les produits STEIMER. Nous vous proposons du mat\u00e9riel agricole pour tout travail du sol (rappui, d\u00e9chaumage, nivellement, ameublissement, semis..)\" \/>\n<meta property=\"og:url\" content=\"https:\/\/steimer.fr\/en\/les-produits-steimer\/\" \/>\n<meta property=\"og:site_name\" content=\"Fabricant de mat\u00e9riel agricole\" \/>\n<meta property=\"article:publisher\" content=\"https:\/\/www.facebook.com\/steimer.fr\" \/>\n<meta property=\"article:modified_time\" content=\"2022-09-26T18:52:01+00:00\" \/>\n<meta property=\"og:image\" content=\"http:\/\/steimer.fr\/wp-content\/uploads\/2017\/04\/pieces-dechaumeur-1024x470.jpg\" \/>\n<meta name=\"twitter:card\" content=\"summary_large_image\" \/>\n<meta name=\"twitter:label1\" content=\"Estimated reading time\" \/>\n\t<meta name=\"twitter:data1\" content=\"4 minutes\" \/>\n<script type=\"application\/ld+json\" class=\"yoast-schema-graph\">{\"@context\":\"https:\\\/\\\/schema.org\",\"@graph\":[{\"@type\":\"WebPage\",\"@id\":\"https:\\\/\\\/steimer.fr\\\/les-produits-steimer\\\/\",\"url\":\"https:\\\/\\\/steimer.fr\\\/les-produits-steimer\\\/\",\"name\":\"Produits STEIMER : mat\u00e9riel de pr\u00e9paration de sol et semis\",\"isPartOf\":{\"@id\":\"https:\\\/\\\/steimer.fr\\\/#website\"},\"primaryImageOfPage\":{\"@id\":\"https:\\\/\\\/steimer.fr\\\/les-produits-steimer\\\/#primaryimage\"},\"image\":{\"@id\":\"https:\\\/\\\/steimer.fr\\\/les-produits-steimer\\\/#primaryimage\"},\"thumbnailUrl\":\"http:\\\/\\\/steimer.fr\\\/wp-content\\\/uploads\\\/2017\\\/04\\\/pieces-dechaumeur-1024x470.jpg\",\"datePublished\":\"2017-04-05T13:37:20+00:00\",\"dateModified\":\"2022-09-26T18:52:01+00:00\",\"description\":\"D\u00e9couvrez les produits STEIMER. Nous vous proposons du mat\u00e9riel agricole pour tout travail du sol (rappui, d\u00e9chaumage, nivellement, ameublissement, semis..)\",\"breadcrumb\":{\"@id\":\"https:\\\/\\\/steimer.fr\\\/les-produits-steimer\\\/#breadcrumb\"},\"inLanguage\":\"en-GB\",\"potentialAction\":[{\"@type\":\"ReadAction\",\"target\":[\"https:\\\/\\\/steimer.fr\\\/les-produits-steimer\\\/\"]}]},{\"@type\":\"ImageObject\",\"inLanguage\":\"en-GB\",\"@id\":\"https:\\\/\\\/steimer.fr\\\/les-produits-steimer\\\/#primaryimage\",\"url\":\"http:\\\/\\\/steimer.fr\\\/wp-content\\\/uploads\\\/2017\\\/04\\\/pieces-dechaumeur-1024x470.jpg\",\"contentUrl\":\"http:\\\/\\\/steimer.fr\\\/wp-content\\\/uploads\\\/2017\\\/04\\\/pieces-dechaumeur-1024x470.jpg\"},{\"@type\":\"BreadcrumbList\",\"@id\":\"https:\\\/\\\/steimer.fr\\\/les-produits-steimer\\\/#breadcrumb\",\"itemListElement\":[{\"@type\":\"ListItem\",\"position\":1,\"name\":\"Accueil\",\"item\":\"https:\\\/\\\/steimer.fr\\\/\"},{\"@type\":\"ListItem\",\"position\":2,\"name\":\"Les produits\"}]},{\"@type\":\"WebSite\",\"@id\":\"https:\\\/\\\/steimer.fr\\\/#website\",\"url\":\"https:\\\/\\\/steimer.fr\\\/\",\"name\":\"Fabricant de mat\u00e9riel agricole\",\"description\":\"Machines pour la pr\u00e9paration du sol et le semis\",\"publisher\":{\"@id\":\"https:\\\/\\\/steimer.fr\\\/#organization\"},\"potentialAction\":[{\"@type\":\"SearchAction\",\"target\":{\"@type\":\"EntryPoint\",\"urlTemplate\":\"https:\\\/\\\/steimer.fr\\\/?s={search_term_string}\"},\"query-input\":{\"@type\":\"PropertyValueSpecification\",\"valueRequired\":true,\"valueName\":\"search_term_string\"}}],\"inLanguage\":\"en-GB\"},{\"@type\":\"Organization\",\"@id\":\"https:\\\/\\\/steimer.fr\\\/#organization\",\"name\":\"STEIMER\",\"url\":\"https:\\\/\\\/steimer.fr\\\/\",\"logo\":{\"@type\":\"ImageObject\",\"inLanguage\":\"en-GB\",\"@id\":\"https:\\\/\\\/steimer.fr\\\/#\\\/schema\\\/logo\\\/image\\\/\",\"url\":\"https:\\\/\\\/steimer.fr\\\/wp-content\\\/uploads\\\/2021\\\/11\\\/cropped-logo-jpeg.png\",\"contentUrl\":\"https:\\\/\\\/steimer.fr\\\/wp-content\\\/uploads\\\/2021\\\/11\\\/cropped-logo-jpeg.png\",\"width\":210,\"height\":48,\"caption\":\"STEIMER\"},\"image\":{\"@id\":\"https:\\\/\\\/steimer.fr\\\/#\\\/schema\\\/logo\\\/image\\\/\"},\"sameAs\":[\"https:\\\/\\\/www.facebook.com\\\/steimer.fr\",\"https:\\\/\\\/www.instagram.com\\\/\"]}]}<\/script>\n<!-- \/ Yoast SEO plugin. -->","yoast_head_json":{"title":"Produits STEIMER : mat\u00e9riel de pr\u00e9paration de sol et semis","description":"D\u00e9couvrez les produits STEIMER. Nous vous proposons du mat\u00e9riel agricole pour tout travail du sol (rappui, d\u00e9chaumage, nivellement, ameublissement, semis..)","robots":{"index":"index","follow":"follow","max-snippet":"max-snippet:-1","max-image-preview":"max-image-preview:large","max-video-preview":"max-video-preview:-1"},"canonical":"https:\/\/steimer.fr\/en\/les-produits-steimer\/","og_locale":"en_GB","og_type":"article","og_title":"Produits STEIMER : mat\u00e9riel de pr\u00e9paration de sol et semis","og_description":"D\u00e9couvrez les produits STEIMER. Nous vous proposons du mat\u00e9riel agricole pour tout travail du sol (rappui, d\u00e9chaumage, nivellement, ameublissement, semis..)","og_url":"https:\/\/steimer.fr\/en\/les-produits-steimer\/","og_site_name":"Fabricant de mat\u00e9riel agricole","article_publisher":"https:\/\/www.facebook.com\/steimer.fr","article_modified_time":"2022-09-26T18:52:01+00:00","og_image":[{"url":"http:\/\/steimer.fr\/wp-content\/uploads\/2017\/04\/pieces-dechaumeur-1024x470.jpg","type":"","width":"","height":""}],"twitter_card":"summary_large_image","twitter_misc":{"Estimated reading time":"4 minutes"},"schema":{"@context":"https:\/\/schema.org","@graph":[{"@type":"WebPage","@id":"https:\/\/steimer.fr\/les-produits-steimer\/","url":"https:\/\/steimer.fr\/les-produits-steimer\/","name":"Produits STEIMER : mat\u00e9riel de pr\u00e9paration de sol et semis","isPartOf":{"@id":"https:\/\/steimer.fr\/#website"},"primaryImageOfPage":{"@id":"https:\/\/steimer.fr\/les-produits-steimer\/#primaryimage"},"image":{"@id":"https:\/\/steimer.fr\/les-produits-steimer\/#primaryimage"},"thumbnailUrl":"http:\/\/steimer.fr\/wp-content\/uploads\/2017\/04\/pieces-dechaumeur-1024x470.jpg","datePublished":"2017-04-05T13:37:20+00:00","dateModified":"2022-09-26T18:52:01+00:00","description":"D\u00e9couvrez les produits STEIMER. Nous vous proposons du mat\u00e9riel agricole pour tout travail du sol (rappui, d\u00e9chaumage, nivellement, ameublissement, semis..)","breadcrumb":{"@id":"https:\/\/steimer.fr\/les-produits-steimer\/#breadcrumb"},"inLanguage":"en-GB","potentialAction":[{"@type":"ReadAction","target":["https:\/\/steimer.fr\/les-produits-steimer\/"]}]},{"@type":"ImageObject","inLanguage":"en-GB","@id":"https:\/\/steimer.fr\/les-produits-steimer\/#primaryimage","url":"http:\/\/steimer.fr\/wp-content\/uploads\/2017\/04\/pieces-dechaumeur-1024x470.jpg","contentUrl":"http:\/\/steimer.fr\/wp-content\/uploads\/2017\/04\/pieces-dechaumeur-1024x470.jpg"},{"@type":"BreadcrumbList","@id":"https:\/\/steimer.fr\/les-produits-steimer\/#breadcrumb","itemListElement":[{"@type":"ListItem","position":1,"name":"Accueil","item":"https:\/\/steimer.fr\/"},{"@type":"ListItem","position":2,"name":"Les produits"}]},{"@type":"WebSite","@id":"https:\/\/steimer.fr\/#website","url":"https:\/\/steimer.fr\/","name":"Fabricant de mat\u00e9riel agricole","description":"Machines pour la pr\u00e9paration du sol et le semis","publisher":{"@id":"https:\/\/steimer.fr\/#organization"},"potentialAction":[{"@type":"SearchAction","target":{"@type":"EntryPoint","urlTemplate":"https:\/\/steimer.fr\/?s={search_term_string}"},"query-input":{"@type":"PropertyValueSpecification","valueRequired":true,"valueName":"search_term_string"}}],"inLanguage":"en-GB"},{"@type":"Organization","@id":"https:\/\/steimer.fr\/#organization","name":"STEIMER","url":"https:\/\/steimer.fr\/","logo":{"@type":"ImageObject","inLanguage":"en-GB","@id":"https:\/\/steimer.fr\/#\/schema\/logo\/image\/","url":"https:\/\/steimer.fr\/wp-content\/uploads\/2021\/11\/cropped-logo-jpeg.png","contentUrl":"https:\/\/steimer.fr\/wp-content\/uploads\/2021\/11\/cropped-logo-jpeg.png","width":210,"height":48,"caption":"STEIMER"},"image":{"@id":"https:\/\/steimer.fr\/#\/schema\/logo\/image\/"},"sameAs":["https:\/\/www.facebook.com\/steimer.fr","https:\/\/www.instagram.com\/"]}]}},"_links":{"self":[{"href":"https:\/\/steimer.fr\/en\/wp-json\/wp\/v2\/pages\/13","targetHints":{"allow":["GET"]}}],"collection":[{"href":"https:\/\/steimer.fr\/en\/wp-json\/wp\/v2\/pages"}],"about":[{"href":"https:\/\/steimer.fr\/en\/wp-json\/wp\/v2\/types\/page"}],"author":[{"embeddable":true,"href":"https:\/\/steimer.fr\/en\/wp-json\/wp\/v2\/users\/1"}],"replies":[{"embeddable":true,"href":"https:\/\/steimer.fr\/en\/wp-json\/wp\/v2\/comments?post=13"}],"version-history":[{"count":103,"href":"https:\/\/steimer.fr\/en\/wp-json\/wp\/v2\/pages\/13\/revisions"}],"predecessor-version":[{"id":7315,"href":"https:\/\/steimer.fr\/en\/wp-json\/wp\/v2\/pages\/13\/revisions\/7315"}],"wp:attachment":[{"href":"https:\/\/steimer.fr\/en\/wp-json\/wp\/v2\/media?parent=13"}],"curies":[{"name":"wp","href":"https:\/\/api.w.org\/{rel}","templated":true}]}}