{"id":1217,"date":"2017-06-16T11:22:25","date_gmt":"2017-06-16T09:22:25","guid":{"rendered":"http:\/\/steimer.fr\/?page_id=1217"},"modified":"2021-07-08T09:47:36","modified_gmt":"2021-07-08T07:47:36","slug":"dechaumeurs-dents","status":"publish","type":"page","link":"https:\/\/steimer.fr\/en\/dechaumeurs-dents\/","title":{"rendered":"D\u00e9chaumeurs \u00e0 dents"},"content":{"rendered":"<table style=\"width: 960px; height: 30px;\">\n<tbody>\n<tr>\n<td class=\"tdpic\" style=\"width: 466px;\">\n<h2><span style=\"font-size: 14pt;\">KLARA &#8211; D\u00e9chaumeur \u00e0 dents<br \/>\n<strong>(S\u00e9curit\u00e9 boulons ou ressorts)<\/strong><br \/>\n<\/span><\/h2>\n<p><a href=\"http:\/\/steimer.fr\/en\/klara-dechaumeur-dents\/\"><img decoding=\"async\" class=\"alignleft wp-image-3006\" src=\"http:\/\/steimer.fr\/wp-content\/uploads\/2017\/10\/dechaumeur-dent-300x169.jpg\" alt=\"dechaumeurs a dents STEIMER\" width=\"293\" height=\"165\" srcset=\"https:\/\/steimer.fr\/wp-content\/uploads\/2017\/10\/dechaumeur-dent-300x169.jpg 300w, https:\/\/steimer.fr\/wp-content\/uploads\/2017\/10\/dechaumeur-dent.jpg 500w\" sizes=\"(max-width: 293px) 100vw, 293px\" \/><\/a><\/td>\n<td class=\"tdtext\" style=\"width: 232px;\"><strong>Port\u00e9 fixe<\/strong>&nbsp;<\/p>\n<p><span style=\"font-size: 10pt;\"><a href=\"http:\/\/steimer.fr\/en\/klara-dechaumeur-dents\/\" target=\"_blank\" rel=\"noopener noreferrer\">KLARA PF 3000<\/a><\/span><\/p>\n<p><span style=\"font-size: 10pt;\"><a href=\"http:\/\/steimer.fr\/en\/klara-dechaumeur-dents\/\" target=\"_blank\" rel=\"noopener noreferrer\">KLARA PF 4000<\/a><\/span><\/td>\n<td class=\"tdtext\" style=\"width: 233.854px;\"><strong>Port\u00e9 repliable<\/strong>&nbsp;<\/p>\n<p><span style=\"font-size: 10pt;\"><a href=\"http:\/\/steimer.fr\/index.php\/klara\/\" target=\"_blank\" rel=\"noopener noreferrer\">KLARA PR 4000<\/a><\/span><\/p>\n<p><span style=\"font-size: 10pt;\"><a href=\"http:\/\/steimer.fr\/index.php\/klara\/\" target=\"_blank\" rel=\"noopener noreferrer\">KLARA PR 4500<\/a><\/span><\/td>\n<td class=\"tdtext\" style=\"width: 218.146px;\">&nbsp;<strong>Semi-port\u00e9 repliable<\/strong>&nbsp;<\/p>\n<p><span style=\"font-size: 10pt;\"><a href=\"http:\/\/steimer.fr\/index.php\/klara\/\" target=\"_blank\" rel=\"noopener noreferrer\">KLARA SC 4000<\/a><\/span><\/p>\n<p><span style=\"font-size: 10pt;\"><a href=\"http:\/\/steimer.fr\/index.php\/klara\/\" target=\"_blank\" rel=\"noopener noreferrer\">KLARA SC 4500<\/a><\/span><\/td>\n<\/tr>\n<\/tbody>\n<\/table>\n<table style=\"width: 960px; height: 28px;\">\n<tbody>\n<tr>\n<td class=\"tdpic\" style=\"width: 348px;\">\n<h2><span style=\"font-size: 14pt;\">KLAUDIA &#8211; D\u00e9chaumeur cultivateur<br \/>\n<strong>(S\u00e9curit\u00e9 boulons ou ressorts)<\/strong><br \/>\n<\/span><\/h2>\n<p><a href=\"http:\/\/steimer.fr\/en\/klaudia-dechaumeur-dents\/\"><img decoding=\"async\" class=\"alignleft wp-image-3155\" src=\"http:\/\/steimer.fr\/wp-content\/uploads\/2017\/06\/image-ic\u00f4ne-Klaudia-d\u00e9chaumeur-\u00e0-dents-300x151.jpg\" alt=\"d\u00e9chaumeurs \u00e0 dents Steimer\" width=\"293\" height=\"147\" srcset=\"https:\/\/steimer.fr\/wp-content\/uploads\/2017\/06\/image-ic\u00f4ne-Klaudia-d\u00e9chaumeur-\u00e0-dents-300x151.jpg 300w, https:\/\/steimer.fr\/wp-content\/uploads\/2017\/06\/image-ic\u00f4ne-Klaudia-d\u00e9chaumeur-\u00e0-dents.jpg 350w\" sizes=\"(max-width: 293px) 100vw, 293px\" \/><\/a><\/td>\n<td class=\"tdtext\" style=\"width: 159.2px;\"><strong>Port\u00e9 fixe<\/strong>&nbsp;<\/p>\n<p><span style=\"font-size: 10pt;\"><a href=\"http:\/\/steimer.fr\/en\/klaudia-dechaumeur-dents\/\" target=\"_blank\" rel=\"noopener noreferrer\">KLAUDIA PF 3000<\/a><\/span><\/p>\n<p><span style=\"font-size: 10pt;\"><a href=\"http:\/\/steimer.fr\/en\/klaudia-dechaumeur-dents\/\" target=\"_blank\" rel=\"noopener noreferrer\">KLAUDIA PF 3500<\/a><\/span><\/p>\n<p><span style=\"font-size: 10pt;\"><a href=\"http:\/\/steimer.fr\/en\/klaudia-dechaumeur-dents\/\" target=\"_blank\" rel=\"noopener noreferrer\">KLAUDIA PF 4000<\/a><\/span><\/td>\n<td class=\"tdtext\" style=\"width: 177.8px;\"><strong>Port\u00e9 repliable<\/strong>&nbsp;<\/p>\n<p><span style=\"font-size: 10pt;\"><a href=\"http:\/\/steimer.fr\/en\/klaudia-dechaumeur-dents\/\" target=\"_blank\" rel=\"noopener noreferrer\">KLAUDIA PR 4000<\/a><\/span><\/p>\n<p><span style=\"font-size: 10pt;\"><a href=\"http:\/\/steimer.fr\/en\/klaudia-dechaumeur-dents\/\" target=\"_blank\" rel=\"noopener noreferrer\">KLAUDIA PR 4500<\/a><\/span><\/td>\n<td class=\"tdtext\" style=\"width: 163px;\"><strong>Semi-port\u00e9 repliable<\/strong>&nbsp;<\/p>\n<p><span style=\"font-size: 10pt;\"><a href=\"http:\/\/steimer.fr\/en\/klaudia-dechaumeur-dents\/\" target=\"_blank\" rel=\"noopener noreferrer\">KLAUDIA SC 4000<\/a><\/span><\/p>\n<p><span style=\"font-size: 10pt;\"><a href=\"http:\/\/steimer.fr\/en\/klaudia-dechaumeur-dents\/\" target=\"_blank\" rel=\"noopener noreferrer\">KLAUDIA SC 4500<\/a><\/span><\/p>\n<p><span style=\"font-size: 10pt;\"><a href=\"http:\/\/steimer.fr\/en\/klaudia-dechaumeur-dents\/\" target=\"_blank\" rel=\"noopener noreferrer\">KLAUDIA SC 5000<\/a><\/span><\/p>\n<p><span style=\"font-size: 10pt;\"><a href=\"http:\/\/steimer.fr\/en\/klaudia-dechaumeur-dents\/\" target=\"_blank\" rel=\"noopener noreferrer\">KLAUDIA SC 6000<\/a><\/span><\/td>\n<\/tr>\n<\/tbody>\n<\/table>\n<table style=\"width: 1140px; height: 28px;\">\n<tbody>\n<tr>\n<td class=\"tdpic\" style=\"width: 355px;\">\n<h2><span style=\"font-size: 14pt;\">KLAUDIA + &#8211; D\u00e9chaumeur cultivateur<br \/>\n<strong>(S\u00e9curit\u00e9 boulons ou ressorts)<\/strong><br \/>\n<\/span><\/h2>\n<p><a href=\"http:\/\/steimer.fr\/en\/klaudia-dechaumeur-cultivateur\/\"><img decoding=\"async\" class=\"alignleft wp-image-4319 size-full\" src=\"https:\/\/steimer.fr\/wp-content\/uploads\/2017\/06\/KLAUDIA-menu-d\u00e9chaumeur-a-dent-steimer-1.jpg\" alt=\"dechaumeur a dents steimer\" width=\"293\" height=\"165\"><\/a><\/td>\n<td class=\"tdtext\" style=\"width: 159.367px;\"><strong>Port\u00e9 fixe<\/strong>&nbsp;<\/p>\n<p><span style=\"font-size: 10pt;\"><a href=\"http:\/\/steimer.fr\/en\/klaudia-dechaumeur-cultivateur\/\" target=\"_blank\" rel=\"noopener noreferrer\">KLAUDIA + PF 3000<\/a><\/span><\/p>\n<p><span style=\"font-size: 10pt;\"><a href=\"http:\/\/steimer.fr\/en\/klaudia-dechaumeur-cultivateur\/\" target=\"_blank\" rel=\"noopener noreferrer\">KLAUDIA + PF 3500<\/a><\/span><\/td>\n<td class=\"tdtext\" style=\"width: 183.633px;\"><strong>Port\u00e9 repliable<\/strong>&nbsp;<\/p>\n<p><span style=\"font-size: 10pt;\"><a href=\"http:\/\/steimer.fr\/en\/klaudia-dechaumeur-cultivateur\/\" target=\"_blank\" rel=\"noopener noreferrer\">KLAUDIA + PR 4000<\/a><\/span><\/p>\n<p><span style=\"font-size: 10pt;\"><a href=\"http:\/\/steimer.fr\/en\/klaudia-dechaumeur-cultivateur\/\" target=\"_blank\" rel=\"noopener noreferrer\">KLAUDIA + PR 5000<\/a><\/span><\/td>\n<td class=\"tdtext\" style=\"width: 329px;\"><strong>Semi-port\u00e9 repliable<\/strong>&nbsp;<\/p>\n<p><span style=\"font-size: 10pt;\"><a href=\"http:\/\/steimer.fr\/en\/klaudia-dechaumeur-cultivateur\/\" target=\"_blank\" rel=\"noopener noreferrer\">KLAUDIA + SC 5000<\/a><\/span><\/p>\n<p>&nbsp;<\/td>\n<\/tr>\n<\/tbody>\n<\/table>\n<table style=\"width: 1140px; height: 28px;\">\n<tbody>\n<tr>\n<td class=\"tdpic\" style=\"width: 355px;\">\n<h2><span style=\"font-size: 14pt;\">KRISTINA &#8211; D\u00e9chaumeur combin\u00e9<br \/>\n<strong>dents et disques <\/strong><br \/>\n<\/span><\/h2>\n<p><a href=\"http:\/\/steimer.fr\/en\/kristina-dechaumeur-combine\/\"><img loading=\"lazy\" decoding=\"async\" class=\"alignleft wp-image-4120\" src=\"http:\/\/steimer.fr\/wp-content\/uploads\/2017\/06\/KRISTINA-d\u00e9chaumeur-STEIMER-300x199.jpg\" alt=\"D\u00e9chaumeur combin\u00e9 KRISTINA\" width=\"293\" height=\"195\" srcset=\"https:\/\/steimer.fr\/wp-content\/uploads\/2017\/06\/KRISTINA-d\u00e9chaumeur-STEIMER-300x199.jpg 300w, https:\/\/steimer.fr\/wp-content\/uploads\/2017\/06\/KRISTINA-d\u00e9chaumeur-STEIMER.jpg 500w\" sizes=\"(max-width: 293px) 100vw, 293px\" \/><\/a><\/td>\n<td class=\"tdtext\" style=\"width: 159.367px;\"><strong>Semi-port\u00e9 repliable<\/strong>&nbsp;<\/p>\n<p><span style=\"font-size: 10pt;\"><a href=\"http:\/\/steimer.fr\/en\/kristina-dechaumeur-combine\/\" target=\"_blank\" rel=\"noopener noreferrer\">KRISTINA SC 4000<\/a><\/span><\/p>\n<p><span style=\"font-size: 10pt;\"><a href=\"http:\/\/steimer.fr\/en\/kristina-dechaumeur-combine\/\" target=\"_blank\" rel=\"noopener noreferrer\">KRISTINA SC 5000<\/a><\/span><\/td>\n<td class=\"tdtext\" style=\"width: 183.633px;\">&nbsp;<\/td>\n<td class=\"tdtext\" style=\"width: 329px;\">&nbsp;<\/td>\n<\/tr>\n<\/tbody>\n<\/table>\n<p>&nbsp;<\/p>\n<p>STEIMER propose quatre mod\u00e8les de <strong>d\u00e9chaumeurs \u00e0 dents<\/strong>, pour des travaux de d\u00e9chaumage de 5 \u00e0 30 cm de profondeur. En effet, les dents dot\u00e9es d&rsquo;ailettes permettent une grande polyvalence, qu&rsquo;il s&rsquo;agisse de p\u00e9n\u00e9trer le sol en profondeur ou de d\u00e9chaumer plut\u00f4t en surface.<\/p>\n<p>Avec des outils&nbsp;de 3 \u00e0 6 m de large (en version port\u00e9 ou semi-port\u00e9), chaque agriculteur peut trouver l&rsquo;outil qui correspond \u00e0 ses besoins. Le choix entre des s\u00e9curit\u00e9s \u00e0 ressorts ou \u00e0 boulons permet par ailleurs de choisir la solution la plus adapt\u00e9e au type de sol.<\/p>\n<p>Nos 4 <strong>d\u00e9chaumeurs<\/strong> \u00e0 dents ne risquent pas le bourrage gr\u00e2ce \u00e0 leur important d\u00e9gagement sous b\u00e2ti. Ils permettent aussi d&rsquo;obtenir un bon nivellement du terrain et un m\u00e9lange de qualit\u00e9 gr\u00e2ce \u00e0 leurs \u00e9l\u00e9ments arri\u00e8res (<strong>disques<\/strong> concaves qui effectuent un m\u00e9lange apr\u00e8s le passage des dents).<\/p>\n<p>De <a href=\"http:\/\/steimer.fr\/en\/gamme-de-rouleaux\/\" target=\"_blank\" rel=\"noopener noreferrer\">nombreux rouleaux<\/a>&nbsp;sont disponibles pour ces machines. Ceux-ci sont \u00e0 choisir en fonction du travail \u00e0 r\u00e9aliser et du type de sol.<\/p>","protected":false},"excerpt":{"rendered":"<p>KLARA &#8211; D\u00e9chaumeur \u00e0 dents (S\u00e9curit\u00e9 boulons ou ressorts) Port\u00e9 fixe&nbsp; KLARA PF 3000 KLARA PF 4000 Port\u00e9 repliable&nbsp; KLARA PR 4000 KLARA PR 4500 &nbsp;Semi-port\u00e9 repliable&nbsp; KLARA SC 4000 KLARA SC 4500 KLAUDIA &#8211; D\u00e9chaumeur cultivateur (S\u00e9curit\u00e9 boulons ou ressorts) Port\u00e9 fixe&nbsp; KLAUDIA PF 3000 KLAUDIA PF 3500 KLAUDIA PF 4000 Port\u00e9 repliable&nbsp; KLAUDIA &hellip; <\/p>\n<p class=\"link-more\"><a href=\"https:\/\/steimer.fr\/en\/dechaumeurs-dents\/\" class=\"more-link\">Read more<span class=\"screen-reader-text\"> \u00ab\u00a0D\u00e9chaumeurs \u00e0 dents\u00a0\u00bb<\/span><\/a><\/p>","protected":false},"author":1,"featured_media":0,"parent":0,"menu_order":0,"comment_status":"closed","ping_status":"closed","template":"","meta":{"inspiro_hide_title":false,"footnotes":""},"class_list":["post-1217","page","type-page","status-publish","hentry"],"yoast_head":"<!-- This site is optimized with the Yoast SEO plugin v27.3 - https:\/\/yoast.com\/product\/yoast-seo-wordpress\/ -->\n<title>D\u00e9chaumeurs \u00e0 dents port\u00e9s et semi-port\u00e9s - STEIMER Mat\u00e9riel Agricole<\/title>\n<meta name=\"description\" content=\"Nos outils et d\u00e9chaumeurs \u00e0 dents permettent un travail plus ou moins en profondeur gr\u00e2ce aux pointes \u00e0 ailettes et de leur s\u00e9curit\u00e9 ressort ou boulon\" \/>\n<meta name=\"robots\" content=\"index, follow, max-snippet:-1, max-image-preview:large, max-video-preview:-1\" \/>\n<link rel=\"canonical\" href=\"https:\/\/steimer.fr\/en\/dechaumeurs-dents\/\" \/>\n<meta property=\"og:locale\" content=\"en_GB\" \/>\n<meta property=\"og:type\" content=\"article\" \/>\n<meta property=\"og:title\" content=\"D\u00e9chaumeurs \u00e0 dents port\u00e9s et semi-port\u00e9s - STEIMER Mat\u00e9riel Agricole\" \/>\n<meta property=\"og:description\" content=\"Nos outils et d\u00e9chaumeurs \u00e0 dents permettent un travail plus ou moins en profondeur gr\u00e2ce aux pointes \u00e0 ailettes et de leur s\u00e9curit\u00e9 ressort ou boulon\" \/>\n<meta property=\"og:url\" content=\"https:\/\/steimer.fr\/en\/dechaumeurs-dents\/\" \/>\n<meta property=\"og:site_name\" content=\"Fabricant de mat\u00e9riel agricole\" \/>\n<meta property=\"article:publisher\" content=\"https:\/\/www.facebook.com\/steimer.fr\" \/>\n<meta property=\"article:modified_time\" content=\"2021-07-08T07:47:36+00:00\" \/>\n<meta property=\"og:image\" content=\"http:\/\/steimer.fr\/wp-content\/uploads\/2017\/10\/dechaumeur-dent-300x169.jpg\" \/>\n<meta name=\"twitter:card\" content=\"summary_large_image\" \/>\n<meta name=\"twitter:label1\" content=\"Estimated reading time\" \/>\n\t<meta name=\"twitter:data1\" content=\"3 minutes\" \/>\n<script type=\"application\/ld+json\" class=\"yoast-schema-graph\">{\"@context\":\"https:\\\/\\\/schema.org\",\"@graph\":[{\"@type\":\"WebPage\",\"@id\":\"https:\\\/\\\/steimer.fr\\\/dechaumeurs-dents\\\/\",\"url\":\"https:\\\/\\\/steimer.fr\\\/dechaumeurs-dents\\\/\",\"name\":\"D\u00e9chaumeurs \u00e0 dents port\u00e9s et semi-port\u00e9s - STEIMER Mat\u00e9riel Agricole\",\"isPartOf\":{\"@id\":\"https:\\\/\\\/steimer.fr\\\/#website\"},\"primaryImageOfPage\":{\"@id\":\"https:\\\/\\\/steimer.fr\\\/dechaumeurs-dents\\\/#primaryimage\"},\"image\":{\"@id\":\"https:\\\/\\\/steimer.fr\\\/dechaumeurs-dents\\\/#primaryimage\"},\"thumbnailUrl\":\"http:\\\/\\\/steimer.fr\\\/wp-content\\\/uploads\\\/2017\\\/10\\\/dechaumeur-dent-300x169.jpg\",\"datePublished\":\"2017-06-16T09:22:25+00:00\",\"dateModified\":\"2021-07-08T07:47:36+00:00\",\"description\":\"Nos outils et d\u00e9chaumeurs \u00e0 dents permettent un travail plus ou moins en profondeur gr\u00e2ce aux pointes \u00e0 ailettes et de leur s\u00e9curit\u00e9 ressort ou boulon\",\"breadcrumb\":{\"@id\":\"https:\\\/\\\/steimer.fr\\\/dechaumeurs-dents\\\/#breadcrumb\"},\"inLanguage\":\"en-GB\",\"potentialAction\":[{\"@type\":\"ReadAction\",\"target\":[\"https:\\\/\\\/steimer.fr\\\/dechaumeurs-dents\\\/\"]}]},{\"@type\":\"ImageObject\",\"inLanguage\":\"en-GB\",\"@id\":\"https:\\\/\\\/steimer.fr\\\/dechaumeurs-dents\\\/#primaryimage\",\"url\":\"http:\\\/\\\/steimer.fr\\\/wp-content\\\/uploads\\\/2017\\\/10\\\/dechaumeur-dent-300x169.jpg\",\"contentUrl\":\"http:\\\/\\\/steimer.fr\\\/wp-content\\\/uploads\\\/2017\\\/10\\\/dechaumeur-dent-300x169.jpg\"},{\"@type\":\"BreadcrumbList\",\"@id\":\"https:\\\/\\\/steimer.fr\\\/dechaumeurs-dents\\\/#breadcrumb\",\"itemListElement\":[{\"@type\":\"ListItem\",\"position\":1,\"name\":\"Accueil\",\"item\":\"https:\\\/\\\/steimer.fr\\\/\"},{\"@type\":\"ListItem\",\"position\":2,\"name\":\"D\u00e9chaumeurs \u00e0 dents\"}]},{\"@type\":\"WebSite\",\"@id\":\"https:\\\/\\\/steimer.fr\\\/#website\",\"url\":\"https:\\\/\\\/steimer.fr\\\/\",\"name\":\"Fabricant de mat\u00e9riel agricole\",\"description\":\"Machines pour la pr\u00e9paration du sol et le semis\",\"publisher\":{\"@id\":\"https:\\\/\\\/steimer.fr\\\/#organization\"},\"potentialAction\":[{\"@type\":\"SearchAction\",\"target\":{\"@type\":\"EntryPoint\",\"urlTemplate\":\"https:\\\/\\\/steimer.fr\\\/?s={search_term_string}\"},\"query-input\":{\"@type\":\"PropertyValueSpecification\",\"valueRequired\":true,\"valueName\":\"search_term_string\"}}],\"inLanguage\":\"en-GB\"},{\"@type\":\"Organization\",\"@id\":\"https:\\\/\\\/steimer.fr\\\/#organization\",\"name\":\"STEIMER\",\"url\":\"https:\\\/\\\/steimer.fr\\\/\",\"logo\":{\"@type\":\"ImageObject\",\"inLanguage\":\"en-GB\",\"@id\":\"https:\\\/\\\/steimer.fr\\\/#\\\/schema\\\/logo\\\/image\\\/\",\"url\":\"https:\\\/\\\/steimer.fr\\\/wp-content\\\/uploads\\\/2021\\\/11\\\/cropped-logo-jpeg.png\",\"contentUrl\":\"https:\\\/\\\/steimer.fr\\\/wp-content\\\/uploads\\\/2021\\\/11\\\/cropped-logo-jpeg.png\",\"width\":210,\"height\":48,\"caption\":\"STEIMER\"},\"image\":{\"@id\":\"https:\\\/\\\/steimer.fr\\\/#\\\/schema\\\/logo\\\/image\\\/\"},\"sameAs\":[\"https:\\\/\\\/www.facebook.com\\\/steimer.fr\",\"https:\\\/\\\/www.instagram.com\\\/\"]}]}<\/script>\n<!-- \/ Yoast SEO plugin. -->","yoast_head_json":{"title":"D\u00e9chaumeurs \u00e0 dents port\u00e9s et semi-port\u00e9s - STEIMER Mat\u00e9riel Agricole","description":"Nos outils et d\u00e9chaumeurs \u00e0 dents permettent un travail plus ou moins en profondeur gr\u00e2ce aux pointes \u00e0 ailettes et de leur s\u00e9curit\u00e9 ressort ou boulon","robots":{"index":"index","follow":"follow","max-snippet":"max-snippet:-1","max-image-preview":"max-image-preview:large","max-video-preview":"max-video-preview:-1"},"canonical":"https:\/\/steimer.fr\/en\/dechaumeurs-dents\/","og_locale":"en_GB","og_type":"article","og_title":"D\u00e9chaumeurs \u00e0 dents port\u00e9s et semi-port\u00e9s - STEIMER Mat\u00e9riel Agricole","og_description":"Nos outils et d\u00e9chaumeurs \u00e0 dents permettent un travail plus ou moins en profondeur gr\u00e2ce aux pointes \u00e0 ailettes et de leur s\u00e9curit\u00e9 ressort ou boulon","og_url":"https:\/\/steimer.fr\/en\/dechaumeurs-dents\/","og_site_name":"Fabricant de mat\u00e9riel agricole","article_publisher":"https:\/\/www.facebook.com\/steimer.fr","article_modified_time":"2021-07-08T07:47:36+00:00","og_image":[{"url":"http:\/\/steimer.fr\/wp-content\/uploads\/2017\/10\/dechaumeur-dent-300x169.jpg","type":"","width":"","height":""}],"twitter_card":"summary_large_image","twitter_misc":{"Estimated reading time":"3 minutes"},"schema":{"@context":"https:\/\/schema.org","@graph":[{"@type":"WebPage","@id":"https:\/\/steimer.fr\/dechaumeurs-dents\/","url":"https:\/\/steimer.fr\/dechaumeurs-dents\/","name":"D\u00e9chaumeurs \u00e0 dents port\u00e9s et semi-port\u00e9s - STEIMER Mat\u00e9riel Agricole","isPartOf":{"@id":"https:\/\/steimer.fr\/#website"},"primaryImageOfPage":{"@id":"https:\/\/steimer.fr\/dechaumeurs-dents\/#primaryimage"},"image":{"@id":"https:\/\/steimer.fr\/dechaumeurs-dents\/#primaryimage"},"thumbnailUrl":"http:\/\/steimer.fr\/wp-content\/uploads\/2017\/10\/dechaumeur-dent-300x169.jpg","datePublished":"2017-06-16T09:22:25+00:00","dateModified":"2021-07-08T07:47:36+00:00","description":"Nos outils et d\u00e9chaumeurs \u00e0 dents permettent un travail plus ou moins en profondeur gr\u00e2ce aux pointes \u00e0 ailettes et de leur s\u00e9curit\u00e9 ressort ou boulon","breadcrumb":{"@id":"https:\/\/steimer.fr\/dechaumeurs-dents\/#breadcrumb"},"inLanguage":"en-GB","potentialAction":[{"@type":"ReadAction","target":["https:\/\/steimer.fr\/dechaumeurs-dents\/"]}]},{"@type":"ImageObject","inLanguage":"en-GB","@id":"https:\/\/steimer.fr\/dechaumeurs-dents\/#primaryimage","url":"http:\/\/steimer.fr\/wp-content\/uploads\/2017\/10\/dechaumeur-dent-300x169.jpg","contentUrl":"http:\/\/steimer.fr\/wp-content\/uploads\/2017\/10\/dechaumeur-dent-300x169.jpg"},{"@type":"BreadcrumbList","@id":"https:\/\/steimer.fr\/dechaumeurs-dents\/#breadcrumb","itemListElement":[{"@type":"ListItem","position":1,"name":"Accueil","item":"https:\/\/steimer.fr\/"},{"@type":"ListItem","position":2,"name":"D\u00e9chaumeurs \u00e0 dents"}]},{"@type":"WebSite","@id":"https:\/\/steimer.fr\/#website","url":"https:\/\/steimer.fr\/","name":"Fabricant de mat\u00e9riel agricole","description":"Machines pour la pr\u00e9paration du sol et le semis","publisher":{"@id":"https:\/\/steimer.fr\/#organization"},"potentialAction":[{"@type":"SearchAction","target":{"@type":"EntryPoint","urlTemplate":"https:\/\/steimer.fr\/?s={search_term_string}"},"query-input":{"@type":"PropertyValueSpecification","valueRequired":true,"valueName":"search_term_string"}}],"inLanguage":"en-GB"},{"@type":"Organization","@id":"https:\/\/steimer.fr\/#organization","name":"STEIMER","url":"https:\/\/steimer.fr\/","logo":{"@type":"ImageObject","inLanguage":"en-GB","@id":"https:\/\/steimer.fr\/#\/schema\/logo\/image\/","url":"https:\/\/steimer.fr\/wp-content\/uploads\/2021\/11\/cropped-logo-jpeg.png","contentUrl":"https:\/\/steimer.fr\/wp-content\/uploads\/2021\/11\/cropped-logo-jpeg.png","width":210,"height":48,"caption":"STEIMER"},"image":{"@id":"https:\/\/steimer.fr\/#\/schema\/logo\/image\/"},"sameAs":["https:\/\/www.facebook.com\/steimer.fr","https:\/\/www.instagram.com\/"]}]}},"_links":{"self":[{"href":"https:\/\/steimer.fr\/en\/wp-json\/wp\/v2\/pages\/1217","targetHints":{"allow":["GET"]}}],"collection":[{"href":"https:\/\/steimer.fr\/en\/wp-json\/wp\/v2\/pages"}],"about":[{"href":"https:\/\/steimer.fr\/en\/wp-json\/wp\/v2\/types\/page"}],"author":[{"embeddable":true,"href":"https:\/\/steimer.fr\/en\/wp-json\/wp\/v2\/users\/1"}],"replies":[{"embeddable":true,"href":"https:\/\/steimer.fr\/en\/wp-json\/wp\/v2\/comments?post=1217"}],"version-history":[{"count":94,"href":"https:\/\/steimer.fr\/en\/wp-json\/wp\/v2\/pages\/1217\/revisions"}],"predecessor-version":[{"id":4550,"href":"https:\/\/steimer.fr\/en\/wp-json\/wp\/v2\/pages\/1217\/revisions\/4550"}],"wp:attachment":[{"href":"https:\/\/steimer.fr\/en\/wp-json\/wp\/v2\/media?parent=1217"}],"curies":[{"name":"wp","href":"https:\/\/api.w.org\/{rel}","templated":true}]}}